{"id":10009,"date":"2025-04-04T14:44:34","date_gmt":"2025-04-04T06:44:34","guid":{"rendered":"https:\/\/zojopackaging.com\/?post_type=product&#038;p=10009"},"modified":"2025-04-04T15:06:02","modified_gmt":"2025-04-04T07:06:02","slug":"custom-luxury-cosmetic-skin-care-face-cream-packaging-boxes","status":"publish","type":"product","link":"https:\/\/zojopackaging.com\/es\/product\/custom-luxury-cosmetic-skin-care-face-cream-packaging-boxes\/","title":{"rendered":"Crema facial cosm\u00e9tica de lujo personalizada Cajas de embalaje"},"content":{"rendered":"<h2 id=\"-customized-luxury-cosmetic-skin-care-cream-packaging-box-product-description-\"><strong>Cajas de lujo personalizadas para el envasado de cremas cosm\u00e9ticas para el cuidado de la piel<\/strong><\/h2>\n<h2 id=\"-i-box-structure-and-material-design-\"><strong>1. Estructura de la caja y dise\u00f1o del material<\/strong><\/h2>\n<ol>\n<li><strong>Caja cl\u00e1sica con tapa superior e inferior<\/strong>\u00a0Adopta una estructura de tapa superior e inferior dividida, sin un dise\u00f1o complejo de apertura y cierre, y combina la practicidad con una est\u00e9tica sencilla. La caja se abre y se cierra suavemente, con un \u00edndice de utilizaci\u00f3n de material superior a 95%, reduciendo el desperdicio de retales, y utilizando cart\u00f3n gris o sustrato de cart\u00f3n blanco de alta densidad para garantizar que la caja sea n\u00edtida, respetuosa con el medio ambiente y duradera.<\/li>\n<li><strong>Textura de lujo discreta<\/strong>\u00a0El color principal es el negro intenso, y la superficie es de papel especial de tacto mate o tecnolog\u00eda de laminaci\u00f3n, con l\u00edneas locales de estampaci\u00f3n en caliente\/plata caliente o logotipos de marca, para transmitir una experiencia visual tranquila y de gama alta. La superficie de la caja puede integrarse con texturas en relieve (como textura de imitaci\u00f3n de cuero, textura de m\u00e1rmol) para realzar el sentido tridimensional y el reconocimiento diferenciado.<\/li>\n<\/ol>\n<h2 id=\"-second-customized-technology-and-brand-presentation-\"><strong>2. Tecnolog\u00eda y presentaci\u00f3n de marca personalizadas<\/strong><\/h2>\n<ol>\n<li><strong>Tecnolog\u00eda de impresi\u00f3n integral<\/strong><\/li>\n<li><strong>Estampaci\u00f3n en caliente<\/strong>: El logotipo, el nombre de la marca o los elementos decorativos se estampan con una l\u00e1mina de oro\/plata de 24 quilates para realzar la sensaci\u00f3n de lujo;<\/li>\n<li><strong>Gofrado UV<\/strong>: Los motivos o textos locales se transforman en un toque tridimensional mediante el revestimiento UV para realzar el enfoque visual;<\/li>\n<li><strong>Tecnolog\u00eda en relieve<\/strong>: Las texturas exclusivas personalizadas (como l\u00edneas geom\u00e9tricas, texturas naturales) confieren al envase un recuerdo t\u00e1ctil \u00fanico.<\/li>\n<li><strong>Adaptaci\u00f3n flexible a m\u00faltiples categor\u00edas<\/strong>\u00a0El tama\u00f1o de la caja se puede personalizar (rango de referencia: longitud 10-30 cm \u00d7 anchura 8-25 cm \u00d7 altura 5-15 cm), adecuado para cremas, perfumes, velas perfumadas, t\u00e9s de alta gama y otras categor\u00edas. El forro puede combinarse con:<\/li>\n<li><strong>Ranura de esponja EVA<\/strong>: Fije con precisi\u00f3n el producto para evitar sacudidas durante el transporte;<\/li>\n<li><strong>Bandeja interior flocada<\/strong>: Material flocado negro o dorado para realzar la sensaci\u00f3n de ceremonia al abrir la caja;<\/li>\n<li><strong>Soporte acr\u00edlico transparente<\/strong>: Resalte el aspecto del producto, adecuado para cajas de regalo expositoras.<\/li>\n<\/ol>\n<h2 id=\"-iii-supply-chain-guarantee-and-quality-commitment-\"><strong>3. Garant\u00eda de la cadena de suministro y compromiso de calidad<\/strong><\/h2>\n<ol>\n<li><strong>Ventajas de la f\u00e1brica de origen<\/strong>\u00a0Bas\u00e1ndonos en 16 a\u00f1os de experiencia en producci\u00f3n, hemos construido un sistema integrado de cadena de suministro desde el dise\u00f1o, la selecci\u00f3n de materiales, la producci\u00f3n hasta la inspecci\u00f3n de calidad para garantizar:<\/li>\n<li><strong>Optimizaci\u00f3n de costes<\/strong>: Adquisici\u00f3n a gran escala de materias primas para reducir el coste por caja;<\/li>\n<li><strong>Estricto control de calidad<\/strong>: Control de errores dentro de \u00b10,5 mm, sin alabeo en el moldeo, sin defectos superficiales;<\/li>\n<li><strong>Entrega r\u00e1pida<\/strong>: Soporte 500 piezas de pedido m\u00ednimo, 7-14 d\u00edas para completar las pruebas a la producci\u00f3n en masa.<\/li>\n<\/ol>\n<h2 id=\"-iv-design-service-and-brand-empowerment-\"><strong>4. Servicio de dise\u00f1o y potenciaci\u00f3n de la marca<\/strong><\/h2>\n<ol>\n<li><strong>Soporte de personalizaci\u00f3n exclusivo<\/strong><\/li>\n<li><strong>Colaboraci\u00f3n en el dise\u00f1o<\/strong>: Proporcionar dibujos de modelado 3D y pruebas f\u00edsicas para garantizar la aplicaci\u00f3n precisa de los efectos del dise\u00f1o;<\/li>\n<li><strong>Integraci\u00f3n de la historia de marca<\/strong>: Transmitir el valor principal del producto a trav\u00e9s del dise\u00f1o de la KV del envase (como elementos dorados, temas temporales);<\/li>\n<li><strong>Certificaci\u00f3n medioambiental<\/strong>: Papel certificado FSC o materiales degradables opcionales, en l\u00ednea con el concepto de marca sostenible.<\/li>\n<\/ol>\n<p><strong>Escenarios aplicables<\/strong>Cajas de regalo para productos de cuidado de la piel de gama alta, lotes limitados para las fiestas, envases de marca compartida, etc.<\/p>\n<p><strong>Proceso de cooperaci\u00f3n<\/strong>: comunicaci\u00f3n de la demanda \u2192 propuesta de dise\u00f1o \u2192 confirmaci\u00f3n de las pruebas \u2192 producci\u00f3n en serie \u2192 inspecci\u00f3n de calidad y entrega.<\/p>\n<p>Mediante el equilibrio de una estructura minimalista y detalles exquisitos, esta serie de cajas de embalaje ayudar\u00e1 a la marca a ocupar las mentes del mercado de consumidores de gama alta con el lenguaje visual del \"lujo en clave baja\".<\/p>","protected":false},"excerpt":{"rendered":"<p>Nuestro dise\u00f1o de envases para cosm\u00e9ticos combina funcionalidad y valor est\u00e9tico, lo que puede mejorar eficazmente la competitividad de la marca y la experiencia del consumidor. En primer lugar, en t\u00e9rminos de protecci\u00f3n, el envase utiliza materiales de alta calidad, y la estructura sellada y el dise\u00f1o a prueba de luz prolongan la vida \u00fatil de los cosm\u00e9ticos al tiempo que reducen las p\u00e9rdidas por transporte. Segundo, en t\u00e9rminos de atractivo visual, l\u00edneas minimalistas o elementos est\u00e9ticos naturales.<\/p>","protected":false},"featured_media":10010,"template":"","meta":[],"product_brand":[],"product_cat":[30,390,425,31],"product_tag":[1323,1324,1060],"class_list":{"0":"post-10009","1":"product","2":"type-product","3":"status-publish","4":"has-post-thumbnail","6":"product_cat-by-industry","7":"product_cat-custom-cosmetics-boxes","8":"product_cat-lid-and-base-gift-box","9":"product_cat-paper-box-style","10":"product_tag-cosmetic-packaging-boxes","11":"product_tag-custom-face-cream-packaging","12":"product_tag-skin-care-packaging-boxes","14":"first","15":"instock","16":"shipping-taxable","17":"product-type-grouped"},"_links":{"self":[{"href":"https:\/\/zojopackaging.com\/es\/wp-json\/wp\/v2\/product\/10009","targetHints":{"allow":["GET"]}}],"collection":[{"href":"https:\/\/zojopackaging.com\/es\/wp-json\/wp\/v2\/product"}],"about":[{"href":"https:\/\/zojopackaging.com\/es\/wp-json\/wp\/v2\/types\/product"}],"version-history":[{"count":1,"href":"https:\/\/zojopackaging.com\/es\/wp-json\/wp\/v2\/product\/10009\/revisions"}],"predecessor-version":[{"id":10017,"href":"https:\/\/zojopackaging.com\/es\/wp-json\/wp\/v2\/product\/10009\/revisions\/10017"}],"wp:featuredmedia":[{"embeddable":true,"href":"https:\/\/zojopackaging.com\/es\/wp-json\/wp\/v2\/media\/10010"}],"wp:attachment":[{"href":"https:\/\/zojopackaging.com\/es\/wp-json\/wp\/v2\/media?parent=10009"}],"wp:term":[{"taxonomy":"product_brand","embeddable":true,"href":"https:\/\/zojopackaging.com\/es\/wp-json\/wp\/v2\/product_brand?post=10009"},{"taxonomy":"product_cat","embeddable":true,"href":"https:\/\/zojopackaging.com\/es\/wp-json\/wp\/v2\/product_cat?post=10009"},{"taxonomy":"product_tag","embeddable":true,"href":"https:\/\/zojopackaging.com\/es\/wp-json\/wp\/v2\/product_tag?post=10009"}],"curies":[{"name":"wp","href":"https:\/\/api.w.org\/{rel}","templated":true}]}}