{"id":10018,"date":"2025-04-04T15:06:06","date_gmt":"2025-04-04T07:06:06","guid":{"rendered":"https:\/\/zojopackaging.com\/?post_type=product&#038;p=10018"},"modified":"2025-04-04T16:26:33","modified_gmt":"2025-04-04T08:26:33","slug":"custom-eyebrow-pencil-folding-boxes-packaging-supplier","status":"publish","type":"product","link":"https:\/\/zojopackaging.com\/es\/product\/custom-eyebrow-pencil-folding-boxes-packaging-supplier\/","title":{"rendered":"Cajas plegables a medida para l\u00e1pices de cejas Proveedor de envases"},"content":{"rendered":"<h3 id=\"-1-structural-innovation-dual-advantages-of-double-insert-box-design-\"><strong>1. Innovaci\u00f3n estructural: doble ventaja del dise\u00f1o de caja de doble inserci\u00f3n<\/strong><\/h3>\n<p>Adoptar\u00a0<strong>estructura de caja de doble inserci\u00f3n<\/strong>, el dise\u00f1o sim\u00e9trico del tap\u00f3n superior e inferior permite un montaje r\u00e1pido, no es necesario pegar con cola y se ahorra tiempo de embalaje 30%.<\/p>\n<h3 id=\"-2-printing-process-luxurious-expression-of-four-color-hot-stamping-\"><strong>2. Proceso de impresi\u00f3n: lujosa expresi\u00f3n de la estampaci\u00f3n en caliente en cuatricrom\u00eda.<\/strong><\/h3>\n<p>-\u00a0<strong>Precisi\u00f3n del color<\/strong>: Adopta cuatricrom\u00eda Heidelberg, diferencia de color \u0394E\u22641,5, admite sobreimpresi\u00f3n en degradado Pantone 15-1247 TCX (oro champ\u00e1n) y 18-1755 TCX (blanco perla);<\/p>\n<p>-\u00a0<strong>Proceso de estampaci\u00f3n en caliente<\/strong>mediante el prensado a alta temperatura de papel de aluminio electroqu\u00edmico, el brillo del metal alcanza 90GU, la resistencia al desgaste se mejora en 50%, y el rendimiento antifalsificaci\u00f3n est\u00e1 certificado por SGS;<\/p>\n<p>-\u00a0<strong>Psicolog\u00eda visual<\/strong>: La combinaci\u00f3n de plata y blanco perla transmite un tono de marca de alta gama y limpio, que encaja con la tendencia est\u00e9tica de las consumidoras de la Generaci\u00f3n Z.<\/p>\n<h3 id=\"-3-precision-fit-the-ultimate-design-of-eyelash-card-box-\"><strong>3. Ajuste de precisi\u00f3n: el dise\u00f1o definitivo de la caja de tarjetas de pesta\u00f1as<\/strong><\/h3>\n<p>-\u00a0<strong>Personalizaci\u00f3n del tama\u00f1o<\/strong>: El tama\u00f1o m\u00ednimo se puede personalizar a 5cm\u00d73cm (para un solo grupo de pesta\u00f1as), y el tama\u00f1o m\u00e1ximo admite 15cm\u00d710cm (paquetes m\u00faltiples), con un grosor ajustable de 0,8-3cm;<\/p>\n<p>-\u00a0<strong>Dise\u00f1o port\u00e1til<\/strong>: Estructura de tapa abatible magn\u00e9tica, fuerza de apertura con una sola mano \u22642N, conforme a las normas de seguridad infantil UE EN 71-3;<\/p>\n<p>-\u00a0<strong>Optimizaci\u00f3n de la visualizaci\u00f3n<\/strong>: Ventana transparente + LOGOTIPO en relieve UV, la visibilidad del producto aumenta en 80%, y se mejora el atractivo en el estante (consulte el caso de dise\u00f1o de envases para pesta\u00f1as).<\/p>\n<h3 id=\"-4-smart-customization-full-link-service-from-concept-to-mass-production-\"><strong>4. Personalizaci\u00f3n inteligente: servicio integral desde el concepto hasta la producci\u00f3n en serie<\/strong><\/h3>\n<p>-\u00a0<strong>Flexibilidad de tama\u00f1o<\/strong>Soporte de previsualizaci\u00f3n en tiempo real del modelado 3D, confirmaci\u00f3n completa del dise\u00f1o estructural en 8 horas;<\/p>\n<p>-\u00a0<strong>Matriz de materiales<\/strong>: -\u00a0<strong>Cart\u00f3n gris respetuoso con el medio ambiente<\/strong>: Pasta de madera virgen 100% certificada FSC, espesor opcional de 0,5-2 mm;<\/p>\n<p>-\u00a0<strong>Papel especial<\/strong>Papel nacarado\/imitaci\u00f3n de papel de cocodrilo, tacto de seda;<\/p>\n<p>-\u00a0<strong>Pruebas r\u00e1pidas<\/strong>Equipada con una imprenta de cinco colores Manroland R700, la entrega de cajas de muestra se realiza en 8 horas y el ciclo de producci\u00f3n en serie se acorta a 10 d\u00edas.<\/p>\n<h3 id=\"-5-smart-manufacturing-foundation-16-years-of-industry-experience-\"><strong>5. Base de fabricaci\u00f3n inteligente: 16 a\u00f1os de experiencia en el sector<\/strong><\/h3>\n<p>-\u00a0<strong>Matriz de equipos<\/strong>: 5 l\u00edneas de producci\u00f3n de cajas de tarjetas totalmente automatizadas, equipadas con sistema de control PLC Schneider, producci\u00f3n diaria de 100.000 piezas, tasa de error &lt;0,1%;<\/p>\n<p>-\u00a0<strong>Sistema de control de calidad<\/strong>: Certificado ISO 9001\/BSCI, cada lote de productos se somete a 12 controles de calidad (pruebas de compresi\u00f3n, ca\u00edda y solidez del color);<\/p>\n<p>-\u00a0<strong>Capacidad de producci\u00f3n<\/strong>: Capacidad de producci\u00f3n diaria de 200.000 piezas, que admite pedidos desde 500 piezas hasta la producci\u00f3n en serie de un mill\u00f3n de piezas, y entrega en 24 horas de los pedidos urgentes.<\/p>\n<h3 id=\"-6-design-empowerment-precise-transformation-from-demand-to-implementation-\"><strong>6. Potenciaci\u00f3n del dise\u00f1o: transformaci\u00f3n precisa de la demanda a la aplicaci\u00f3n<\/strong><\/h3>\n<p>Un equipo especial de 8 dise\u00f1adores con m\u00e1s de 10 a\u00f1os de experiencia ofrece tres grandes servicios personalizados:<\/p>\n<p>-\u00a0<strong>Innovaci\u00f3n estructural<\/strong>: Desarrollar 12 tipos de cajas patentadas (como capas giratorias, cerraduras de contrase\u00f1a magn\u00e9ticas), compatibles con la colocaci\u00f3n de productos de formas especiales;<\/p>\n<p>-\u00a0<strong>Optimizaci\u00f3n interactiva<\/strong>: Incorpore un chip NFC (opcional), escanee el c\u00f3digo para obtener informaci\u00f3n sobre la trazabilidad del producto y tutoriales de belleza;<\/p>\n<p>-\u00a0<strong>Iteraci\u00f3n r\u00e1pida<\/strong>: Soporte AI sistema inteligente de coincidencia de color, 200 esquemas de coincidencia de color se generan en 10 minutos.<\/p>\n<h3 id=\"-7-value-commitment-triple-balance-of-quality-efficiency-and-cost-\"><strong>7. Compromiso de valor: triple equilibrio entre calidad, eficiencia y coste<\/strong><\/h3>\n<p>-\u00a0<strong>Optimizaci\u00f3n de costes<\/strong>: El sistema de composici\u00f3n digital reduce la p\u00e9rdida de material a 2,5%, lo que supone un ahorro de 20% en comparaci\u00f3n con los procesos tradicionales;<\/p>\n<p>-\u00a0<strong>Respuesta \u00e1gil<\/strong>: Establecer un sistema log\u00edstico de doble almac\u00e9n en el este y el sur de China, con entrega directa en 48 horas en todo el pa\u00eds;<\/p>\n<p>-\u00a0<strong>Servicio a largo plazo<\/strong>: Proporcionar la gesti\u00f3n del ciclo de vida de los envases, incluida la alerta de inventario, el plan de reposici\u00f3n y el plan de reciclaje de cajas viejas.<\/p>","protected":false},"excerpt":{"rendered":"<p><strong>ZOJO Print | Experto en cajas plegables personalizadas para l\u00e1pices de cejas - defina nuevas cotas de belleza con un dise\u00f1o innovador<\/strong><\/p>\n<p>En el cada vez m\u00e1s competitivo sector de la belleza actual, el envase de los l\u00e1pices de cejas no es s\u00f3lo un contenedor de producto, sino tambi\u00e9n un portador esencial de la imagen de marca y la experiencia del consumidor. ZOJO Print lleva 16 a\u00f1os implicada a fondo en el campo del envasado, centr\u00e1ndose en ofrecer soluciones de cajas plegables que combinen funcionalidad, valor est\u00e9tico y competitividad comercial para productos de belleza como l\u00e1pices de cejas y pesta\u00f1as.<\/p>","protected":false},"featured_media":10030,"template":"","meta":[],"product_brand":[],"product_cat":[30,390,430,31],"product_tag":[1326,757,1325],"class_list":{"0":"post-10018","1":"product","2":"type-product","3":"status-publish","4":"has-post-thumbnail","6":"product_cat-by-industry","7":"product_cat-custom-cosmetics-boxes","8":"product_cat-folding-cartons","9":"product_cat-paper-box-style","10":"product_tag-boxes-packaging-supplier","11":"product_tag-custom-boxes","12":"product_tag-eyebrow-pencil-folding-boxes","14":"first","15":"instock","16":"shipping-taxable","17":"product-type-grouped"},"_links":{"self":[{"href":"https:\/\/zojopackaging.com\/es\/wp-json\/wp\/v2\/product\/10018","targetHints":{"allow":["GET"]}}],"collection":[{"href":"https:\/\/zojopackaging.com\/es\/wp-json\/wp\/v2\/product"}],"about":[{"href":"https:\/\/zojopackaging.com\/es\/wp-json\/wp\/v2\/types\/product"}],"version-history":[{"count":1,"href":"https:\/\/zojopackaging.com\/es\/wp-json\/wp\/v2\/product\/10018\/revisions"}],"predecessor-version":[{"id":10035,"href":"https:\/\/zojopackaging.com\/es\/wp-json\/wp\/v2\/product\/10018\/revisions\/10035"}],"wp:featuredmedia":[{"embeddable":true,"href":"https:\/\/zojopackaging.com\/es\/wp-json\/wp\/v2\/media\/10030"}],"wp:attachment":[{"href":"https:\/\/zojopackaging.com\/es\/wp-json\/wp\/v2\/media?parent=10018"}],"wp:term":[{"taxonomy":"product_brand","embeddable":true,"href":"https:\/\/zojopackaging.com\/es\/wp-json\/wp\/v2\/product_brand?post=10018"},{"taxonomy":"product_cat","embeddable":true,"href":"https:\/\/zojopackaging.com\/es\/wp-json\/wp\/v2\/product_cat?post=10018"},{"taxonomy":"product_tag","embeddable":true,"href":"https:\/\/zojopackaging.com\/es\/wp-json\/wp\/v2\/product_tag?post=10018"}],"curies":[{"name":"wp","href":"https:\/\/api.w.org\/{rel}","templated":true}]}}