{"id":10033,"date":"2025-04-04T15:16:35","date_gmt":"2025-04-04T07:16:35","guid":{"rendered":"https:\/\/zojopackaging.com\/?post_type=product&#038;p=10033"},"modified":"2025-04-04T15:25:19","modified_gmt":"2025-04-04T07:25:19","slug":"premium-customize-fragrance-perfume-gift-boxes-wholesale","status":"publish","type":"product","link":"https:\/\/zojopackaging.com\/es\/product\/premium-customize-fragrance-perfume-gift-boxes-wholesale\/","title":{"rendered":"Premium Personalizar Perfume Perfume Cajas de Regalo al por mayor"},"content":{"rendered":"<h2 id=\"-high-end-customized-perfume-gift-box-wholesale-\"><strong>Caja de regalo de perfume personalizada de alta gama al por mayor<\/strong><\/h2>\n<h2 id=\"-1-environmentally-friendly-materials-quality-assurance-\"><strong>1. Materiales respetuosos con el medio ambiente, garant\u00eda de calidad<\/strong><\/h2>\n<ul>\n<li><strong>Combinaci\u00f3n de cart\u00f3n gris y papel estucado<\/strong>cart\u00f3n gris de 2,0 mm de grosor y papel estucado de 157 g. El cart\u00f3n gris est\u00e1 fabricado con pasta renovable, que es duradera y cumple las normas medioambientales;<\/li>\n<\/ul>\n<h2 id=\"-2-brand-customization-process-highlighting-uniqueness-\"><strong>2. Proceso de personalizaci\u00f3n de la marca, destacando la singularidad<\/strong><\/h2>\n<ul>\n<li><strong>Actualizaci\u00f3n del proceso del logotipo<\/strong>: Soporta estampaci\u00f3n en caliente, gofrado, UV local y otros procesos de personalizaci\u00f3n:<\/li>\n<li><strong>Estampaci\u00f3n en caliente\/plata caliente<\/strong>: El brillo met\u00e1lico refuerza el logotipo de la marca, adecuado para el posicionamiento de empresas de gama alta;<\/li>\n<li><strong>Gofrado 3D<\/strong>: El tacto tridimensional realza el nivel visual y crea una experiencia t\u00e1ctil de lujo;<\/li>\n<li><strong>UV local<\/strong>: El barniz cubre los patrones clave, mejora el brillo local y el antiincrustante, y se adapta al dise\u00f1o de moda.<\/li>\n<li><strong>Adaptaci\u00f3n precisa del tama\u00f1o<\/strong>: Personalice el tipo de caja en funci\u00f3n de las especificaciones del frasco de perfume facilitadas por el cliente (como la altura, el di\u00e1metro y la estructura de forma especial) para garantizar que el revestimiento y el cuerpo del frasco encajen a la perfecci\u00f3n, teniendo en cuenta tanto la est\u00e9tica como la practicidad.<\/li>\n<\/ul>\n<h2 id=\"-three-scientific-protection-design-worry-free-transportation-\"><strong>3. Dise\u00f1o de protecci\u00f3n cient\u00edfica, transporte sin preocupaciones<\/strong><\/h2>\n<ul>\n<li><strong>Tecnolog\u00eda de troquelado del forro de EVA<\/strong>: Utilizando material EVA de alta densidad, el equipo CNC recorta con precisi\u00f3n la ranura en la forma del frasco de perfume para conseguir una protecci\u00f3n amortiguadora de 360\u00b0, resistencia a los golpes y a la presi\u00f3n, y evitar el riesgo de da\u00f1os causados por las sacudidas durante el transporte.<\/li>\n<li><strong>Optimizaci\u00f3n de la estructura del cabezal y del caj\u00f3n de tierra<\/strong>: Las cajas superior e inferior est\u00e1n separadas, lo que resulta c\u00f3modo de abrir y cerrar y tiene un buen sellado, lo que resulta c\u00f3modo de usar y almacenar para los consumidores.<\/li>\n<\/ul>\n<h2 id=\"-four-one-stop-service-full-process-control-\"><strong>4. Servicio integral, control total del proceso<\/strong><\/h2>\n<ul>\n<li><strong>Conexi\u00f3n sin fisuras desde el dise\u00f1o hasta la entrega<\/strong>:<\/li>\n<li><strong>Dise\u00f1o creativo<\/strong>: Un equipo profesional ofrece renderizados en 3D, selecci\u00f3n de materiales y sugerencias de procesos;<\/li>\n<li><strong>Producci\u00f3n flexible<\/strong>: Apoyar la producci\u00f3n de prueba de lotes peque\u00f1os a los pedidos de lotes grandes, 5-15 d\u00edas de entrega r\u00e1pida (dependiendo de la complejidad del proceso);<\/li>\n<li><strong>Log\u00edstica mundial<\/strong>: Proporcionar transporte mar\u00edtimo, transporte a\u00e9reo y entrega especial en coche, cubriendo el comercio electr\u00f3nico transfronterizo, los mostradores fuera de l\u00ednea y otros escenarios.<\/li>\n<li><strong>Garant\u00eda de certificaci\u00f3n de calidad<\/strong>: Superar el sistema de gesti\u00f3n de calidad ISO y la certificaci\u00f3n de protecci\u00f3n medioambiental para garantizar que los productos cumplen las normas internacionales de exportaci\u00f3n y respaldar la emisi\u00f3n de facturas del impuesto sobre el valor a\u00f1adido.<\/li>\n<\/ul>\n<h2 id=\"-v-brand-value-added-services-to-help-break-through-the-market-\"><strong>5. Servicios de valor a\u00f1adido de marca para abrirse paso en el mercado<\/strong><\/h2>\n<ul>\n<li><strong>Posicionamiento diferenciado<\/strong>: Aumentar la calidad del producto mediante envases personalizados para atraer a grupos de consumidores que se centran en la protecci\u00f3n del medio ambiente y la experiencia de gama alta;<\/li>\n<li><strong>Soporte de datos<\/strong>: Proporcionar an\u00e1lisis de tendencias del mercado de envases y referencia de casos de productos de la competencia para ayudar a las marcas a posicionarse con precisi\u00f3n.<\/li>\n<\/ul>","protected":false},"excerpt":{"rendered":"<p>\u2705\u00a0<strong>16 a\u00f1os de acumulaci\u00f3n en el sector<\/strong>: M\u00e1s de 3.000 marcas de perfumer\u00eda, belleza, art\u00edculos de lujo y otros sectores;<br \/>\n\u2705\u00a0<strong>Soluci\u00f3n de optimizaci\u00f3n de costes<\/strong>: Adquisici\u00f3n a gran escala y cadena de producci\u00f3n eficiente para reducir los costes unitarios;<br \/>\n\u2705\u00a0<strong>Compromiso postventa sin preocupaciones<\/strong>: Reposici\u00f3n gratuita de las p\u00e9rdidas causadas por problemas de calidad.<\/p>","protected":false},"featured_media":10040,"template":"","meta":[],"product_brand":[],"product_cat":[30,417,425,31],"product_tag":[764,912,540,1058],"class_list":{"0":"post-10033","1":"product","2":"type-product","3":"status-publish","4":"has-post-thumbnail","6":"product_cat-by-industry","7":"product_cat-custom-perfume-boxes-by-industry","8":"product_cat-lid-and-base-gift-box","9":"product_cat-paper-box-style","10":"product_tag-custom-perfume-gift-boxes","11":"product_tag-fragrance-box","12":"product_tag-perfume-boxes-wholesale","13":"product_tag-perfume-packaging","15":"first","16":"instock","17":"shipping-taxable","18":"product-type-grouped"},"_links":{"self":[{"href":"https:\/\/zojopackaging.com\/es\/wp-json\/wp\/v2\/product\/10033","targetHints":{"allow":["GET"]}}],"collection":[{"href":"https:\/\/zojopackaging.com\/es\/wp-json\/wp\/v2\/product"}],"about":[{"href":"https:\/\/zojopackaging.com\/es\/wp-json\/wp\/v2\/types\/product"}],"version-history":[{"count":1,"href":"https:\/\/zojopackaging.com\/es\/wp-json\/wp\/v2\/product\/10033\/revisions"}],"predecessor-version":[{"id":10042,"href":"https:\/\/zojopackaging.com\/es\/wp-json\/wp\/v2\/product\/10033\/revisions\/10042"}],"wp:featuredmedia":[{"embeddable":true,"href":"https:\/\/zojopackaging.com\/es\/wp-json\/wp\/v2\/media\/10040"}],"wp:attachment":[{"href":"https:\/\/zojopackaging.com\/es\/wp-json\/wp\/v2\/media?parent=10033"}],"wp:term":[{"taxonomy":"product_brand","embeddable":true,"href":"https:\/\/zojopackaging.com\/es\/wp-json\/wp\/v2\/product_brand?post=10033"},{"taxonomy":"product_cat","embeddable":true,"href":"https:\/\/zojopackaging.com\/es\/wp-json\/wp\/v2\/product_cat?post=10033"},{"taxonomy":"product_tag","embeddable":true,"href":"https:\/\/zojopackaging.com\/es\/wp-json\/wp\/v2\/product_tag?post=10033"}],"curies":[{"name":"wp","href":"https:\/\/api.w.org\/{rel}","templated":true}]}}