{"id":10041,"date":"2025-04-04T15:22:19","date_gmt":"2025-04-04T07:22:19","guid":{"rendered":"https:\/\/zojopackaging.com\/?post_type=product&#038;p=10041"},"modified":"2025-04-04T16:26:09","modified_gmt":"2025-04-04T08:26:09","slug":"custom-hand-cream-boxes-packaging-folding-carton-supplier","status":"publish","type":"product","link":"https:\/\/zojopackaging.com\/es\/product\/custom-hand-cream-boxes-packaging-folding-carton-supplier\/","title":{"rendered":"Cajas personalizadas para cremas de manos Proveedor de envases de cart\u00f3n plegable"},"content":{"rendered":"<h3 id=\"-1-structural-innovation-visual-revolution-of-double-insert-box-with-window-\"><strong>1. Innovaci\u00f3n estructural: revoluci\u00f3n visual de la caja de doble inserci\u00f3n con ventana<\/strong><\/h3>\n<p>Adoptar\u00a0<strong>dise\u00f1o de caja de doble inserci\u00f3n + ventana de enlace<\/strong>La precisa estructura de plegado permite abrir y cerrar el producto en 0,5 segundos, y la superficie de la ventana es de 30%-50%, por lo que los consumidores pueden apreciar directamente la textura y el color del producto.<\/p>\n<h3 id=\"-2-color-psychology-romantic-expression-of-gentle-purple-\"><strong>2. Psicolog\u00eda del color: expresi\u00f3n rom\u00e1ntica del p\u00farpura suave<\/strong><\/h3>\n<p>-\u00a0<strong>Selecci\u00f3n de colores<\/strong>: El color principal adopta\u00a0<strong>Pantone 18-3838 TCX (p\u00farpura lavanda)<\/strong>y coincide con\u00a0<strong>15-3717 TCX (blanco perla)<\/strong>\u00a0para formar un contraste visual, y consigue una transici\u00f3n de gradiente de 0,1 mm mediante una impresi\u00f3n de alta precisi\u00f3n de 1200 ppp;<\/p>\n<p>-\u00a0<strong>Conocimiento del consumidor<\/strong>: El p\u00farpura transmite elegancia y curaci\u00f3n, lo que responde a las expectativas de las consumidoras de cuidados rom\u00e1nticos y exquisitos (v\u00e9ase el \"Informe de tendencias de consumo de belleza 2024\");<\/p>\n<p>-\u00a0<strong>Jerarqu\u00eda visual<\/strong>: El borde de la ventana adopta\u00a0<strong>Gofrado UV + grabado l\u00e1ser<\/strong>\u00a0para potenciar el sentido de gama alta del producto y el reconocimiento de la marca.<\/p>\n<h3 id=\"-3-process-empowerment-the-artistic-fusion-of-spot-color-printing-and-surface-treatment-\"><strong>3. Potenciaci\u00f3n del proceso: la fusi\u00f3n art\u00edstica de la impresi\u00f3n de colores planos y el tratamiento de superficies.<\/strong><\/h3>\n<p>-\u00a0<strong>Impresi\u00f3n en color directo<\/strong>: Adoptar Heidelberg prensa de impresi\u00f3n de seis colores, la diferencia de color \u0394E\u22641.2, apoyo Pantone sobreimpresi\u00f3n de colores planos, la saturaci\u00f3n de color aument\u00f3 en 40%;<\/p>\n<p>-\u00a0<strong>Tratamiento de superficies<\/strong>: -\u00a0<strong>Proceso de estampaci\u00f3n en caliente<\/strong>: Carta de colores personalizados oro rosa\/oro champ\u00e1n, el brillo del metal alcanza 90GU, la resistencia al desgaste supera la prueba ISO 2838.\u00a0<strong>Estampado en relieve<\/strong>: Estampado tridimensional de flores de 0,3 mm, claridad t\u00e1ctil aumentada por 50%, el rendimiento antifalsificaci\u00f3n alcanza los est\u00e1ndares de certificaci\u00f3n internacionales;<\/p>\n<p>-\u00a0<strong>Selecci\u00f3n de materiales<\/strong>: 350 g de cartulina de polvo simple de alto gramaje, rugosidad superficial Ra\u22641,2\u03bcm, adaptabilidad de impresi\u00f3n aumentada por 30%.<\/p>\n<h3 id=\"-4-logistics-optimization-cost-reduction-and-efficiency-improvement-through-flat-design-\"><strong>4. Optimizaci\u00f3n log\u00edstica: Reducci\u00f3n de costes y mejora de la eficiencia mediante el dise\u00f1o plano<\/strong><\/h3>\n<p>-\u00a0<strong>Utilizaci\u00f3n del espacio<\/strong>: El dise\u00f1o plano aumenta la eficacia de la carga en 70% y reduce los costes de env\u00edo en 25%;<\/p>\n<p>-\u00a0<strong>Certificaci\u00f3n medioambiental<\/strong>: Todos los materiales cuentan con la certificaci\u00f3n FSC y cumplen la normativa REACH de la UE;<\/p>\n<p>-\u00a0<strong>Envases inteligentes<\/strong>: Al adoptar un forro plegable, el volumen de la caja vac\u00eda se reduce en 60%, lo que ayuda a alcanzar el objetivo de neutralidad de carbono (consulte el informe de evaluaci\u00f3n del ciclo de vida).<\/p>\n<h3 id=\"-5-functional-design-refined-solution-for-lining-system-\"><strong>5. Dise\u00f1o funcional: Soluci\u00f3n perfeccionada para el sistema de revestimiento<\/strong><\/h3>\n<p>-\u00a0<strong>Estructura interna de la tarjeta personalizable<\/strong>: -\u00a0<strong>Forro de papel<\/strong>: Tablero gris certificado FSC + forro flocado, tacto como la seda, puede fijar de 3 a 6 cremas de manos;<\/p>\n<p>-\u00a0<strong>Tarjeta interior del bl\u00edster<\/strong>: Material PET de calidad alimentaria, admite la visualizaci\u00f3n de juegos por capas y mejora el rendimiento a prueba de golpes mediante 80%;<\/p>\n<p>-\u00a0<strong>Adaptaci\u00f3n de la escena<\/strong>: Cajas de regalo personalizables para las fiestas (como las formas de los copos de nieve navide\u00f1os), sets de viaje (almacenamiento dividido) y otras soluciones de escenas segmentadas.<\/p>\n<h3 id=\"-6-smart-manufacturing-foundation-16-years-of-industry-experience-\"><strong>6. Base de fabricaci\u00f3n inteligente: 16 a\u00f1os de experiencia en el sector<\/strong><\/h3>\n<p>-\u00a0<strong>Matriz de equipos<\/strong>: Equipada con 5 l\u00edneas de producci\u00f3n de cajas de tarjetas totalmente automatizadas, equipadas con sistema de control PLC Schneider, producci\u00f3n diaria de 100.000 piezas, tasa de error &lt;0,1%;<\/p>\n<p>-\u00a0<strong>Sistema de control de calidad<\/strong>: Certificado ISO 9001\/BSCI, cada lote de productos se somete a 12 controles de calidad (pruebas de compresi\u00f3n, ca\u00edda y solidez del color);<\/p>\n<p>-\u00a0<strong>Capacidad de producci\u00f3n<\/strong>: Capacidad de producci\u00f3n diaria de 200.000 piezas, que admite pedidos desde 500 piezas hasta la producci\u00f3n en serie de un mill\u00f3n de piezas, y entrega en 24 horas de los pedidos urgentes.<\/p>\n<h3 id=\"-7-design-empowerment-precise-transformation-from-demand-to-implementation-\"><strong>7. Potenciaci\u00f3n del dise\u00f1o: transformaci\u00f3n precisa de la demanda a la aplicaci\u00f3n<\/strong><\/h3>\n<p>Un equipo especial de 8 dise\u00f1adores con m\u00e1s de 10 a\u00f1os de experiencia ofrece tres grandes servicios personalizados:<\/p>\n<p>-\u00a0<strong>Innovaci\u00f3n estructural<\/strong>: Desarrollar 12 tipos de cajas patentadas (como capas giratorias, cerraduras de contrase\u00f1a magn\u00e9ticas), compatibles con la colocaci\u00f3n de productos de formas especiales;<\/p>\n<p>-\u00a0<strong>Optimizaci\u00f3n interactiva<\/strong>: Incorpore un chip NFC (opcional), escanee el c\u00f3digo para obtener informaci\u00f3n sobre la trazabilidad del producto y tutoriales de belleza;<\/p>\n<p>-\u00a0<strong>Iteraci\u00f3n r\u00e1pida<\/strong>: Previsualizaci\u00f3n en tiempo real del modelado 3D y confirmaci\u00f3n completa del plan de dise\u00f1o en 8 horas.<\/p>","protected":false},"excerpt":{"rendered":"<p><strong>ZOJO Print | Experto en cajas plegables personalizadas para cremas de manos - potenciando con el dise\u00f1o, interpretando la nueva est\u00e9tica de la belleza<\/strong><\/p>\n<p>En un momento en que la competencia en el mercado de las cremas de manos es cada vez m\u00e1s feroz, el envase no es s\u00f3lo un contenedor de producto, sino tambi\u00e9n un medio de conexi\u00f3n emocional entre marcas y consumidores. ZOJO Print lleva 16 a\u00f1os profundamente implicada en el campo del envasado, centr\u00e1ndose en ofrecer soluciones de cart\u00f3n plegable para cremas de manos y productos de belleza que combinen funcionalidad, valor est\u00e9tico y competitividad comercial.<\/p>","protected":false},"featured_media":10059,"template":"","meta":[],"product_brand":[],"product_cat":[30,390,430,31],"product_tag":[817,1330,1331],"class_list":{"0":"post-10041","1":"product","2":"type-product","3":"status-publish","4":"has-post-thumbnail","6":"product_cat-by-industry","7":"product_cat-custom-cosmetics-boxes","8":"product_cat-folding-cartons","9":"product_cat-paper-box-style","10":"product_tag-custom-box","11":"product_tag-custom-hand-cream-boxes","12":"product_tag-packaging-folding-carton-supplier","14":"first","15":"instock","16":"shipping-taxable","17":"product-type-grouped"},"_links":{"self":[{"href":"https:\/\/zojopackaging.com\/es\/wp-json\/wp\/v2\/product\/10041","targetHints":{"allow":["GET"]}}],"collection":[{"href":"https:\/\/zojopackaging.com\/es\/wp-json\/wp\/v2\/product"}],"about":[{"href":"https:\/\/zojopackaging.com\/es\/wp-json\/wp\/v2\/types\/product"}],"version-history":[{"count":1,"href":"https:\/\/zojopackaging.com\/es\/wp-json\/wp\/v2\/product\/10041\/revisions"}],"predecessor-version":[{"id":10064,"href":"https:\/\/zojopackaging.com\/es\/wp-json\/wp\/v2\/product\/10041\/revisions\/10064"}],"wp:featuredmedia":[{"embeddable":true,"href":"https:\/\/zojopackaging.com\/es\/wp-json\/wp\/v2\/media\/10059"}],"wp:attachment":[{"href":"https:\/\/zojopackaging.com\/es\/wp-json\/wp\/v2\/media?parent=10041"}],"wp:term":[{"taxonomy":"product_brand","embeddable":true,"href":"https:\/\/zojopackaging.com\/es\/wp-json\/wp\/v2\/product_brand?post=10041"},{"taxonomy":"product_cat","embeddable":true,"href":"https:\/\/zojopackaging.com\/es\/wp-json\/wp\/v2\/product_cat?post=10041"},{"taxonomy":"product_tag","embeddable":true,"href":"https:\/\/zojopackaging.com\/es\/wp-json\/wp\/v2\/product_tag?post=10041"}],"curies":[{"name":"wp","href":"https:\/\/api.w.org\/{rel}","templated":true}]}}