{"id":10043,"date":"2025-04-04T15:25:32","date_gmt":"2025-04-04T07:25:32","guid":{"rendered":"https:\/\/zojopackaging.com\/?post_type=product&#038;p=10043"},"modified":"2025-04-04T15:34:29","modified_gmt":"2025-04-04T07:34:29","slug":"jade-roller-stone-mailing-face-roller-and-guasha-set-box","status":"publish","type":"product","link":"https:\/\/zojopackaging.com\/es\/product\/jade-roller-stone-mailing-face-roller-and-guasha-set-box\/","title":{"rendered":"Rodillo de Jade Piedra Correo Cara Rodillo Y Guasha Set Caja"},"content":{"rendered":"<h2 id=\"jade-roller-gua-sha-gift-box-product-description\">Rodillo de Jade Piedra Correo Cara Rodillo Y Guasha Set Caja<\/h2>\n<h2 id=\"-1-environmentally-friendly-materials-and-high-end-craftsmanship-\"><strong>1. Materiales respetuosos con el medio ambiente y artesan\u00eda de alta gama<\/strong><\/h2>\n<p>Esta caja de regalo extra\u00edble est\u00e1 hecha de\u00a0<strong>Papel estucado de 157 g<\/strong>\u00a0y\u00a0<strong>Cartulina blanca gris de una cara de 1200 g<\/strong>La superficie del papel estucado es suave y delicada. La superficie del papel estucado es suave y delicada, adecuada para la impresi\u00f3n de alta precisi\u00f3n, y con la estructura r\u00edgida del cart\u00f3n gris, puede proteger eficazmente los productos internos de los da\u00f1os del transporte. El cuerpo de la caja soporta\u00a0<strong>gofrado, estampado en relieve, estampado en caliente, lacado UV<\/strong>\u00a0y otros procesamientos. Por ejemplo, la estampaci\u00f3n en caliente puede a\u00f1adir textura met\u00e1lica y efecto tridimensional al logotipo de la marca, y el revestimiento UV puede mejorar la resistencia al desgaste y el brillo.<\/p>\n<h2 id=\"-2-simple-design-and-blank-art-\"><strong>2. Dise\u00f1o sencillo y arte en blanco<\/strong><\/h2>\n<p>El forro de la caja de regalo es de\u00a0<strong>material ecol\u00f3gico blanco puro<\/strong>, que se hace eco del tono sencillo del exterior y transmite la concepci\u00f3n est\u00e9tica oriental a trav\u00e9s de\u00a0<strong>dise\u00f1o de impresi\u00f3n en blanco<\/strong>. Este dise\u00f1o no s\u00f3lo resalta la noble textura del jade natural del producto, sino que tambi\u00e9n crea una experiencia envolvente de unboxing para los consumidores, estimulando la resonancia emocional con la cultura de la marca.<\/p>\n<h2 id=\"-3-deep-customization-and-brand-empowerment-\"><strong>3. Personalizaci\u00f3n profunda y potenciaci\u00f3n de la marca<\/strong><\/h2>\n<p>Admite la personalizaci\u00f3n de todo el proceso:<\/p>\n<ul>\n<li><strong>Dise\u00f1o visual<\/strong>: Im\u00e1genes, texto y colores de marca personalizables para adaptarse a distintos posicionamientos de mercado (como la sencillez moderna o la elegancia al estilo chino).<\/li>\n<li><strong>Ampliaci\u00f3n de funciones<\/strong>: Proporcionar\u00a0<strong>m\u00faltiples especificaciones y tama\u00f1os<\/strong>\u00a0(como el conjunto de rodillo + tabla rascadora o la combinaci\u00f3n con la botella de rodillo) para satisfacer las necesidades de herramientas de belleza, regalos de empresa, regalos navide\u00f1os y otros escenarios.<\/li>\n<li><strong>Combinaci\u00f3n artesanal<\/strong>: Por ejemplo, el logotipo estampado en caliente se combina con la textura de jade en relieve para reforzar la relevancia del producto con materiales naturales.<\/li>\n<\/ul>\n<h2 id=\"-4-high-end-retail-experience-\"><strong>4. Experiencia minorista de gama alta<\/strong><\/h2>\n<p>El dise\u00f1o de apertura de la caja extra\u00edble confiere al producto un\u00a0<strong>sentido del ritual y de la dignidad<\/strong>que satisface las necesidades de embalaje de art\u00edculos de lujo, comercio electr\u00f3nico de gama alta y servicios de suscripci\u00f3n. El rodillo de jade, la tabla de raspado y el manual de instrucciones se pueden exponer por capas en la caja, con cintas o tarjetas personalizadas para aumentar la sorpresa de los clientes al abrir la caja.<\/p>\n<h2 id=\"-5-production-strength-and-quality-assurance-\"><strong>5. Fuerza de producci\u00f3n y garant\u00eda de calidad<\/strong><\/h2>\n<p>Confiar en\u00a0<strong>5320 metros cuadrados de taller moderno<\/strong>\u00a0y un estricto sistema de calidad, garantizan la ejecuci\u00f3n precisa de cada eslab\u00f3n:<\/p>\n<ul>\n<li><strong>Control de materias primas<\/strong>: Seleccione papel con certificaci\u00f3n FSC respetuoso con el medio ambiente, de acuerdo con las normas de exportaci\u00f3n transfronteriza.<\/li>\n<li><strong>Norma de proceso<\/strong>: Pasar la certificaci\u00f3n ISO9001 de gesti\u00f3n de calidad para garantizar la impecable estampaci\u00f3n en caliente, UV y otros procesos.<\/li>\n<li><strong>Eficacia de la entrega<\/strong>: Soporta la producci\u00f3n de prueba de peque\u00f1os lotes y la personalizaci\u00f3n de grandes lotes, 7-15 d\u00edas de entrega r\u00e1pida, cubriendo las necesidades log\u00edsticas globales.<\/li>\n<\/ul>\n<h2 id=\"-6-application-scenarios-and-market-adaptability-\"><strong>6. Escenarios de aplicaci\u00f3n y adaptabilidad al mercado<\/strong><\/h2>\n<ul>\n<li><strong>Industria de la belleza<\/strong>: Como set de herramientas de belleza de jade natural, destaca puntos de venta como \"El polvo de cristal favorece la circulaci\u00f3n sangu\u00ednea\" y \"El raspado desintoxica y embellece\".<\/li>\n<li><strong>Mercado de regalos<\/strong>: Adecuado para festivales, negocios y regalos de bienestar, y puede personalizar logotipos corporativos y bendiciones.<\/li>\n<li><strong>Comercio electr\u00f3nico transfronterizo<\/strong>: Cumplen los requisitos de Amazon, estaciones independientes y otras plataformas en cuanto a belleza y practicidad del envase.<\/li>\n<\/ul>\n<h2 id=\"-7-service-commitment-\"><strong>7. Compromiso de servicio<\/strong><\/h2>\n<p>Desde el dise\u00f1o hasta la entrega, ofrecemos soluciones integrales:<\/p>\n<ul>\n<li><strong>Pruebas gratuitas<\/strong>: Las muestras f\u00edsicas se proporcionar\u00e1n en un plazo de 3-5 d\u00edas laborables, y la producci\u00f3n se iniciar\u00e1 una vez confirmados los detalles.<\/li>\n<li><strong>Log\u00edstica mundial<\/strong>: Apoyo a m\u00faltiples canales, como DHL y el transporte mar\u00edtimo, y proporcionar documentos de declaraci\u00f3n de aduanas de exportaci\u00f3n.<\/li>\n<li><strong>Asistencia posventa<\/strong>: Rehacer o reembolsar incondicionalmente en caso de problemas de calidad para proteger los derechos del cliente.<\/li>\n<\/ul>\n<p><strong>P\u00f3ngase en contacto con nosotros<\/strong>: Obtenga de inmediato soluciones de envasado exclusivas para que sus herramientas de belleza de jade lleguen a los consumidores de todo el mundo de forma impactante.<\/p>","protected":false},"excerpt":{"rendered":"<ul>\n<li><strong>Capacitaci\u00f3n cultural<\/strong>: Incorporar elementos culturales tradicionales como \"la belleza del jade\" y \"la medicina china Gua Sha\" para realzar la historia del producto.<\/li>\n<li><strong>Optimizaci\u00f3n de costes<\/strong>: Gran cantidad y buen precio, cantidad m\u00ednima de pedido desde 500 juegos, soporte de personalizaci\u00f3n de lotes mixtos.<\/li>\n<li><strong>Sostenibilidad<\/strong>: Utilizar materiales degradables para responder a la tendencia de protecci\u00f3n del medio ambiente de los mercados europeo y americano.<\/li>\n<\/ul>","protected":false},"featured_media":10047,"template":"","meta":[],"product_brand":[],"product_cat":[30,390,31,426],"product_tag":[1327,1328,1329],"class_list":{"0":"post-10043","1":"product","2":"type-product","3":"status-publish","4":"has-post-thumbnail","6":"product_cat-by-industry","7":"product_cat-custom-cosmetics-boxes","8":"product_cat-paper-box-style","9":"product_cat-paper-drawer-boxes","10":"product_tag-jade-roller-set-box","11":"product_tag-jade-stone-roller-box","12":"product_tag-roller-and-guasha-set-box","14":"first","15":"instock","16":"shipping-taxable","17":"product-type-grouped"},"_links":{"self":[{"href":"https:\/\/zojopackaging.com\/es\/wp-json\/wp\/v2\/product\/10043","targetHints":{"allow":["GET"]}}],"collection":[{"href":"https:\/\/zojopackaging.com\/es\/wp-json\/wp\/v2\/product"}],"about":[{"href":"https:\/\/zojopackaging.com\/es\/wp-json\/wp\/v2\/types\/product"}],"version-history":[{"count":1,"href":"https:\/\/zojopackaging.com\/es\/wp-json\/wp\/v2\/product\/10043\/revisions"}],"predecessor-version":[{"id":10050,"href":"https:\/\/zojopackaging.com\/es\/wp-json\/wp\/v2\/product\/10043\/revisions\/10050"}],"wp:featuredmedia":[{"embeddable":true,"href":"https:\/\/zojopackaging.com\/es\/wp-json\/wp\/v2\/media\/10047"}],"wp:attachment":[{"href":"https:\/\/zojopackaging.com\/es\/wp-json\/wp\/v2\/media?parent=10043"}],"wp:term":[{"taxonomy":"product_brand","embeddable":true,"href":"https:\/\/zojopackaging.com\/es\/wp-json\/wp\/v2\/product_brand?post=10043"},{"taxonomy":"product_cat","embeddable":true,"href":"https:\/\/zojopackaging.com\/es\/wp-json\/wp\/v2\/product_cat?post=10043"},{"taxonomy":"product_tag","embeddable":true,"href":"https:\/\/zojopackaging.com\/es\/wp-json\/wp\/v2\/product_tag?post=10043"}],"curies":[{"name":"wp","href":"https:\/\/api.w.org\/{rel}","templated":true}]}}