{"id":10051,"date":"2025-04-04T15:34:43","date_gmt":"2025-04-04T07:34:43","guid":{"rendered":"https:\/\/zojopackaging.com\/?post_type=product&#038;p=10051"},"modified":"2025-04-04T16:01:30","modified_gmt":"2025-04-04T08:01:30","slug":"rainbow-a5-deep-holographic-magnetic-collapsible-shiny-box","status":"publish","type":"product","link":"https:\/\/zojopackaging.com\/es\/product\/rainbow-a5-deep-holographic-magnetic-collapsible-shiny-box\/","title":{"rendered":"Arco Iris A5 Hologr\u00e1fico Profundo Caja Magn\u00e9tica Colapsable Brillante"},"content":{"rendered":"<h2 id=\"-1-minimalist-dynamic-aesthetics-visual-narrative-of-holographic-iridescent-purple-\"><strong>1. Est\u00e9tica din\u00e1mica minimalista: narrativa visual de p\u00farpura iridiscente hologr\u00e1fico.<\/strong><\/h2>\n<p>Basado en\u00a0<strong>tecnolog\u00eda de revestimiento nanom\u00e9trico<\/strong>El\u00a0<strong>recubrimiento de interferencia multicapa<\/strong>\u00a0comprime el espectro de colores del arco iris para formar un tono principal \u00fanico de \"p\u00farpura iridiscente\". Cuando incide la luz, la superficie presenta un brillo din\u00e1mico hologr\u00e1fico que cambia gradualmente de morado oscuro a azul verdoso, simulando el efecto de flujo de la aurora. El cuerpo de la caja adopta\u00a0<strong>tecnolog\u00eda de estampaci\u00f3n en fr\u00edo por l\u00e1ser<\/strong>, integrando texturas de microtallado en l\u00edneas minimalistas. Cuando est\u00e1 est\u00e1tico, es tan profundo como la amatista, y bajo luces y sombras din\u00e1micas, muestra un halo de varios niveles, que encaja con el misterio y la expresi\u00f3n interactiva de las marcas de alta gama.<\/p>\n<h2 id=\"-2-highly-customized-full-dimensional-adaptation-solution-\"><strong>2. Altamente personalizado: soluci\u00f3n de adaptaci\u00f3n completa<\/strong><\/h2>\n<ul>\n<li><strong>Tipo y tama\u00f1o de caja<\/strong>: Soporta tama\u00f1o est\u00e1ndar A5 (148\u00d7210mm) y personalizaci\u00f3n no est\u00e1ndar, rango de grosor ajustable 0.5-5mm;<\/li>\n<li><strong>Selecci\u00f3n de materiales<\/strong>: Proporcionamos BOPET (respetuoso con el medio ambiente y reciclable), PVC mate\/brillante, pel\u00edcula compuesta de metal y otras opciones;<\/li>\n<li><strong>Tecnolog\u00eda de superficie<\/strong>: Compatible con la estampaci\u00f3n en caliente hologr\u00e1fica, el estampado en relieve de pel\u00edculas 3D en la nube, la codificaci\u00f3n l\u00e1ser antifalsificaci\u00f3n, etc., por ejemplo, puede integrar el mismo\u00a0<strong>microtexto grabado huecograbado tecnolog\u00eda<\/strong>\u00a0de Moutai para reforzar la lucha contra la falsificaci\u00f3n;<\/li>\n<li><strong>Sistema de color<\/strong>: Adem\u00e1s del ultravioleta iridiscente, admite la igualaci\u00f3n de colores planos Pantone y consigue textura met\u00e1lica o efecto degradado mediante\u00a0<strong>recubrimiento por pulverizaci\u00f3n cat\u00f3dica<\/strong>.<\/li>\n<\/ul>\n<h2 id=\"-3-smart-manufacturing-service-16-years-of-one-stop-solution-\"><strong>3. Servicio de fabricaci\u00f3n inteligente: 16 a\u00f1os de soluciones integrales<\/strong><\/h2>\n<p>Confiar en\u00a0<strong>16 a\u00f1os de experiencia en personalizaci\u00f3n de envases<\/strong>Ofrecemos servicios de proceso completo, desde el dise\u00f1o conceptual hasta la entrega de la producci\u00f3n en serie:<\/p>\n<ul>\n<li><strong>Apoyo al dise\u00f1o<\/strong>: Combinando el modelado AI y las pruebas manuales, producimos renderizados 3D y cajas de muestras f\u00edsicas en 72 horas;<\/li>\n<li><strong>Garant\u00eda de producci\u00f3n<\/strong>: Adoptando una troqueladora totalmente autom\u00e1tica y una l\u00ednea de montaje de posicionamiento magn\u00e9tico, la precisi\u00f3n alcanza \u00b10,1 mm;<\/li>\n<li><strong>Optimizaci\u00f3n log\u00edstica<\/strong>: La soluci\u00f3n de embalaje plegable aumenta la capacidad de carga de un solo veh\u00edculo en 300%.<\/li>\n<\/ul>\n<h2 id=\"-technical-parameters-\"><strong>Par\u00e1metros t\u00e9cnicos<\/strong><\/h2>\n<table>\n<thead>\n<tr>\n<th>Proyecto<\/th>\n<th>Par\u00e1metros<\/th>\n<\/tr>\n<\/thead>\n<tbody>\n<tr>\n<td>Fuerza magn\u00e9tica<\/td>\n<td>3-5N (personalizable 8N grado militar)<\/td>\n<\/tr>\n<tr>\n<td>Vida plegable<\/td>\n<td>\u2265200 veces (prueba ASTM D4169)<\/td>\n<\/tr>\n<tr>\n<td>Certificaci\u00f3n medioambiental<\/td>\n<td>Certificaci\u00f3n RoHS\/REACH\/FSC<\/td>\n<\/tr>\n<\/tbody>\n<\/table>\n<p>Esta caja de embalaje redefine la forma y los l\u00edmites funcionales de los envases de gama alta con el concepto de\u00a0<strong>la tecnolog\u00eda potencia la est\u00e9tica<\/strong>. No es s\u00f3lo un contenedor de productos, sino tambi\u00e9n un portador art\u00edstico de la narrativa de la marca.<\/p>","protected":false},"excerpt":{"rendered":"<p>1. Esta caja de embalaje se centra en la est\u00e9tica minimalista, presentando una narrativa visual del contenedor de brillo arco iris de lo est\u00e1tico a lo din\u00e1mico, de lo individual a lo interactivo<br \/>\n2. El espectro de colores del arco iris se comprime en el tono p\u00farpura principal mediante la tecnolog\u00eda de revestimiento de nanonivel, formando un fen\u00f3meno \u00fanico de \"p\u00farpura iris\", muy adecuado para cajas de embalaje de productos de gama alta.<br \/>\n3. El tipo de caja, el tama\u00f1o, el color, el material y la impresi\u00f3n de la superficie pueden ser altamente personalizados para adaptarse a su arco iris A5 profundo hologr\u00e1fico magn\u00e9tico plegable embalaje brillante.<br \/>\n4. 16 a\u00f1os de servicio de personalizaci\u00f3n de embalajes, especializados en el dise\u00f1o y la operaci\u00f3n de producci\u00f3n, desde el dise\u00f1o hasta la producci\u00f3n y el transporte, \u00a1todo en un solo servicio!<\/p>","protected":false},"featured_media":10053,"template":"","meta":[],"product_brand":[],"product_cat":[30,390,31,426],"product_tag":[1327,1328,1329],"class_list":{"0":"post-10051","1":"product","2":"type-product","3":"status-publish","4":"has-post-thumbnail","6":"product_cat-by-industry","7":"product_cat-custom-cosmetics-boxes","8":"product_cat-paper-box-style","9":"product_cat-paper-drawer-boxes","10":"product_tag-jade-roller-set-box","11":"product_tag-jade-stone-roller-box","12":"product_tag-roller-and-guasha-set-box","14":"first","15":"instock","16":"shipping-taxable","17":"product-type-grouped"},"_links":{"self":[{"href":"https:\/\/zojopackaging.com\/es\/wp-json\/wp\/v2\/product\/10051","targetHints":{"allow":["GET"]}}],"collection":[{"href":"https:\/\/zojopackaging.com\/es\/wp-json\/wp\/v2\/product"}],"about":[{"href":"https:\/\/zojopackaging.com\/es\/wp-json\/wp\/v2\/types\/product"}],"version-history":[{"count":1,"href":"https:\/\/zojopackaging.com\/es\/wp-json\/wp\/v2\/product\/10051\/revisions"}],"predecessor-version":[{"id":10065,"href":"https:\/\/zojopackaging.com\/es\/wp-json\/wp\/v2\/product\/10051\/revisions\/10065"}],"wp:featuredmedia":[{"embeddable":true,"href":"https:\/\/zojopackaging.com\/es\/wp-json\/wp\/v2\/media\/10053"}],"wp:attachment":[{"href":"https:\/\/zojopackaging.com\/es\/wp-json\/wp\/v2\/media?parent=10051"}],"wp:term":[{"taxonomy":"product_brand","embeddable":true,"href":"https:\/\/zojopackaging.com\/es\/wp-json\/wp\/v2\/product_brand?post=10051"},{"taxonomy":"product_cat","embeddable":true,"href":"https:\/\/zojopackaging.com\/es\/wp-json\/wp\/v2\/product_cat?post=10051"},{"taxonomy":"product_tag","embeddable":true,"href":"https:\/\/zojopackaging.com\/es\/wp-json\/wp\/v2\/product_tag?post=10051"}],"curies":[{"name":"wp","href":"https:\/\/api.w.org\/{rel}","templated":true}]}}