{"id":10066,"date":"2025-04-04T16:02:38","date_gmt":"2025-04-04T08:02:38","guid":{"rendered":"https:\/\/zojopackaging.com\/?post_type=product&#038;p=10066"},"modified":"2025-04-04T16:47:10","modified_gmt":"2025-04-04T08:47:10","slug":"custom-perfume-packaging-kraft-paper-tubes-boxes-wholesale","status":"publish","type":"product","link":"https:\/\/zojopackaging.com\/es\/product\/custom-perfume-packaging-kraft-paper-tubes-boxes-wholesale\/","title":{"rendered":"Envasado de Perfume a Medida Tubos de Papel Kraft Cajas al por mayor"},"content":{"rendered":"<h2 id=\"-customized-perfume-packaging-kraft-paper-tube-box-wholesale-products-\"><strong>Envasado de Perfume Personalizado Caja de Tubo de Papel Kraft Productos al por mayor<\/strong><\/h2>\n<h2 id=\"1-multi-functional-applicability-\">1.\u00a0<strong>Aplicabilidad multifuncional<\/strong><\/h2>\n<ul>\n<li>Adecuado para el envasado de perfumes, velas, granos de caf\u00e9, t\u00e9, productos para el cuidado de la piel y otros productos diversificados, el espacio interior puede personalizarse en profundidad y di\u00e1metro para adaptarse a diferentes tama\u00f1os de producto.<\/li>\n<\/ul>\n<h2 id=\"2-flexible-customization-service-\">2.\u00a0<strong>Servicio de personalizaci\u00f3n flexible<\/strong><\/h2>\n<ul>\n<li>Proporcionamos un apoyo completo al proceso, desde la prueba de una sola pieza hasta la producci\u00f3n en serie, sin l\u00edmite de cantidad, para satisfacer las necesidades de marcas de nueva creaci\u00f3n hasta grandes empresas.<\/li>\n<li>Admite la personalizaci\u00f3n de im\u00e1genes, textos y colores, y proporciona una vista previa del dise\u00f1o en 3D y una confirmaci\u00f3n de la muestra f\u00edsica para garantizar que el producto acabado se ajusta a las expectativas.<\/li>\n<\/ul>\n<h2 id=\"-production-process-and-quality-assurance-\"><strong>Proceso de producci\u00f3n y garant\u00eda de calidad<\/strong><\/h2>\n<ul>\n<li><strong>Estricto sistema de control de calidad<\/strong>: La f\u00e1brica cuenta con un taller estandarizado de 5.320 metros cuadrados equipado con una l\u00ednea de producci\u00f3n totalmente autom\u00e1tica. Desde el cribado del material hasta el envasado del producto acabado, ha superado la certificaci\u00f3n de calidad ISO para garantizar cero defectos en cada eslab\u00f3n.<\/li>\n<li><strong>Servicio de ventanilla \u00fanica<\/strong>: El equipo, con 16 a\u00f1os de experiencia en el sector, ofrece asistencia completa en los procesos de dise\u00f1o, producci\u00f3n y log\u00edstica, 7\u00d724 horas de respuesta de atenci\u00f3n al cliente, y resuelve diversas necesidades, desde la optimizaci\u00f3n de planos hasta el seguimiento del transporte.<\/li>\n<\/ul>\n<h2 id=\"-application-scenarios-\"><strong>Escenarios de aplicaci\u00f3n<\/strong><\/h2>\n<ul>\n<li><strong>Regalos de empresa<\/strong>Perfumes de gama alta: estuches de regalo, sets de fragancias de edici\u00f3n limitada.<\/li>\n<li><strong>Envases para minoristas<\/strong>latas de t\u00e9, cajas de almacenamiento de granos de caf\u00e9, recipientes para el cuidado de la piel.<\/li>\n<li><strong>Personalizaci\u00f3n de la marca<\/strong>Regalos de empresa, envases de edici\u00f3n limitada.<\/li>\n<\/ul>\n<h2 id=\"-service-commitment-\"><strong>Compromiso de servicio<\/strong><\/h2>\n<ul>\n<li><strong>Entrega r\u00e1pida<\/strong>La producci\u00f3n en serie se completar\u00e1 en un plazo de 7-15 d\u00edas tras la confirmaci\u00f3n de la muestra, con el apoyo de la log\u00edstica global (tierra\/aire\/mar).<\/li>\n<li><strong>Garant\u00eda posventa<\/strong>: servicio de sustituci\u00f3n de aver\u00edas y asesoramiento t\u00e9cnico de por vida.<\/li>\n<\/ul>\n<p><strong>P\u00f3ngase en contacto con nosotros<\/strong>\u00a0Empiece ya a dise\u00f1ar envases exclusivos e interprete el valor de su marca con todo lujo de detalles. Ofrecemos servicios gratuitos de consulta de dise\u00f1o y presupuesto para que sus productos destaquen en el mercado.<\/p>\n<blockquote><p><em>\"Desde el dise\u00f1o hasta la entrega, hacemos del envase el lenguaje de la marca\".<\/em><\/p><\/blockquote>","protected":false},"excerpt":{"rendered":"<p>Nuestra caja tubo de papel kraft reciclable y respetuosa con el medio ambiente est\u00e1 dise\u00f1ada para productos de perfumer\u00eda y fragancias de alta gama, y tambi\u00e9n es adecuada para las necesidades de envasado de una gran variedad de productos exquisitos como velas, caf\u00e9 en grano, t\u00e9, cosm\u00e9ticos, etc. Est\u00e1 hecha de material de papel kraft marr\u00f3n natural con una superficie lisa y delicada, que no s\u00f3lo presenta una belleza natural y sencilla, sino que tambi\u00e9n se ajusta al concepto moderno de protecci\u00f3n del medio ambiente. El dise\u00f1o cil\u00edndrico est\u00e1ndar se combina con una tapa de sellado del mismo color, el borde de apertura es plano y el espacio interior es amplio, lo que permite alojar una gran variedad de especificaciones de productos, garantizando tanto el sellado como la est\u00e9tica.<\/p>","protected":false},"featured_media":10072,"template":"","meta":[],"product_brand":[],"product_cat":[30,417,31,429],"product_tag":[1334,1058,521],"class_list":{"0":"post-10066","1":"product","2":"type-product","3":"status-publish","4":"has-post-thumbnail","6":"product_cat-by-industry","7":"product_cat-custom-perfume-boxes-by-industry","8":"product_cat-paper-box-style","9":"product_cat-paper-tube-boxes","10":"product_tag-perfume-kraft-packaging","11":"product_tag-perfume-packaging","12":"product_tag-perfume-paper-tubes","14":"first","15":"instock","16":"shipping-taxable","17":"product-type-grouped"},"_links":{"self":[{"href":"https:\/\/zojopackaging.com\/es\/wp-json\/wp\/v2\/product\/10066","targetHints":{"allow":["GET"]}}],"collection":[{"href":"https:\/\/zojopackaging.com\/es\/wp-json\/wp\/v2\/product"}],"about":[{"href":"https:\/\/zojopackaging.com\/es\/wp-json\/wp\/v2\/types\/product"}],"version-history":[{"count":1,"href":"https:\/\/zojopackaging.com\/es\/wp-json\/wp\/v2\/product\/10066\/revisions"}],"predecessor-version":[{"id":10081,"href":"https:\/\/zojopackaging.com\/es\/wp-json\/wp\/v2\/product\/10066\/revisions\/10081"}],"wp:featuredmedia":[{"embeddable":true,"href":"https:\/\/zojopackaging.com\/es\/wp-json\/wp\/v2\/media\/10072"}],"wp:attachment":[{"href":"https:\/\/zojopackaging.com\/es\/wp-json\/wp\/v2\/media?parent=10066"}],"wp:term":[{"taxonomy":"product_brand","embeddable":true,"href":"https:\/\/zojopackaging.com\/es\/wp-json\/wp\/v2\/product_brand?post=10066"},{"taxonomy":"product_cat","embeddable":true,"href":"https:\/\/zojopackaging.com\/es\/wp-json\/wp\/v2\/product_cat?post=10066"},{"taxonomy":"product_tag","embeddable":true,"href":"https:\/\/zojopackaging.com\/es\/wp-json\/wp\/v2\/product_tag?post=10066"}],"curies":[{"name":"wp","href":"https:\/\/api.w.org\/{rel}","templated":true}]}}