{"id":10073,"date":"2025-04-04T16:21:22","date_gmt":"2025-04-04T08:21:22","guid":{"rendered":"https:\/\/zojopackaging.com\/?post_type=product&#038;p=10073"},"modified":"2025-04-04T16:25:35","modified_gmt":"2025-04-04T08:25:35","slug":"custom-cmyk-printing-folding-cardboard-box-paper-perfume-boxes","status":"publish","type":"product","link":"https:\/\/zojopackaging.com\/es\/product\/custom-cmyk-printing-folding-cardboard-box-paper-perfume-boxes\/","title":{"rendered":"Impresi\u00f3n CMYK personalizada Caja de cart\u00f3n plegable Cajas de papel para perfumes"},"content":{"rendered":"<h3 id=\"-1-structural-innovation-visual-revolution-of-double-insert-box-\"><strong>1. Innovaci\u00f3n estructural: revoluci\u00f3n visual de la caja de doble inserci\u00f3n<\/strong><\/h3>\n<p>La estructura de la caja de doble inserci\u00f3n es robusta y puede proteger el producto. Es f\u00e1cil de abrir y cerrar, y puede abrirse y cerrarse r\u00e1pidamente en 0,5 segundos. Esta estructura puede distribuir el env\u00edo y ahorrar espacio, especialmente ante el creciente transporte log\u00edstico internacional, lo que ahorra muchos costes a las empresas.<\/p>\n<h3 id=\"-2-color-psychology-advanced-expression-of-minimalist-design-\"><strong>2. Psicolog\u00eda del color: expresi\u00f3n avanzada del dise\u00f1o minimalista<\/strong><\/h3>\n<p><strong>Selecci\u00f3n de colores<\/strong>: El color principal es blanco perla, con naranja vibrante como el marco y el patr\u00f3n de perfume en el centro para formar un contraste visual, y lograr nano-nivel de claridad visual a trav\u00e9s de 1200dpi impresi\u00f3n de alta precisi\u00f3n<\/p>\n<h3 id=\"-3-process-empowerment-artistic-fusion-of-spot-color-printing-and-surface-treatment-\"><strong>3. Potenciaci\u00f3n del proceso: fusi\u00f3n art\u00edstica de la impresi\u00f3n de colores planos y el tratamiento de superficies.<\/strong><\/h3>\n<p>-\u00a0<strong>Impresi\u00f3n en color directo<\/strong>: Utilizando Heidelberg prensa de impresi\u00f3n de seis colores, la diferencia de color \u0394E\u22641,2, apoyando Pantone sobreimpresi\u00f3n de colores planos, la saturaci\u00f3n de color aument\u00f3 en 40%; -.\u00a0<strong>Proceso de estampaci\u00f3n en caliente<\/strong>: Carta de colores personalizados oro rosa\/oro champ\u00e1n, brillo met\u00e1lico hasta 90GU, resistencia al desgaste superada la prueba ISO 2838.\u00a0<strong>Estampado en relieve<\/strong>: Estampado tridimensional de flores de 0,3 mm, claridad t\u00e1ctil aumentada por 50%, el rendimiento antifalsificaci\u00f3n alcanza los est\u00e1ndares internacionales de certificaci\u00f3n.\u00a0<strong>Selecci\u00f3n de materiales<\/strong>: 350 g de cartulina de polvo simple de alto gramaje, rugosidad superficial Ra\u22641,2\u03bcm, adaptabilidad de impresi\u00f3n mejorada por 30%.<\/p>\n<h3 id=\"-4-logistics-optimization-cost-reduction-and-efficiency-improvement-through-flat-design-\"><strong>4. Optimizaci\u00f3n log\u00edstica: reducci\u00f3n de costes y mejora de la eficiencia mediante el dise\u00f1o plano.<\/strong><\/h3>\n<p>-\u00a0<strong>Utilizaci\u00f3n del espacio<\/strong>: El dise\u00f1o plano aumenta la eficacia de la carga en 70% y reduce los costes de env\u00edo en 25%; -.\u00a0<strong>Certificaci\u00f3n medioambiental<\/strong>: Todos los materiales cuentan con la certificaci\u00f3n FSC y cumplen la normativa REACH de la UE.\u00a0<strong>Envases inteligentes<\/strong>: El forro plegable se utiliza para reducir el volumen de la caja vac\u00eda en 60%, lo que contribuye a alcanzar el objetivo de neutralidad de carbono.<\/p>\n<h3 id=\"-5-functional-design-refined-solution-for-lining-system-\"><strong>5. Dise\u00f1o funcional: soluci\u00f3n perfeccionada para el sistema de revestimiento<\/strong><\/h3>\n<p><strong>Estructura interna de la tarjeta<\/strong>: Se puede utilizar papel corrugado ecol\u00f3gico o cartulina en polvo simple para lograr funciones de fijaci\u00f3n y protecci\u00f3n amortiguadora mediante corte, plegado, pandeo, etc.<\/p>\n<h3 id=\"-6-smart-manufacturing-cornerstone-hard-core-support-of-16-years-of-industry-experience-\"><strong>6. Piedra angular de la fabricaci\u00f3n inteligente: apoyo incondicional de 16 a\u00f1os de experiencia en el sector<\/strong><\/h3>\n<p>-\u00a0<strong>Matriz de equipos<\/strong>: equipada con 5 l\u00edneas de producci\u00f3n de cajas de tarjetas totalmente automatizadas, equipadas con el sistema de control PLC de Schneider, producci\u00f3n diaria de 100.000 piezas, tasa de error &lt;0,1%; -\u00a0<strong>Sistema de control de calidad<\/strong>: Certificaci\u00f3n ISO 9001\/BSCI superada; cada lote de productos se somete a 12 controles de calidad (pruebas de compresi\u00f3n, ca\u00edda y solidez del color).\u00a0<strong>Capacidad de producci\u00f3n<\/strong>capacidad de producci\u00f3n diaria de 200.000 piezas, lo que permite una producci\u00f3n en serie de 500 piezas a nivel de mill\u00f3n, y los pedidos urgentes se entregan en 24 horas.<\/p>\n<h3 id=\"-7-design-empowerment-precise-transformation-from-demand-to-implementation-\"><strong>7. Potenciaci\u00f3n del dise\u00f1o: transformaci\u00f3n precisa de la demanda a la aplicaci\u00f3n<\/strong><\/h3>\n<p>Un equipo especial de 3 dise\u00f1adores con m\u00e1s de 10 a\u00f1os de experiencia ofrece tres grandes servicios personalizados: -\u00a0<strong>Innovaci\u00f3n estructural<\/strong>: Desarrollar 12 tipos de cajas patentadas (como capas giratorias, cerraduras magn\u00e9ticas con contrase\u00f1a), compatibles con la colocaci\u00f3n de productos de formas especiales.\u00a0<strong>Optimizaci\u00f3n interactiva<\/strong>: Incorpore un chip NFC (opcional), escanee el c\u00f3digo para obtener informaci\u00f3n sobre la trazabilidad del producto y tutoriales de belleza.\u00a0<strong>Iteraci\u00f3n r\u00e1pida<\/strong>: Previsualizaci\u00f3n en tiempo real del modelado 3D y confirmaci\u00f3n completa del plan de dise\u00f1o en 8 horas.<\/p>","protected":false},"excerpt":{"rendered":"<p><strong>ZOJO Print | Experto en cajas de papel para perfumes personalizadas - potenciando con el dise\u00f1o, interpretando la nueva est\u00e9tica del perfume<\/strong><\/p>\n<p>En un momento en que la competencia en el mercado de la perfumer\u00eda es cada vez m\u00e1s feroz, el envase no es s\u00f3lo un contenedor de productos, sino tambi\u00e9n un medio de conexi\u00f3n emocional entre marcas y consumidores. ZOJO Print lleva 16 a\u00f1os profundamente implicada en el campo del envasado, centr\u00e1ndose en ofrecer soluciones de cajas de papel para productos de perfumer\u00eda y belleza que combinen funcionalidad, valor est\u00e9tico y competitividad comercial.<\/p>","protected":false},"featured_media":10076,"template":"","meta":[],"product_brand":[],"product_cat":[30,417,430,31],"product_tag":[1333,1332,336],"class_list":{"0":"post-10073","1":"product","2":"type-product","3":"status-publish","4":"has-post-thumbnail","6":"product_cat-by-industry","7":"product_cat-custom-perfume-boxes-by-industry","8":"product_cat-folding-cartons","9":"product_cat-paper-box-style","10":"product_tag-cmyk-printing-folding-cardboard-box","11":"product_tag-custom-folding-cardboard-box","12":"product_tag-perfume-boxes","14":"first","15":"instock","16":"shipping-taxable","17":"product-type-grouped"},"_links":{"self":[{"href":"https:\/\/zojopackaging.com\/es\/wp-json\/wp\/v2\/product\/10073","targetHints":{"allow":["GET"]}}],"collection":[{"href":"https:\/\/zojopackaging.com\/es\/wp-json\/wp\/v2\/product"}],"about":[{"href":"https:\/\/zojopackaging.com\/es\/wp-json\/wp\/v2\/types\/product"}],"version-history":[{"count":1,"href":"https:\/\/zojopackaging.com\/es\/wp-json\/wp\/v2\/product\/10073\/revisions"}],"predecessor-version":[{"id":10080,"href":"https:\/\/zojopackaging.com\/es\/wp-json\/wp\/v2\/product\/10073\/revisions\/10080"}],"wp:featuredmedia":[{"embeddable":true,"href":"https:\/\/zojopackaging.com\/es\/wp-json\/wp\/v2\/media\/10076"}],"wp:attachment":[{"href":"https:\/\/zojopackaging.com\/es\/wp-json\/wp\/v2\/media?parent=10073"}],"wp:term":[{"taxonomy":"product_brand","embeddable":true,"href":"https:\/\/zojopackaging.com\/es\/wp-json\/wp\/v2\/product_brand?post=10073"},{"taxonomy":"product_cat","embeddable":true,"href":"https:\/\/zojopackaging.com\/es\/wp-json\/wp\/v2\/product_cat?post=10073"},{"taxonomy":"product_tag","embeddable":true,"href":"https:\/\/zojopackaging.com\/es\/wp-json\/wp\/v2\/product_tag?post=10073"}],"curies":[{"name":"wp","href":"https:\/\/api.w.org\/{rel}","templated":true}]}}