{"id":10082,"date":"2025-04-04T16:35:34","date_gmt":"2025-04-04T08:35:34","guid":{"rendered":"https:\/\/zojopackaging.com\/?post_type=product&#038;p=10082"},"modified":"2025-04-04T16:58:22","modified_gmt":"2025-04-04T08:58:22","slug":"premium-quality-high-quality-custom-soap-boxes-manufacturer","status":"publish","type":"product","link":"https:\/\/zojopackaging.com\/es\/product\/premium-quality-high-quality-custom-soap-boxes-manufacturer\/","title":{"rendered":"Fabricante de cajas de jab\u00f3n personalizadas de alta calidad"},"content":{"rendered":"<h2 id=\"-high-quality-custom-soap-box-manufacturer-product-description-\"><strong>Descripci\u00f3n del producto<\/strong><\/h2>\n<p>Como fabricante con 16 a\u00f1os de experiencia profesional en dise\u00f1o y producci\u00f3n de envases, nos comprometemos a ofrecer a los clientes soluciones personalizadas para cajas de jab\u00f3n que combinen funcionalidad, valor est\u00e9tico y conceptos de protecci\u00f3n medioambiental. Con un moderno taller de producci\u00f3n de 5.320 metros cuadrados y un estricto sistema de gesti\u00f3n de la calidad, garantizamos que todos los productos cumplen las normas m\u00e1s exigentes del sector. A continuaci\u00f3n se enumeran las principales ventajas de nuestros productos y los servicios m\u00e1s destacados:<\/p>\n<h2 id=\"-1-corrugated-paper-material-scientific-buffering-protecting-product-safety-\"><strong>1. Material de papel corrugado: amortiguaci\u00f3n cient\u00edfica, protecci\u00f3n de la seguridad del producto.<\/strong><\/h2>\n<p>Adoptando un dise\u00f1o de estructura de cart\u00f3n ondulado multicapa, mediante el proceso de composici\u00f3n de la capa intermedia de papel de n\u00facleo ondulado y el cart\u00f3n plano, la caja de embalaje adquiere una excelente resistencia a la compresi\u00f3n y absorci\u00f3n de impactos. Su estructura de nido de abeja puede dispersar eficazmente la presi\u00f3n externa durante el transporte, evitar que el jab\u00f3n se da\u00f1e por extrusi\u00f3n, colisi\u00f3n o vibraci\u00f3n, y garantizar que el producto est\u00e9 siempre intacto desde la f\u00e1brica hasta las manos de los consumidores.<\/p>\n<h2 id=\"-2-folding-mailer-box-efficient-packaging-convenient-and-environmentally-friendly-\"><strong>2. Caja de correo plegable: Embalaje eficiente, c\u00f3modo y respetuoso con el medio ambiente<\/strong><\/h2>\n<p>El innovador dise\u00f1o de plegado simplifica el proceso de embalaje, y el embalaje y desmontaje pueden completarse r\u00e1pidamente sin cola ni herramientas complejas. El cuerpo de la caja adopta el proceso de l\u00ednea de pre-indentaci\u00f3n, teniendo en cuenta la precisi\u00f3n y estabilidad del moldeado, y adapt\u00e1ndose a los requisitos de producci\u00f3n en masa de la l\u00ednea de producci\u00f3n automatizada. El dise\u00f1o estructural ligero reduce los costes log\u00edsticos, y la caja vac\u00eda puede comprimirse para su almacenamiento, reduciendo el espacio ocupado.<\/p>\n<h2 id=\"-three-soothing-pink-tone-psychological-empowerment-conveying-brand-temperature-\"><strong>3. Tono rosa calmante: refuerzo psicol\u00f3gico, transmite la temperatura de la marca.<\/strong><\/h2>\n<p>El cuerpo de la caja es principalmente de color rosa suave, inspirado en el \"efecto elefante rosa\" psicol\u00f3gico: las se\u00f1ales visuales alivian la ansiedad y estimulan actitudes positivas. Los estudios han demostrado que el rosa puede crear una atm\u00f3sfera c\u00e1lida y apacible, aumentar el placer de los consumidores al abrir la caja y ayudar a las marcas a establecer conexiones emocionales.<\/p>\n<h2 id=\"-four-double-sided-printing-process-double-exposure-strengthen-brand-memory-\"><strong>4. Proceso de impresi\u00f3n a doble cara: doble exposici\u00f3n, fortalecer la memoria de marca.<\/strong><\/h2>\n<p>Adopta tecnolog\u00eda de impresi\u00f3n a doble cara de alta definici\u00f3n, admite logotipo a todo color, informaci\u00f3n del producto y patrones personalizados. La textura se mejora mediante estampaci\u00f3n en caliente, acristalamiento local UV y otros procesos para garantizar que los elementos visuales de la marca sean siempre llamativos durante la exposici\u00f3n en estanter\u00edas y el transporte. Por ejemplo, la parte delantera puede mostrar el punto de venta del producto, y la parte trasera puede imprimir instrucciones o declaraciones de protecci\u00f3n medioambiental para conseguir una doble mejora funcional y est\u00e9tica.<\/p>\n<h2 id=\"-v-in-depth-customization-service-flexible-adaptation-exclusive-brand-style-\"><strong>5. Servicio de personalizaci\u00f3n en profundidad: adaptaci\u00f3n flexible, estilo de marca exclusivo.<\/strong><\/h2>\n<p>Ofrecemos todo tipo de opciones de personalizaci\u00f3n:<\/p>\n<ul>\n<li><strong>Selecci\u00f3n de estilo<\/strong>: minimalismo moderno, tendencia nacional retro, lujo ligero empresarial y otros temas disponibles;<\/li>\n<li><strong>Adaptaci\u00f3n del pliego de condiciones<\/strong>: admiten una gran variedad de tama\u00f1os, tipos de cajas (como tapas superiores e inferiores, cajas de cajones) y dise\u00f1os de ventanas;<\/li>\n<li><strong>Elementos personalizados<\/strong>: combinaci\u00f3n libre de im\u00e1genes, textos, colores e incluso estructuras interactivas (como cajas de regalo en forma de puzzle);<\/li>\n<li><strong>Mejora medioambiental<\/strong>materiales ecol\u00f3gicos opcionales, como la pasta de bagazo y las tintas degradables, en consonancia con el concepto ESG.<\/li>\n<\/ul>\n<h2 id=\"-six-one-stop-service-worry-free-from-design-to-delivery-\"><strong>6. servicio integral: desde el dise\u00f1o hasta la entrega, sin preocupaciones<\/strong><\/h2>\n<p>Gracias a nuestros 16 a\u00f1os de experiencia en el sector, hemos creado un sistema completo de servicios de dise\u00f1o, producci\u00f3n, inspecci\u00f3n de calidad y log\u00edstica:<\/p>\n<ol>\n<li><strong>Equipo de dise\u00f1o profesional<\/strong>: Proporcionar modelado 3D y pruebas f\u00edsicas de acuerdo con el tono de la marca para garantizar la aplicaci\u00f3n del dise\u00f1o;<\/li>\n<li><strong>Producci\u00f3n inteligente<\/strong>: Introducir una m\u00e1quina de impresi\u00f3n offset alemana Heidelberg y equipos de troquelado automatizados para dar una respuesta r\u00e1pida a los pedidos de gran volumen;<\/li>\n<li><strong>Estricto proceso de inspecci\u00f3n de calidad<\/strong>: Supera m\u00e1s de 20 pruebas, como la prueba de durabilidad, la prueba de impermeabilidad, la prueba antienvejecimiento, etc., para garantizar la calidad del producto;<\/li>\n<li><strong>Red log\u00edstica mundial<\/strong>: Cooperar con las principales empresas de log\u00edstica para ofrecer servicios de transporte puerta a puerta y de almacenamiento y custodia.<\/li>\n<\/ol>\n<h2 id=\"-vii-customer-service-commitment-professional-companionship-full-time-escort-\"><strong>7. Compromiso de Servicio al Cliente: Acompa\u00f1amiento profesional, Escolta a tiempo completo.<\/strong><\/h2>\n<p>Practicamos el concepto de \"\u00e9xito del cliente\" y proporcionamos:<\/p>\n<ul>\n<li><strong>Respuesta en 24 horas<\/strong>: Un servicio exclusivo de atenci\u00f3n al cliente sigue la evoluci\u00f3n de los pedidos y resuelve los problemas t\u00e9cnicos en 48 horas;<\/li>\n<li><strong>Cantidad m\u00ednima de pedido flexible<\/strong>: MOQ 500 piezas para reducir los costes de prueba y error de las peque\u00f1as y medianas empresas;<\/li>\n<li><strong>Garant\u00eda posventa<\/strong>: Reparaci\u00f3n\/sustituci\u00f3n gratuita durante el periodo de garant\u00eda, asistencia t\u00e9cnica de por vida.<\/li>\n<\/ul>","protected":false},"excerpt":{"rendered":"<p>Elegirnos no es s\u00f3lo elegir una caja de jab\u00f3n, sino tambi\u00e9n elegir la persistencia en la calidad, la responsabilidad por la protecci\u00f3n del medio ambiente y la profunda potenciaci\u00f3n del valor de la marca. P\u00f3ngase en contacto con nosotros ahora para iniciar un viaje exclusivo de personalizaci\u00f3n y deje que el envase del producto se convierta en el portador perfecto de la historia de su marca.<\/p>","protected":false},"featured_media":10083,"template":"","meta":[],"product_brand":[],"product_cat":[30,390,31,433],"product_tag":[1306,1337,1338],"class_list":{"0":"post-10082","1":"product","2":"type-product","3":"status-publish","4":"has-post-thumbnail","6":"product_cat-by-industry","7":"product_cat-custom-cosmetics-boxes","8":"product_cat-paper-box-style","9":"product_cat-shipping-mailer-boxes","10":"product_tag-custom-soap-boxes","11":"product_tag-premium-soap-boxes","12":"product_tag-soap-boxes-manufacturer","14":"first","15":"instock","16":"shipping-taxable","17":"product-type-grouped"},"_links":{"self":[{"href":"https:\/\/zojopackaging.com\/es\/wp-json\/wp\/v2\/product\/10082","targetHints":{"allow":["GET"]}}],"collection":[{"href":"https:\/\/zojopackaging.com\/es\/wp-json\/wp\/v2\/product"}],"about":[{"href":"https:\/\/zojopackaging.com\/es\/wp-json\/wp\/v2\/types\/product"}],"version-history":[{"count":1,"href":"https:\/\/zojopackaging.com\/es\/wp-json\/wp\/v2\/product\/10082\/revisions"}],"predecessor-version":[{"id":10098,"href":"https:\/\/zojopackaging.com\/es\/wp-json\/wp\/v2\/product\/10082\/revisions\/10098"}],"wp:featuredmedia":[{"embeddable":true,"href":"https:\/\/zojopackaging.com\/es\/wp-json\/wp\/v2\/media\/10083"}],"wp:attachment":[{"href":"https:\/\/zojopackaging.com\/es\/wp-json\/wp\/v2\/media?parent=10082"}],"wp:term":[{"taxonomy":"product_brand","embeddable":true,"href":"https:\/\/zojopackaging.com\/es\/wp-json\/wp\/v2\/product_brand?post=10082"},{"taxonomy":"product_cat","embeddable":true,"href":"https:\/\/zojopackaging.com\/es\/wp-json\/wp\/v2\/product_cat?post=10082"},{"taxonomy":"product_tag","embeddable":true,"href":"https:\/\/zojopackaging.com\/es\/wp-json\/wp\/v2\/product_tag?post=10082"}],"curies":[{"name":"wp","href":"https:\/\/api.w.org\/{rel}","templated":true}]}}