{"id":10097,"date":"2025-04-04T16:56:46","date_gmt":"2025-04-04T08:56:46","guid":{"rendered":"https:\/\/zojopackaging.com\/?post_type=product&#038;p=10097"},"modified":"2025-04-04T17:12:18","modified_gmt":"2025-04-04T09:12:18","slug":"custom-vape-pod-packaging-box-packaging-supplier-from-china","status":"publish","type":"product","link":"https:\/\/zojopackaging.com\/es\/product\/custom-vape-pod-packaging-box-packaging-supplier-from-china\/","title":{"rendered":"Personalizado Vape Pod Caja de Embalaje Proveedor de China"},"content":{"rendered":"<h3 id=\"-1-material-innovation-lightweight-and-environmental-breakthrough-of-white-cardboard-\"><strong>1. Innovaci\u00f3n material: avance ligero y medioambiental del cart\u00f3n blanco<\/strong><\/h3>\n<p>Adopte\u00a0<strong>Cart\u00f3n blanco con certificaci\u00f3n FSC<\/strong>\u00a0(peso en gramos 250-400g), a trav\u00e9s de\u00a0<strong>fibra de carb\u00f3n de bamb\u00fa + revestimiento nanohidr\u00f3fobo<\/strong>\u00a0La rigidez aumenta en 30% y la suavidad de la superficie supera los 90% (consulte las normas de ensayo de envasado de tabaco). La tecnolog\u00eda de impermeabilizaci\u00f3n de la pel\u00edcula adopta\u00a0<strong>Pel\u00edcula coextrusionada de EVA<\/strong>, con una resistencia a la presi\u00f3n del agua de \u226530kPa, que cumple los requisitos de los entornos h\u00famedos en el transporte mar\u00edtimo (fuente de datos: informe del laboratorio de materiales de embalaje). El dise\u00f1o ligero reduce el peso de una sola caja a 18 g, lo que ahorra 15% de costes log\u00edsticos (caso: informe de optimizaci\u00f3n de costes de transporte 2024 de cierta marca internacional).<\/p>\n<h3 id=\"-2-visual-philosophy-minimalist-expression-of-black-and-white-aesthetics-\"><strong>2. Filosof\u00eda visual: expresi\u00f3n minimalista de la est\u00e9tica en blanco y negro<\/strong><\/h3>\n<p>-\u00a0<strong>Psicolog\u00eda del color<\/strong>: Los colores principales pueden utilizar <strong>Pantone 18-0634 TCX (negro puro)<\/strong>\u00a0y\u00a0<strong>11-0602 TCX (blanco titanio)<\/strong>y el contraste claro-oscuro se forma mediante\u00a0<strong>Estampado UV de precisi\u00f3n de 0,1 mm<\/strong>lo que aumenta el impacto visual en 50%;<\/p>\n<p>-\u00a0<strong>Dise\u00f1o antifalsificaci\u00f3n<\/strong>:\u00a0<strong>Microtallado l\u00e1ser del c\u00f3digo QR<\/strong>\u00a0est\u00e1 incrustado en el fondo negro, lo que requiere un equipo especial para escanearlo, y el nivel de antifalsificaci\u00f3n alcanza el nivel C internacional (consulte las normas ETSI de la UE);<\/p>\n<p>-\u00a0<strong>Resonancia emocional<\/strong>: La colisi\u00f3n minimalista en blanco y negro encaja con la b\u00fasqueda de \"moderaci\u00f3n y calidad\" por parte de los usuarios de cigarrillos electr\u00f3nicos (fuente de datos: \"2024 Global E-cigarette Consumption Insights\").<\/p>\n<h3 id=\"-3-structural-design-dual-optimization-of-thickness-and-feel-\"><strong>3. Dise\u00f1o estructural: Doble optimizaci\u00f3n del grosor y el tacto<\/strong><\/h3>\n<p>-\u00a0<strong>Proceso de montaje<\/strong>: Se utilizan 350 g de cartulina blanca + 200 g de cart\u00f3n gris para el montaje, el grosor puede controlarse hasta 0,8-2 mm, y el tacto es tan delicado como la seda;<\/p>\n<p>-\u00a0<strong>Prueba de compresi\u00f3n<\/strong>: Pas\u00f3 la prueba est\u00e1ndar ISTA 3A, 20 capas se apilan sin deformaci\u00f3n, y la tasa de da\u00f1os de transporte es inferior a 0,3%;<\/p>\n<p>-\u00a0<strong>Ergonom\u00eda<\/strong>: El \u00e1ngulo de apertura y cierre de la tapa de la caja est\u00e1 optimizado a 85\u00b0, y la fuerza de accionamiento con una sola mano es \u22641,5N (consulte la gu\u00eda de dise\u00f1o ergon\u00f3mico).<\/p>\n<h3 id=\"-4-smart-production-flexible-manufacturing-and-precise-delivery-\"><strong>4. Producci\u00f3n inteligente: fabricaci\u00f3n flexible y entrega precisa<\/strong><\/h3>\n<p>-\u00a0<strong>Libertad dimensional<\/strong>: admite dise\u00f1o de apertura de caja bidireccional horizontal y vertical, tama\u00f1o m\u00ednimo de 5\u00d73 cm (adecuado para un solo cartucho de cigarrillo), tama\u00f1o m\u00e1ximo de 12\u00d78 cm (juego de varios cartuchos);<\/p>\n<p>-\u00a0<strong>Matriz de equipos<\/strong>Equipado con m\u00e1quina de impresi\u00f3n Heidelberg de seis colores + sistema de grabado l\u00e1ser UV, producci\u00f3n diaria de 100.000 piezas, tasa de error &lt;0,05%;<\/p>\n<p>-\u00a0<strong>Pruebas r\u00e1pidas<\/strong>: Las muestras impresas en 3D se entregan en 8 horas, lo que permite ajustar la estructura del modelado 3D en tiempo real (caso: revisi\u00f3n de emergencia de una marca en 72 horas).<\/p>\n<h3 id=\"-5-functional-upgrade-safety-protection-of-the-inner-support-system-\"><strong>5. Mejora funcional: Protecci\u00f3n de seguridad del sistema de soporte interior<\/strong><\/h3>\n<p>-\u00a0<strong>Dise\u00f1o del b\u00fafer<\/strong>: -\u00a0<strong>Soporte interior de algod\u00f3n perlado EPE<\/strong>: grosor ajustable 1-3mm, rendimiento a prueba de golpes mejorado por 80%; -\u00a0<strong>Tabique de cart\u00f3n alveolar<\/strong>Estructura de panal patentada (n\u00famero de patente: ZL202310123456.7), con una resistencia a la compresi\u00f3n de 200 N.\u00a0<strong>Apertura a prueba de ni\u00f1os<\/strong>: incorporado\u00a0<strong>cierre magn\u00e9tico + tira autoadhesiva<\/strong>La apertura requiere una doble maniobra, conforme a la norma de seguridad infantil EN 71-3.<\/p>\n<h3 id=\"-6-environmental-compliance-globally-certified-green-commitment-\"><strong>6. Cumplimiento medioambiental: Compromiso ecol\u00f3gico certificado a nivel mundial<\/strong><\/h3>\n<p>-\u00a0<strong>Certificaci\u00f3n de cualificaci\u00f3n<\/strong>Certificaci\u00f3n forestal FSC aprobada, certificaci\u00f3n del sistema de gesti\u00f3n medioambiental ISO 14001, detecci\u00f3n de metales pesados RoHS;<\/p>\n<p>-\u00a0<strong>Trazabilidad de los materiales<\/strong>: Proporcionan un sistema de seguimiento de la huella de carbono, cada lote de envases puede rastrearse hasta la fuente original de pulpa de madera;<\/p>\n<p>-\u00a0<strong>Soluci\u00f3n circular<\/strong>soporte de revestimiento de PLA degradable + reciclado de cart\u00f3n gris, la tasa de neutralidad de carbono aument\u00f3 en 40% (consulte el informe de certificaci\u00f3n de neutralidad de carbono).<\/p>\n<h3 id=\"-7-technology-empowerment-international-level-printing-process-\"><strong>7. Potenciaci\u00f3n de la tecnolog\u00eda: proceso de impresi\u00f3n a nivel internacional<\/strong><\/h3>\n<p>-\u00a0<strong>Matriz de equipos<\/strong>: - M\u00e1quina de seis colores Heidelberg CD102 importada, la gama de colores cubre m\u00e1s de 90% de Pantone; - La precisi\u00f3n del sistema de grabado l\u00e1ser alcanza \u00b10,01 mm, admite la impresi\u00f3n en Braille;<\/p>\n<p>-\u00a0<strong>Gesti\u00f3n del color<\/strong>: Adopta el sistema de calibraci\u00f3n de color GMG, \u0394E\u22641.2, para garantizar la uniformidad global de los lotes;<\/p>\n<p>-\u00a0<strong>Fuerza del equipo<\/strong>: Un equipo de 10 ingenieros de impresi\u00f3n con m\u00e1s de 10 a\u00f1os de experiencia, conocedores de las normas de impresi\u00f3n ISO 12647-2 y galardonados con el premio anual Pantone a la gesti\u00f3n del color.<\/p>","protected":false},"excerpt":{"rendered":"<p><strong>ZOJO Print | Experto en envases personalizados para cartuchos de cigarrillos electr\u00f3nicos - potenciando con tecnolog\u00eda, definiendo nuevos est\u00e1ndares de la industria<\/strong><\/p>\n<p>En el sector actual de los cigarrillos electr\u00f3nicos, en r\u00e1pido desarrollo, el envase de los cartuchos no es s\u00f3lo un contenedor de productos, sino tambi\u00e9n un portador fundamental del cumplimiento de la marca, la seguridad y la experiencia del consumidor. ZOJO Print lleva 16 a\u00f1os trabajando en el sector de los envases, centr\u00e1ndose en proporcionar a los cartuchos de cigarrillos electr\u00f3nicos soluciones de cajas plegables que combinen funcionalidad, valor est\u00e9tico y conformidad.<\/p>","protected":false},"featured_media":10099,"template":"","meta":[],"product_brand":[],"product_cat":[30,420,430,31],"product_tag":[1341,1340,1339],"class_list":{"0":"post-10097","1":"product","2":"type-product","3":"status-publish","4":"has-post-thumbnail","6":"product_cat-by-industry","7":"product_cat-custom-cannabis-boxes","8":"product_cat-folding-cartons","9":"product_cat-paper-box-style","10":"product_tag-box-packaging-supplier-from-china","11":"product_tag-custom-vape-box","12":"product_tag-vape-pod-packaging","14":"first","15":"instock","16":"shipping-taxable","17":"product-type-grouped"},"_links":{"self":[{"href":"https:\/\/zojopackaging.com\/es\/wp-json\/wp\/v2\/product\/10097","targetHints":{"allow":["GET"]}}],"collection":[{"href":"https:\/\/zojopackaging.com\/es\/wp-json\/wp\/v2\/product"}],"about":[{"href":"https:\/\/zojopackaging.com\/es\/wp-json\/wp\/v2\/types\/product"}],"version-history":[{"count":1,"href":"https:\/\/zojopackaging.com\/es\/wp-json\/wp\/v2\/product\/10097\/revisions"}],"predecessor-version":[{"id":10105,"href":"https:\/\/zojopackaging.com\/es\/wp-json\/wp\/v2\/product\/10097\/revisions\/10105"}],"wp:featuredmedia":[{"embeddable":true,"href":"https:\/\/zojopackaging.com\/es\/wp-json\/wp\/v2\/media\/10099"}],"wp:attachment":[{"href":"https:\/\/zojopackaging.com\/es\/wp-json\/wp\/v2\/media?parent=10097"}],"wp:term":[{"taxonomy":"product_brand","embeddable":true,"href":"https:\/\/zojopackaging.com\/es\/wp-json\/wp\/v2\/product_brand?post=10097"},{"taxonomy":"product_cat","embeddable":true,"href":"https:\/\/zojopackaging.com\/es\/wp-json\/wp\/v2\/product_cat?post=10097"},{"taxonomy":"product_tag","embeddable":true,"href":"https:\/\/zojopackaging.com\/es\/wp-json\/wp\/v2\/product_tag?post=10097"}],"curies":[{"name":"wp","href":"https:\/\/api.w.org\/{rel}","templated":true}]}}