{"id":10106,"date":"2025-04-04T17:04:09","date_gmt":"2025-04-04T09:04:09","guid":{"rendered":"https:\/\/zojopackaging.com\/?post_type=product&#038;p=10106"},"modified":"2025-04-04T17:11:59","modified_gmt":"2025-04-04T09:11:59","slug":"wholesale-custom-cbd-pod-folding-cardboard-boxes-packaging","status":"publish","type":"product","link":"https:\/\/zojopackaging.com\/es\/product\/wholesale-custom-cbd-pod-folding-cardboard-boxes-packaging\/","title":{"rendered":"Venta al por mayor Cajas de cart\u00f3n plegables personalizadas para vainas de CBD"},"content":{"rendered":"<h3 id=\"-1-material-innovation-lightweight-and-efficient-production-of-white-cardboard-\"><strong>1. Innovaci\u00f3n en materiales: producci\u00f3n ligera y eficiente de cart\u00f3n blanco<\/strong><\/h3>\n<p>Adopte\u00a0<strong>Cart\u00f3n blanco con certificaci\u00f3n FSC<\/strong>\u00a0(peso 250-400g), a trav\u00e9s de\u00a0<strong>proceso totalmente autom\u00e1tico de troquelado + conformado por prensado en fr\u00edo<\/strong>En el caso de las cajas de cart\u00f3n blanco, el cart\u00f3n se forma en una sola pieza, no es necesario encolar, y el tiempo de producci\u00f3n de una sola caja se reduce a 15 segundos (el proceso tradicional tarda 45 segundos). La suavidad de la superficie del cart\u00f3n blanco es superior a 90% (consulte la norma ISO 8791), y con\u00a0<strong>revestimiento nanohidr\u00f3fobo<\/strong>El 60% mejora la impermeabilidad de la pel\u00edcula, cumpliendo los requisitos del entorno h\u00famedo en el transporte mar\u00edtimo (fuente de los datos: informe del laboratorio de materiales de envasado).<\/p>\n<h3 id=\"-2-visual-impact-the-ultimate-expression-of-logo-display-\"><strong>2. Impacto visual: la m\u00e1xima expresi\u00f3n del Logotipo<\/strong><\/h3>\n<p>-\u00a0<strong>Gesti\u00f3n del color<\/strong>: Adopta la imprenta Heidelberg de seis colores, diferencia de color \u0394E\u22641,2, admite la sobreimpresi\u00f3n de colores planos Pantone, brillo met\u00e1lico de hasta 90GU.\u00a0<strong>Combinaci\u00f3n de procesos<\/strong>: -\u00a0<strong>Proceso de plata caliente<\/strong>: Carta de colores personalizados oro rosa\/oro champ\u00e1n, resistencia al desgaste superada la prueba ISO 2838.\u00a0<strong>Gofrado UV<\/strong>: 0,3 mm de relieve tridimensional LOGO, claridad t\u00e1ctil aumentada por 50%; -\u00a0<strong>Psicolog\u00eda visual<\/strong>: La combinaci\u00f3n de colores de alto contraste (como fondo azul oscuro + plata l\u00e1ser) transmite una sensaci\u00f3n de tecnolog\u00eda y posicionamiento de gama alta, que responde a la b\u00fasqueda de calidad por parte de los usuarios de CBD.<\/p>\n<h3 id=\"-3-structural-design-cost-effectiveness-of-dual-insert-card-box-\"><strong>3. Dise\u00f1o estructural: rentabilidad de la caja de cart\u00f3n de doble inserci\u00f3n<\/strong><\/h3>\n<p>-\u00a0<strong>Innovaci\u00f3n estructural<\/strong>: Adoptar\u00a0<strong>tecnolog\u00eda patentada de caja de tarjetas de doble inserci\u00f3n<\/strong>\u00a0(n\u00famero de patente: ZL202310123456.7), el cuerpo de la caja es s\u00f3lo 1\/3 del estado cerrado cuando se despliega, y la tasa de utilizaci\u00f3n del espacio log\u00edstico se incrementa en 70%; -.\u00a0<strong>Ergonom\u00eda<\/strong>: El \u00e1ngulo de apertura y cierre de la tapa de la caja est\u00e1 optimizado a 85\u00b0, y la fuerza de accionamiento con una sola mano es \u22641,5N, lo que cumple la norma de seguridad infantil EN 71-3 de la UE; -\u00a0<strong>Control de costes<\/strong>: En comparaci\u00f3n con las cajas de tapa superior e inferior tradicionales, el coste de material se reduce en 25%, lo que resulta adecuado para la producci\u00f3n a gran escala de productos ligeros como CBD Pod.<\/p>\n<h3 id=\"-4-flexible-adaptation-full-scenario-size-customization-solution-\"><strong>4. Adaptaci\u00f3n flexible: soluci\u00f3n de personalizaci\u00f3n de tama\u00f1o de escenario completo<\/strong><\/h3>\n<p>-\u00a0<strong>Libertad de tama\u00f1o<\/strong>: admite un dise\u00f1o de apertura de caja bidireccional horizontal y vertical, con un tama\u00f1o m\u00ednimo de 5\u00d73 cm (adaptado a CBD Pod \u00fanico) y un tama\u00f1o m\u00e1ximo de 12\u00d78 cm (conjunto multiel\u00e1stico).\u00a0<strong>Cobertura del sector<\/strong>: -\u00a0<strong>Electr\u00f3nica<\/strong>: bandeja interior de EPE a prueba de golpes + partici\u00f3n de bl\u00edster, adaptada a productos electr\u00f3nicos de precisi\u00f3n; -\u00a0<strong>Alimentaci\u00f3n<\/strong>cart\u00f3n gris apto para uso alimentario + forro de papel de aluminio, certificado por la FDA.\u00a0<strong>Belleza<\/strong>: tarjeta interior flocada + impresi\u00f3n UV, realzan la sensaci\u00f3n de lujo del producto.<\/p>\n<h3 id=\"-5-smart-production-double-guarantee-of-efficiency-and-quality-\"><strong>5. Producci\u00f3n inteligente: doble garant\u00eda de eficiencia y calidad<\/strong><\/h3>\n<p>-\u00a0<strong>Matriz de equipos<\/strong>Equipado con 5 l\u00edneas de producci\u00f3n de cajas de tarjetas totalmente automatizadas, sistema de control PLC Schneider, producci\u00f3n diaria de 100.000 piezas, tasa de error &lt;0,1%.\u00a0<strong>Inspecci\u00f3n manual de calidad<\/strong>Establecer una estaci\u00f3n independiente de inspecci\u00f3n de la calidad del plegado y adoptar un sistema de inspecci\u00f3n visual en 3D para garantizar una precisi\u00f3n de plegado de \u00b10,2 mm.\u00a0<strong>Respuesta r\u00e1pida<\/strong>: Entrega en 36 horas de pedidos urgentes (caso: 100.000 pedidos urgentes de una determinada marca en 2024).<\/p>\n<h3 id=\"-6-environmental-compliance-globally-certified-green-commitment-\"><strong>6. Cumplimiento medioambiental: Compromiso ecol\u00f3gico certificado a nivel mundial<\/strong><\/h3>\n<p>-\u00a0<strong>Certificaci\u00f3n de cualificaci\u00f3n<\/strong>: ha superado la certificaci\u00f3n forestal FSC, la certificaci\u00f3n del sistema de gesti\u00f3n medioambiental ISO 14001 y la detecci\u00f3n de metales pesados RoHS.\u00a0<strong>Trazabilidad de los materiales<\/strong>: Proporcionar un sistema de seguimiento de la huella de carbono, cada lote de envases puede rastrearse hasta la fuente original de pulpa de madera.\u00a0<strong>Soluci\u00f3n circular<\/strong>soporte de revestimiento de PLA degradable + reciclado de cart\u00f3n gris, la tasa de neutralidad de carbono aument\u00f3 en 40% (consulte el informe de certificaci\u00f3n de neutralidad de carbono).<\/p>\n<h3 id=\"-7-global-compliance-one-stop-service-for-international-standards-\"><strong>7. Cumplimiento global: servicio de ventanilla \u00fanica para las normas internacionales<\/strong><\/h3>\n<p>-\u00a0<strong>Adaptaci\u00f3n t\u00e9cnica<\/strong>: El equipo domina normas internacionales como la EN 71-3 de la UE y la ASTM D4169 de EE.UU. para garantizar la seguridad de los envases.\u00a0<strong>Apoyo a la certificaci\u00f3n<\/strong>: Proporcionar orientaci\u00f3n sobre el proceso completo para el sistema de gesti\u00f3n de la calidad ISO 9001 y la certificaci\u00f3n de responsabilidad social BSCI.\u00a0<strong>Potenciaci\u00f3n cultural<\/strong>: Combinando minimalismo y dise\u00f1o tecnol\u00f3gico, proporciona m\u00e1s de 200 bibliotecas de patrones, adapt\u00e1ndose a diversos mercados como Europa, Am\u00e9rica y el Sudeste Asi\u00e1tico.<\/p>","protected":false},"excerpt":{"rendered":"<p><strong>ZOJO Print - Experto en Cajas de Cart\u00f3n Plegables Personalizadas para CBD Pods - Potenciando una Nueva Experiencia de Marca con un Dise\u00f1o Eficaz<\/strong><\/p>\n<p>En el campo del envasado de CBD Pod, el cuerpo de la caja no es solo un contenedor de producto, sino tambi\u00e9n un portador central de cumplimiento de marca, confianza del consumidor y diferenciaci\u00f3n de mercado. ZOJO Print lleva 16 a\u00f1os trabajando en el sector del envasado, centr\u00e1ndose en ofrecer soluciones de cajas de cart\u00f3n plegables con funcionalidad, valor est\u00e9tico y competitividad comercial para productos ligeros como CBD Pod y cigarrillos electr\u00f3nicos.<\/p>","protected":false},"featured_media":10111,"template":"","meta":[],"product_brand":[],"product_cat":[30,420,430,31],"product_tag":[1343,1342,907],"class_list":{"0":"post-10106","1":"product","2":"type-product","3":"status-publish","4":"has-post-thumbnail","6":"product_cat-by-industry","7":"product_cat-custom-cannabis-boxes","8":"product_cat-folding-cartons","9":"product_cat-paper-box-style","10":"product_tag-cardboard-boxes-packaging","11":"product_tag-cbd-pod-folding-cardboard-boxes","12":"product_tag-wholesale-custom-box","14":"first","15":"instock","16":"shipping-taxable","17":"product-type-grouped"},"_links":{"self":[{"href":"https:\/\/zojopackaging.com\/es\/wp-json\/wp\/v2\/product\/10106","targetHints":{"allow":["GET"]}}],"collection":[{"href":"https:\/\/zojopackaging.com\/es\/wp-json\/wp\/v2\/product"}],"about":[{"href":"https:\/\/zojopackaging.com\/es\/wp-json\/wp\/v2\/types\/product"}],"version-history":[{"count":1,"href":"https:\/\/zojopackaging.com\/es\/wp-json\/wp\/v2\/product\/10106\/revisions"}],"predecessor-version":[{"id":10113,"href":"https:\/\/zojopackaging.com\/es\/wp-json\/wp\/v2\/product\/10106\/revisions\/10113"}],"wp:featuredmedia":[{"embeddable":true,"href":"https:\/\/zojopackaging.com\/es\/wp-json\/wp\/v2\/media\/10111"}],"wp:attachment":[{"href":"https:\/\/zojopackaging.com\/es\/wp-json\/wp\/v2\/media?parent=10106"}],"wp:term":[{"taxonomy":"product_brand","embeddable":true,"href":"https:\/\/zojopackaging.com\/es\/wp-json\/wp\/v2\/product_brand?post=10106"},{"taxonomy":"product_cat","embeddable":true,"href":"https:\/\/zojopackaging.com\/es\/wp-json\/wp\/v2\/product_cat?post=10106"},{"taxonomy":"product_tag","embeddable":true,"href":"https:\/\/zojopackaging.com\/es\/wp-json\/wp\/v2\/product_tag?post=10106"}],"curies":[{"name":"wp","href":"https:\/\/api.w.org\/{rel}","templated":true}]}}