{"id":10114,"date":"2025-04-04T17:20:31","date_gmt":"2025-04-04T09:20:31","guid":{"rendered":"https:\/\/zojopackaging.com\/?post_type=product&#038;p=10114"},"modified":"2025-04-04T17:30:39","modified_gmt":"2025-04-04T09:30:39","slug":"high-quality-irregular-shape-custom-perfume-boxes-wholesale","status":"publish","type":"product","link":"https:\/\/zojopackaging.com\/es\/product\/high-quality-irregular-shape-custom-perfume-boxes-wholesale\/","title":{"rendered":"Cajas de perfume personalizadas de forma irregular de alta calidad al por mayor"},"content":{"rendered":"<h2 id=\"high-end-customized-irregular-flip-top-shaped-perfume-box-product-description\">Alta gama personalizada irregular Flip-top en forma de caja de perfume Descripci\u00f3n del producto<\/h2>\n<h2 id=\"-i-product-core-highlights-\"><strong>1. Puntos principales del producto<\/strong><\/h2>\n<ol>\n<li><strong>Dise\u00f1o visual de lujo<\/strong>\u00a0Este estuche para perfumes adopta la cl\u00e1sica combinaci\u00f3n de colores en contraste de\u00a0<strong>papel especial rojo<\/strong>\u00a0y\u00a0<strong>tablero negro gris<\/strong>. El color rojo principal transmite entusiasmo y sensaci\u00f3n de alta gama, y el color negro auxiliar a\u00f1ade calma y temperamento misterioso. La superficie del cuerpo de la caja presenta el LOGO de la marca a trav\u00e9s de\u00a0<strong>proceso de estampaci\u00f3n en caliente<\/strong>y las l\u00edneas doradas y el papel de base rojo se complementan, lo que no s\u00f3lo conserva el encanto cl\u00e1sico tradicional, sino que tambi\u00e9n resalta la est\u00e9tica minimalista moderna. La forma irregular de la tapa rompe la estructura sim\u00e9trica convencional, y la\u00a0<strong>dise\u00f1o de apertura y cierre en bisel<\/strong>\u00a0refuerza el impacto visual y se convierte en el centro de atenci\u00f3n en cuanto se abre la caja.<\/li>\n<li><strong>Material ecol\u00f3gico y degradable<\/strong>\u00a0Siguiendo el concepto de desarrollo sostenible, el cuerpo de la caja est\u00e1 hecho de\u00a0<strong>materiales degradables y respetuosos con el medio ambiente<\/strong>y los materiales principales son papel especial con certificaci\u00f3n FSC y adhesivos de origen vegetal, teniendo en cuenta tanto la resistencia como el rendimiento medioambiental. El forro es de EVA negra reciclada y\u00a0<strong>franela negra<\/strong>, que no s\u00f3lo estabiliza el frasco de perfume (el error se controla dentro de \u00b11 mm), sino que tambi\u00e9n mejora la sensaci\u00f3n de la ceremonia de desembalaje a trav\u00e9s del tacto delicado.<\/li>\n<\/ol>\n<h2 id=\"-ii-innovative-structure-and-user-experience-\"><strong>2. Estructura innovadora y experiencia de usuario<\/strong><\/h2>\n<ol>\n<li><strong>Dise\u00f1o ritual de apertura y cierre<\/strong>\u00a0El \u00fanico\u00a0<strong>estructura de caja de apertura oblicua<\/strong>\u00a0utiliza un bisel de 30\u00b0 para guiar a los consumidores a abrirse de forma natural. La tapa y la caja inferior est\u00e1n unidas con precisi\u00f3n mediante hebillas magn\u00e9ticas, y el proceso de apertura y cierre es suave y elegante. Combinado con el suave tacto del forro de terciopelo, crea una experiencia envolvente como \"descubrir un tesoro\". La caja interior est\u00e1 dise\u00f1ada con un tarjetero integrado, apto para una gran variedad de frascos de perfume de formas especiales, para garantizar la seguridad del transporte y la belleza de la exposici\u00f3n.<\/li>\n<li><strong>Experiencia interactiva multisensorial<\/strong><\/li>\n<li><strong>Visual<\/strong>: El contraste entre el LOGO estampado en caliente y el rojo y negro mate presenta un lujo discreto;<\/li>\n<li><strong>T\u00e1ctil<\/strong>: La delicada textura del papel especial y el forro de terciopelo crean una sensaci\u00f3n de superposici\u00f3n;<\/li>\n<li><strong>Olfato<\/strong>: La caja puede personalizarse con papel perfumado, y las notas de salida que hacen eco al perfume se liberan en cuanto se abre la caja.<\/li>\n<\/ol>\n<h2 id=\"-iii-customized-service-and-production-guarantee-\"><strong>3. Servicio personalizado y garant\u00eda de producci\u00f3n<\/strong><\/h2>\n<ol>\n<li><strong>Personalizaci\u00f3n completa de enlaces<\/strong><\/li>\n<li><strong>Tama\u00f1o flexible<\/strong>: De acuerdo con el tama\u00f1o del frasco de perfume (longitud \u00d7 anchura \u00d7 altura) proporcionado por el cliente, el ingeniero completa el modelado 3D y las pruebas en 48 horas, admitiendo varios tipos de cajas, como cajas superiores e inferiores, cajas de cajones y cajas de formas especiales;<\/li>\n<li><strong>Actualizaci\u00f3n del proceso<\/strong>: Proporcionan m\u00e1s de 20 opciones de proceso de superficie, como estampaci\u00f3n en caliente\/plateado, gofrado UV y relieve, y pueden incrustar accesorios como imanes y cintas;<\/li>\n<li><strong>Integraci\u00f3n de la marca<\/strong>: Desde el dise\u00f1o del LOGO hasta la redacci\u00f3n del envase, proporcionamos una soluci\u00f3n completa de extensi\u00f3n visual VI. a<\/li>\n<li><strong>Fuerza de producci\u00f3n y control de calidad<\/strong><\/li>\n<li><strong>Equipamiento y capacidad<\/strong>: Con troqueladoras totalmente autom\u00e1ticas, m\u00e1quinas de impresi\u00f3n Heidelberg y otros equipos avanzados, la producci\u00f3n diaria alcanza las 10.000 piezas, y admite un pedido m\u00ednimo de 1.000 piezas;<\/li>\n<li><strong>Garant\u00eda de calidad<\/strong>: Certificaci\u00f3n ISO 9001 superada, cada lote de productos se somete a 12 procesos de inspecci\u00f3n de calidad, el error de diferencia de color es \u22645%, y el \u00edndice de reclamaciones ha sido inferior a 5% durante diez a\u00f1os consecutivos;<\/li>\n<li><strong>Ciclo de entrega<\/strong>: 5 d\u00edas para las pruebas, 7-14 d\u00edas para la producci\u00f3n en serie, apoyando la log\u00edstica global y la exportaci\u00f3n transfronteriza.<\/li>\n<\/ol>\n<h2 id=\"-fourth-application-scenarios-and-market-value-\"><strong>4. Escenarios de aplicaci\u00f3n y valor de mercado<\/strong><\/h2>\n<ul>\n<li><strong>Regalos de gama alta<\/strong>: Adecuado para perfumes de lujo, fragancias de edici\u00f3n limitada, personalizaci\u00f3n de bodas y otros escenarios;<\/li>\n<li><strong>Marca Premium<\/strong>: Seg\u00fan datos de la industria, un envase diferenciado puede aumentar la tasa de sobreprecio del producto en 30%-50%;<\/li>\n<li><strong>Certificaci\u00f3n medioambiental<\/strong>: Cumple las normas REACH de la UE y FDA de EE.UU., lo que ayuda a las marcas a entrar en los mercados europeos y estadounidenses que se centran en la sostenibilidad.<\/li>\n<\/ul>","protected":false},"excerpt":{"rendered":"<ul>\n<li>\u200b<strong>Presencia distintiva en las estanter\u00edas.<\/strong>Forma irregular + contraste rojo\/oro que atrae a los compradores de lujo.<\/li>\n<li>\u200b<strong>Amplificaci\u00f3n de la marca.<\/strong>El logotipo y los colores personalizables refuerzan el reconocimiento de la marca.<\/li>\n<li>\u200b<strong>Durabilidad garantizada.<\/strong>El cart\u00f3n grueso protege los fr\u00e1giles frascos de perfume durante el transporte.<\/li>\n<li>\u200b<strong>Ahorro a granel.<\/strong>Precios competitivos para pedidos de gran volumen sin comprometer la calidad.<\/li>\n<li>\u200b<strong>Unboxing Premium.<\/strong>Las texturas brillantes\/mates y el ajuste seguro mejoran la experiencia del cliente.<\/li>\n<\/ul>","protected":false},"featured_media":10116,"template":"","meta":[],"product_brand":[],"product_cat":[30,417,428,31],"product_tag":[225,336,540],"class_list":{"0":"post-10114","1":"product","2":"type-product","3":"status-publish","4":"has-post-thumbnail","6":"product_cat-by-industry","7":"product_cat-custom-perfume-boxes-by-industry","8":"product_cat-irregular-shaped-gift-boxes","9":"product_cat-paper-box-style","10":"product_tag-custom-perfume-boxes","11":"product_tag-perfume-boxes","12":"product_tag-perfume-boxes-wholesale","14":"first","15":"instock","16":"shipping-taxable","17":"product-type-grouped"},"_links":{"self":[{"href":"https:\/\/zojopackaging.com\/es\/wp-json\/wp\/v2\/product\/10114","targetHints":{"allow":["GET"]}}],"collection":[{"href":"https:\/\/zojopackaging.com\/es\/wp-json\/wp\/v2\/product"}],"about":[{"href":"https:\/\/zojopackaging.com\/es\/wp-json\/wp\/v2\/types\/product"}],"version-history":[{"count":1,"href":"https:\/\/zojopackaging.com\/es\/wp-json\/wp\/v2\/product\/10114\/revisions"}],"predecessor-version":[{"id":10121,"href":"https:\/\/zojopackaging.com\/es\/wp-json\/wp\/v2\/product\/10114\/revisions\/10121"}],"wp:featuredmedia":[{"embeddable":true,"href":"https:\/\/zojopackaging.com\/es\/wp-json\/wp\/v2\/media\/10116"}],"wp:attachment":[{"href":"https:\/\/zojopackaging.com\/es\/wp-json\/wp\/v2\/media?parent=10114"}],"wp:term":[{"taxonomy":"product_brand","embeddable":true,"href":"https:\/\/zojopackaging.com\/es\/wp-json\/wp\/v2\/product_brand?post=10114"},{"taxonomy":"product_cat","embeddable":true,"href":"https:\/\/zojopackaging.com\/es\/wp-json\/wp\/v2\/product_cat?post=10114"},{"taxonomy":"product_tag","embeddable":true,"href":"https:\/\/zojopackaging.com\/es\/wp-json\/wp\/v2\/product_tag?post=10114"}],"curies":[{"name":"wp","href":"https:\/\/api.w.org\/{rel}","templated":true}]}}