{"id":10122,"date":"2025-04-04T17:30:47","date_gmt":"2025-04-04T09:30:47","guid":{"rendered":"https:\/\/zojopackaging.com\/?post_type=product&#038;p=10122"},"modified":"2025-04-04T17:48:28","modified_gmt":"2025-04-04T09:48:28","slug":"print-luxury-custom-scented-candle-packaging-boxes-wholesale","status":"publish","type":"product","link":"https:\/\/zojopackaging.com\/es\/product\/print-luxury-custom-scented-candle-packaging-boxes-wholesale\/","title":{"rendered":"Impresi\u00f3n de lujo personalizado vela perfumada cajas de embalaje al por mayor"},"content":{"rendered":"<h2 id=\"-luxury-custom-aromatherapy-candle-packaging-box-wholesale-product-description-\">Impresi\u00f3n de lujo personalizado vela perfumada cajas de embalaje al por mayor<\/h2>\n<h2 id=\"-professional-customization-service-\"><strong>Servicio profesional de personalizaci\u00f3n<\/strong><\/h2>\n<p>Un equipo t\u00e9cnico experimentado ofrece soluciones integrales:<\/p>\n<ul>\n<li><strong>Dise\u00f1o de renderizado 3D<\/strong>: Personalizar envases exclusivos seg\u00fan el tono de la marca, incluyendo LOGO estampaci\u00f3n en caliente, gofrado, apertura de ventana hueca y otros procesos.<\/li>\n<li><strong>Apoyo total al proceso<\/strong>: Desde la selecci\u00f3n de materiales y la adaptaci\u00f3n de procesos hasta la confirmaci\u00f3n de las pruebas, garantizamos la aplicaci\u00f3n precisa del dise\u00f1o para cumplir los estrictos requisitos de detalle de las marcas de gama alta.<\/li>\n<\/ul>\n<h2 id=\"-application-scenarios-and-industry-adaptability-\"><strong>Escenarios de aplicaci\u00f3n y adaptabilidad al sector<\/strong><\/h2>\n<ul>\n<li><strong>Marca de fragancias de alta gama<\/strong>: Mediante la estampaci\u00f3n en caliente de seda, la cubierta magn\u00e9tica de la caja y otros procesos, creamos un envase de lujo que se adapta al temperamento del perfume.<\/li>\n<li><strong>Comercio electr\u00f3nico y minorista<\/strong>: El dise\u00f1o plano optimiza la eficiencia del almacenamiento y el transporte, y el escaparate mejora la visibilidad del producto y estimula el deseo de compra del consumidor.<\/li>\n<li><strong>Mercado de regalos<\/strong>: Admite dise\u00f1os creativos, como ranuras para tarjetas de felicitaci\u00f3n estampadas en caliente y apertura y cierre tipo libro, para realzar el sentido ritual y el valor de colecci\u00f3n de las cajas de regalo.<\/li>\n<\/ul>\n<h2 id=\"-technology-and-service-guarantee-\"><strong>Tecnolog\u00eda y garant\u00eda de servicio<\/strong><\/h2>\n<ul>\n<li><strong>Diez a\u00f1os de experiencia en el sector<\/strong>: Profundamente comprometidos en el campo del envasado, los servicios cubren industrias de gama alta como la electr\u00f3nica de consumo y la belleza, captan con precisi\u00f3n las tendencias del mercado y ofrecen propuestas de dise\u00f1o con visi\u00f3n de futuro.<\/li>\n<li><strong>Control de calidad del enlace completo<\/strong>: Utiliza tecnolog\u00eda de impresi\u00f3n offset para garantizar un error de precisi\u00f3n de impresi\u00f3n \u22640,02mm, y coopera con f\u00e1bricas certificadas ISO para garantizar la consistencia de la producci\u00f3n por lotes.<\/li>\n<li><strong>Cantidad m\u00ednima de pedido flexible<\/strong>: Admite pedidos m\u00ednimos de 50 unidades, y la entrega m\u00e1s r\u00e1pida en 7 d\u00edas, satisfaciendo las necesidades de las peque\u00f1as y medianas marcas para pedidos de prueba y compras de gran volumen.<\/li>\n<\/ul>","protected":false},"excerpt":{"rendered":"<ul>\n<li>\u200b<strong>Dise\u00f1o seguro para ni\u00f1os.<\/strong>Cierre seguro + etiquetas de advertencia para la prevenci\u00f3n de accidentes.<\/li>\n<li>\u200b<strong>Atractivo de lujo.<\/strong>El acabado mate y el estilo minimalista elevan la percepci\u00f3n de la marca.<\/li>\n<li>\u200b<strong>Marca personalizada.<\/strong>Imprima logotipos, colores y datos de contacto sin esfuerzo.<\/li>\n<li>\u200b<strong>Duradero y ligero.<\/strong>Protege los perfumes sin a\u00f1adir volumen.<\/li>\n<li>\u200b<strong>Rentable.<\/strong>Precios al por mayor asequibles para nuevas empresas y mayoristas.<\/li>\n<\/ul>","protected":false},"featured_media":10123,"template":"","meta":[],"product_brand":[],"product_cat":[30,416,430,31],"product_tag":[468,1345,1344],"class_list":{"0":"post-10122","1":"product","2":"type-product","3":"status-publish","4":"has-post-thumbnail","6":"product_cat-by-industry","7":"product_cat-custom-candle-boxes","8":"product_cat-folding-cartons","9":"product_cat-paper-box-style","10":"product_tag-custom-candle-packaging","11":"product_tag-luxury-candle-packaging-wholesale","12":"product_tag-scented-boxes-wholesale","14":"first","15":"instock","16":"shipping-taxable","17":"product-type-grouped"},"_links":{"self":[{"href":"https:\/\/zojopackaging.com\/es\/wp-json\/wp\/v2\/product\/10122","targetHints":{"allow":["GET"]}}],"collection":[{"href":"https:\/\/zojopackaging.com\/es\/wp-json\/wp\/v2\/product"}],"about":[{"href":"https:\/\/zojopackaging.com\/es\/wp-json\/wp\/v2\/types\/product"}],"version-history":[{"count":1,"href":"https:\/\/zojopackaging.com\/es\/wp-json\/wp\/v2\/product\/10122\/revisions"}],"predecessor-version":[{"id":10129,"href":"https:\/\/zojopackaging.com\/es\/wp-json\/wp\/v2\/product\/10122\/revisions\/10129"}],"wp:featuredmedia":[{"embeddable":true,"href":"https:\/\/zojopackaging.com\/es\/wp-json\/wp\/v2\/media\/10123"}],"wp:attachment":[{"href":"https:\/\/zojopackaging.com\/es\/wp-json\/wp\/v2\/media?parent=10122"}],"wp:term":[{"taxonomy":"product_brand","embeddable":true,"href":"https:\/\/zojopackaging.com\/es\/wp-json\/wp\/v2\/product_brand?post=10122"},{"taxonomy":"product_cat","embeddable":true,"href":"https:\/\/zojopackaging.com\/es\/wp-json\/wp\/v2\/product_cat?post=10122"},{"taxonomy":"product_tag","embeddable":true,"href":"https:\/\/zojopackaging.com\/es\/wp-json\/wp\/v2\/product_tag?post=10122"}],"curies":[{"name":"wp","href":"https:\/\/api.w.org\/{rel}","templated":true}]}}