{"id":10130,"date":"2025-04-04T17:48:38","date_gmt":"2025-04-04T09:48:38","guid":{"rendered":"https:\/\/zojopackaging.com\/?post_type=product&#038;p=10130"},"modified":"2025-04-04T18:05:52","modified_gmt":"2025-04-04T10:05:52","slug":"custom-essential-oil-cardboard-drawer-gift-packaging-box","status":"publish","type":"product","link":"https:\/\/zojopackaging.com\/es\/product\/custom-essential-oil-cardboard-drawer-gift-packaging-box\/","title":{"rendered":"Caja de cart\u00f3n personalizada con caj\u00f3n de regalo para aceites esenciales"},"content":{"rendered":"<h2 id=\"-customized-essential-oil-cardboard-drawer-gift-box-product-description-\"><strong>Aceite esencial personalizado Caj\u00f3n de cart\u00f3n Caja de regalo\u00a0<\/strong><\/h2>\n<h2 id=\"-1-material-and-structural-design-\"><strong>1. Material y dise\u00f1o estructural<\/strong><\/h2>\n<p>Esta caja para envasar aceites esenciales utiliza\u00a0<strong>Papel doble cobre de 157 g sobre cart\u00f3n gris de alta densidad de 1200 g<\/strong>y utiliza un proceso compuesto multicapa para crear una caja estable. El material del n\u00facleo de cart\u00f3n gris est\u00e1 prensado con fibra reciclada, y la estructura interna gris transparente garantiza que el error de planitud del cuerpo de la caja sea \u22640,1 mm, y la resistencia a la flexi\u00f3n es 1,5 veces superior a la norma del sector. El dise\u00f1o de apertura y cierre tipo caj\u00f3n se combina con una estructura magn\u00e9tica de succi\u00f3n\/clip, que puede lograr m\u00e1s de 10.000 pruebas de apertura y cierre sin deformaci\u00f3n. El cuerpo de la caja tiene un rango de carga de 1-3 kg, adecuado para botellas de aceite esencial de 10 ml-100 ml con m\u00faltiples especificaciones.<\/p>\n<h2 id=\"-ii-customized-lining-solution-\"><strong>2. Soluci\u00f3n de revestimiento personalizada<\/strong><\/h2>\n<p>Proporcione\u00a0<strong>Soporte interior troquelado de EVA, capa de acolchado de algod\u00f3n perlado, esponja flocada<\/strong>\u00a0sistema de protecci\u00f3n de tres niveles<\/p>\n<ul>\n<li><strong>Material EVA<\/strong>: densidad 0,3-0,5g\/cm\u00b3, porosidad abierta \u226585%, certificado FDA de grado de contacto con alimentos.<\/li>\n<li><strong>Forro de algod\u00f3n perlado<\/strong>: espesor 5-20mm ajustable, tasa de rebote \u226590%, absorbe eficazmente el impacto de la fuerza G durante el transporte.<\/li>\n<li><strong>Proceso de flocado<\/strong>: Mediante tecnolog\u00eda de flocado electrost\u00e1tico, la densidad de flocado alcanza las 3.000-5.000 ra\u00edces\/cm\u00b2, tacto delicado y antideslizante.<\/li>\n<\/ul>\n<h2 id=\"-iii-printing-and-surface-treatment-\"><strong>3. Impresi\u00f3n y tratamiento de superficies<\/strong><\/h2>\n<p>Adopte\u00a0<strong>cuatricrom\u00eda + laminado<\/strong>\u00a0para lograr la precisi\u00f3n crom\u00e1tica de la carta de colores Pantone \u0394E\u22641.5:<\/p>\n<ol>\n<li><strong>Pretratamiento del sustrato<\/strong>: La superficie del cart\u00f3n gris se trata con plasma, y la adherencia de la tinta se incrementa en 40%<\/li>\n<li><strong>Impresi\u00f3n en cuatricrom\u00eda<\/strong>: Equipada con impresora UV Heidelberg de 8 colores, admite la impresi\u00f3n de l\u00edneas ultrafinas de 0,1 mm.<\/li>\n<li><strong>Proceso de laminado<\/strong>: Se puede elegir entre pel\u00edcula brillante y pel\u00edcula mate de BOPP, con un nivel de resistencia al desgaste H (sin ara\u00f1azos tras 5.000 fricciones).<\/li>\n<\/ol>\n<h2 id=\"-iv-personalized-customization-service-\"><strong>4. Servicio de personalizaci\u00f3n<\/strong><\/h2>\n<ul>\n<li><strong>Apoyo al dise\u00f1o<\/strong>: 12 soluciones de tratamiento de superficies que incluyen modelado 3D, estampaci\u00f3n en caliente\/gofrado, textura en relieve, etc.<\/li>\n<li><strong>Ampliaci\u00f3n de funciones<\/strong>: Puede integrar ranura para tarjeta con chip NFC, incrustaci\u00f3n de tira de luces LED y otras soluciones de envasado inteligente.<\/li>\n<li><strong>Ciclo de pruebas<\/strong>: 48 horas para entregar la primera versi\u00f3n de la muestra, soporte 5 modificaciones de dise\u00f1o gratuitas<\/li>\n<\/ul>\n<h2 id=\"-v-production-guarantee-system-\"><strong>5. Sistema de garant\u00eda de la producci\u00f3n<\/strong><\/h2>\n<ul>\n<li><strong>Escala de capacidad<\/strong>: La f\u00e1brica ocupa una superficie de 5.320 metros cuadrados, est\u00e1 equipada con 9 l\u00edneas de producci\u00f3n totalmente autom\u00e1ticas y tiene una capacidad de producci\u00f3n diaria de 1.500.000 juegos.<\/li>\n<li><strong>Control de calidad<\/strong>: Certificaci\u00f3n del sistema ISO9001, equipado con detector de cuerpos extra\u00f1os por rayos X y c\u00e1mara de pruebas de temperatura y humedad constantes.<\/li>\n<li><strong>Capacidad de I+D<\/strong>: 30 profesionales con 12 patentes de envasado, an\u00e1lisis de simulaci\u00f3n de estructuras por elementos finitos (FEA)<\/li>\n<\/ul>\n<h2 id=\"-6-environmental-certification-\"><strong>6. Certificaci\u00f3n medioambiental<\/strong><\/h2>\n<ul>\n<li>El sustrato de cart\u00f3n gris ha obtenido la certificaci\u00f3n forestal FSC<\/li>\n<li>La tinta cumple la norma EN71-3 sobre migraci\u00f3n de metales pesados<\/li>\n<li>Todo el embalaje es 100% biodegradable y reciclable<\/li>\n<\/ul>\n<h2 id=\"-technical-parameter-quick-reference-table-\"><strong>Tabla de referencia r\u00e1pida de par\u00e1metros t\u00e9cnicos<\/strong><\/h2>\n<table>\n<thead>\n<tr>\n<th>Art\u00edculo<\/th>\n<th>Valor est\u00e1ndar<\/th>\n<\/tr>\n<\/thead>\n<tbody>\n<tr>\n<td>Error de tama\u00f1o de caja<\/td>\n<td>\u00b10,5 mm<\/td>\n<\/tr>\n<tr>\n<td>Altura de la prueba de ca\u00edda<\/td>\n<td>1,2 m (norma ISTA 3A)<\/td>\n<\/tr>\n<tr>\n<td>Rango de tolerancia a la humedad<\/td>\n<td>30%-85% RH<\/td>\n<\/tr>\n<tr>\n<td>Ciclo de entrega<\/td>\n<td>7-15 d\u00edas laborables<\/td>\n<\/tr>\n<\/tbody>\n<\/table>","protected":false},"excerpt":{"rendered":"<ul>\n<li>\u200b<strong>Dise\u00f1o inspirado en la naturaleza<\/strong>: Los tonos suaves y los motivos bot\u00e1nicos reflejan pureza y sofisticaci\u00f3n.<\/li>\n<li>\u200b<strong>Materiales ecol\u00f3gicos<\/strong>: El cart\u00f3n reciclable y biodegradable se ajusta a las pr\u00e1cticas sostenibles.<\/li>\n<li>\u200b<strong>Alta durabilidad<\/strong>: La estructura reforzada protege los aceites durante el almacenamiento y el transporte.<\/li>\n<li>\u200b<strong>Flexibilidad a medida<\/strong>: Ajuste las dimensiones, los logotipos y el texto para que coincidan con la identidad de la marca.<\/li>\n<li>\u200b<strong>Calidad de impresi\u00f3n superior<\/strong>: Tipograf\u00eda n\u00edtida y colores resistentes a la decoloraci\u00f3n para un acabado pulido.<\/li>\n<\/ul>","protected":false},"featured_media":10133,"template":"","meta":[],"product_brand":[],"product_cat":[30,390,425,31],"product_tag":[1346,1347,1348],"class_list":{"0":"post-10130","1":"product","2":"type-product","3":"status-publish","4":"has-post-thumbnail","6":"product_cat-by-industry","7":"product_cat-custom-cosmetics-boxes","8":"product_cat-lid-and-base-gift-box","9":"product_cat-paper-box-style","10":"product_tag-custom-essential-oil-box","11":"product_tag-essential-oil-drawer-box","12":"product_tag-essential-oil-gift-box","14":"first","15":"instock","16":"shipping-taxable","17":"product-type-grouped"},"_links":{"self":[{"href":"https:\/\/zojopackaging.com\/es\/wp-json\/wp\/v2\/product\/10130","targetHints":{"allow":["GET"]}}],"collection":[{"href":"https:\/\/zojopackaging.com\/es\/wp-json\/wp\/v2\/product"}],"about":[{"href":"https:\/\/zojopackaging.com\/es\/wp-json\/wp\/v2\/types\/product"}],"version-history":[{"count":2,"href":"https:\/\/zojopackaging.com\/es\/wp-json\/wp\/v2\/product\/10130\/revisions"}],"predecessor-version":[{"id":10138,"href":"https:\/\/zojopackaging.com\/es\/wp-json\/wp\/v2\/product\/10130\/revisions\/10138"}],"wp:featuredmedia":[{"embeddable":true,"href":"https:\/\/zojopackaging.com\/es\/wp-json\/wp\/v2\/media\/10133"}],"wp:attachment":[{"href":"https:\/\/zojopackaging.com\/es\/wp-json\/wp\/v2\/media?parent=10130"}],"wp:term":[{"taxonomy":"product_brand","embeddable":true,"href":"https:\/\/zojopackaging.com\/es\/wp-json\/wp\/v2\/product_brand?post=10130"},{"taxonomy":"product_cat","embeddable":true,"href":"https:\/\/zojopackaging.com\/es\/wp-json\/wp\/v2\/product_cat?post=10130"},{"taxonomy":"product_tag","embeddable":true,"href":"https:\/\/zojopackaging.com\/es\/wp-json\/wp\/v2\/product_tag?post=10130"}],"curies":[{"name":"wp","href":"https:\/\/api.w.org\/{rel}","templated":true}]}}