{"id":10139,"date":"2025-04-04T18:06:07","date_gmt":"2025-04-04T10:06:07","guid":{"rendered":"https:\/\/zojopackaging.com\/?post_type=product&#038;p=10139"},"modified":"2025-04-04T18:19:59","modified_gmt":"2025-04-04T10:19:59","slug":"lid-and-base-30ml-perfume-cosmetic-gift-boxes-packaging","status":"publish","type":"product","link":"https:\/\/zojopackaging.com\/es\/product\/lid-and-base-30ml-perfume-cosmetic-gift-boxes-packaging\/","title":{"rendered":"Tapa y Base 30ml Perfume Cosm\u00e9tica Cajas Regalo Envases"},"content":{"rendered":"<h2 id=\"-product-description-of-30ml-perfume-cosmetics-gift-box-with-top-and-bottom-cover-\"><strong>Tapa y Base 30ml Perfume Cosm\u00e9tica Cajas Regalo Envases<\/strong><\/h2>\n<h2 id=\"-design-concept-fusion-of-senses-and-emotions-\"><strong>Concepto de dise\u00f1o: Fusi\u00f3n de sentidos y emociones<\/strong><\/h2>\n<ol>\n<li><strong>Est\u00e9tica visual<\/strong>\u00a0La caja exterior de la caja de regalo adopta\u00a0<strong>tejido rojo ladrillo<\/strong>que se procesa con tecnolog\u00eda de pel\u00edcula mate o brillante para dar a la superficie una textura discreta y elegante. Al mismo tiempo,\u00a0<strong>tecnolog\u00eda de impresi\u00f3n de cart\u00f3n en color<\/strong>\u00a0se utiliza para lograr una audaz colisi\u00f3n de colores (como el naranja coral y el turquesa entrelazados) en la caja interior, formando un contraste visual de \"sobriedad por fuera y brillo por dentro\". El dise\u00f1o de la estructura de la tapa superior y la caja inferior oculta el suspense. El borde de la tapa de la caja adopta\u00a0<strong>\u00c1ngulo de apertura de inclinaci\u00f3n magn\u00e9tica de 12<\/strong>simulando la acci\u00f3n ritual de levantar la tapa, estimulando el deseo de explorar de los consumidores.<\/li>\n<li><strong>Narrativa t\u00e1ctil<\/strong>\u00a0El forro interior es de\u00a0<strong>algod\u00f3n blanco perla<\/strong>que protege el frasco de perfume mediante material de rebote de alta densidad y tiene un tacto tan delicado como la seda. La superficie del cuerpo de la caja puede\u00a0<strong>tecnolog\u00eda de gofrado en relieve<\/strong>\u00a0o\u00a0<strong>tecnolog\u00eda de repujado de imitaciones de cuero<\/strong>Por ejemplo, el estampado del ic\u00f3nico dise\u00f1o de la marca en el tejido rojo ladrillo provoca una delicada respuesta t\u00e1ctil al pasar los dedos por encima, lo que refuerza el recuerdo de la marca.<\/li>\n<\/ol>\n<h2 id=\"-technology-and-customized-services-\"><strong>Tecnolog\u00eda y servicios personalizados<\/strong><\/h2>\n<ol>\n<li><strong>Tecnolog\u00eda de impresi\u00f3n avanzada<\/strong><\/li>\n<li><strong>Impresi\u00f3n a todo color<\/strong>: Soporta la impresi\u00f3n de colores planos Pantone, restaurar con precisi\u00f3n el sistema de color de la marca, como el rojo ladrillo puede elegir Pantone 18-1440TX ocre quemado, destacando el lujo retro.<\/li>\n<li><strong>Efectos especiales<\/strong>: Proporcionar\u00a0<strong>estampaci\u00f3n en caliente en l\u00e1mina de oro\/plata<\/strong>\u00a0para crear un LOGO de brillo met\u00e1lico, o utilice\u00a0<strong>Barniz local UV<\/strong>\u00a0para resaltar motivos clave, como el efecto 3D del contorno del frasco de perfume.<\/li>\n<li><strong>Revestimiento protector<\/strong>: El revestimiento protector UV puede prolongar la vida \u00fatil de los colores impresos y evitar la decoloraci\u00f3n durante el transporte o el almacenamiento.<\/li>\n<li><strong>Personalizaci\u00f3n de la historia de marca<\/strong>\u00a0El equipo de dise\u00f1adores sabe incorporar el ADN de la marca a los detalles del envase:<\/li>\n<li><strong>Microilustraciones narrativas<\/strong>\u00a0pueden imprimirse en el interior de la tapa de la caja, por ejemplo, utilizando l\u00edneas de estampaci\u00f3n en caliente para delinear el paisaje de la zona de producci\u00f3n de la materia prima del perfume (como los campos de lavanda de la Provenza).<\/li>\n<li>El recuadro inferior oculta un\u00a0<strong>cinta desmontable<\/strong>, entretejido con el eslogan de la marca o las palabras clave de la fragancia (como \"Tono amaderado oriental tranquilo\"), que libera el aroma de la c\u00e1psula de fragancia ligera al desembalarla, formando una experiencia de vinculaci\u00f3n con los cinco sentidos.<\/li>\n<\/ol>\n<h2 id=\"-production-guarantee-and-sustainability-\"><strong>Garant\u00eda de producci\u00f3n y sostenibilidad<\/strong><\/h2>\n<ol>\n<li><strong>Producci\u00f3n de precisi\u00f3n a escala<\/strong><\/li>\n<li>La f\u00e1brica tiene un\u00a0<strong>5.320\u33a1 taller de producci\u00f3n que cumple las normas internacionales<\/strong>, equipada con una troqueladora totalmente autom\u00e1tica y una l\u00ednea de inspecci\u00f3n de control de calidad para garantizar que el error de forma de la caja de la tapa superior e inferior sea \u22640,3 mm.<\/li>\n<li>Adoptar\u00a0<strong>tecnolog\u00eda de montaje especial respetuosa con el medio ambiente<\/strong>El papel de la superficie y el forro se unen con cola a base de agua, que cumple con la certificaci\u00f3n medioambiental REACH de la UE, y la huella de carbono se reduce en 70% en comparaci\u00f3n con los procesos tradicionales.<\/li>\n<li><strong>Entrega y servicio<\/strong><\/li>\n<li>Ayuda\u00a0<strong>Prueba r\u00e1pida de 48 horas<\/strong>y seguimiento digital de todo el proceso, desde el dise\u00f1o hasta el producto acabado.<\/li>\n<li>Proporcione\u00a0<strong>soluciones modulares de transporte<\/strong>La caja de regalo se puede plegar hasta quedar plana, lo que reduce el \u00edndice de p\u00e9rdida log\u00edstica a menos de 0,5%, garantizando una entrega global sin da\u00f1os.<\/li>\n<\/ol>\n<h2 id=\"-market-value-and-brand-empowerment-\"><strong>Valor de mercado y potenciaci\u00f3n de la marca<\/strong><\/h2>\n<ol>\n<li><strong>Competitividad diferenciada<\/strong>\u00a0Esta soluci\u00f3n de envasado aumenta la tasa de retenci\u00f3n de los consumidores en 40% mediante\u00a0<strong>\"ceremonia inaugural + inmersi\u00f3n sensorial\"<\/strong>\u00a0dise\u00f1o. Por ejemplo:<\/li>\n<li>La colisi\u00f3n de colores de la caja interior puede asociarse con la fragancia del perfume (fragancia afrutada con naranja vibrante, fragancia amaderada con verde oscuro), lo que refuerza el conocimiento del producto.<\/li>\n<li>Las cajas regalo de edici\u00f3n limitada pueden combinarse con\u00a0<strong>Tarjetas interactivas AR<\/strong>y puede ver el v\u00eddeo de la entrevista al perfumista escaneando el patr\u00f3n del cuerpo de la caja para realzar el valor a\u00f1adido de la cultura de marca.<\/li>\n<li><strong>Relaci\u00f3n coste-eficacia<\/strong>\u00a0La producci\u00f3n a gran escala hace que el coste de una sola caja 15%-20% sea inferior al precio medio del mercado personalizado, y el espacio premium puede alcanzar los 300%.<\/li>\n<\/ol>","protected":false},"excerpt":{"rendered":"<p>Este estuche de regalo para perfumes cubierto de mundo utiliza el\u00a0<strong>\"el impacto visual como superficie, la resonancia emocional como n\u00facleo\"<\/strong>\u00a0para transformar la singularidad de la marca en una experiencia t\u00e1ctil para el consumidor. Desde el tranquilo y elegante rojo ladrillo hasta la espectacular colisi\u00f3n de colores de la caja interior, desde los lujosos detalles de la estampaci\u00f3n en caliente con l\u00e1mina de oro hasta la m\u00e1xima protecci\u00f3n del algod\u00f3n perlado, cada dise\u00f1o sirve para transmitir el valor de la marca y mejorar la conversi\u00f3n de las ventas.<\/p>","protected":false},"featured_media":10145,"template":"","meta":[],"product_brand":[],"product_cat":[30,390,417,425,31],"product_tag":[1349,1350,339],"class_list":{"0":"post-10139","1":"product","2":"type-product","3":"status-publish","4":"has-post-thumbnail","6":"product_cat-by-industry","7":"product_cat-custom-cosmetics-boxes","8":"product_cat-custom-perfume-boxes-by-industry","9":"product_cat-lid-and-base-gift-box","10":"product_cat-paper-box-style","11":"product_tag-30ml-perfume-boxes","12":"product_tag-lid-and-base-perfume-boxes","13":"product_tag-perfume-gift-boxes","15":"first","16":"instock","17":"shipping-taxable","18":"product-type-grouped"},"_links":{"self":[{"href":"https:\/\/zojopackaging.com\/es\/wp-json\/wp\/v2\/product\/10139","targetHints":{"allow":["GET"]}}],"collection":[{"href":"https:\/\/zojopackaging.com\/es\/wp-json\/wp\/v2\/product"}],"about":[{"href":"https:\/\/zojopackaging.com\/es\/wp-json\/wp\/v2\/types\/product"}],"version-history":[{"count":2,"href":"https:\/\/zojopackaging.com\/es\/wp-json\/wp\/v2\/product\/10139\/revisions"}],"predecessor-version":[{"id":10147,"href":"https:\/\/zojopackaging.com\/es\/wp-json\/wp\/v2\/product\/10139\/revisions\/10147"}],"wp:featuredmedia":[{"embeddable":true,"href":"https:\/\/zojopackaging.com\/es\/wp-json\/wp\/v2\/media\/10145"}],"wp:attachment":[{"href":"https:\/\/zojopackaging.com\/es\/wp-json\/wp\/v2\/media?parent=10139"}],"wp:term":[{"taxonomy":"product_brand","embeddable":true,"href":"https:\/\/zojopackaging.com\/es\/wp-json\/wp\/v2\/product_brand?post=10139"},{"taxonomy":"product_cat","embeddable":true,"href":"https:\/\/zojopackaging.com\/es\/wp-json\/wp\/v2\/product_cat?post=10139"},{"taxonomy":"product_tag","embeddable":true,"href":"https:\/\/zojopackaging.com\/es\/wp-json\/wp\/v2\/product_tag?post=10139"}],"curies":[{"name":"wp","href":"https:\/\/api.w.org\/{rel}","templated":true}]}}