{"id":10148,"date":"2025-04-04T18:20:18","date_gmt":"2025-04-04T10:20:18","guid":{"rendered":"https:\/\/zojopackaging.com\/?post_type=product&#038;p=10148"},"modified":"2025-04-04T18:34:51","modified_gmt":"2025-04-04T10:34:51","slug":"custom-perfume-cosmetics-clamshell-flip-top-gift-box-factory","status":"publish","type":"product","link":"https:\/\/zojopackaging.com\/es\/product\/custom-perfume-cosmetics-clamshell-flip-top-gift-box-factory\/","title":{"rendered":"Perfume personalizado cosm\u00e9ticos Clamshell Flip Top Caja de regalo de f\u00e1brica"},"content":{"rendered":"<h2 id=\"customized-perfume-cosmetic-flip-gift-box-product-description\">Perfume personalizado cosm\u00e9ticos Clamshell Flip Top Caja de regalo de f\u00e1brica<\/h2>\n<h2><strong>1. Material <\/strong>Cajas abatibles tipo almeja<strong>: estable y duradera, resalta la textura de la marca<\/strong><\/h2>\n<ul>\n<li><strong>Artesan\u00eda de superficie<\/strong>: El papel especial blanco de 120 g se pega sobre un sustrato de cart\u00f3n gris de alta resistencia de 1200 g para garantizar que la caja sea recta y tenga una fuerte resistencia a la presi\u00f3n. El cart\u00f3n gris es de fabricaci\u00f3n nacional, con una estructura de fibra uniforme, resistencia a la flexi\u00f3n y protecci\u00f3n del medio ambiente, y cumple las normas de certificaci\u00f3n FSC. El logotipo exclusivo del cliente se graba en relieve en la superficie, y el efecto tridimensional c\u00f3ncavo y convexo se consigue mediante moldes de precisi\u00f3n para mejorar la estratificaci\u00f3n t\u00e1ctil y visual.<\/li>\n<\/ul>\n<h2 id=\"-2-lining-design-protection-and-beauty-\"><strong>2. Dise\u00f1o del forro: protecci\u00f3n y belleza<\/strong><\/h2>\n<ul>\n<li><strong>Estructura del revestimiento<\/strong>: La capa interior se pega con cart\u00f3n azul de 350 g, se combina con espuma EVA personalizada (el grosor puede seleccionarse entre 1,5 y 3,0 mm), y se forma una capa intermedia mediante troquelado y laminado. El material EVA tiene una excelente resistencia a los golpes y puede absorber los impactos durante el transporte. La estructura magn\u00e9tica se ha calculado con precisi\u00f3n, y el error de posicionamiento es inferior a 0,5 mm. Los consumidores pueden acceder r\u00e1pidamente al producto con una sola mano. Al mismo tiempo, el dise\u00f1o de ventana transparente de la caja resulta pr\u00e1ctico para mostrar la informaci\u00f3n del frasco de perfume.<\/li>\n<\/ul>\n<h2 id=\"-3-customized-service-flexible-adaptation-to-customer-needs-\"><strong>3. Servicio personalizado: adaptaci\u00f3n flexible a las necesidades del cliente<\/strong><\/h2>\n<ul>\n<li><strong>Adaptaci\u00f3n de tama\u00f1os y materiales<\/strong>: Admite la personalizaci\u00f3n del tama\u00f1o de diferentes productos, como cigarrillos, cosm\u00e9ticos y perfumes. Puede ajustar el grosor del cart\u00f3n gris (1,5-4,0 mm), el gramaje del papel especial (80-300 g) y la estructura del forro (como recubrimiento de seda, tratamiento mate).<\/li>\n<li><strong>Innovaci\u00f3n en el dise\u00f1o<\/strong>: Un equipo de dise\u00f1adores profesionales ofrece un servicio personalizado, combinando el tono de la marca para dise\u00f1ar un estilo sencillo o lujoso. Por ejemplo, los patrones interactivos con tecnolog\u00eda AR, los materiales degradables o la optimizaci\u00f3n de la estructura para reducir el volumen del envase pueden lograr objetivos de ligereza y protecci\u00f3n medioambiental.<\/li>\n<\/ul>\n<h2 id=\"-4-production-strength-and-quality-assurance-\"><strong>4. Fuerza de producci\u00f3n y garant\u00eda de calidad<\/strong><\/h2>\n<ul>\n<li><strong>L\u00ednea de producci\u00f3n moderna<\/strong>: La f\u00e1brica est\u00e1 equipada con un taller estandarizado de 5.320 metros cuadrados, con m\u00e1quinas troqueladoras totalmente autom\u00e1ticas, m\u00e1quinas de estampaci\u00f3n en caliente y l\u00edneas de producci\u00f3n de espuma EVA, con una capacidad de producci\u00f3n diaria de 100.000 piezas. La l\u00ednea de montaje automatizada se utiliza para supervisar los datos de producci\u00f3n en tiempo real a trav\u00e9s del sistema SCADA, a fin de garantizar que el \u00edndice de envasado sin p\u00e9rdidas alcance el 99,8%.<\/li>\n<li><strong>Sistema de control de calidad<\/strong>: Desde la entrada de las materias primas hasta la entrega de los productos acabados, se aplican 21 procesos de inspecci\u00f3n de calidad, incluidas pruebas de indicadores clave como el contenido de humedad del cart\u00f3n gris (\u22648%), la adherencia de la estampaci\u00f3n en caliente (prueba de la cinta 3M) y la vida \u00fatil de la succi\u00f3n magn\u00e9tica (\u2265100.000 veces de apertura y cierre).<\/li>\n<\/ul>\n<h2 id=\"-5-cases-and-customer-value-\"><strong>5. Casos y valor para el cliente<\/strong><\/h2>\n<ul>\n<li><strong>Caso de \u00e9xito<\/strong>: Dise\u00f1amos una caja de regalo con tapa abatible para una marca de perfumes de gama alta, utilizando cart\u00f3n blanco mate + tecnolog\u00eda de estampaci\u00f3n en caliente dorada, y el forro est\u00e1 combinado con terciopelo azul EVA. Tras el lanzamiento del producto, el \u00edndice de recompra por parte de los clientes aument\u00f3 en 30%, y el \u00edndice de da\u00f1os durante el transporte se redujo a menos de 0,5%.<\/li>\n<li><strong>Compromiso medioambiental<\/strong>: Proporcionando cart\u00f3n gris biodegradable y opciones de impresi\u00f3n con tinta al agua, que cumplen las normas medioambientales de la UE y ayudan a las marcas a practicar el concepto de desarrollo sostenible.<\/li>\n<\/ul>","protected":false},"excerpt":{"rendered":"<ul>\n<li>\u200b<strong>Atractivo est\u00e9tico superior<\/strong>- Eleva la percepci\u00f3n de la marca con detalles en relieve y l\u00edneas limpias.<\/li>\n<li>\u200b<strong>Duradero y respetuoso con el medio ambiente<\/strong>- El robusto material reciclable resiste el desgaste.<\/li>\n<li>\u200b<strong>Integraci\u00f3n de marcas personalizadas<\/strong>- Muestre a la perfecci\u00f3n logotipos o mensajes promocionales.<\/li>\n<li>\u200b<strong>Eficacia de los pedidos a granel<\/strong>- Optimizado para una log\u00edstica mayorista que ahorra costes.<\/li>\n<li>\u200b<strong>Botella de ajuste universal<\/strong>- Los compartimentos ajustables se adaptan a diversos tama\u00f1os de perfume.<\/li>\n<\/ul>","protected":false},"featured_media":10151,"template":"","meta":[],"product_brand":[],"product_cat":[30,417,424,31],"product_tag":[1353,1351,1352],"class_list":{"0":"post-10148","1":"product","2":"type-product","3":"status-publish","4":"has-post-thumbnail","6":"product_cat-by-industry","7":"product_cat-custom-perfume-boxes-by-industry","8":"product_cat-magnetic-closure-boxes","9":"product_cat-paper-box-style","10":"product_tag-cosmetics-gift-box-factory","11":"product_tag-perfume-clamshell-box","12":"product_tag-perfume-flip-top-gift-box","14":"first","15":"instock","16":"shipping-taxable","17":"product-type-grouped"},"_links":{"self":[{"href":"https:\/\/zojopackaging.com\/es\/wp-json\/wp\/v2\/product\/10148","targetHints":{"allow":["GET"]}}],"collection":[{"href":"https:\/\/zojopackaging.com\/es\/wp-json\/wp\/v2\/product"}],"about":[{"href":"https:\/\/zojopackaging.com\/es\/wp-json\/wp\/v2\/types\/product"}],"version-history":[{"count":1,"href":"https:\/\/zojopackaging.com\/es\/wp-json\/wp\/v2\/product\/10148\/revisions"}],"predecessor-version":[{"id":10155,"href":"https:\/\/zojopackaging.com\/es\/wp-json\/wp\/v2\/product\/10148\/revisions\/10155"}],"wp:featuredmedia":[{"embeddable":true,"href":"https:\/\/zojopackaging.com\/es\/wp-json\/wp\/v2\/media\/10151"}],"wp:attachment":[{"href":"https:\/\/zojopackaging.com\/es\/wp-json\/wp\/v2\/media?parent=10148"}],"wp:term":[{"taxonomy":"product_brand","embeddable":true,"href":"https:\/\/zojopackaging.com\/es\/wp-json\/wp\/v2\/product_brand?post=10148"},{"taxonomy":"product_cat","embeddable":true,"href":"https:\/\/zojopackaging.com\/es\/wp-json\/wp\/v2\/product_cat?post=10148"},{"taxonomy":"product_tag","embeddable":true,"href":"https:\/\/zojopackaging.com\/es\/wp-json\/wp\/v2\/product_tag?post=10148"}],"curies":[{"name":"wp","href":"https:\/\/api.w.org\/{rel}","templated":true}]}}