{"id":10156,"date":"2025-04-04T18:34:59","date_gmt":"2025-04-04T10:34:59","guid":{"rendered":"https:\/\/zojopackaging.com\/?post_type=product&#038;p=10156"},"modified":"2025-04-04T18:49:42","modified_gmt":"2025-04-04T10:49:42","slug":"custom-perfume-rigid-boxes-with-magnetic-closure-wholesale","status":"publish","type":"product","link":"https:\/\/zojopackaging.com\/es\/product\/custom-perfume-rigid-boxes-with-magnetic-closure-wholesale\/","title":{"rendered":"Cajas R\u00edgidas a Medida para Perfume con Cierre Magn\u00e9tico al por Mayor"},"content":{"rendered":"<h2 id=\"customized-perfume-hard-box-with-magnetic-seal-wholesale-product-description\">Perfume personalizado caja dura con sello magn\u00e9tico Descripci\u00f3n del producto al por mayor<\/h2>\n<h2 id=\"1-material-and-structure-\">1.\u00a0<strong>Material y estructura<\/strong><\/h2>\n<ul>\n<li>Utilice\u00a0<strong>Papel art\u00edstico estucado C2S de 157 g (papel doble cobre)<\/strong>\u00a0con\u00a0<strong>Cart\u00f3n r\u00edgido de 1200 g (cart\u00f3n r\u00edgido)<\/strong>\u00a0para que el cuerpo de la caja sea a la vez bello y resistente a la presi\u00f3n.<\/li>\n<li><strong>Tecnolog\u00eda de superficie<\/strong>: Tratamiento de pel\u00edcula mate, de tacto delicado y suave, que presenta una discreta sensaci\u00f3n de lujo, en consonancia con el tono sencillo y elegante de la marca.<\/li>\n<\/ul>\n<h2 id=\"2-appearance-design-\">2.\u00a0<strong>Dise\u00f1o<\/strong><\/h2>\n<ul>\n<li><strong>Combinaci\u00f3n cl\u00e1sica de colores<\/strong>: El cuerpo de la caja es una base negra cl\u00e1sica, con fuentes de serigraf\u00eda dorada o tecnolog\u00eda de estampaci\u00f3n en caliente, que forman un marcado contraste visual, resaltando el temperamento elegante.<\/li>\n<li><strong>Estructura de tapa abatible magn\u00e9tica<\/strong>: Dise\u00f1o de apertura y cierre de imitaci\u00f3n de libro, la adsorci\u00f3n magn\u00e9tica es precisa y estable, y el momento de abrir la caja est\u00e1 lleno de ritual.<\/li>\n<\/ul>\n<h2 id=\"3-internal-protection-and-decoration-\">3.\u00a0<strong>Protecci\u00f3n interior y decoraci\u00f3n<\/strong><\/h2>\n<ul>\n<li><strong>Material del forro interior<\/strong>: Forro de seda dorada, suave y antifricci\u00f3n, no s\u00f3lo puede fijar el frasco de perfume para evitar que se agite, sino que tambi\u00e9n realza el impacto visual al abrir la caja.<\/li>\n<li><strong>Espacio a medida<\/strong>: Admite el ajuste del color del forro y la disposici\u00f3n (como los compartimentos de separaci\u00f3n) para satisfacer los requisitos de diferentes tama\u00f1os y formas de frascos de perfume.<\/li>\n<\/ul>\n<h2 id=\"4-production-and-service-advantages-\">4.\u00a0<strong>Ventajas de producci\u00f3n y servicio<\/strong><\/h2>\n<ul>\n<li><strong>Personalizaci\u00f3n flexible<\/strong>: Admite el ajuste personalizado del tipo de caja, el color (como la impresi\u00f3n de colores planos), la tecnolog\u00eda de superficie (UV, estampaci\u00f3n en caliente, gofrado, etc.), con una cantidad m\u00ednima de pedido de\u00a0<strong>500 piezas<\/strong>, para satisfacer las necesidades de las compras al por mayor y las exclusivas de marca.<\/li>\n<li><strong>Apoyo al dise\u00f1o<\/strong>: Equipado con un equipo de dise\u00f1o profesional, que proporciona\u00a0<strong>Servicio de previsualizaci\u00f3n de modelos 3D<\/strong>Generaci\u00f3n r\u00e1pida de renderizados de modelos mediante herramientas de inteligencia artificial, lo que acelera la verificaci\u00f3n y aplicaci\u00f3n del dise\u00f1o.<\/li>\n<\/ul>\n<h2 id=\"5-production-and-quality-control-\">5.\u00a0<strong>Producci\u00f3n y control de calidad<\/strong><\/h2>\n<ul>\n<li><strong>Equipamiento avanzado<\/strong>: Utilice m\u00e1quinas de impresi\u00f3n y equipos de troquelado totalmente autom\u00e1ticos para garantizar la precisi\u00f3n de la impresi\u00f3n y la uniformidad del tipo de caja.<\/li>\n<li><strong>Normas de inspecci\u00f3n de calidad<\/strong>: El error se controla estrictamente dentro\u00a0<strong>\u00b10,3 mm<\/strong>y la calidad del producto acabado se garantiza mediante un muestreo m\u00faltiple.<\/li>\n<\/ul>\n<h2 id=\"6-logistics-and-after-sales-\">6.\u00a0<strong>Log\u00edstica y posventa<\/strong><\/h2>\n<ul>\n<li><strong>Entrega mundial<\/strong>: Soporta la cooperaci\u00f3n log\u00edstica como YTO, STO y SF Express, y el embalaje especialmente proporcionado para la exportaci\u00f3n transfronteriza puede adaptarse a las necesidades del transporte internacional.<\/li>\n<li><strong>Compromiso posventa<\/strong>: Proporcionar\u00a0<strong>Cambio y devoluci\u00f3n incondicional en 15 d\u00edas<\/strong>\u00a0y\u00a0<strong>garant\u00eda de autenticidad<\/strong>\u00a0para resolver las preocupaciones de los clientes.<\/li>\n<\/ul>\n<h2 id=\"-cooperation-process-\"><strong>Proceso de cooperaci\u00f3n<\/strong><\/h2>\n<ol>\n<li><strong>Comunicaci\u00f3n de requisitos<\/strong>: Proporcione un borrador de dise\u00f1o o describa los requisitos, y le proporcionaremos un modelo 3D y un presupuesto en un plazo de 3 d\u00edas.<\/li>\n<li><strong>Confirmaci\u00f3n de pruebas<\/strong>: Proporcione gratuitamente 1-2 modificaciones de muestra para asegurarse de que los detalles son correctos.<\/li>\n<li><strong>Producci\u00f3n en serie<\/strong>: Entrega dentro de 7-14 d\u00edas laborables despu\u00e9s de la confirmaci\u00f3n, apoyar el env\u00edo por lotes.<\/li>\n<\/ol>","protected":false},"excerpt":{"rendered":"<ul>\n<li><strong>Expositor de marca<\/strong>: Aplicable al envasado de perfumes de lujo, cosm\u00e9ticos de gama alta y otros productos, y reforzar la imagen de gama alta de la marca a trav\u00e9s del dise\u00f1o de tapa abatible magn\u00e9tica y la tecnolog\u00eda de pel\u00edcula mate.<\/li>\n<li><strong>Caja regalo navide\u00f1a<\/strong>: Puede combinarse con accesorios como cintas y tarjetas de felicitaci\u00f3n doradas para crear cajas de regalo de edici\u00f3n limitada.<\/li>\n<li><strong>Caso de referencia<\/strong>: Personalizamos un\u00a0<strong>caja de regalo magn\u00e9tica negro mate<\/strong>\u00a0para una marca internacional, forrado con tela de seda dorada y con LOGO en relieve.<\/li>\n<\/ul>","protected":false},"featured_media":10158,"template":"","meta":[],"product_brand":[],"product_cat":[30,417,424,31],"product_tag":[225,1355,1354],"class_list":{"0":"post-10156","1":"product","2":"type-product","3":"status-publish","4":"has-post-thumbnail","6":"product_cat-by-industry","7":"product_cat-custom-perfume-boxes-by-industry","8":"product_cat-magnetic-closure-boxes","9":"product_cat-paper-box-style","10":"product_tag-custom-perfume-boxes","11":"product_tag-magnetic-closure-perfume-boxes","12":"product_tag-perfume-rigid-boxes","14":"first","15":"instock","16":"shipping-taxable","17":"product-type-grouped"},"_links":{"self":[{"href":"https:\/\/zojopackaging.com\/es\/wp-json\/wp\/v2\/product\/10156","targetHints":{"allow":["GET"]}}],"collection":[{"href":"https:\/\/zojopackaging.com\/es\/wp-json\/wp\/v2\/product"}],"about":[{"href":"https:\/\/zojopackaging.com\/es\/wp-json\/wp\/v2\/types\/product"}],"version-history":[{"count":1,"href":"https:\/\/zojopackaging.com\/es\/wp-json\/wp\/v2\/product\/10156\/revisions"}],"predecessor-version":[{"id":10163,"href":"https:\/\/zojopackaging.com\/es\/wp-json\/wp\/v2\/product\/10156\/revisions\/10163"}],"wp:featuredmedia":[{"embeddable":true,"href":"https:\/\/zojopackaging.com\/es\/wp-json\/wp\/v2\/media\/10158"}],"wp:attachment":[{"href":"https:\/\/zojopackaging.com\/es\/wp-json\/wp\/v2\/media?parent=10156"}],"wp:term":[{"taxonomy":"product_brand","embeddable":true,"href":"https:\/\/zojopackaging.com\/es\/wp-json\/wp\/v2\/product_brand?post=10156"},{"taxonomy":"product_cat","embeddable":true,"href":"https:\/\/zojopackaging.com\/es\/wp-json\/wp\/v2\/product_cat?post=10156"},{"taxonomy":"product_tag","embeddable":true,"href":"https:\/\/zojopackaging.com\/es\/wp-json\/wp\/v2\/product_tag?post=10156"}],"curies":[{"name":"wp","href":"https:\/\/api.w.org\/{rel}","templated":true}]}}