{"id":10164,"date":"2025-04-04T18:49:54","date_gmt":"2025-04-04T10:49:54","guid":{"rendered":"https:\/\/zojopackaging.com\/?post_type=product&#038;p=10164"},"modified":"2025-04-04T18:59:45","modified_gmt":"2025-04-04T10:59:45","slug":"customizable-luxury-perfume-watch-boxes-with-handle","status":"publish","type":"product","link":"https:\/\/zojopackaging.com\/es\/product\/customizable-luxury-perfume-watch-boxes-with-handle\/","title":{"rendered":"Perfumeros de lujo personalizables con asa"},"content":{"rendered":"<h2 id=\"-i-core-features-of-the-product-\"><strong>1. Caracter\u00edsticas principales del producto<\/strong><\/h2>\n<ol>\n<li><strong>Innovadora combinaci\u00f3n de materiales que a\u00fana arte y funcionalidad<\/strong>\u00a0La capa superficial est\u00e1 hecha de papel art\u00edstico estucado C2S de 157 g y cart\u00f3n duro de 1200 g. El proceso compuesto consigue resistencia a la compresi\u00f3n y a los golpes (resistencia a la compresi\u00f3n de m\u00e1s de 50 kg), al tiempo que confiere a la caja un tacto delicado y una textura mate. La superficie del papel art\u00edstico puede personalizarse con textura en relieve o serigraf\u00eda, lo que combinado con el soporte r\u00edgido del cart\u00f3n garantiza que no se deforme durante el transporte, y la presentaci\u00f3n visual es art\u00edstica de alta gama.<\/li>\n<li><strong>Dise\u00f1o de mejora visual de la marca<\/strong><\/li>\n<li><strong>Color principal<\/strong>: Basado en el sistema de color azul macaron, el color se ajusta con precisi\u00f3n a trav\u00e9s de la carta de colores Pantone para presentar una sensaci\u00f3n suave y de alta gama.<\/li>\n<li><strong>Proceso LOGO<\/strong>: La estampaci\u00f3n en caliente de aluminio electroqu\u00edmico de calidad espejo se realiza con la unidad de estampaci\u00f3n en caliente alemana Heidelberg. El \u00edndice de refracci\u00f3n de la luz es superior a 85%, y puede formarse un brillo met\u00e1lico fluido bajo luz y sombra din\u00e1micas, lo que mejora significativamente el reconocimiento de la marca.<\/li>\n<\/ol>\n<h2 id=\"-ii-lining-and-structural-optimization-\"><strong>2. Revestimiento y optimizaci\u00f3n estructural<\/strong><\/h2>\n<ol>\n<li><strong>Soluci\u00f3n de revestimiento a medida<\/strong><\/li>\n<li><strong>Selecci\u00f3n de materiales<\/strong>: Se proporciona forro de EVA (a prueba de golpes, antiest\u00e1tico) o forro de esponja (amortiguaci\u00f3n suave), y el molde se puede abrir con precisi\u00f3n de acuerdo con el tama\u00f1o de la botella de perfume \/ reloj para proteger el producto de colisi\u00f3n.<\/li>\n<li><strong>Sistema de combinaci\u00f3n de colores<\/strong>: El revestimiento admite el sistema de color Morandi (como polvo gris, azul neblina), y el color de baja saturaci\u00f3n se consigue mediante el proceso de revestimiento UV mate, que forma un contraste armonioso con el color principal del exterior.<\/li>\n<li><strong>Estructura patentada de la caja de cielo y tierra<\/strong><\/li>\n<li><strong>Comodidad de apertura<\/strong>: Se adopta el dise\u00f1o partido \"cielo-cubierta-tierra\", y el \u00e1ngulo de apertura y cierre es \u226590\u00b0, que se puede coger y poner f\u00e1cilmente con una sola mano.<\/li>\n<li><strong>Rendimiento de sellado<\/strong>: Una vez cerrado el cuerpo de la caja, tiene doble cierre por succi\u00f3n magn\u00e9tica + hebilla, a prueba de polvo y humedad, y cumple las normas internacionales de transporte (prueba ISTA 3A superada).<\/li>\n<\/ol>\n<h2 id=\"-iii-personalized-customization-service-\"><strong>3. Servicio de personalizaci\u00f3n<\/strong><\/h2>\n<ol>\n<li><strong>Compatibilidad con frascos de perfume<\/strong>\u00a0Admite la personalizaci\u00f3n de frascos de perfume de diversas especificaciones, de 10 ml a 100 ml, incluidas necesidades especiales como frascos de vidrio con formas especiales y boquillas met\u00e1licas. La ranura de revestimiento puede adaptarse a formas de corte cil\u00edndricas, cuadradas o personalizadas.<\/li>\n<li><strong>Opciones de ampliaci\u00f3n del proceso<\/strong><\/li>\n<li><strong>Tratamiento de superficies<\/strong>: Grabado en relieve, UV local, serigraf\u00eda y otros procesos opcionales, como revestimiento UV con efecto de cielo estrellado o relieve 3D estereosc\u00f3pico.<\/li>\n<li><strong>Dise\u00f1o del asa<\/strong>: El asa est\u00e1 hecha de cuero de PU ecol\u00f3gico envuelto con un esqueleto de PP duro, que es c\u00f3modo de sujetar y puede soportar una carga de 5 kg, y admite la estampaci\u00f3n en caliente de logotipos de marca.<\/li>\n<\/ol>\n<h2 id=\"-iv-production-and-quality-control-guarantee-\"><strong>4. Garant\u00eda de producci\u00f3n y control de calidad<\/strong><\/h2>\n<ol>\n<li><strong>Sistema de producci\u00f3n inteligente<\/strong><\/li>\n<li><strong>Equipamiento<\/strong>: Equipada con la m\u00e1quina de impresi\u00f3n de seis colores alemana Heidelberg CX 102, admite la impresi\u00f3n de puntos de precisi\u00f3n de 0,1 mm; la l\u00ednea de troquelado totalmente autom\u00e1tica alcanza un error de corte de \u00b10,3 mm.<\/li>\n<li><strong>Control de calidad<\/strong>: Pasado el sistema de certificaci\u00f3n ISO 9001, la inspecci\u00f3n de calidad de proceso completo (materias primas que entran en el almac\u00e9n \u2192 productos terminados que salen de la f\u00e1brica) cubre 12 procesos, y la tasa de calificaci\u00f3n del producto es 99,98%.<\/li>\n<li><strong>Velocidad de respuesta del dise\u00f1o<\/strong>\u00a0Los dise\u00f1adores utilizan software de modelado param\u00e9trico (como Rhino+Grasshopper) para proporcionar renderizados 3D y pruebas f\u00edsicas en 48 horas, apoyar la visualizaci\u00f3n virtual de RA y acelerar la toma de decisiones del cliente.<\/li>\n<\/ol>\n<h2 id=\"-v-application-scenarios-and-added-value-\"><strong>5. Escenarios de aplicaci\u00f3n y valor a\u00f1adido<\/strong><\/h2>\n<ul>\n<li><strong>Campos aplicables<\/strong>: cajas de regalo para perfumes de lujo, envases para relojes de alta gama, personalizaci\u00f3n conjunta de ediciones limitadas.<\/li>\n<li><strong>Certificaci\u00f3n medioambiental<\/strong>: El material cumple las normas FSC, el \u00edndice de reciclabilidad es de 95% y admite la trazabilidad de la huella de carbono.<\/li>\n<\/ul>\n<p><strong>Proceso de personalizaci\u00f3n<\/strong>Comunicaci\u00f3n de la demanda \u2192 Modelado 3D \u2192 Confirmaci\u00f3n de pruebas \u2192 Producci\u00f3n en serie (pedido m\u00ednimo de 500 unidades, posibilidad de pedidos urgentes).<\/p>","protected":false},"excerpt":{"rendered":"<p>\u2705<strong>Atractivo de lujo.<\/strong>Aumente el valor percibido con dise\u00f1os minimalistas y de marca.<br \/>\n\u2705<strong>Eficiencia a granel.<\/strong>Optimizado para un montaje r\u00e1pido y un env\u00edo rentable.<br \/>\n\u2705<strong>Personalizaci\u00f3n a medida.<\/strong>A\u00f1ada logotipos, texto o acentos de color exclusivos.<br \/>\n\u2705<strong>Protecci\u00f3n.<\/strong>Los bordes reforzados protegen contra da\u00f1os durante el transporte.<br \/>\n\u2705<strong>Versatilidad.<\/strong>Ideal para perfumes, relojes o sets de regalo de lujo.<\/p>","protected":false},"featured_media":10170,"template":"","meta":[],"product_brand":[],"product_cat":[30,413,417,425,31],"product_tag":[1357,1356,1358],"class_list":{"0":"post-10164","1":"product","2":"type-product","3":"status-publish","4":"has-post-thumbnail","6":"product_cat-by-industry","7":"product_cat-consumer-electronics-boxes","8":"product_cat-custom-perfume-boxes-by-industry","9":"product_cat-lid-and-base-gift-box","10":"product_cat-paper-box-style","11":"product_tag-customizable-watch-boxes","12":"product_tag-luxury-perfume-boxes","13":"product_tag-watch-boxes-with-handle","15":"first","16":"instock","17":"shipping-taxable","18":"product-type-grouped"},"_links":{"self":[{"href":"https:\/\/zojopackaging.com\/es\/wp-json\/wp\/v2\/product\/10164","targetHints":{"allow":["GET"]}}],"collection":[{"href":"https:\/\/zojopackaging.com\/es\/wp-json\/wp\/v2\/product"}],"about":[{"href":"https:\/\/zojopackaging.com\/es\/wp-json\/wp\/v2\/types\/product"}],"version-history":[{"count":1,"href":"https:\/\/zojopackaging.com\/es\/wp-json\/wp\/v2\/product\/10164\/revisions"}],"predecessor-version":[{"id":10171,"href":"https:\/\/zojopackaging.com\/es\/wp-json\/wp\/v2\/product\/10164\/revisions\/10171"}],"wp:featuredmedia":[{"embeddable":true,"href":"https:\/\/zojopackaging.com\/es\/wp-json\/wp\/v2\/media\/10170"}],"wp:attachment":[{"href":"https:\/\/zojopackaging.com\/es\/wp-json\/wp\/v2\/media?parent=10164"}],"wp:term":[{"taxonomy":"product_brand","embeddable":true,"href":"https:\/\/zojopackaging.com\/es\/wp-json\/wp\/v2\/product_brand?post=10164"},{"taxonomy":"product_cat","embeddable":true,"href":"https:\/\/zojopackaging.com\/es\/wp-json\/wp\/v2\/product_cat?post=10164"},{"taxonomy":"product_tag","embeddable":true,"href":"https:\/\/zojopackaging.com\/es\/wp-json\/wp\/v2\/product_tag?post=10164"}],"curies":[{"name":"wp","href":"https:\/\/api.w.org\/{rel}","templated":true}]}}