{"id":10172,"date":"2025-04-05T14:18:29","date_gmt":"2025-04-05T06:18:29","guid":{"rendered":"https:\/\/zojopackaging.com\/?post_type=product&#038;p=10172"},"modified":"2025-04-05T14:26:25","modified_gmt":"2025-04-05T06:26:25","slug":"custom-luxury-perfume-drawer-box-and-bag-gift-box-sets","status":"publish","type":"product","link":"https:\/\/zojopackaging.com\/es\/product\/custom-luxury-perfume-drawer-box-and-bag-gift-box-sets\/","title":{"rendered":"Caj\u00f3n y bolsa de lujo para perfumes personalizados - Estuches de regalo"},"content":{"rendered":"<h3 id=\"-1-structural-innovation-double-protection-of-special-paper-gray-board-\"><strong>1. Innovaci\u00f3n estructural: doble protecci\u00f3n de papel especial + cart\u00f3n gris<\/strong><\/h3>\n<p>Adoptando una estructura compuesta de\u00a0<strong>Papel especial de alto gramaje de 120 g<\/strong>\u00a0(rugosidad superficial Ra\u22640,8\u03bcm) y\u00a0<strong>Cart\u00f3n gris de 1200 g<\/strong>Gracias a la tecnolog\u00eda de troquelado de precisi\u00f3n y moldeo por prensado en fr\u00edo, la resistencia a la compresi\u00f3n del cuerpo de la caja es \u2265350N (seg\u00fan la norma de ensayo ISO 12048), y el \u00edndice de da\u00f1os durante el transporte es inferior a 0,3%. El revestimiento de cart\u00f3n gris adopta un dise\u00f1o de cart\u00f3n de nido de abeja, que mejora el rendimiento s\u00edsmico en 80%, al tiempo que mantiene el grosor desplegado del cuerpo de la caja a s\u00f3lo 1\/3 del que tiene en estado cerrado, y optimiza la utilizaci\u00f3n del espacio log\u00edstico en 70% (Caso: Informe de optimizaci\u00f3n del transporte mar\u00edtimo 2024 de una marca de fragancias de lujo).<\/p>\n<h3 id=\"-2-visual-narrative-the-collision-of-gray-aesthetics-and-hot-stamping-technology-\"><strong>2. Narrativa visual: la colisi\u00f3n de la est\u00e9tica gris y la tecnolog\u00eda de estampaci\u00f3n en caliente<\/strong><\/h3>\n<p>-\u00a0<strong>Sistema de color<\/strong>: El color principal es\u00a0<strong>Pantone 18-1445 TCX (gris antiguo)<\/strong>que coincide con\u00a0<strong>15-3717 TCX (blanco perla)<\/strong>\u00a0para formar un contraste visual, y la transici\u00f3n de gradiente de 0,1 mm se consigue mediante una impresi\u00f3n de alta precisi\u00f3n de 1200 ppp; -\u00a0<strong>Potenciaci\u00f3n de la marca<\/strong>: El LOGO adopta\u00a0<strong>tecnolog\u00eda de estampaci\u00f3n en caliente en oro rosa<\/strong>con un brillo met\u00e1lico de 90GU, una resistencia al desgaste que supera la prueba ISO 2838 y una claridad t\u00e1ctil aumentada en 50%.\u00a0<strong>Arte de luces y sombras<\/strong>: El borde de la tapa de la caja est\u00e1 dise\u00f1ado con patrones de grabado l\u00e1ser de 0,3 mm, que forman efectos din\u00e1micos de luces y sombras cuando la luz se refracta, lo que encaja con el tono misterioso de las fragancias de alta gama.<\/p>\n<h3 id=\"-3-lining-system-luxurious-care-in-black-and-gray-colors-\"><strong>3. Sistema de forro: cuidado lujoso en colores negro y gris<\/strong><\/h3>\n<p>-\u00a0<strong>Selecci\u00f3n de materiales<\/strong>: -\u00a0<strong>Forro de EVA<\/strong>: Espesor de 3 mm, dureza Shore 60A, \u00edndice de rebote a la compresi\u00f3n \u226595%, adecuado para la fijaci\u00f3n de frascos de perfume de forma especial; -\u00a0<strong>Forro de esponja<\/strong>: poliuretano de alta densidad, densidad \u226545kg\/m\u00b3, rendimiento a prueba de golpes que ha superado la certificaci\u00f3n ISTA 3A.\u00a0<strong>Uniforme de estilo<\/strong>Pel\u00edcula mate en la superficie del forro, de tacto sedoso, en capas con el forro de cart\u00f3n gris, realzando la sensaci\u00f3n de abrir la caja.<\/p>\n<h3 id=\"-4-pull-out-design-balance-between-ritual-and-practicality-\"><strong>4. Dise\u00f1o extra\u00edble: equilibrio entre ritual y practicidad<\/strong><\/h3>\n<p>-\u00a0<strong>Optimizaci\u00f3n estructural<\/strong>: Adopte\u00a0<strong>gu\u00eda de deslizamiento silenciosa de tres secciones<\/strong>, rodamiento de bolas de acero inoxidable incorporado, suavidad de extracci\u00f3n aumentada por 60%, fuerza de accionamiento con una sola mano \u22641,5N; -\u00a0<strong>Garant\u00eda de estanqueidad<\/strong>: El cuerpo de la caja y la tapa de la caja adoptan\u00a0<strong>succi\u00f3n magn\u00e9tica + doble cierre de leng\u00fceta<\/strong>el \u00edndice de fugas de la prueba de estanqueidad es &lt;0,05 mL\/min, lo que cumple las normas de transporte a\u00e9reo.\u00a0<strong>Dise\u00f1o interactivo<\/strong>: El \u00e1ngulo de apertura est\u00e1 optimizado a 85\u00b0, con tira de luz LED incorporada (opcional), que desencadena un ambiente de luz suave al instante cuando se abre la caja para mejorar la experiencia del usuario.<\/p>\n<h3 id=\"-5-specification-adaptation-full-scenario-capacity-solution-\"><strong>5. Adaptaci\u00f3n de las especificaciones: soluci\u00f3n de la capacidad en el escenario completo<\/strong><\/h3>\n<p>-\u00a0<strong>Compatibilidad con el tipo de botella<\/strong>: admite frascos de perfume con un di\u00e1metro de 15-45 mm y una altura de 50-150 mm; el m\u00e1s peque\u00f1o es adecuado para tubos de ensayo de 10 ml, y el m\u00e1s grande puede alojar frascos de perfume de forma especial de 100 ml.\u00a0<strong>Ampliaci\u00f3n del proceso<\/strong>: -\u00a0<strong>Tratamiento de superficies<\/strong>: relieve UV local, grabado l\u00e1ser, recubrimiento nacarado; -\u00a0<strong>Funciones adicionales<\/strong>: etiquetas sensoras de temperatura y humedad integradas (opcionales), trazabilidad por escaneado de c\u00f3digos chip NFC<\/p>\n<h3 id=\"-6-matching-paper-bag-the-ultimate-solution-for-light-luxury-and-portability-\"><strong>6. Bolsa de papel a juego: la soluci\u00f3n definitiva para el lujo ligero y la portabilidad<\/strong><\/h3>\n<p>-\u00a0<strong>Matriz de materiales<\/strong>: -\u00a0<strong>Bolsa exterior<\/strong>: Cartulina blanca de 300 g + revestimiento de PET de 20\u03bcm, resistencia al desgarro \u226550N; -\u00a0<strong>Forro interior<\/strong>: Tela no tejida de 50 g + flocado, finura al tacto Ra\u22640,4\u03bcm; -\u00a0<strong>Detalles del dise\u00f1o<\/strong>: La boca de la bolsa adopta hebilla magn\u00e9tica + asa dise\u00f1o integrado, soporte de carga \u22652kg, y el tama\u00f1o port\u00e1til se puede personalizar (m\u00ednimo 18\u00d712cm).<\/p>\n<h3 id=\"-7-smart-manufacturing-cornerstone-16-years-of-industry-experience-\"><strong>7. Piedra angular de la fabricaci\u00f3n inteligente: 16 a\u00f1os de experiencia en el sector<\/strong><\/h3>\n<p>-\u00a0<strong>Matriz de equipos<\/strong>: Equipada con unidad de impresi\u00f3n alemana Heidelberg de seis colores (diferencia de color \u0394E\u22640,8), l\u00ednea de producci\u00f3n de troquelado totalmente autom\u00e1tica (precisi\u00f3n \u00b10,1 mm), capacidad de producci\u00f3n diaria de 100.000 piezas; -\u00a0<strong>Sistema de control de calidad<\/strong>: Certificaci\u00f3n ISO 9001\/BRCGS superada, cada lote de productos se somete a 12 inspecciones de calidad (pruebas de compresi\u00f3n\/ca\u00edda\/resistencia del color), y el \u00edndice de cualificaci\u00f3n es del 99,98%.\u00a0<strong>Respuesta \u00e1gil<\/strong>: El equipo de modelado param\u00e9trico completa los renders 3D y las pruebas en 48 horas, y admite la personalizaci\u00f3n de peque\u00f1os lotes (pedido m\u00ednimo de 500 piezas).<\/p>","protected":false},"excerpt":{"rendered":"<p><strong>ZOJO Print | Caja y Bolsa de Lujo Personalizadas para Perfume - Set de Caja de Regalo: Fusi\u00f3n Perfecta de Arte y Funci\u00f3n<\/strong><\/p>\n<p>En el mercado de perfumes y fragancias de alta gama, el envase no es solo un contenedor para el producto, sino tambi\u00e9n un portador esencial del tono de la marca, la experiencia del usuario y la conexi\u00f3n emocional. ZOJO Print lleva 16 a\u00f1os profundamente implicada en el sector, centr\u00e1ndose en ofrecer a las marcas de perfumes de lujo soluciones de cajas de cajones y juegos de bolsas que combinan valor art\u00edstico, funcionalidad y competitividad comercial.<\/p>","protected":false},"featured_media":10174,"template":"","meta":[],"product_brand":[],"product_cat":[30,417,432,31,426],"product_tag":[1359,1361,1360],"class_list":{"0":"post-10172","1":"product","2":"type-product","3":"status-publish","4":"has-post-thumbnail","6":"product_cat-by-industry","7":"product_cat-custom-perfume-boxes-by-industry","8":"product_cat-pape-gift-bags","9":"product_cat-paper-box-style","10":"product_cat-paper-drawer-boxes","11":"product_tag-custom-box-and-bag","12":"product_tag-gift-box-sets","13":"product_tag-perfume-drawer-box-and-bag","15":"first","16":"instock","17":"shipping-taxable","18":"product-type-grouped"},"_links":{"self":[{"href":"https:\/\/zojopackaging.com\/es\/wp-json\/wp\/v2\/product\/10172","targetHints":{"allow":["GET"]}}],"collection":[{"href":"https:\/\/zojopackaging.com\/es\/wp-json\/wp\/v2\/product"}],"about":[{"href":"https:\/\/zojopackaging.com\/es\/wp-json\/wp\/v2\/types\/product"}],"version-history":[{"count":1,"href":"https:\/\/zojopackaging.com\/es\/wp-json\/wp\/v2\/product\/10172\/revisions"}],"predecessor-version":[{"id":10180,"href":"https:\/\/zojopackaging.com\/es\/wp-json\/wp\/v2\/product\/10172\/revisions\/10180"}],"wp:featuredmedia":[{"embeddable":true,"href":"https:\/\/zojopackaging.com\/es\/wp-json\/wp\/v2\/media\/10174"}],"wp:attachment":[{"href":"https:\/\/zojopackaging.com\/es\/wp-json\/wp\/v2\/media?parent=10172"}],"wp:term":[{"taxonomy":"product_brand","embeddable":true,"href":"https:\/\/zojopackaging.com\/es\/wp-json\/wp\/v2\/product_brand?post=10172"},{"taxonomy":"product_cat","embeddable":true,"href":"https:\/\/zojopackaging.com\/es\/wp-json\/wp\/v2\/product_cat?post=10172"},{"taxonomy":"product_tag","embeddable":true,"href":"https:\/\/zojopackaging.com\/es\/wp-json\/wp\/v2\/product_tag?post=10172"}],"curies":[{"name":"wp","href":"https:\/\/api.w.org\/{rel}","templated":true}]}}