{"id":10181,"date":"2025-04-05T14:26:56","date_gmt":"2025-04-05T06:26:56","guid":{"rendered":"https:\/\/zojopackaging.com\/?post_type=product&#038;p=10181"},"modified":"2025-04-05T14:34:36","modified_gmt":"2025-04-05T06:34:36","slug":"custom-premium-pre-roll-magnetic-closure-box-packaging-boxes","status":"publish","type":"product","link":"https:\/\/zojopackaging.com\/es\/product\/custom-premium-pre-roll-magnetic-closure-box-packaging-boxes\/","title":{"rendered":"Cajas de embalaje con cierre magn\u00e9tico personalizadas Premium Pre-Roll"},"content":{"rendered":"<h3 id=\"-1-material-innovation-double-protection-of-coated-paper-gray-board-\"><strong>1. Innovaci\u00f3n material: doble protecci\u00f3n de papel estucado + cart\u00f3n gris.<\/strong><\/h3>\n<p>Adoptando una estructura compuesta de\u00a0<strong>Papel estucado de alto gramaje de 157 g<\/strong>\u00a0(rugosidad superficial Ra\u22640,6\u03bcm) y\u00a0<strong>Tablero gris de 3 mm de grosor<\/strong>Gracias a la tecnolog\u00eda de troquelado de precisi\u00f3n y moldeo por prensado en fr\u00edo, la resistencia a la compresi\u00f3n del cuerpo de la caja es \u2265280N (seg\u00fan la norma de ensayo ISO 12048), y el \u00edndice de da\u00f1os durante el transporte es inferior a 0,5%. La suavidad de la superficie del papel estucado es superior a 90% (ISO 8791), y con el\u00a0<strong>revestimiento nanohidr\u00f3fobo<\/strong>, el rendimiento de impermeabilidad de la l\u00e1mina se mejora con 60%, cumpliendo los requisitos del entorno h\u00famedo del transporte mar\u00edtimo (fuente de los datos: informe del laboratorio de materiales de envasado).<\/p>\n<h3 id=\"-2-structural-design-the-ritual-and-practicality-of-the-flip-box-\"><strong>2. Dise\u00f1o estructural: el ritual y la practicidad de la caja abatible<\/strong><\/h3>\n<p>-\u00a0<strong>Optimizaci\u00f3n mec\u00e1nica<\/strong>:\u00a0<strong>succi\u00f3n magn\u00e9tica + doble cierre de leng\u00fceta<\/strong>, el \u00e1ngulo de apertura y cierre est\u00e1 optimizado a 85\u00b0, la fuerza de accionamiento con una sola mano es \u22641,5N, y se ajusta al dise\u00f1o ergon\u00f3mico;<\/p>\n<p>-\u00a0<strong>Sistema de ranuras<\/strong>: 3-5 capas incorporadas de ranuras ajustables de EVA (grosor 1-2mm), adecuadas para cigarrillos pre-enrollados de diferentes di\u00e1metros (\u03a65-15mm), y el rendimiento a prueba de golpes est\u00e1 certificado por ISTA 3A;<\/p>\n<p>-\u00a0<strong>Tecnolog\u00eda de sellado magn\u00e9tico<\/strong>: conjunto de imanes potentes de 0,5T incorporados, la tasa de fuga del sellado es &lt;0,05mL\/min, lo que garantiza la estabilidad del producto para el almacenamiento a largo plazo.<\/p>\n<h3 id=\"-3-visual-narrative-the-fusion-of-leaf-vein-texture-and-brand-aesthetics-\"><strong>3. Narrativa visual: la fusi\u00f3n de la textura de las venas de las hojas y la est\u00e9tica de la marca<\/strong><\/h3>\n<p>-\u00a0<strong>Elementos naturales<\/strong>La superficie de la caja adopta\u00a0<strong>textura de vena de hoja grabada con l\u00e1ser<\/strong>Con una profundidad de 0,1 mm, forma un efecto din\u00e1mico de luces y sombras cuando la luz se refracta, transmitiendo la vitalidad de la naturaleza;<\/p>\n<p>-\u00a0<strong>Potenciaci\u00f3n de la marca<\/strong>el LOGO adopta\u00a0<strong>tecnolog\u00eda de estampaci\u00f3n en caliente en oro rosa<\/strong>El brillo del metal alcanza los 90GU, la resistencia al desgaste supera la prueba ISO 2838 y la claridad del tacto mejora en 50%;<\/p>\n<p>-\u00a0<strong>Psicolog\u00eda del color<\/strong>el color principal es\u00a0<strong>Pantone 16-5938 TCX (verde antiguo)<\/strong>, con l\u00edneas de estampaci\u00f3n en caliente, que transmiten una imagen de marca de gama alta y natural.<\/p>\n<h3 id=\"-4-color-matrix-personalized-expression-of-macaron-colors-\"><strong>4. Matriz de colores: expresi\u00f3n personalizada de los colores del macaron<\/strong><\/h3>\n<p>-\u00a0<strong>Rojo vivo<\/strong>\u00a0(Pantone 18-1755 TCX): atrae a los grupos de tendencias j\u00f3venes y mejora el reconocimiento en el lineal;<\/p>\n<p>-\u00a0<strong>Verde fresco<\/strong>\u00a0(Pantone 16-5938 TCX): en l\u00ednea con el concepto de salud natural, adecuado para productos de tabaco ecol\u00f3gico;<\/p>\n<p>-\u00a0<strong>Misteriosa p\u00farpura<\/strong>\u00a0(Pantone 19-3939 TCX): crea una sensaci\u00f3n de lujo, adecuada para envases de edici\u00f3n limitada de gama alta;<\/p>\n<p>-\u00a0<strong>Ampliaci\u00f3n personalizada<\/strong>Admite carta de colores Pantone + impresi\u00f3n de colores directos, diferencia de color \u0394E\u22641,2, para satisfacer las necesidades personalizadas de la marca.<\/p>\n<h3 id=\"-5-all-round-customization-seamless-adaptation-from-size-to-function-\"><strong>5. Personalizaci\u00f3n integral: adaptaci\u00f3n sin fisuras del tama\u00f1o a la funci\u00f3n.<\/strong><\/h3>\n<p>-\u00a0<strong>Flexibilidad de tama\u00f1o<\/strong>: admite desde un m\u00ednimo de \u03a630\u00d750 mm (paquete individual) hasta un m\u00e1ximo de \u03a660\u00d7120 mm (caja de regalo multipaquete);<\/p>\n<p>-\u00a0<strong>Personalizaci\u00f3n de ranuras<\/strong>: cantidad de ranuras ajustable (3-8 capas), espaciado (5-20 mm) y forma (circular\/hexagonal);<\/p>\n<p>-\u00a0<strong>Ampliaci\u00f3n de funciones<\/strong>: etiqueta integrada con sensor de temperatura y humedad (opcional), trazabilidad por escaneado de c\u00f3digo chip NFC (compatible con la norma ISO 18000-63).<\/p>\n<h3 id=\"-6-design-empowerment-agile-implementation-from-concept-to-mass-production-\"><strong>6. Potenciaci\u00f3n del dise\u00f1o: Aplicaci\u00f3n \u00e1gil desde el concepto hasta la producci\u00f3n en serie<\/strong><\/h3>\n<p>Un equipo especial de 3 dise\u00f1adores s\u00e9nior ofrece tres servicios personalizados:<\/p>\n<p>-\u00a0<strong>Innovaci\u00f3n estructural<\/strong>: Desarrollar 12 tipos de cajas patentadas (como capas giratorias, cerraduras de contrase\u00f1a magn\u00e9ticas), compatibles con la colocaci\u00f3n de productos de formas especiales;<\/p>\n<p>-\u00a0<strong>Visualizaci\u00f3n 3D<\/strong>: Salida de modelos 3D param\u00e9tricos en 48 horas (precisi\u00f3n \u00b10,1 mm), soporte de vista previa virtual AR;<\/p>\n<p>-\u00a0<strong>Potenciaci\u00f3n cultural<\/strong>: Integra el nuevo estilo chino, el ciberpunk y otros estilos, proporciona m\u00e1s de 200 bibliotecas de patrones y se adapta a diversos mercados como Europa, Am\u00e9rica y el Sudeste Asi\u00e1tico.<\/p>\n<h3 id=\"-7-smart-manufacturing-cornerstone-16-years-of-industry-experience-\"><strong>7. Piedra angular de la fabricaci\u00f3n inteligente: 16 a\u00f1os de experiencia en el sector<\/strong><\/h3>\n<p>-\u00a0<strong>Matriz de equipos<\/strong>Equipada con unidad de impresi\u00f3n alemana Heidelberg de seis colores (diferencia de color \u0394E\u22640,8), l\u00ednea de producci\u00f3n de troquelado totalmente autom\u00e1tica (precisi\u00f3n \u00b10,1 mm), capacidad de producci\u00f3n diaria de 100.000 piezas;<\/p>\n<p>-\u00a0<strong>Sistema de control de calidad<\/strong>: Certificado ISO 9001\/BRCGS, cada lote de productos se somete a 12 inspecciones de calidad (pruebas de compresi\u00f3n\/ca\u00edda\/resistencia del color), y el \u00edndice de cualificaci\u00f3n es del 99,98%;<\/p>\n<p>-\u00a0<strong>Respuesta \u00e1gil<\/strong>: Entrega en 36 horas de los pedidos urgentes (caso: 100.000 unidades de pedidos urgentes para una determinada marca en 2024), apoyo a la personalizaci\u00f3n de peque\u00f1os lotes (pedido m\u00ednimo de 500 unidades).<\/p>","protected":false},"excerpt":{"rendered":"<p><strong>ZOJO Print | Personalizado de alta calidad Pre-roll caja de sellado magn\u00e9tico caja de embalaje - El uso de un dise\u00f1o ingenioso para potenciar la nueva est\u00e9tica de tabaco<\/strong><\/p>\n<p>En el campo del empaquetado de cigarrillos pre-enrollados de alta gama, el cuerpo de la caja no es s\u00f3lo un contenedor de producto, sino tambi\u00e9n un portador central del tono de la marca, la experiencia del usuario y la diferenciaci\u00f3n en el mercado. ZOJO Print lleva 16 a\u00f1os profundamente involucrada en la industria, centr\u00e1ndose en proporcionar cajas de preenrollado con cierre magn\u00e9tico con valor funcional, est\u00e9tico y competitividad comercial. A continuaci\u00f3n analizamos nuestro objetivo \u00faltimo en el envasado de tabaco desde siete dimensiones fundamentales:<\/p>","protected":false},"featured_media":10188,"template":"","meta":[],"product_brand":[],"product_cat":[30,420,424,31],"product_tag":[1362,1364,1363],"class_list":{"0":"post-10181","1":"product","2":"type-product","3":"status-publish","4":"has-post-thumbnail","6":"product_cat-by-industry","7":"product_cat-custom-cannabis-boxes","8":"product_cat-magnetic-closure-boxes","9":"product_cat-paper-box-style","10":"product_tag-custom-premium-box","11":"product_tag-packaging-boxes","12":"product_tag-pre-roll-magnetic-closure-box","14":"first","15":"instock","16":"shipping-taxable","17":"product-type-grouped"},"_links":{"self":[{"href":"https:\/\/zojopackaging.com\/es\/wp-json\/wp\/v2\/product\/10181","targetHints":{"allow":["GET"]}}],"collection":[{"href":"https:\/\/zojopackaging.com\/es\/wp-json\/wp\/v2\/product"}],"about":[{"href":"https:\/\/zojopackaging.com\/es\/wp-json\/wp\/v2\/types\/product"}],"version-history":[{"count":1,"href":"https:\/\/zojopackaging.com\/es\/wp-json\/wp\/v2\/product\/10181\/revisions"}],"predecessor-version":[{"id":10189,"href":"https:\/\/zojopackaging.com\/es\/wp-json\/wp\/v2\/product\/10181\/revisions\/10189"}],"wp:featuredmedia":[{"embeddable":true,"href":"https:\/\/zojopackaging.com\/es\/wp-json\/wp\/v2\/media\/10188"}],"wp:attachment":[{"href":"https:\/\/zojopackaging.com\/es\/wp-json\/wp\/v2\/media?parent=10181"}],"wp:term":[{"taxonomy":"product_brand","embeddable":true,"href":"https:\/\/zojopackaging.com\/es\/wp-json\/wp\/v2\/product_brand?post=10181"},{"taxonomy":"product_cat","embeddable":true,"href":"https:\/\/zojopackaging.com\/es\/wp-json\/wp\/v2\/product_cat?post=10181"},{"taxonomy":"product_tag","embeddable":true,"href":"https:\/\/zojopackaging.com\/es\/wp-json\/wp\/v2\/product_tag?post=10181"}],"curies":[{"name":"wp","href":"https:\/\/api.w.org\/{rel}","templated":true}]}}