{"id":10190,"date":"2025-04-05T14:35:34","date_gmt":"2025-04-05T06:35:34","guid":{"rendered":"https:\/\/zojopackaging.com\/?post_type=product&#038;p=10190"},"modified":"2025-04-05T14:44:05","modified_gmt":"2025-04-05T06:44:05","slug":"custom-wholesale-perfume-slide-out-boxes-packaging-supplier","status":"publish","type":"product","link":"https:\/\/zojopackaging.com\/es\/product\/custom-wholesale-perfume-slide-out-boxes-packaging-supplier\/","title":{"rendered":"Mayorista Cajas Deslizables para Perfume Proveedor de Envases"},"content":{"rendered":"<h3 id=\"-1-material-innovation-double-protection-of-coated-paper-gray-board-\"><strong>1. Innovaci\u00f3n material: doble protecci\u00f3n de papel estucado + cart\u00f3n gris.<\/strong><\/h3>\n<p>Adoptando una estructura compuesta de\u00a0<strong>Papel estucado de alto gramaje de 157 g<\/strong>\u00a0(rugosidad superficial Ra\u22640,6\u03bcm) y\u00a0<strong>Cart\u00f3n gris de 1200 g<\/strong>Mediante procesos de troquelado de precisi\u00f3n y moldeo por prensado en fr\u00edo, la resistencia a la compresi\u00f3n del cuerpo de la caja es \u2265280N (norma de ensayo ISO 12048 de referencia), y el \u00edndice de da\u00f1os durante el transporte es inferior a 0,5%. La suavidad de la superficie del papel estucado es superior a 90% (ISO 8791), y con\u00a0<strong>revestimiento nanohidr\u00f3fobo<\/strong>El 60% mejora la impermeabilidad de la pel\u00edcula, cumpliendo los requisitos de los entornos h\u00famedos en el transporte mar\u00edtimo (fuente de los datos: informe del laboratorio de materiales de envasado).<\/p>\n<h3 id=\"-2-structural-design-the-sense-of-ceremony-and-practicality-of-sliding-out-the-box-\"><strong>2. Dise\u00f1o estructural: el sentido de la ceremonia y la practicidad del deslizamiento de la caja<\/strong><\/h3>\n<p>-\u00a0<strong>Garant\u00eda de estanqueidad<\/strong>el cuerpo de la caja y la tapa de la caja adoptan\u00a0<strong>succi\u00f3n magn\u00e9tica + doble cierre de leng\u00fceta<\/strong>, el \u00edndice de fugas de la prueba de estanqueidad es inferior a 0,05 mL\/min, lo que cumple las normas de transporte a\u00e9reo;<\/p>\n<p>-\u00a0<strong>Dise\u00f1o interactivo<\/strong>\u00e1ngulo de apertura optimizado a 85\u00b0, con una tira de luz LED incorporada (opcional), que desencadena una suave atm\u00f3sfera luminosa al abrir la caja, mejorando la experiencia del usuario.<\/p>\n<h3 id=\"-3-visual-narrative-minimalist-aesthetics-and-brand-empowerment-\"><strong>3. Narrativa visual: Est\u00e9tica minimalista y potenciaci\u00f3n de la marca<\/strong><\/h3>\n<p>-\u00a0<strong>Sistema de color<\/strong>: -\u00a0<strong>Estilo de moda negro<\/strong>: Con patrones de corte geom\u00e9trico, Pantone 18-1755 TCX (Rojo vibrante) se utiliza como toque final para transmitir un sentido art\u00edstico vanguardista;<\/p>\n<p>-\u00a0<strong>Beige Estilo Lujo<\/strong>: Con Pantone 16-5938 TCX (Antique Yellow) como base, superpuesto con patrones grabados con l\u00e1ser de 0,3 mm, interpretando la elegancia cl\u00e1sica;<\/p>\n<p>-\u00a0<strong>Logotipo de la marca<\/strong>: La palabra \"PERFUME\" est\u00e1 estampada en caliente en el centro de la caja, utilizando tecnolog\u00eda de grabado en relieve de oro rosa, el brillo met\u00e1lico alcanza 90GU, y la claridad t\u00e1ctil se incrementa en 50%.<\/p>\n<h3 id=\"-4-lining-system-refined-protection-with-multi-material-adaptation-\"><strong>4. Sistema de revestimiento: protecci\u00f3n refinada con adaptaci\u00f3n multimaterial<\/strong><\/h3>\n<p>-\u00a0<strong>Forro de EVA<\/strong>: Espesor de 3 mm, dureza Shore 60A, resiliencia a la compresi\u00f3n \u2265 95%, adecuado para fijar frascos de perfume de forma especial;<\/p>\n<p>-\u00a0<strong>Esponja\/PEP<\/strong>: poliuretano de alta densidad (densidad \u2265 45kg\/m\u00b3), las prestaciones antichoque est\u00e1n certificadas por la ISTA 3A;<\/p>\n<p>-\u00a0<strong>Ampliaci\u00f3n personalizada<\/strong>: admite EPE, flocado y otros materiales, y puede troquelar forro personalizado (adaptaci\u00f3n m\u00ednima \u03a615mm frasco de perfume).<\/p>\n<h3 id=\"-5-all-round-customization-seamless-adaptation-from-function-to-aesthetics-\"><strong>5. Personalizaci\u00f3n integral: adaptaci\u00f3n perfecta de la funci\u00f3n a la est\u00e9tica<\/strong><\/h3>\n<p>-\u00a0<strong>Flexibilidad de tama\u00f1o<\/strong>Admite la personalizaci\u00f3n completa de longitud 80-150 mm, anchura 50-100 mm y altura 30-80 mm;<\/p>\n<p>-\u00a0<strong>Ampliaci\u00f3n de funciones<\/strong>: etiqueta de detecci\u00f3n de temperatura y humedad integrada (opcional), trazabilidad por escaneado de chip NFC (compatible con la norma ISO 18000-63);<\/p>\n<p>-\u00a0<strong>Combinaci\u00f3n de procesos<\/strong>8 procesos de tratamiento de superficie opcionales: UV local, serigraf\u00eda, estampaci\u00f3n en caliente, etc.<\/p>\n<h3 id=\"-6-design-empowerment-trend-insight-and-agile-implementation-\"><strong>6. Potenciaci\u00f3n del dise\u00f1o: conocimiento de las tendencias y aplicaci\u00f3n \u00e1gil<\/strong><\/h3>\n<p>Un equipo especial de 10 dise\u00f1adores s\u00e9nior ofrece tres servicios personalizados:<\/p>\n<p>-\u00a0<strong>Predicci\u00f3n de tendencias<\/strong>: Publica trimestralmente el informe \"Fragrance Packaging Color Trend Report\", que recoge los colores populares anuales y las innovaciones en materiales de Pantone;<\/p>\n<p>-\u00a0<strong>Visualizaci\u00f3n 3D<\/strong>: Generaci\u00f3n de modelos 3D param\u00e9tricos (precisi\u00f3n de \u00b10,1 mm) en 48 horas, con previsualizaci\u00f3n virtual de RA;<\/p>\n<p>-\u00a0<strong>Potenciaci\u00f3n cultural<\/strong>: Integra el nuevo estilo chino, el ciberpunk y otros estilos, proporciona m\u00e1s de 200 bibliotecas de patrones y se adapta a diversos mercados como Europa, Am\u00e9rica y el Sudeste Asi\u00e1tico.<\/p>\n<h3 id=\"-7-smart-manufacturing-foundation-16-years-of-industry-experience-\"><strong>7. Base de fabricaci\u00f3n inteligente: 16 a\u00f1os de experiencia en el sector<\/strong><\/h3>\n<p>-\u00a0<strong>Matriz de equipos<\/strong>Equipada con unidad de impresi\u00f3n alemana Heidelberg de seis colores (diferencia de color \u0394E\u22640,8), l\u00ednea de producci\u00f3n de troquelado totalmente autom\u00e1tica (precisi\u00f3n \u00b10,1 mm), capacidad de producci\u00f3n diaria de 100.000 piezas;<\/p>\n<p>-\u00a0<strong>Sistema de control de calidad<\/strong>: Certificado ISO 9001\/BRCGS, cada lote de productos se somete a 12 inspecciones de calidad (pruebas de compresi\u00f3n\/ca\u00edda\/resistencia del color), y el \u00edndice de cualificaci\u00f3n es del 99,98%;<\/p>\n<p>-\u00a0<strong>Respuesta \u00e1gil<\/strong>: Entrega en 36 horas de los pedidos urgentes (caso: 100.000 unidades de pedidos urgentes para una determinada marca en 2024), apoyo a la personalizaci\u00f3n de peque\u00f1os lotes (pedido m\u00ednimo de 500 unidades).<\/p>","protected":false},"excerpt":{"rendered":"<p><strong>ZOJO Print | Experto en envases de cajas deslizantes para perfumes al por mayor personalizados - interpretando la est\u00e9tica de las fragancias con un dise\u00f1o innovador<\/strong><\/p>\n<p>En el campo del envasado de perfumes de alta gama, las cajas deslizables se han convertido en el soporte principal para que las marcas mejoren las primas del producto con su experiencia interactiva \u00fanica y su tensi\u00f3n visual. ZOJO Print lleva 16 a\u00f1os trabajando en el sector, centr\u00e1ndose en ofrecer a las marcas de perfumes soluciones de cajas deslizables que combinan funcionalidad, arte y valor comercial.<\/p>","protected":false},"featured_media":10192,"template":"","meta":[],"product_brand":[],"product_cat":[30,417,31,426],"product_tag":[1365,1366,1367],"class_list":{"0":"post-10190","1":"product","2":"type-product","3":"status-publish","4":"has-post-thumbnail","6":"product_cat-by-industry","7":"product_cat-custom-perfume-boxes-by-industry","8":"product_cat-paper-box-style","9":"product_cat-paper-drawer-boxes","10":"product_tag-custom-perfume-slide-out-boxes","11":"product_tag-packaging-supplier","12":"product_tag-wholesale-perfume-slide-out-boxes","14":"first","15":"instock","16":"shipping-taxable","17":"product-type-grouped"},"_links":{"self":[{"href":"https:\/\/zojopackaging.com\/es\/wp-json\/wp\/v2\/product\/10190","targetHints":{"allow":["GET"]}}],"collection":[{"href":"https:\/\/zojopackaging.com\/es\/wp-json\/wp\/v2\/product"}],"about":[{"href":"https:\/\/zojopackaging.com\/es\/wp-json\/wp\/v2\/types\/product"}],"version-history":[{"count":1,"href":"https:\/\/zojopackaging.com\/es\/wp-json\/wp\/v2\/product\/10190\/revisions"}],"predecessor-version":[{"id":10198,"href":"https:\/\/zojopackaging.com\/es\/wp-json\/wp\/v2\/product\/10190\/revisions\/10198"}],"wp:featuredmedia":[{"embeddable":true,"href":"https:\/\/zojopackaging.com\/es\/wp-json\/wp\/v2\/media\/10192"}],"wp:attachment":[{"href":"https:\/\/zojopackaging.com\/es\/wp-json\/wp\/v2\/media?parent=10190"}],"wp:term":[{"taxonomy":"product_brand","embeddable":true,"href":"https:\/\/zojopackaging.com\/es\/wp-json\/wp\/v2\/product_brand?post=10190"},{"taxonomy":"product_cat","embeddable":true,"href":"https:\/\/zojopackaging.com\/es\/wp-json\/wp\/v2\/product_cat?post=10190"},{"taxonomy":"product_tag","embeddable":true,"href":"https:\/\/zojopackaging.com\/es\/wp-json\/wp\/v2\/product_tag?post=10190"}],"curies":[{"name":"wp","href":"https:\/\/api.w.org\/{rel}","templated":true}]}}