{"id":10199,"date":"2025-04-05T14:45:08","date_gmt":"2025-04-05T06:45:08","guid":{"rendered":"https:\/\/zojopackaging.com\/?post_type=product&#038;p=10199"},"modified":"2025-04-05T14:55:05","modified_gmt":"2025-04-05T06:55:05","slug":"customized-magnetic-perfume-bottle-packaging-gift-box-manufacturer","status":"publish","type":"product","link":"https:\/\/zojopackaging.com\/es\/product\/customized-magnetic-perfume-bottle-packaging-gift-box-manufacturer\/","title":{"rendered":"Personalizado Magn\u00e9tico Botella de Perfume Embalaje Caja de Regalo Fabricante"},"content":{"rendered":"<h3 id=\"-1-material-innovation-double-protection-of-coated-paper-gray-board-\"><strong>1. Innovaci\u00f3n material: doble protecci\u00f3n de papel estucado + cart\u00f3n gris.<\/strong><\/h3>\n<p>Adoptando una estructura compuesta de\u00a0<strong>Papel estucado de alto gramaje de 157 g<\/strong>\u00a0(rugosidad superficial Ra\u22640,6\u03bcm) y\u00a0<strong>Cart\u00f3n gris de 1200 g<\/strong>Gracias a la tecnolog\u00eda de troquelado de precisi\u00f3n y moldeo por prensado en fr\u00edo, la resistencia a la compresi\u00f3n del cuerpo de la caja es \u2265280N (seg\u00fan la norma de ensayo ISO 12048), y el \u00edndice de da\u00f1os durante el transporte es inferior a 0,5%. La suavidad de la superficie del papel estucado es superior a 90% (ISO 8791), y con el\u00a0<strong>revestimiento nanohidr\u00f3fobo<\/strong>, el rendimiento de impermeabilidad de la l\u00e1mina se mejora con 60%, cumpliendo los requisitos del entorno h\u00famedo del transporte mar\u00edtimo (fuente de los datos: informe del laboratorio de materiales de envasado).<\/p>\n<h3 id=\"-2-structural-design-interactive-revolution-of-magnetic-book-type-\"><strong>2. Dise\u00f1o estructural: revoluci\u00f3n interactiva de tipo libro magn\u00e9tico<\/strong><\/h3>\n<p>-\u00a0<strong>Optimizaci\u00f3n mec\u00e1nica magn\u00e9tica<\/strong>: conjunto de imanes potentes de 0,5T incorporados, la fuerza de adsorci\u00f3n entre la tapa de la caja y el cuerpo de la caja alcanza 1,2N, el \u00e1ngulo de apertura y cierre est\u00e1 optimizado a 85\u00b0, y la fuerza de operaci\u00f3n con una sola mano es \u22641,5N; -\u00a0<strong>Garant\u00eda de estanqueidad<\/strong>: hebilla de cierre magn\u00e9tico + leng\u00fceta de doble cierre, prueba de estanqueidad tasa de fuga &lt;0,05mL\/min, conforme a las normas de transporte a\u00e9reo.<\/p>\n<h3 id=\"-3-visual-narrative-the-collision-of-exotic-patterns-and-brand-aesthetics-\"><strong>3. Narrativa visual: la colisi\u00f3n de patrones ex\u00f3ticos y est\u00e9tica de marca<\/strong><\/h3>\n<p>-\u00a0<strong>Dise\u00f1o de patrones<\/strong>: La superficie de la caja adopta\u00a0<strong>Patr\u00f3n de corte geom\u00e9trico marroqu\u00ed<\/strong>\u00a0(consulte los resultados de la b\u00fasqueda), que se graba con l\u00e1ser para alcanzar una profundidad de 0,1 mm, y forma un efecto din\u00e1mico de luces y sombras cuando la luz se refracta; -\u00a0<strong>Sistema de color<\/strong>: -\u00a0<strong>Misteriosa p\u00farpura<\/strong>\u00a0(Pantone 19-3939 TCX) se combina con relieve de oro rosa para transmitir elegancia y romanticismo; -\u00a0<strong>Marr\u00f3n oscuro<\/strong>\u00a0(Pantone 16-5938 TCX) se combina con l\u00edneas negras y doradas para interpretar la solemnidad cl\u00e1sica; -\u00a0<strong>Disposici\u00f3n del texto<\/strong>: Se utilizan fuentes serif personalizadas, y el interlineado y el espaciado entre palabras est\u00e1n optimizados mediante psicolog\u00eda visual, lo que mejora la comodidad de lectura en 40%.<\/p>\n<h3 id=\"-4-color-philosophy-a-sensory-symphony-of-purple-and-dark-brown-\"><strong>4. Filosof\u00eda del color: una sinfon\u00eda sensorial de p\u00farpura y marr\u00f3n oscuro<\/strong><\/h3>\n<p>-\u00a0<strong>Serie p\u00farpura<\/strong>: Mediante carta de colores Pantone + impresi\u00f3n de colores planos, diferencia de color \u0394E\u22641.2, con recubrimiento nacarado, presentando un\u00a0<strong>\"Fragancia crepuscular\"<\/strong>-como el nivel de brillo\u00a0<strong>Serie marr\u00f3n oscuro<\/strong>: utilizando cart\u00f3n gris de calidad alimentaria + forro de flocado, el tacto es como la seda, lo que se ajusta al posicionamiento de gama alta del\u00a0<strong>\"Susurro del Tiempo\"<\/strong>\u00a0(caso de referencia: una caja de regalo de la marca gan\u00f3 el Red Dot Design Award en 2024).<\/p>\n<h3 id=\"-5-lining-system-luxurious-care-of-black-velvet-eva-\"><strong>5. Sistema de forro: lujoso cuidado de terciopelo negro + EVA<\/strong><\/h3>\n<p>-\u00a0<strong>Terciopelo negro<\/strong>: Terciopelo corto ultrasuave de 300 g, densidad del terciopelo superficial \u22655000 hebras\/cm\u00b2, coeficiente de fricci\u00f3n \u22640,15, rendimiento antiara\u00f1azos superado la prueba ISO 4649.\u00a0<strong>Amortiguaci\u00f3n EVA<\/strong>: Espuma de alta densidad de 3 mm, dureza Shore 60A, resiliencia a la compresi\u00f3n \u226595%, adecuada para fijar frascos de perfume de forma especial (consulte los resultados de la b\u00fasqueda); -\u00a0<strong>Ampliaci\u00f3n personalizada<\/strong>: admite flocado, seda y otros materiales, y puede troquelar forros personalizados (m\u00ednimo adecuado para frascos de perfume de \u03a615 mm).<\/p>\n<h3 id=\"-6-full-process-customization-agile-implementation-from-concept-to-mass-production-\"><strong>6. Personalizaci\u00f3n de todo el proceso: Aplicaci\u00f3n \u00e1gil desde el concepto hasta la producci\u00f3n en serie<\/strong><\/h3>\n<p>-\u00a0<strong>Servicios creativos<\/strong>: Proporcionar modelado 3D y previsualizaci\u00f3n virtual AR, y renderizados param\u00e9tricos de salida en 48 horas (caso: 100.000 piezas de pedidos urgentes para una determinada marca se entregaron en 36 horas).\u00a0<strong>Combinaci\u00f3n de procesos<\/strong>8 procesos de tratamiento de superficie opcionales: UV local, serigraf\u00eda y estampaci\u00f3n en caliente;<\/p>\n<h3 id=\"-7-design-empowerment-in-depth-communication-and-brand-resonance-\"><strong>7. Potenciaci\u00f3n del dise\u00f1o: comunicaci\u00f3n en profundidad y resonancia de la marca<\/strong><\/h3>\n<p>Un equipo especial compuesto por 10 dise\u00f1adores s\u00e9nior ofrece tres grandes servicios de personalizaci\u00f3n: -\u00a0<strong>Tendencias<\/strong>: Publica trimestralmente el \"Informe sobre tendencias de colores en envases de fragancias\", que recoge los colores populares anuales de Pantone y las innovaciones en materiales.\u00a0<strong>Potenciaci\u00f3n cultural<\/strong>: Integra el nuevo estilo chino, el ciberpunk y otros estilos, proporciona m\u00e1s de 200 bibliotecas de patrones y se adapta a diversos mercados como Europa, Am\u00e9rica y el Sudeste Asi\u00e1tico.\u00a0<strong>Caso de clientes<\/strong>: Dise\u00f1ar una caja magn\u00e9tica de cielo estrellado para una marca de lujo de Oriente Medio y conseguir un aumento de ventas de 45% gracias a la capa de cielo estrellado UV.<\/p>\n<p>Impresiones ZOJO <strong>\"tecnolog\u00eda magn\u00e9tica, potenciaci\u00f3n est\u00e9tica\"<\/strong>\u00a0como concepto central, y sublima las cajas de regalo magn\u00e9ticas en un v\u00ednculo de valor entre marcas y consumidores. No solo proporcionamos envases, sino que tambi\u00e9n ayudamos a las marcas a establecer una ventaja competitiva irrepetible en el mercado de fragancias de gama alta mediante la innovaci\u00f3n de materiales, los avances en los procesos y la capacidad de integraci\u00f3n vertical.<\/p>","protected":false},"excerpt":{"rendered":"<p><strong>Experto en cajas de regalo magn\u00e9ticas personalizadas para frascos de perfume - interpretando el lujoso sentido ritual de la fragancia con est\u00e9tica magn\u00e9tica<\/strong><\/p>\n<p>En el campo del envasado de perfumes de alta gama, las cajas magn\u00e9ticas de regalo se han convertido en el soporte principal para que las marcas mejoren las primas de los productos con su experiencia interactiva \u00fanica y su tensi\u00f3n visual. ZOJO Print lleva 16 a\u00f1os trabajando en el sector, centr\u00e1ndose en ofrecer a las marcas de perfumes soluciones de cajas magn\u00e9ticas con forma de libro que combinan funcionalidad, arte y valor comercial.<\/p>","protected":false},"featured_media":10201,"template":"","meta":[],"product_brand":[],"product_cat":[30,417,424,31],"product_tag":[934,821,1368],"class_list":{"0":"post-10199","1":"product","2":"type-product","3":"status-publish","4":"has-post-thumbnail","6":"product_cat-by-industry","7":"product_cat-custom-perfume-boxes-by-industry","8":"product_cat-magnetic-closure-boxes","9":"product_cat-paper-box-style","10":"product_tag-box-manufacturer","11":"product_tag-customized-box","12":"product_tag-magnetic-perfume-packaging-gift-box","14":"first","15":"instock","16":"shipping-taxable","17":"product-type-grouped"},"_links":{"self":[{"href":"https:\/\/zojopackaging.com\/es\/wp-json\/wp\/v2\/product\/10199","targetHints":{"allow":["GET"]}}],"collection":[{"href":"https:\/\/zojopackaging.com\/es\/wp-json\/wp\/v2\/product"}],"about":[{"href":"https:\/\/zojopackaging.com\/es\/wp-json\/wp\/v2\/types\/product"}],"version-history":[{"count":1,"href":"https:\/\/zojopackaging.com\/es\/wp-json\/wp\/v2\/product\/10199\/revisions"}],"predecessor-version":[{"id":10206,"href":"https:\/\/zojopackaging.com\/es\/wp-json\/wp\/v2\/product\/10199\/revisions\/10206"}],"wp:featuredmedia":[{"embeddable":true,"href":"https:\/\/zojopackaging.com\/es\/wp-json\/wp\/v2\/media\/10201"}],"wp:attachment":[{"href":"https:\/\/zojopackaging.com\/es\/wp-json\/wp\/v2\/media?parent=10199"}],"wp:term":[{"taxonomy":"product_brand","embeddable":true,"href":"https:\/\/zojopackaging.com\/es\/wp-json\/wp\/v2\/product_brand?post=10199"},{"taxonomy":"product_cat","embeddable":true,"href":"https:\/\/zojopackaging.com\/es\/wp-json\/wp\/v2\/product_cat?post=10199"},{"taxonomy":"product_tag","embeddable":true,"href":"https:\/\/zojopackaging.com\/es\/wp-json\/wp\/v2\/product_tag?post=10199"}],"curies":[{"name":"wp","href":"https:\/\/api.w.org\/{rel}","templated":true}]}}