{"id":10223,"date":"2025-04-05T15:17:39","date_gmt":"2025-04-05T07:17:39","guid":{"rendered":"https:\/\/zojopackaging.com\/?post_type=product&#038;p=10223"},"modified":"2025-04-05T15:29:17","modified_gmt":"2025-04-05T07:29:17","slug":"custom-vape-pods-packaging-cardboard-box-wholesale-rates-maker","status":"publish","type":"product","link":"https:\/\/zojopackaging.com\/es\/product\/custom-vape-pods-packaging-cardboard-box-wholesale-rates-maker\/","title":{"rendered":"Vape Pods Personalizado Embalaje Caja de Cart\u00f3n Tarifas al por mayor Maker"},"content":{"rendered":"<h3 id=\"-1-material-innovation-industrial-grade-protection-of-350g-white-cardboard-\"><strong>1. Innovaci\u00f3n material: protecci\u00f3n industrial de cart\u00f3n blanco de 350 g.<\/strong><\/h3>\n<p>Adopte\u00a0<strong>Cart\u00f3n blanco de 350 g con certificado FSC<\/strong>\u00a0(error de peso \u2264\u00b15g\/m\u00b2), superan la prueba de compresi\u00f3n de la norma alemana DIN 53357, carga de caja \u00fanica \u226515kg, \u00edndice de deformaci\u00f3n &lt;0,3%. La cantidad de aplicaci\u00f3n de cola en la superficie de cart\u00f3n alcanza los 8g\/m\u00b2, y el rendimiento a prueba de humedad se mejora en 60% (consulte el resultado de la b\u00fasqueda de normas de envasado respetuosas con el medio ambiente), lo que cumple los estrictos requisitos de la normativa REACH de la UE sobre materiales de envasado.<\/p>\n<h3 id=\"-2-minimalist-design-visual-expression-of-industrial-aesthetics-\"><strong>2. Dise\u00f1o minimalista: expresi\u00f3n visual de la est\u00e9tica industrial<\/strong><\/h3>\n<p>-\u00a0<strong>Dise\u00f1o estructural<\/strong>: estampado con molde de chapa de acero laminado en fr\u00edo de 0,8 mm de espesor, el error de uniformidad del espesor de la pared de la caja \u22640,1 mm.\u00a0<strong>Sistema visual<\/strong>: -\u00a0<strong>Control del color<\/strong>: Pantone 11-0601 TCX (blanco puro) como color principal, con l\u00ednea de estampaci\u00f3n en caliente de 0,3 mm de ancho (diferencia de color \u0394E\u22641,5); -.\u00a0<strong>Nivel de informaci\u00f3n<\/strong>: impresi\u00f3n en cuatricrom\u00eda + proceso de gofrado UV local, rugosidad t\u00e1ctil del LOGO de la marca Ra\u22653,0\u03bcm, reconocimiento Braille aumentado en 40%.<\/p>\n<h3 id=\"-3-printing-technology-accurate-delivery-of-brand-value-\"><strong>3. Tecnolog\u00eda de impresi\u00f3n: entrega precisa del valor de marca<\/strong><\/h3>\n<p>-\u00a0<strong>Impresi\u00f3n de alta precisi\u00f3n<\/strong>: Unidad de impresi\u00f3n alemana Heidelberg de seis colores, que consigue una precisi\u00f3n de sobreimpresi\u00f3n de 0,05 mm (media del sector: 0,15 mm), reproducci\u00f3n del color \u0394E\u22641,2; -\u00a0<strong>Tecnolog\u00eda antifalsificaci\u00f3n<\/strong>microtexto integrado (ancho de l\u00ednea de 0,02 mm) y c\u00f3digo QR de datos variables, compatible con la vinculaci\u00f3n de chip NFC (conforme a la norma ISO 14443).<\/p>\n<h3 id=\"-4-human-computer-interaction-minimal-opening-and-efficient-production-\"><strong>4. Interacci\u00f3n persona-ordenador: apertura m\u00ednima y producci\u00f3n eficaz<\/strong><\/h3>\n<p>-\u00a0<strong>Sistema de apertura<\/strong>: cerradura magn\u00e9tica + gu\u00eda deslizante de doble seguro, fuerza de apertura \u22641,5N (conforme a las normas ISO 13857 de seguridad infantil), tasa de \u00e9xito de accionamiento con una sola mano \uff1e98%; -\u00a0<strong>Eficacia de la producci\u00f3n<\/strong>Utilizaci\u00f3n de una l\u00ednea de troquelado totalmente autom\u00e1tica (velocidad \u22653000 hojas\/hora), ciclo de moldeo de cajas &lt;8 segundos, capacidad de producci\u00f3n diaria superior a 50.000 piezas.<\/p>\n<h3 id=\"-5-smart-manufacturing-system-hard-core-support-for-large-scale-production-\"><strong>5. Sistema de fabricaci\u00f3n inteligente: apoyo fundamental a la producci\u00f3n a gran escala<\/strong><\/h3>\n<p>-\u00a0<strong>Escala base<\/strong>: Una f\u00e1brica inteligente con una superficie de 5.360 metros cuadrados, equipada con una l\u00ednea alemana BHS de cart\u00f3n de cinco capas (velocidad \u2265 200m\/min); -\u00a0<strong>Respuesta \u00e1gil<\/strong>: Admite la personalizaci\u00f3n de lotes peque\u00f1os (pedido m\u00ednimo de 500 piezas), pruebas r\u00e1pidas en 72 horas y entrega en 48 horas de pedidos urgentes.<\/p>\n<h3 id=\"-6-quality-control-full-link-quality-control-guarantee-\"><strong>6. Control de calidad: garant\u00eda de control de calidad total<\/strong><\/h3>\n<p>-\u00a0<strong>Inspecci\u00f3n de tres niveles<\/strong>: - Fin de la materia prima: Cada lote de cart\u00f3n se somete a pruebas de peso en gramos\/resistencia a la compresi\u00f3n\/agente fluorescente (consulte el proceso de inspecci\u00f3n de calidad de los resultados de la b\u00fasqueda); - Final de la producci\u00f3n: El sistema de inspecci\u00f3n visual en l\u00ednea examina los defectos de impresi\u00f3n en tiempo real (tasa de detecci\u00f3n \uff1e99,9%); - Final del producto acabado: Inspecci\u00f3n de calidad certificada por terceros (incluida la prueba de ca\u00edda\/vibraci\u00f3n\/ca\u00edda). -\u00a0<strong>Sistema de certificaci\u00f3n<\/strong>: Certificaci\u00f3n ISO 9001\/BRCGS\/FSC aprobada, y el informe de inspecci\u00f3n de calidad puede rastrearse hasta el lote de materia prima.<\/p>\n<h3 id=\"-7-design-empowerment-in-depth-insight-into-industry-trends-\"><strong>7. Potenciaci\u00f3n del dise\u00f1o: conocimiento en profundidad de las tendencias del sector<\/strong><\/h3>\n<p>El \"Laboratorio de envasado de cigarrillos electr\u00f3nicos\", compuesto por 8 ingenieros superiores de envasado, ofrece tres importantes servicios innovadores: -\u00a0<strong>Predicci\u00f3n de tendencias<\/strong>: Publicar trimestralmente el \"Libro Blanco sobre Tecnolog\u00eda de Envasado de E-cigarrillos\", que cubre direcciones de vanguardia como la estructura de succi\u00f3n magn\u00e9tica\/materiales degradables.\u00a0<strong>Reserva de patentes<\/strong>: Posee 18 patentes de estructuras de envasado (incluidas 5 PCT internacionales), y el cierre magn\u00e9tico de succi\u00f3n tiene una vida \u00fatil de 10.000 aperturas y cierres.\u00a0<strong>Soluci\u00f3n a medida<\/strong>: Admite dise\u00f1os integrados como la pantalla de control inteligente de la temperatura y el indicador luminoso de cartucho restante (consulte los casos premiados en los resultados de b\u00fasqueda).<\/p>\n<p><strong>Que cada envase se convierta en una declaraci\u00f3n visual de la fuerza t\u00e9cnica de la marca.<\/strong><\/p>","protected":false},"excerpt":{"rendered":"<p><strong>ZOJO Print | Customized e-cigarette cartridge packaging cardboard box--Using industrial aesthetics and intelligent production to enable brand value to leap forward<\/strong><\/p>\n<p>En la actual iteraci\u00f3n de alta velocidad de la industria de los cigarrillos electr\u00f3nicos, el envase no es s\u00f3lo un contenedor de productos, sino tambi\u00e9n el principal portador de la imagen de marca y el cumplimiento. ZOJO Print se ha implicado a fondo en el campo del envasado de cigarrillos electr\u00f3nicos, y ha desarrollado una soluci\u00f3n de caja de cart\u00f3n que combina seguridad, protecci\u00f3n medioambiental y sentido del dise\u00f1o de acuerdo con las caracter\u00edsticas de los cartuchos.<\/p>","protected":false},"featured_media":10224,"template":"","meta":[],"product_brand":[],"product_cat":[30,420,430,31],"product_tag":[1375,1126,1374],"class_list":{"0":"post-10223","1":"product","2":"type-product","3":"status-publish","4":"has-post-thumbnail","6":"product_cat-by-industry","7":"product_cat-custom-cannabis-boxes","8":"product_cat-folding-cartons","9":"product_cat-paper-box-style","10":"product_tag-box-wholesale-rates-maker","11":"product_tag-cardboard-box-wholesale","12":"product_tag-custom-vape-pods-packaging","14":"first","15":"instock","16":"shipping-taxable","17":"product-type-grouped"},"_links":{"self":[{"href":"https:\/\/zojopackaging.com\/es\/wp-json\/wp\/v2\/product\/10223","targetHints":{"allow":["GET"]}}],"collection":[{"href":"https:\/\/zojopackaging.com\/es\/wp-json\/wp\/v2\/product"}],"about":[{"href":"https:\/\/zojopackaging.com\/es\/wp-json\/wp\/v2\/types\/product"}],"version-history":[{"count":1,"href":"https:\/\/zojopackaging.com\/es\/wp-json\/wp\/v2\/product\/10223\/revisions"}],"predecessor-version":[{"id":10230,"href":"https:\/\/zojopackaging.com\/es\/wp-json\/wp\/v2\/product\/10223\/revisions\/10230"}],"wp:featuredmedia":[{"embeddable":true,"href":"https:\/\/zojopackaging.com\/es\/wp-json\/wp\/v2\/media\/10224"}],"wp:attachment":[{"href":"https:\/\/zojopackaging.com\/es\/wp-json\/wp\/v2\/media?parent=10223"}],"wp:term":[{"taxonomy":"product_brand","embeddable":true,"href":"https:\/\/zojopackaging.com\/es\/wp-json\/wp\/v2\/product_brand?post=10223"},{"taxonomy":"product_cat","embeddable":true,"href":"https:\/\/zojopackaging.com\/es\/wp-json\/wp\/v2\/product_cat?post=10223"},{"taxonomy":"product_tag","embeddable":true,"href":"https:\/\/zojopackaging.com\/es\/wp-json\/wp\/v2\/product_tag?post=10223"}],"curies":[{"name":"wp","href":"https:\/\/api.w.org\/{rel}","templated":true}]}}