{"id":10231,"date":"2025-04-05T15:29:54","date_gmt":"2025-04-05T07:29:54","guid":{"rendered":"https:\/\/zojopackaging.com\/?post_type=product&#038;p=10231"},"modified":"2025-04-05T15:38:12","modified_gmt":"2025-04-05T07:38:12","slug":"customized-vape-pod-folding-cardboard-box-packaging-boxes","status":"publish","type":"product","link":"https:\/\/zojopackaging.com\/es\/product\/customized-vape-pod-folding-cardboard-box-packaging-boxes\/","title":{"rendered":"Vape personalizado POD Plegable Caja de cart\u00f3n Cajas de embalaje"},"content":{"rendered":"<h3 id=\"-1-structural-innovation-the-minimalist-philosophy-of-the-classic-double-insert-card-box-\"><strong>1. Innovaci\u00f3n estructural: la filosof\u00eda minimalista de la cl\u00e1sica caja de cart\u00f3n de doble inserci\u00f3n<\/strong><\/h3>\n<p>Adopte\u00a0<strong>Estampaci\u00f3n de moldes de chapa de acero laminado en fr\u00edo de 0,8 mm de espesor<\/strong>, el error de uniformidad del espesor de la pared de la caja \u22640,1 mm, y lograr\u00a0<strong>Apertura y cierre ultrarr\u00e1pidos en 3 segundos<\/strong>\u00a0(fuerza de apertura medida \u22641,2N). El dise\u00f1o de hebilla de doble inserci\u00f3n ha superado la certificaci\u00f3n de seguridad infantil ISO 13857, requiere una fuerza de tracci\u00f3n superior a 2,5N para abrirse y el \u00edndice de da\u00f1os durante el transporte es inferior a 0,3% (fuente de los datos: informe del laboratorio de materiales de embalaje 2024).<\/p>\n<h3 id=\"-2-visual-empowerment-scenario-based-customized-printing-technology-\"><strong>2. Potenciaci\u00f3n visual: tecnolog\u00eda de impresi\u00f3n personalizada basada en escenarios<\/strong><\/h3>\n<p>-\u00a0<strong>Igualaci\u00f3n de colores planos Pantone<\/strong>: Adopta la unidad de impresi\u00f3n alemana Heidelberg de seis colores, logrando una precisi\u00f3n de sobreimpresi\u00f3n de 0,05 mm (\u0394E\u22641,2), compatible con el proceso de estampado en relieve Pantone 19-3939 TCX (Azul Real) + Oro Rosa;<\/p>\n<p>-\u00a0<strong>Dise\u00f1o visual din\u00e1mico<\/strong>: Mediante el proceso de gofrado local UV (altura 0,3 mm), el escenario de uso del producto se transforma en un diagrama 3D t\u00e1ctil, y la eficacia de transmisi\u00f3n de la informaci\u00f3n mejora en 50%.<\/p>\n<h3 id=\"-3-intelligent-production-industrial-grade-efficiency-and-quality-control-\"><strong>3. Producci\u00f3n inteligente: eficiencia y control de calidad de nivel industrial<\/strong><\/h3>\n<p>-\u00a0<strong>L\u00ednea de producci\u00f3n automatizada<\/strong>: Equipada con una l\u00ednea de cart\u00f3n de cinco capas BHS alemana (velocidad \u2265200m\/min), la capacidad de producci\u00f3n diaria supera las 50.000 piezas;<\/p>\n<p>-\u00a0<strong>Sistema de control de calidad<\/strong>: Superada la certificaci\u00f3n ISO 9001\/BRCGS, cada lote se somete a 12 inspecciones de calidad (incluidas pruebas de ca\u00edda\/vibraci\u00f3n\/ca\u00edda), y el \u00edndice de aprobaci\u00f3n es del 99,99%.<\/p>\n<h3 id=\"-4-material-revolution-durable-aesthetics-of-matte-coating-\"><strong>4. La revoluci\u00f3n de los materiales: La est\u00e9tica duradera del revestimiento mate<\/strong><\/h3>\n<p>-\u00a0<strong>Selecci\u00f3n de papel facial<\/strong>: Cart\u00f3n blanco de 350 g (certificado FSC) + revestimiento PET mate de 0,2 mm, rugosidad superficial Ra\u22640,6\u03bcm, resistencia al desgaste superada la prueba de la rueda Taber CS-10 (atenuaci\u00f3n del brillo &lt;5% tras 500 vueltas);<\/p>\n<p>-\u00a0<strong>Tecnolog\u00eda negra antiara\u00f1azos<\/strong>: Los colores oscuros se imprimen con tinta de carbono, combinada con revestimiento nano-hidrof\u00f3bico, y el nivel de resistencia a los ara\u00f1azos alcanza 4H (est\u00e1ndar de prueba de dureza de l\u00e1piz).<\/p>\n<h3 id=\"-5-design-driven-luxury-customization-service-\"><strong>5. Impulsado por el dise\u00f1o: Servicio de personalizaci\u00f3n de lujo<\/strong><\/h3>\n<p>El \"Instituto de Investigaci\u00f3n Est\u00e9tica del Cigarrillo Electr\u00f3nico\", compuesto por 12 dise\u00f1adores de envases de alto nivel, presta tres servicios b\u00e1sicos:<\/p>\n<p>-\u00a0<strong>Predicci\u00f3n de tendencias<\/strong>: Publica trimestralmente el informe \"Electronic Cigarette Packaging Color Trend Report\", que cubre aspectos de vanguardia como la estructura de succi\u00f3n magn\u00e9tica o los materiales degradables;<\/p>\n<p>-\u00a0<strong>Expansi\u00f3n inteligente<\/strong>: Soporta la implantaci\u00f3n de chip NFC (conforme a la norma ISO 14443), etiquetas sensoras de temperatura y humedad (precisi\u00f3n \u00b10,5\u2103).<\/p>\n<h3 id=\"-6-industry-accumulation-global-brand-service-network-\"><strong>6. Acumulaci\u00f3n industrial: red mundial de servicios de marca<\/strong><\/h3>\n<p>-\u00a0<strong>Caso de referencia<\/strong>: -\u00a0<strong>Una marca norteamericana<\/strong>: Gracias a la hebilla magn\u00e9tica a prueba de ni\u00f1os + la tecnolog\u00eda de impresi\u00f3n UV, la tasa de devoluci\u00f3n de embalajes se reduce en 70%;<\/p>\n<p>-\u00a0<strong>Soluci\u00f3n de conformidad europea<\/strong>: El chip RFID integrado rastrea la informaci\u00f3n log\u00edstica, de acuerdo con la normativa europea TPD;<\/p>\n<p>-\u00a0<strong>Respuesta r\u00e1pida<\/strong>Prueba r\u00e1pida en 72 horas, posibilidad de personalizar peque\u00f1os lotes (pedido m\u00ednimo de 300 unidades).<\/p>\n<h3 id=\"-7-green-commitment-full-link-sustainable-solution-\"><strong>7. Compromiso ecol\u00f3gico: soluci\u00f3n sostenible de enlace completo<\/strong><\/h3>\n<p>-\u00a0<strong>Certificaci\u00f3n FSC<\/strong>: Los materiales son trazables, han superado la certificaci\u00f3n forestal internacional FSC y ofrecen una calidad reconocida por las grandes marcas.<\/p>\n<p>-\u00a0<strong>Dise\u00f1o circular<\/strong>: El cuerpo de la caja admite 5 ciclos, y el forro es extra\u00edble y lavable (consulte la tecnolog\u00eda de fibra de paja degradable);<\/p>\n<p><strong>Que cada caja de papel se convierta en una declaraci\u00f3n visual de la fuerza t\u00e9cnica de la marca.<\/strong><\/p>","protected":false},"excerpt":{"rendered":"<p><strong>ZOJO Print | Customized Vape POD caja de cart\u00f3n plegable--Reformando el nuevo punto de referencia de los envases de cigarrillos electr\u00f3nicos con la est\u00e9tica industrial y la producci\u00f3n inteligente<\/strong><\/p>\n<p>Hoy en d\u00eda, cuando la industria de los cigarrillos electr\u00f3nicos persigue la ligereza y la protecci\u00f3n del medio ambiente, ZOJO Print, con 16 a\u00f1os de experiencia en la fabricaci\u00f3n inteligente de envases, proporciona a los productos Vape POD soluciones de cajas de cart\u00f3n plegables que combinan funcionalidad, seguridad y dise\u00f1o.<\/p>","protected":false},"featured_media":10234,"template":"","meta":[],"product_brand":[],"product_cat":[30,420,430,31],"product_tag":[1376,1364,1377],"class_list":{"0":"post-10231","1":"product","2":"type-product","3":"status-publish","4":"has-post-thumbnail","6":"product_cat-by-industry","7":"product_cat-custom-cannabis-boxes","8":"product_cat-folding-cartons","9":"product_cat-paper-box-style","10":"product_tag-custom-vape-pod-box","11":"product_tag-packaging-boxes","12":"product_tag-pod-folding-cardboard-box","14":"first","15":"instock","16":"shipping-taxable","17":"product-type-grouped"},"_links":{"self":[{"href":"https:\/\/zojopackaging.com\/es\/wp-json\/wp\/v2\/product\/10231","targetHints":{"allow":["GET"]}}],"collection":[{"href":"https:\/\/zojopackaging.com\/es\/wp-json\/wp\/v2\/product"}],"about":[{"href":"https:\/\/zojopackaging.com\/es\/wp-json\/wp\/v2\/types\/product"}],"version-history":[{"count":1,"href":"https:\/\/zojopackaging.com\/es\/wp-json\/wp\/v2\/product\/10231\/revisions"}],"predecessor-version":[{"id":10238,"href":"https:\/\/zojopackaging.com\/es\/wp-json\/wp\/v2\/product\/10231\/revisions\/10238"}],"wp:featuredmedia":[{"embeddable":true,"href":"https:\/\/zojopackaging.com\/es\/wp-json\/wp\/v2\/media\/10234"}],"wp:attachment":[{"href":"https:\/\/zojopackaging.com\/es\/wp-json\/wp\/v2\/media?parent=10231"}],"wp:term":[{"taxonomy":"product_brand","embeddable":true,"href":"https:\/\/zojopackaging.com\/es\/wp-json\/wp\/v2\/product_brand?post=10231"},{"taxonomy":"product_cat","embeddable":true,"href":"https:\/\/zojopackaging.com\/es\/wp-json\/wp\/v2\/product_cat?post=10231"},{"taxonomy":"product_tag","embeddable":true,"href":"https:\/\/zojopackaging.com\/es\/wp-json\/wp\/v2\/product_tag?post=10231"}],"curies":[{"name":"wp","href":"https:\/\/api.w.org\/{rel}","templated":true}]}}