{"id":10239,"date":"2025-04-05T15:41:20","date_gmt":"2025-04-05T07:41:20","guid":{"rendered":"https:\/\/zojopackaging.com\/?post_type=product&#038;p=10239"},"modified":"2025-04-05T16:03:28","modified_gmt":"2025-04-05T08:03:28","slug":"customized-pre-roll-cigarette-boxes-fast-delivery-cardboard-box","status":"publish","type":"product","link":"https:\/\/zojopackaging.com\/es\/product\/customized-pre-roll-cigarette-boxes-fast-delivery-cardboard-box\/","title":{"rendered":"Personalizado Pre Roll Cajas de cigarrillos Entrega r\u00e1pida Caja de cart\u00f3n"},"content":{"rendered":"<h3 id=\"-1-structural-innovation-the-minimalist-philosophy-of-opening-and-closing-cigarette-boxes-\"><strong>1. Innovaci\u00f3n estructural: la filosof\u00eda minimalista de abrir y cerrar las cajas de cigarrillos<\/strong><\/h3>\n<p>Adoptar\u00a0<strong>Estampaci\u00f3n de moldes de chapa de acero laminado en fr\u00edo de 0,8 mm de espesor<\/strong>, el error de uniformidad del espesor de la pared de la caja es \u22640,1 mm, consiguiendo\u00a0<strong>Apertura y cierre ultrarr\u00e1pidos en 3 segundos<\/strong>\u00a0(fuerza de apertura medida \u22641,2N). Inspirada en el concepto de dise\u00f1o de las coronas de los relojes de alta gama, la\u00a0<strong>sistema de hebilla de doble seguro<\/strong>\u00a0se a\u00f1ade de forma innovadora, requiere una fuerza de tracci\u00f3n de m\u00e1s de 2,5N para abrirse (de acuerdo con las normas de seguridad infantil ISO 13857), y el \u00edndice de da\u00f1os durante el transporte es inferior a 0,3% (fuente de datos: informe del laboratorio de materiales de envasado 2024).<\/p>\n<h3 id=\"-2-visual-narrative-scenario-based-customized-printing-technology-\"><strong>2. Narrativa visual: Tecnolog\u00eda de impresi\u00f3n personalizada basada en escenarios<\/strong><\/h3>\n<p>-\u00a0<strong>Igualaci\u00f3n de colores planos Pantone<\/strong>: Adopta una unidad de impresi\u00f3n alemana Heidelberg de seis colores, que logra una precisi\u00f3n de sobreimpresi\u00f3n de 0,05 mm (\u0394E\u22641,2), compatible con el proceso de estampado en relieve Pantone 19-3939 TCX (azul real) + oro rosa;<\/p>\n<p>-\u00a0<strong>Dise\u00f1o visual din\u00e1mico<\/strong>: Mediante el proceso de gofrado local UV (altura 0,3 mm), la escena de plantaci\u00f3n de tabaco se transforma en un diagrama 3D t\u00e1ctil, y la eficacia de transmisi\u00f3n de la informaci\u00f3n aumenta en 50%.<\/p>\n<h3 id=\"-3-modeling-breakthrough-industrial-expression-of-geometric-aesthetics-\"><strong>3. Avance en el modelado: expresi\u00f3n industrial de la est\u00e9tica geom\u00e9trica<\/strong><\/h3>\n<p>-\u00a0<strong>Innovaci\u00f3n estructural<\/strong>: Rompiendo la tradicional forma cil\u00edndrica, adoptando\u00a0<strong>corte de la proporci\u00f3n \u00e1urea<\/strong>, el cuerpo de la caja se inclina en un \u00e1ngulo de 12\u00b0 y se ajusta a la curva ergon\u00f3mica de agarre; -\u00a0<strong>Dise\u00f1o patentado<\/strong>: Con la patente de la \"estructura amortiguadora de nido de abeja\", la resistencia a la compresi\u00f3n ha aumentado en 80%, y ha superado la prueba de transporte ISTA 3A.<\/p>\n<h3 id=\"-4-environmental-commitment-forest-certification-system-material-\"><strong>4. Compromiso medioambiental: material del sistema de certificaci\u00f3n forestal<\/strong><\/h3>\n<p>-\u00a0<strong>Selecci\u00f3n de materiales<\/strong>: Estructura compuesta de cart\u00f3n gris de 1200 g + cart\u00f3n blanco de 350 g con certificaci\u00f3n FSC, emisi\u00f3n de formaldeh\u00eddo \u22640,01 mg\/m\u00b3 (certificaci\u00f3n de pruebas SGS);<\/p>\n<p>-\u00a0<strong>Proceso de seguridad<\/strong>Tratamiento de la superficie con barniz al agua (contenido de COV \u226450g\/L), certificado FDA para contacto con alimentos.<\/p>\n<h3 id=\"-5-brand-empowerment-luxury-customization-service-\"><strong>5. Potenciaci\u00f3n de la marca: servicio de personalizaci\u00f3n de lujo<\/strong><\/h3>\n<p>El \"Instituto de Investigaci\u00f3n de la Est\u00e9tica del Tabaco\", compuesto por 12 dise\u00f1adores superiores de envases, presta tres servicios b\u00e1sicos:<\/p>\n<p>-\u00a0<strong>Implantaci\u00f3n de genes de marca<\/strong>Grabado LOGO por l\u00e1ser (precisi\u00f3n \u00b10,02 mm) + estampaci\u00f3n en caliente (espesor 0,3 mm) proceso combinado;<\/p>\n<p>-\u00a0<strong>Ampliaci\u00f3n inteligente<\/strong>: admiten la implantaci\u00f3n de chips NFC (de conformidad con la norma ISO 14443), etiquetas detectoras de temperatura y humedad (precisi\u00f3n \u00b10,5\u2103).<\/p>\n<h3 id=\"-6-texture-revolution-matt-lamination-process-\"><strong>6. La revoluci\u00f3n de las texturas: Proceso de laminaci\u00f3n mate<\/strong><\/h3>\n<p>-\u00a0<strong>Tratamiento de superficies<\/strong>: Adopta laminado PET mate personalizado Henkel alem\u00e1n (brillo \u226415GU), coeficiente de fricci\u00f3n \u22640,15, nivel de resistencia a los ara\u00f1azos de hasta 4H (prueba de dureza del l\u00e1piz); -.\u00a0<strong>Optimizaci\u00f3n t\u00e1ctil<\/strong>: Tratamiento micromate de la superficie (Ra\u22640,8\u03bcm), el tacto es tan delicado como la seda, y la tasa de residuos de huellas dactilares se reduce en 90%.<\/p>\n<h3 id=\"-7-agile-smart-manufacturing-72-hour-ultra-fast-delivery-system-\"><strong>7. Fabricaci\u00f3n \u00e1gil e inteligente: Sistema de entrega ultrarr\u00e1pida en 72 horas<\/strong><\/h3>\n<p>-\u00a0<strong>Base de fabricaci\u00f3n inteligente<\/strong>: Una f\u00e1brica inteligente con una superficie de 15.000 metros cuadrados, equipada con una l\u00ednea de cart\u00f3n alemana BHS de cinco capas (velocidad del veh\u00edculo \u2265 200m\/min);<\/p>\n<p>-\u00a0<strong>Norma de control de calidad<\/strong>: Superada la certificaci\u00f3n ISO 9001\/BRCGS, cada lote se somete a 12 inspecciones de calidad (incluidas pruebas de ca\u00edda\/vibraci\u00f3n\/ca\u00edda), y el \u00edndice de aprobaci\u00f3n es del 99,99%;<\/p>\n<p>-\u00a0<strong>Respuesta r\u00e1pida<\/strong>: Admite la personalizaci\u00f3n de lotes peque\u00f1os (pedido m\u00ednimo de 300 piezas), pruebas r\u00e1pidas en 72 horas y entrega en 48 horas para pedidos urgentes.<\/p>\n<p><strong>Que cada envase se convierta en una declaraci\u00f3n visual de la fuerza t\u00e9cnica de la marca.<\/strong><\/p>","protected":false},"excerpt":{"rendered":"<p><strong>ZOJO Print | Caja de cart\u00f3n para cigarrillos Pre-roll personalizada entrega r\u00e1pida - remodelando el nuevo punto de referencia del empaquetado de tabaco con est\u00e9tica industrial y fabricaci\u00f3n \u00e1gil<\/strong><\/p>\n<p>En el mercado de consumo de tabaco de gama alta, el envase no es s\u00f3lo un contenedor de producto, sino tambi\u00e9n el principal portador del tono de la marca y de la conexi\u00f3n emocional con el consumidor. ZOJO Print se ha implicado a fondo en el campo del envasado de tabaco y ha desarrollado una soluci\u00f3n de caja de cart\u00f3n que combina funcionalidad, arte y entrega \u00e1gil basada en las caracter\u00edsticas de los cigarrillos Pre-roll.<\/p>","protected":false},"featured_media":10252,"template":"","meta":[],"product_brand":[],"product_cat":[30,420,430,31],"product_tag":[1378,1380,1379],"class_list":{"0":"post-10239","1":"product","2":"type-product","3":"status-publish","4":"has-post-thumbnail","6":"product_cat-by-industry","7":"product_cat-custom-cannabis-boxes","8":"product_cat-folding-cartons","9":"product_cat-paper-box-style","10":"product_tag-customized-pre-roll-box","11":"product_tag-fast-delivery-cardboard-box","12":"product_tag-pre-roll-cigarette-boxes","14":"first","15":"instock","16":"shipping-taxable","17":"product-type-grouped"},"_links":{"self":[{"href":"https:\/\/zojopackaging.com\/es\/wp-json\/wp\/v2\/product\/10239","targetHints":{"allow":["GET"]}}],"collection":[{"href":"https:\/\/zojopackaging.com\/es\/wp-json\/wp\/v2\/product"}],"about":[{"href":"https:\/\/zojopackaging.com\/es\/wp-json\/wp\/v2\/types\/product"}],"version-history":[{"count":1,"href":"https:\/\/zojopackaging.com\/es\/wp-json\/wp\/v2\/product\/10239\/revisions"}],"predecessor-version":[{"id":10240,"href":"https:\/\/zojopackaging.com\/es\/wp-json\/wp\/v2\/product\/10239\/revisions\/10240"}],"wp:featuredmedia":[{"embeddable":true,"href":"https:\/\/zojopackaging.com\/es\/wp-json\/wp\/v2\/media\/10252"}],"wp:attachment":[{"href":"https:\/\/zojopackaging.com\/es\/wp-json\/wp\/v2\/media?parent=10239"}],"wp:term":[{"taxonomy":"product_brand","embeddable":true,"href":"https:\/\/zojopackaging.com\/es\/wp-json\/wp\/v2\/product_brand?post=10239"},{"taxonomy":"product_cat","embeddable":true,"href":"https:\/\/zojopackaging.com\/es\/wp-json\/wp\/v2\/product_cat?post=10239"},{"taxonomy":"product_tag","embeddable":true,"href":"https:\/\/zojopackaging.com\/es\/wp-json\/wp\/v2\/product_tag?post=10239"}],"curies":[{"name":"wp","href":"https:\/\/api.w.org\/{rel}","templated":true}]}}