{"id":10241,"date":"2025-04-05T15:49:32","date_gmt":"2025-04-05T07:49:32","guid":{"rendered":"https:\/\/zojopackaging.com\/?post_type=product&#038;p=10241"},"modified":"2025-04-05T15:59:53","modified_gmt":"2025-04-05T07:59:53","slug":"custom-child-resistant-packaging-for-cbd-products-drawer-box","status":"publish","type":"product","link":"https:\/\/zojopackaging.com\/es\/product\/custom-child-resistant-packaging-for-cbd-products-drawer-box\/","title":{"rendered":"Envases personalizados a prueba de ni\u00f1os para cajones de productos CBD"},"content":{"rendered":"<h3 id=\"-1-safety-protection-patented-child-proof-buckle-and-color-psychology-integration-\"><strong>1. Protecci\u00f3n de seguridad: hebilla a prueba de ni\u00f1os patentada e integraci\u00f3n de la psicolog\u00eda del color.<\/strong><\/h3>\n<p>-\u00a0<strong>Sistema de seguridad para ni\u00f1os<\/strong>: Adopta una estructura de cerradura: los ni\u00f1os no pueden abrirla, protegiendo eficazmente la salud de los ni\u00f1os, y cumpliendo los requisitos t\u00e9cnicos y las normas de las cerraduras para ni\u00f1os de Estados Unidos, Canad\u00e1 y otros pa\u00edses.<\/p>\n<p>-\u00a0<strong>Color degradado<\/strong>: Utilizando la unidad de impresi\u00f3n de ocho colores alemana Heidelberg, se consigue una transici\u00f3n de gradiente de grado de 0,03 mm (Pantone 19-3939 TCX p\u00farpura a 16-3938 TCX rojo rosa), diferencia de color \u0394E\u22640,8, y el espectro din\u00e1mico se simula mediante efecto de rejilla, lo que aumenta el atractivo visual en 70%.<\/p>\n<h3 id=\"-2-space-revolution-modular-lining-and-size-customization-\"><strong>2. Revoluci\u00f3n espacial: Forro modular y personalizaci\u00f3n del tama\u00f1o<\/strong><\/h3>\n<p>-\u00a0<strong>Estructura flexible<\/strong>: Adopta un revestimiento hexagonal en forma de panal (desmontable), permite alojar de 3 a 6 cartuchos CBD al mismo tiempo y aumenta el aprovechamiento del espacio en 40%;<\/p>\n<p>-\u00a0<strong>Personalizaci\u00f3n del tama\u00f1o<\/strong>: Cartucho de ajuste m\u00ednimo \u03a615mm, peso m\u00e1ximo de carga 200g, estructura de carga optimizada por an\u00e1lisis de elementos finitos (resistencia a la compresi\u00f3n \u2265 250N).<\/p>\n<h3 id=\"-3-material-innovation-gray-board-copper-plate-composite-process-\"><strong>3. Innovaci\u00f3n de materiales: Proceso compuesto de placa de cobre de cart\u00f3n gris<\/strong><\/h3>\n<p>-\u00a0<strong>Selecci\u00f3n del material base<\/strong>: Cart\u00f3n gris de 1200 g (certificado FSC) + compuesto de papel estucado de 200 g, cantidad de aplicaci\u00f3n de cola superficial de 10 g\/m\u00b2, el rendimiento a prueba de humedad supera la prueba de condensaci\u00f3n de 72 horas (humedad \u2264 85%);<\/p>\n<p>-\u00a0<strong>Tecnolog\u00eda antideformaci\u00f3n<\/strong>: Las cuatro esquinas del cuerpo de la caja adoptan un dise\u00f1o de nervadura de refuerzo triangular (\u00e1ngulo de 45\u00b0), \u00edndice de deformaci\u00f3n &lt;0,15% (consulte la norma ISO 12048).<\/p>\n<h3 id=\"-4-brand-empowerment-fashion-elements-and-craftsmanship-empowerment-\"><strong>4. Potenciaci\u00f3n de la marca: Elementos de moda y potenciaci\u00f3n de la artesan\u00eda<\/strong><\/h3>\n<p>-\u00a0<strong>Sistema visual<\/strong>: -\u00a0<strong>Colisi\u00f3n de colores<\/strong>: Color principal p\u00farpura espacial profundo con l\u00edneas plateadas calientes por l\u00e1ser (brillo \u2265 95GU), rugosidad al tacto Ra \u2265 4,0\u03bcm;<\/p>\n<p>-\u00a0<strong>Impresi\u00f3n inteligente<\/strong>: Tinta integrada de temperatura variable (31-36\u2103 de reproducci\u00f3n crom\u00e1tica) y capa luminosa (luminiscencia continua durante 8 horas) para mejorar la experiencia interactiva.<\/p>\n<p>-\u00a0<strong>Implantaci\u00f3n de elementos<\/strong>: Admite el grabado l\u00e1ser de patrones de ADN de marca (precisi\u00f3n \u00b1 0,01 mm) + parche de proyecci\u00f3n hologr\u00e1fica din\u00e1mica (compatible con la norma ISO 18000-63).<\/p>\n<h3 id=\"-5-process-breakthrough-dual-upgrade-of-touch-and-vision-\"><strong>5. Avance del proceso: doble mejora del tacto y la visi\u00f3n<\/strong><\/h3>\n<p>-\u00a0<strong>Proceso de gofrado<\/strong>: Transferencia de placa de grabado met\u00e1lica de 0,5 mm de espesor, altura convexa de 0,3 mm (conforme a las normas de reconocimiento Braille), resistencia al desgaste superada la prueba de la rueda Taber CS-10 (\u00edndice de retenci\u00f3n de claridad tras 1000 vueltas&gt; 95%);<\/p>\n<p>-\u00a0<strong>Acristalamiento local UV<\/strong>: con aceite UV alem\u00e1n Henkel (grosor 5\u03bcm), contraste de brillo 1:5, nivel de resistencia al rayado 4H (prueba de dureza del l\u00e1piz).<\/p>\n<h3 id=\"-6-industry-precipitation-global-brand-service-network-\"><strong>6. Precipitaci\u00f3n en el sector: red mundial de servicios de marca<\/strong><\/h3>\n<p>-\u00a0<strong>Caso de referencia<\/strong>: -\u00a0<strong>L\u00edder norteamericano en CBD<\/strong>: hebilla magn\u00e9tica a prueba de ni\u00f1os + proceso de gradiente, la tasa de recompra de embalajes aument\u00f3 en 150%;<\/p>\n<p>-\u00a0<strong>Soluci\u00f3n de conformidad europea<\/strong>: log\u00edstica de seguimiento con chip NFC integrado, conforme a la normativa TPD de la UE;<\/p>\n<p>-\u00a0<strong>Respuesta r\u00e1pida<\/strong>: 72 horas de pruebas r\u00e1pidas, admiten la personalizaci\u00f3n de peque\u00f1os lotes (pedido m\u00ednimo de 200 piezas).<\/p>\n<h3 id=\"-7-smart-manufacturing-system-agile-production-and-quality-control-\"><strong>7. Sistema de fabricaci\u00f3n inteligente: producci\u00f3n \u00e1gil y control de calidad<\/strong><\/h3>\n<p>-\u00a0<strong>L\u00ednea de producci\u00f3n automatizada<\/strong>: equipada con l\u00ednea de troquelado BHS alemana totalmente autom\u00e1tica (velocidad \u2265 3500 hojas\/hora), con una capacidad de producci\u00f3n diaria de m\u00e1s de 8000 piezas;<\/p>\n<p>-\u00a0<strong>Normas de control de calidad<\/strong>: Certificado ISO 9001\/BRCGS, cada lote se somete a 15 inspecciones de calidad (incluida la prueba de atenuaci\u00f3n magn\u00e9tica\/prueba de solidez del color\/prueba de ca\u00edda), con un \u00edndice de aprobados del 99,98%;<\/p>\n<p>-\u00a0<strong>Compromiso sostenible<\/strong>: Lanzamiento del plan \"envases de carbono cero\", con una huella de carbono de \u2264180g de CO\u2082e por caja (certificado por Carbon Trust).<\/p>\n<p><strong>Que cada cajonera se convierta en un perfecto portador de la fuerza tecnol\u00f3gica y el cuidado humanista de la marca.<\/strong><\/p>","protected":false},"excerpt":{"rendered":"<p><strong>ZOJO Print | Envase a prueba de ni\u00f1os para cajones de CBD personalizados: una nueva referencia para el envasado de productos de cannabis de gama alta con est\u00e9tica industrial y protecci\u00f3n inteligente<\/strong><\/p>\n<p>En el campo del envasado de productos CBD, el equilibrio entre seguridad y dise\u00f1o se ha convertido en el n\u00facleo de competitividad de las marcas para hacerse con el mercado de gama alta. ZOJO Print lleva 16 a\u00f1os dedic\u00e1ndose en profundidad al envasado de productos de cannabis, y ha desarrollado una soluci\u00f3n de caja caj\u00f3n que combina seguridad a prueba de ni\u00f1os, impacto visual y funciones espaciales basadas en las caracter\u00edsticas de los productos de CBD.<\/p>","protected":false},"featured_media":10246,"template":"","meta":[],"product_brand":[],"product_cat":[30,431,418,31],"product_tag":[1382,1383,1381],"class_list":{"0":"post-10241","1":"product","2":"type-product","3":"status-publish","4":"has-post-thumbnail","6":"product_cat-by-industry","7":"product_cat-child-resistant-packaging","8":"product_cat-custom-cbd-boxes","9":"product_cat-paper-box-style","10":"product_tag-cbd-products-drawer-box","11":"product_tag-child-resistant-packaging","12":"product_tag-custom-child-resistant-packaging","14":"first","15":"instock","16":"shipping-taxable","17":"product-type-simple"},"_links":{"self":[{"href":"https:\/\/zojopackaging.com\/es\/wp-json\/wp\/v2\/product\/10241","targetHints":{"allow":["GET"]}}],"collection":[{"href":"https:\/\/zojopackaging.com\/es\/wp-json\/wp\/v2\/product"}],"about":[{"href":"https:\/\/zojopackaging.com\/es\/wp-json\/wp\/v2\/types\/product"}],"version-history":[{"count":1,"href":"https:\/\/zojopackaging.com\/es\/wp-json\/wp\/v2\/product\/10241\/revisions"}],"predecessor-version":[{"id":10248,"href":"https:\/\/zojopackaging.com\/es\/wp-json\/wp\/v2\/product\/10241\/revisions\/10248"}],"wp:featuredmedia":[{"embeddable":true,"href":"https:\/\/zojopackaging.com\/es\/wp-json\/wp\/v2\/media\/10246"}],"wp:attachment":[{"href":"https:\/\/zojopackaging.com\/es\/wp-json\/wp\/v2\/media?parent=10241"}],"wp:term":[{"taxonomy":"product_brand","embeddable":true,"href":"https:\/\/zojopackaging.com\/es\/wp-json\/wp\/v2\/product_brand?post=10241"},{"taxonomy":"product_cat","embeddable":true,"href":"https:\/\/zojopackaging.com\/es\/wp-json\/wp\/v2\/product_cat?post=10241"},{"taxonomy":"product_tag","embeddable":true,"href":"https:\/\/zojopackaging.com\/es\/wp-json\/wp\/v2\/product_tag?post=10241"}],"curies":[{"name":"wp","href":"https:\/\/api.w.org\/{rel}","templated":true}]}}