{"id":10446,"date":"2025-06-04T15:03:01","date_gmt":"2025-06-04T07:03:01","guid":{"rendered":"https:\/\/zojopackaging.com\/?post_type=product&#038;p=10446"},"modified":"2025-06-04T16:22:11","modified_gmt":"2025-06-04T08:22:11","slug":"empty-luxury-magnetic-closure-eyeshadow-blusher-palettes-box","status":"publish","type":"product","link":"https:\/\/zojopackaging.com\/es\/product\/empty-luxury-magnetic-closure-eyeshadow-blusher-palettes-box\/","title":{"rendered":"Caja vac\u00eda de lujo con cierre magn\u00e9tico para paletas de sombra de ojos y colorete"},"content":{"rendered":"<p><strong>Fant\u00e1stico y extravagante estuche de maquillaje magn\u00e9tico vacante\u00a0<\/strong>est\u00e1 dise\u00f1ado para marcas con encanto que buscan una experiencia de maquillaje excelente y un aspecto de envasado de alto nivel. No es solo un envase, sino tambi\u00e9n un escenario excepcional para sus productos de maquillaje premium, que integra caracter\u00edsticas funcionales con un aspecto lujoso para ofrecer a los clientes una experiencia de uso y apertura de la caja extraordinaria.<\/p>\n<h2 id=\"1-classic-form-functional-design-\">1.\u00a0<strong>Forma cl\u00e1sica, dise\u00f1o funcional:\u00a0<\/strong>.<\/h2>\n<ul>\n<li>Adopte\u00a0<strong>caja rectangular abatible tradicional\u00a0<\/strong>. Las l\u00edneas son suaves y rutinarias, los laterales son claros y el aspecto general es clim\u00e1tico y estable, lo que cumple los est\u00e1ndares visuales de los envases de productos est\u00e9ticos de gama alta.<\/li>\n<li>El marco es seguro y duradero, lo que resulta conveniente para que la pantalla de visualizaci\u00f3n habitual en el punto de venta aproveche al m\u00e1ximo el impacto de la pantalla de visualizaci\u00f3n. Su peque\u00f1o cuerpo tambi\u00e9n es muy f\u00e1cil de transportar, comprar y almacenar a diario, y permite retocar r\u00e1pidamente el maquillaje en cualquier momento y lugar.<\/li>\n<\/ul>\n<h2 id=\"2-magnificent-opening-box-mirror-reflection-\">2.\u00a0<strong>Magn\u00edfica caja de apertura, reflejo de espejo:\u00a0<\/strong>.<\/h2>\n<ul>\n<li>En el momento en que se abre la tapa,\u00a0<strong>una enorme \u00e1rea de espejo incrustado de alta definici\u00f3n\u00a0<\/strong>aparece de inmediato, ocupando la posici\u00f3n central de la tapa. El espejo tiene una gran claridad y un espl\u00e9ndido procesamiento lateral, proporcionando una excelente experiencia de uso similar a la de un espejo de maquillaje especializado.<\/li>\n<li>Este estilo aumenta sustancialmente la facilidad y la satisfacci\u00f3n de los retoques de maquillaje y el cribado del color de los usuarios, e integra perfectamente funciones \u00fatiles (inspecci\u00f3n r\u00e1pida del maquillaje, tintado preciso) con el placer visual (espacio abierto, aumento de la calidad del art\u00edculo).<\/li>\n<\/ul>\n<h2 id=\"3-difficult-substrate-impressive-structure-\">3.\u00a0<strong>Sustrato dif\u00edcil, estructura impresionante:\u00a0<\/strong>.<\/h2>\n<ul>\n<li>El texto del producto est\u00e1 hecho de\u00a0<strong>cart\u00f3n dif\u00edcil seleccionado de alta calidad\u00a0<\/strong>. Cuenta con excelentes\u00a0<strong>estanqueidad y rendimiento del soporte\u00a0<\/strong>que ofrece una s\u00f3lida protecci\u00f3n estructural.<\/li>\n<li>Puede soportar adecuadamente las vibraciones, la extrusi\u00f3n durante el transporte y las colisiones en el uso diario, lo que garantiza la protecci\u00f3n de los productos de maquillaje delicados, como los oscurecedores de ojos y los colorete interiores.<\/li>\n<li>Al mismo tiempo, el cart\u00f3n de alta densidad es\u00a0<strong>un sustrato adecuado para\u00a0<\/strong>proporcionar sofisticados efectos superficiales (como marcado fino en caliente, laminado brillante, UV local, pel\u00edcula t\u00e1ctil, etc.), lo que confiere al envase del producto\u00a0<strong>apariencia superior\u00a0<\/strong>, tacto s\u00f3lido y firme, y visualmente fastuoso.<\/li>\n<\/ul>\n<h2 id=\"4-captivating-shade-emotional-resonance-\">4.\u00a0<strong>Sombra cautivadora, resonancia emocional:\u00a0<\/strong>.<\/h2>\n<ul>\n<li>El tono primario del cuerpo del envase adopta\u00a0<strong>un tono rosa vivo y brillante\u00a0<\/strong>. Esta opci\u00f3n de sombra tiene un\u00a0<strong>impacto est\u00e9tico y reconocimiento de marca\u00a0<\/strong>que puede atraer r\u00e1pidamente la atenci\u00f3n en el lineal y captar el inter\u00e9s de los consumidores.<\/li>\n<li>Adaptarse con precisi\u00f3n a las preferencias est\u00e9ticas de las usuarias en cuanto a amor, delicadeza y vitalidad, estimular la vibraci\u00f3n psicol\u00f3gica y establecer un profundo impacto de marca.<\/li>\n<\/ul>\n<h2 id=\"5-versatile-modification-unique-satisfaction-\">5.\u00a0<strong>Modificaci\u00f3n vers\u00e1til, satisfacci\u00f3n \u00fanica:\u00a0<\/strong>.<\/h2>\n<ul>\n<li>Damos\u00a0<strong>servicios personalizados muy vers\u00e1tiles\u00a0<\/strong>. Ya se trate de la dimensi\u00f3n de la caja (ajust\u00e1ndose a las especificaciones y el n\u00famero de su oscuridad del ojo y al ras), el dise\u00f1o de divisi\u00f3n interior (succi\u00f3n magn\u00e9tica \/ bandeja de pl\u00e1stico o divisores espec\u00edficos), o el estilo de cierre magn\u00e9tico (dureza magn\u00e9tica, la terapia de superficie), la informaci\u00f3n de la estructura del paquete (tales como revestimiento, la posici\u00f3n de fijaci\u00f3n), se puede personalizar espec\u00edficamente de acuerdo a su\u00a0<strong>detalla las necesidades del producto y el tono de la marca\u00a0<\/strong>.<\/li>\n<li>Un dise\u00f1o \u00fanico para resaltar el valor de su producto.<\/li>\n<\/ul>\n<h2 id=\"6-speed-wins-one-action-faster-\">6.\u00a0<strong>Gana la velocidad, una acci\u00f3n m\u00e1s r\u00e1pida:\u00a0<\/strong>.<\/h2>\n<ul>\n<li>Lanzamiento especial\u00a0<strong>\"Servicio \"1 hora de ejemplo r\u00e1pido\u00a0<\/strong>. Despu\u00e9s de recibir sus documentos de estilo o necesidades, nos aseguramos de\u00a0<strong>ofrezca ejemplos de envases en 1 hora\u00a0<\/strong>.<\/li>\n<li>Esta soluci\u00f3n pretende\u00a0<strong>confirmar r\u00e1pidamente el efecto del dise\u00f1o (color, material, proceso, marco)\u00a0<\/strong>La tecnolog\u00eda de la informaci\u00f3n, que acorta sustancialmente el ciclo de prueba, ajuste y verificaci\u00f3n de sus productos, ofrece una s\u00f3lida garant\u00eda de ejecuci\u00f3n para trabajos inmediatos o estrategias de mercado que requieren una r\u00e1pida toma de decisiones,\u00a0<strong>mejorar significativamente la velocidad de lanzamiento de nuevos productos y la capacidad de respuesta del mercado\u00a0<\/strong>.<\/li>\n<\/ul>\n<h2 id=\"7-craftsmanship-inheritance-quality-control-\">7.\u00a0<strong>Herencia artesanal, control de calidad:\u00a0<\/strong>.<\/h2>\n<ul>\n<li>En funci\u00f3n de la profunda experiencia acumulada por la f\u00e1brica en la\u00a0<strong>de envasado e impresi\u00f3n de productos durante muchos a\u00f1os\u00a0<\/strong>y\u00a0<strong>sistema de procedimientos de producci\u00f3n maduro y estable\u00a0<\/strong>.<\/li>\n<li>Comprendemos profundamente y podemos entender con precisi\u00f3n todas sus exigentes necesidades de\u00a0<strong>envases con encanto de alta gama\u00a0<\/strong>- desde una rigurosa selecci\u00f3n de materiales, pasando por una artesan\u00eda encantadora, hasta una exigente garant\u00eda de calidad.<\/li>\n<li><strong>Las excelentes capacidades de producci\u00f3n son la base fundamental para el desarrollo de la mejor alta calidad de YaoSe - High-end Empty Box.\u00a0<\/strong>Cada art\u00edculo personifica nuestra b\u00fasqueda continua de experiencia y alta calidad.<\/li>\n<\/ul>\n<p><strong>YaoSe - Estuche de Maquillaje con Fijaci\u00f3n Magn\u00e9tica de Placa Vac\u00eda de Alta Gama\u00a0<\/strong>Con su hermosa mano de obra, estilo humanizado, aspecto cautivador y servicios de modificaci\u00f3n eficientes, se dedica a convertirse en su fuerte apoyo para la producci\u00f3n de productos de primera calidad. El\u00edjanos, seleccione la excelente unidad de velocidad, alta calidad y alta gama.<\/p>\n<h2 id=\"product-core-advantage-summary-table-\">Cuadro sin\u00f3ptico de las principales ventajas de los productos.<\/h2>\n<table>\n<thead>\n<tr>\n<th>Medici\u00f3n de funciones<\/th>\n<th>Ventajas principales<\/th>\n<th>Incorporaci\u00f3n de Worth<\/th>\n<\/tr>\n<\/thead>\n<tbody>\n<tr>\n<td><strong>Caracter\u00edsticas y estilo<\/strong><\/td>\n<td><strong>1. Tipo de caja rectangular bivalva cl\u00e1sica<\/strong><\/td>\n<td>Atractivo est\u00e9tico, generoso y sensato; f\u00e1cil de exponer, llevar y guardar.<\/td>\n<\/tr>\n<tr>\n<td><\/td>\n<td><strong>2. Espejo empotrado de alta definici\u00f3n y gran tama\u00f1o<\/strong><\/td>\n<td>Mejorar la experiencia del cliente, el maquillaje y el examen de tonos es excepcionalmente sencillo; sensato y magn\u00edfico.<\/td>\n<\/tr>\n<tr>\n<td><strong>Material y estructura<\/strong><\/td>\n<td><strong>3. Cuerpo de cart\u00f3n dif\u00edcil elegido<\/strong><\/td>\n<td>Estanqueidad y sujeci\u00f3n excepcionales, contorsi\u00f3n antiextrusi\u00f3n; protegen la seguridad de los objetos del interior.<\/td>\n<\/tr>\n<tr>\n<td><\/td>\n<td><\/td>\n<td>Aportan a la superficie una sofisticada tecnolog\u00eda moderna, una textura impresionante y un toque glamuroso.<\/td>\n<\/tr>\n<tr>\n<td><strong>Mirada y reconocimiento<\/strong><\/td>\n<td><strong>4. Aplicaci\u00f3n de rosa intenso<\/strong><\/td>\n<td>S\u00f3lido efecto est\u00e9tico; alto reconocimiento; en l\u00ednea con las elecciones de las mujeres objetivo.<\/td>\n<\/tr>\n<tr>\n<td><strong>Soluci\u00f3n y asistencia<\/strong><\/td>\n<td><strong>5. Remedios muy personalizados<\/strong><\/td>\n<td>El tama\u00f1o, la estructura, el formato interno, la hebilla magn\u00e9tica y el acabado pueden adaptarse para satisfacer necesidades espec\u00edficas.<\/td>\n<\/tr>\n<tr>\n<td><\/td>\n<td><strong>6. Soluci\u00f3n de muestra r\u00e1pida de 1 hora<\/strong><\/td>\n<td>Confirmar r\u00e1pidamente las repercusiones del trazado; reducir el ciclo de avance; apoyar los proyectos en situaciones de emergencia; impulsar la tasa de acci\u00f3n del mercado.<\/td>\n<\/tr>\n<tr>\n<td><strong>Fabricaci\u00f3n y calidad<\/strong><\/td>\n<td><strong>7. A\u00f1os de experiencia en el sector y tecnolog\u00eda moderna totalmente desarrollada y estable<\/strong><\/td>\n<td>Comprendemos con precisi\u00f3n las necesidades de envasado de productos de gran atractivo; la moderna tecnolog\u00eda de producci\u00f3n totalmente desarrollada garantiza una alta calidad y una distribuci\u00f3n excepcionales.<\/td>\n<\/tr>\n<\/tbody>\n<\/table>","protected":false},"excerpt":{"rendered":"<p>La caja adopta una forma cl\u00e1sica y pr\u00e1ctica de caja cuboide tipo almeja. Este dise\u00f1o es limpio y elegante, en l\u00ednea con la est\u00e9tica dominante de los envases de cosm\u00e9ticos, y es f\u00e1cil de exponer, transportar y almacenar. Una vez abierta la caja, viene con un gran espejo, que mejora enormemente la experiencia de uso y facilita a las usuarias retocar su maquillaje y probarse colores. Es una combinaci\u00f3n perfecta de funcionalidad y belleza. El cuerpo de la caja adopta un color rosa brillante. Esta elecci\u00f3n de color es muy impactante y reconocible visualmente, lo que satisface las preferencias est\u00e9ticas de las usuarias a las que va dirigido.<\/p>","protected":false},"featured_media":10447,"template":"","meta":[],"product_brand":[],"product_cat":[30,390,424,31],"product_tag":[1388,1389,1387],"class_list":{"0":"post-10446","1":"product","2":"type-product","3":"status-publish","4":"has-post-thumbnail","6":"product_cat-by-industry","7":"product_cat-custom-cosmetics-boxes","8":"product_cat-magnetic-closure-boxes","9":"product_cat-paper-box-style","10":"product_tag-blusher-palettes-boxes","11":"product_tag-custom-eyeshadow-blusher-palettes-boxes","12":"product_tag-empty-magnetic-eyeshadow-palette","14":"first","15":"instock","16":"shipping-taxable","17":"product-type-simple"},"_links":{"self":[{"href":"https:\/\/zojopackaging.com\/es\/wp-json\/wp\/v2\/product\/10446","targetHints":{"allow":["GET"]}}],"collection":[{"href":"https:\/\/zojopackaging.com\/es\/wp-json\/wp\/v2\/product"}],"about":[{"href":"https:\/\/zojopackaging.com\/es\/wp-json\/wp\/v2\/types\/product"}],"version-history":[{"count":1,"href":"https:\/\/zojopackaging.com\/es\/wp-json\/wp\/v2\/product\/10446\/revisions"}],"predecessor-version":[{"id":10452,"href":"https:\/\/zojopackaging.com\/es\/wp-json\/wp\/v2\/product\/10446\/revisions\/10452"}],"wp:featuredmedia":[{"embeddable":true,"href":"https:\/\/zojopackaging.com\/es\/wp-json\/wp\/v2\/media\/10447"}],"wp:attachment":[{"href":"https:\/\/zojopackaging.com\/es\/wp-json\/wp\/v2\/media?parent=10446"}],"wp:term":[{"taxonomy":"product_brand","embeddable":true,"href":"https:\/\/zojopackaging.com\/es\/wp-json\/wp\/v2\/product_brand?post=10446"},{"taxonomy":"product_cat","embeddable":true,"href":"https:\/\/zojopackaging.com\/es\/wp-json\/wp\/v2\/product_cat?post=10446"},{"taxonomy":"product_tag","embeddable":true,"href":"https:\/\/zojopackaging.com\/es\/wp-json\/wp\/v2\/product_tag?post=10446"}],"curies":[{"name":"wp","href":"https:\/\/api.w.org\/{rel}","templated":true}]}}