{"id":2434,"date":"2024-03-12T10:15:11","date_gmt":"2024-03-12T02:15:11","guid":{"rendered":"https:\/\/zojopackaging.com\/?post_type=product&#038;p=2434"},"modified":"2025-03-27T21:12:25","modified_gmt":"2025-03-27T13:12:25","slug":"personalized-cigarette-boxes","status":"publish","type":"product","link":"https:\/\/zojopackaging.com\/es\/product\/personalized-cigarette-boxes\/","title":{"rendered":"Cannabis Vac\u00edo 510 Vape Cartucho Embalaje Venta al por mayor"},"content":{"rendered":"<h1>Cannabis Vac\u00edo 510 Vape Cartucho Embalaje Venta al por mayor<\/h1>\n<p>Nuestros fabricantes siempre est\u00e1n buscando cajas de vape personalizadas que sean \u00fanicas, con un dise\u00f1o a medida y que cumplan con los est\u00e1ndares de calidad del m\u00e1s alto nivel. Nos hemos dado cuenta de la necesidad de tabaco en la sociedad y la tendencia de cajas personalizadas con estilo. Los fumadores est\u00e1n muy preocupados por la calidad de las cajas de cigarrillos, por lo que para exhibir el estilo y para impulsar su personalidad. Conocemos la importancia del estilo, adem\u00e1s de la calidad de las cajas, y por eso dise\u00f1amos cajas de cigarrillos de moda en el mercado que encantar\u00e1n a sus clientes.<\/p>\n<h1>Imprimamos cajas para usted<\/h1>\n<p>No nos limitamos a crear cajas y venderlas; trabajamos en el dise\u00f1o, hacemos una maqueta en 3D y fabricamos las cajas utilizando cart\u00f3n de alta calidad o Kraft. En la era actual, todas las empresas tabaqueras trabajan d\u00eda y noche para diferenciar la MARCA utilizando elementos de dise\u00f1o personalizados, colores de impresi\u00f3n, logotipos o cualquier infograf\u00eda. Con nosotros, \u00a1es muy sencillo! Env\u00edenos sus requisitos de dise\u00f1o o d\u00e9jenos crear algo convincente para usted. Sabemos c\u00f3mo crear cajas de cigarrillos personalizadas l\u00edderes en el mercado e impresas que son lo suficientemente potentes como para impulsar sus ventas en cuesti\u00f3n de d\u00edas.<\/p>\n<p>Adem\u00e1s, nuestras avanzadas m\u00e1quinas de impresi\u00f3n digital son manejadas por t\u00e9cnicos expertos, lo que no deja lugar a errores a la hora de imprimir Cajas de Cigarrillos de Papel Personalizadas. Estamos orgullosos de establecer un nuevo est\u00e1ndar de Cajas de Cigarrillos Personalizadas, lo suficientemente competente como para ayudar a la marca a desbloquear las nuevas dimensiones del \u00e9xito.<\/p>\n<h1>Disponible en todas las tallas<\/h1>\n<p>La experiencia pr\u00e1ctica y los estudios de mercado nos han capacitado para dise\u00f1ar cajas de todas las estructuras, estilos y tama\u00f1os. Por eso afirmamos que nuestras Cajas Personalizadas Impresas para Empaquetar Cigarrillos est\u00e1n alineadas con las estrategias de marketing empresarial de alto nivel, las ayudan a impulsar y, finalmente, su marca obtendr\u00e1 un factor sorpresa. S\u00f3lo tiene que enviarnos los tama\u00f1os y las dimensiones exactas para que podamos elaborar las cajas en consecuencia. Estamos seguros de que no notar\u00e1 ninguna diferencia en nuestras cajas, ya que ambas son clones y copias perfectas la una de la otra.<\/p>\n<h1>Fabricamos cajas de todos los materiales<\/h1>\n<p>Uno de los aspectos m\u00e1s importantes del embalaje es el material, y una de nuestras ventajas competitivas es crear las cajas en todos los materiales, es decir, Kraft, Cart\u00f3n u otros. Las Cajas de Cart\u00f3n Personalizadas para Empaquetar Cigarrillos son resistentes, duras y se utilizan sobre todo para empaquetar muchos cigarrillos. Por otro lado, las cajas de cart\u00f3n kraft con impresi\u00f3n personalizada para cigarrillos son ligeras, est\u00e1n m\u00e1s decoradas con elementos de marca y colores, y tambi\u00e9n son biodegradables.<\/p>\n<h1><strong>Especificaci\u00f3n<\/strong><\/h1>\n<table width=\"1153\">\n<tbody>\n<tr>\n<td width=\"373\">Dimensiones<\/td>\n<td width=\"373\">Todos los tama\u00f1os y formas personalizados<\/td>\n<\/tr>\n<tr>\n<td width=\"373\">Impresi\u00f3n<\/td>\n<td width=\"373\">CMYK, PMS, Sin impresi\u00f3n<\/td>\n<\/tr>\n<tr>\n<td width=\"373\">Papel<\/td>\n<td width=\"373\">De 10pt a 28pt (de 60lb a 400lb) Kraft ecol\u00f3gico, cart\u00f3n ondulado con acanalado en E, cart\u00f3n Bux, cartulina<\/td>\n<\/tr>\n<tr>\n<td width=\"373\">Cantidades<\/td>\n<td width=\"373\">500- 500,000<\/td>\n<\/tr>\n<tr>\n<td width=\"373\">Revestimiento<\/td>\n<td width=\"373\">Brillo, mate, UV directo<\/td>\n<\/tr>\n<tr>\n<td width=\"373\">Proceso por defecto<\/td>\n<td width=\"373\">Troquelado, encolado, ranurado, perforaci\u00f3n<\/td>\n<\/tr>\n<tr>\n<td width=\"373\">Opciones<\/td>\n<td width=\"373\">Recorte de ventana personalizado, l\u00e1mina dorada\/plateada, relieve, tinta en relieve, l\u00e1mina de PVC.<\/td>\n<\/tr>\n<tr>\n<td width=\"373\">Prueba<\/td>\n<td width=\"373\">Vista plana, maqueta 3D, muestra f\u00edsica (a petici\u00f3n)<\/td>\n<\/tr>\n<tr>\n<td width=\"373\">Tiempo de respuesta<\/td>\n<td width=\"373\">7-14 d\u00edas laborables , Rush<\/td>\n<\/tr>\n<tr>\n<td width=\"373\">MOQ<\/td>\n<td width=\"373\">500<\/td>\n<\/tr>\n<tr>\n<td width=\"373\">Tiempo de muestreo<\/td>\n<td width=\"373\">\u00a05 d\u00edas<\/td>\n<\/tr>\n<tr>\n<td width=\"373\">Plazo de pago<\/td>\n<td width=\"373\">T\/T, Western Union, Paypal, 30% de dep\u00f3sito y 70% de saldo antes del env\u00edo.<\/td>\n<\/tr>\n<\/tbody>\n<\/table>\n<div class=\"widget block block-static-block\">\n<div class=\"landing-page-section option-bottom\">\n<div class=\"custom-materials-tabs-content container container-adjustment\">\n<div class=\"custom-materials-tab-content active\">\n<div class=\"widget block block-static-block\">\n<div class=\"options-items\">\n<div class=\"flex-grid-row-option\">\n<div class=\"flex-grid-item-option\">\n<div class=\"material-box\">\n<p>&nbsp;<\/p>\n<\/div>\n<\/div>\n<\/div>\n<\/div>\n<p><!---end of option item--><\/p>\n<\/div>\n<\/div>\n<\/div>\n<\/div>\n<\/div>","protected":false},"excerpt":{"rendered":"<p>1. caja de cierre magn\u00e9tico, dise\u00f1o con im\u00e1n incrustado para evitar el desgaste externo, simplicidad visual, apertura y cierre m\u00e1s suaves, alta tasa de reutilizaci\u00f3n de la caja<br \/>\n2. La combinaci\u00f3n de colores macaron reduce la fatiga visual y crea una atm\u00f3sfera relajante y curativa<br \/>\n3. Puede ser totalmente personalizado de acuerdo a las necesidades para adaptarse a su cannabis e-cigarrillo de embalaje<\/p>","protected":false},"featured_media":2445,"template":"","meta":[],"product_brand":[],"product_cat":[30,420,424,31],"product_tag":[716,715,593],"class_list":{"0":"post-2434","1":"product","2":"type-product","3":"status-publish","4":"has-post-thumbnail","6":"product_cat-by-industry","7":"product_cat-custom-cannabis-boxes","8":"product_cat-magnetic-closure-boxes","9":"product_cat-paper-box-style","10":"product_tag-cartridge-packaging-wholesale","11":"product_tag-empty-vape-packaging","12":"product_tag-vape-cartridge-packaging","14":"first","15":"instock","16":"shipping-taxable","17":"product-type-grouped"},"_links":{"self":[{"href":"https:\/\/zojopackaging.com\/es\/wp-json\/wp\/v2\/product\/2434","targetHints":{"allow":["GET"]}}],"collection":[{"href":"https:\/\/zojopackaging.com\/es\/wp-json\/wp\/v2\/product"}],"about":[{"href":"https:\/\/zojopackaging.com\/es\/wp-json\/wp\/v2\/types\/product"}],"version-history":[{"count":2,"href":"https:\/\/zojopackaging.com\/es\/wp-json\/wp\/v2\/product\/2434\/revisions"}],"predecessor-version":[{"id":8424,"href":"https:\/\/zojopackaging.com\/es\/wp-json\/wp\/v2\/product\/2434\/revisions\/8424"}],"wp:featuredmedia":[{"embeddable":true,"href":"https:\/\/zojopackaging.com\/es\/wp-json\/wp\/v2\/media\/2445"}],"wp:attachment":[{"href":"https:\/\/zojopackaging.com\/es\/wp-json\/wp\/v2\/media?parent=2434"}],"wp:term":[{"taxonomy":"product_brand","embeddable":true,"href":"https:\/\/zojopackaging.com\/es\/wp-json\/wp\/v2\/product_brand?post=2434"},{"taxonomy":"product_cat","embeddable":true,"href":"https:\/\/zojopackaging.com\/es\/wp-json\/wp\/v2\/product_cat?post=2434"},{"taxonomy":"product_tag","embeddable":true,"href":"https:\/\/zojopackaging.com\/es\/wp-json\/wp\/v2\/product_tag?post=2434"}],"curies":[{"name":"wp","href":"https:\/\/api.w.org\/{rel}","templated":true}]}}