{"id":2469,"date":"2024-03-12T10:57:56","date_gmt":"2024-03-12T02:57:56","guid":{"rendered":"https:\/\/zojopackaging.com\/?post_type=product&#038;p=2469"},"modified":"2025-03-28T16:22:24","modified_gmt":"2025-03-28T08:22:24","slug":"wholesale-e-cigarette-packaging-box","status":"publish","type":"product","link":"https:\/\/zojopackaging.com\/es\/product\/wholesale-e-cigarette-packaging-box\/","title":{"rendered":"Caja de Embalaje de Marihuana con Marca Personalizada al por Mayor"},"content":{"rendered":"<h1>Caja de Embalaje de Marihuana con Marca Personalizada al por Mayor<\/h1>\n<p>Nuestras cajas de embalaje para cannabis al por mayor est\u00e1n fabricadas con precisi\u00f3n y calidad. Fabricadas con materiales de alta calidad, ofrecen durabilidad y un aspecto elegante que llama la atenci\u00f3n.<\/p>\n<p>La caja de embalaje personalizada para cannabis y marihuana al por mayor no s\u00f3lo es funcional, sino tambi\u00e9n personalizable. Puede elegir entre una variedad de colores, patrones y opciones de marca para crear un aspecto \u00fanico y distintivo que refleje la identidad de su marca. Esto permite que sus productos de cigarrillo electr\u00f3nico destaquen en los estantes y atraigan la atenci\u00f3n de los clientes potenciales.<\/p>\n<p>Adem\u00e1s de su atractivo est\u00e9tico, nuestra caja de embalaje est\u00e1 dise\u00f1ada pensando en la comodidad del usuario. Cuenta con mecanismos de apertura f\u00e1cil y compartimentos para organizar los accesorios, lo que proporciona una experiencia perfecta tanto a los minoristas como a los consumidores.<\/p>\n<p>Si elige nuestro<\/p>\n<p>caja de empaquetado de cannabis marihuana de marca personalizada al por mayor, no s\u00f3lo est\u00e1 recibiendo un contenedor; usted est\u00e1 invirtiendo en una herramienta de marketing que ayuda a promover su marca y aumentar el valor percibido de sus productos. Tanto si es una peque\u00f1a empresa como un gran distribuidor, nuestros precios al por mayor hacen que sea rentable envasar sus cigarrillos electr\u00f3nicos con estilo y profesionalidad.<\/p>\n<p>Mejore su negocio de cigarrillos electr\u00f3nicos con nuestra caja de embalaje de cigarrillos electr\u00f3nicos al por mayor de primera calidad y d\u00e9 a sus productos la presentaci\u00f3n que se merecen.<\/p>\n<h1><strong>Especificaci\u00f3n<\/strong><\/h1>\n<table style=\"height: 456px;\" width=\"1153\">\n<tbody>\n<tr>\n<td width=\"373\">Dimensiones<\/td>\n<td width=\"373\">Todos los tama\u00f1os y formas personalizados<\/td>\n<\/tr>\n<tr>\n<td width=\"373\">Impresi\u00f3n<\/td>\n<td width=\"373\">CMYK, PMS, Sin impresi\u00f3n<\/td>\n<\/tr>\n<tr>\n<td width=\"373\">Papel<\/td>\n<td width=\"373\">De 10pt a 28pt (de 60lb a 400lb) Kraft ecol\u00f3gico, cart\u00f3n ondulado con acanalado en E, cart\u00f3n Bux, cartulina<\/td>\n<\/tr>\n<tr>\n<td width=\"373\">Cantidades<\/td>\n<td width=\"373\">500- 500,000<\/td>\n<\/tr>\n<tr>\n<td width=\"373\">Revestimiento<\/td>\n<td width=\"373\">Brillo, mate, UV directo<\/td>\n<\/tr>\n<tr>\n<td width=\"373\">Proceso por defecto<\/td>\n<td width=\"373\">Troquelado, encolado, ranurado, perforaci\u00f3n<\/td>\n<\/tr>\n<tr>\n<td width=\"373\">Opciones<\/td>\n<td width=\"373\">Recorte de ventana personalizado, l\u00e1mina dorada\/plateada, relieve, tinta en relieve, l\u00e1mina de PVC.<\/td>\n<\/tr>\n<tr>\n<td width=\"373\">Prueba<\/td>\n<td width=\"373\">Vista plana, maqueta 3D, muestra f\u00edsica (a petici\u00f3n)<\/td>\n<\/tr>\n<tr>\n<td width=\"373\">Tiempo de respuesta<\/td>\n<td width=\"373\">7-14 d\u00edas laborables , Rush<\/td>\n<\/tr>\n<tr>\n<td width=\"373\">MOQ<\/td>\n<td width=\"373\">500<\/td>\n<\/tr>\n<tr>\n<td width=\"373\">Tiempo de muestreo<\/td>\n<td width=\"373\">\u00a05 d\u00edas<\/td>\n<\/tr>\n<tr>\n<td width=\"373\">Plazo de pago<\/td>\n<td width=\"373\">T\/T, Western Union, Paypal, 30% de dep\u00f3sito y 70% de saldo antes del env\u00edo.<\/td>\n<\/tr>\n<\/tbody>\n<\/table>\n<div class=\"widget block block-static-block\">\n<div class=\"landing-page-section option-bottom\">\n<div class=\"custom-materials-tabs-content container container-adjustment\">\n<div class=\"custom-materials-tab-content active\">\n<div class=\"widget block block-static-block\">\n<div class=\"options-items\">\n<div class=\"flex-grid-row-option\">\n<div class=\"flex-grid-item-option\">\n<div class=\"material-box\">\n<div class=\"material-des\">\n<p>&nbsp;<\/p>\n<\/div>\n<p>&nbsp;<\/p>\n<\/div>\n<\/div>\n<\/div>\n<\/div>\n<p><!---end of option item--><\/p>\n<\/div>\n<\/div>\n<\/div>\n<\/div>\n<\/div>","protected":false},"excerpt":{"rendered":"<p>1. El dise\u00f1o de la caja del caj\u00f3n y la apertura deslizante facilitan a los usuarios la apertura y el cierre, mejorando la experiencia de unboxing<br \/>\n2. La combinaci\u00f3n de colores macaron reduce la fatiga visual y crea una atm\u00f3sfera relajante y curativa<br \/>\n3. La superficie de la caja se imprime claramente sin diferencia de color. Puede mejorar la experiencia del usuario<\/p>","protected":false},"featured_media":2474,"template":"","meta":[],"product_brand":[],"product_cat":[30,420,31],"product_tag":[824,826,825],"class_list":{"0":"post-2469","1":"product","2":"type-product","3":"status-publish","4":"has-post-thumbnail","6":"product_cat-by-industry","7":"product_cat-custom-cannabis-boxes","8":"product_cat-paper-box-style","9":"product_tag-cannabis-packaging-box","10":"product_tag-custom-cannabis-packaging-box","11":"product_tag-marijuana-packaging-wholesale","13":"first","14":"instock","15":"shipping-taxable","16":"product-type-grouped"},"_links":{"self":[{"href":"https:\/\/zojopackaging.com\/es\/wp-json\/wp\/v2\/product\/2469","targetHints":{"allow":["GET"]}}],"collection":[{"href":"https:\/\/zojopackaging.com\/es\/wp-json\/wp\/v2\/product"}],"about":[{"href":"https:\/\/zojopackaging.com\/es\/wp-json\/wp\/v2\/types\/product"}],"version-history":[{"count":2,"href":"https:\/\/zojopackaging.com\/es\/wp-json\/wp\/v2\/product\/2469\/revisions"}],"predecessor-version":[{"id":8471,"href":"https:\/\/zojopackaging.com\/es\/wp-json\/wp\/v2\/product\/2469\/revisions\/8471"}],"wp:featuredmedia":[{"embeddable":true,"href":"https:\/\/zojopackaging.com\/es\/wp-json\/wp\/v2\/media\/2474"}],"wp:attachment":[{"href":"https:\/\/zojopackaging.com\/es\/wp-json\/wp\/v2\/media?parent=2469"}],"wp:term":[{"taxonomy":"product_brand","embeddable":true,"href":"https:\/\/zojopackaging.com\/es\/wp-json\/wp\/v2\/product_brand?post=2469"},{"taxonomy":"product_cat","embeddable":true,"href":"https:\/\/zojopackaging.com\/es\/wp-json\/wp\/v2\/product_cat?post=2469"},{"taxonomy":"product_tag","embeddable":true,"href":"https:\/\/zojopackaging.com\/es\/wp-json\/wp\/v2\/product_tag?post=2469"}],"curies":[{"name":"wp","href":"https:\/\/api.w.org\/{rel}","templated":true}]}}