{"id":2476,"date":"2024-03-12T11:11:02","date_gmt":"2024-03-12T03:11:02","guid":{"rendered":"https:\/\/zojopackaging.com\/?post_type=product&#038;p=2476"},"modified":"2025-03-28T12:53:50","modified_gmt":"2025-03-28T04:53:50","slug":"customized-e-cigarette-packaging-card-box","status":"publish","type":"product","link":"https:\/\/zojopackaging.com\/es\/product\/customized-e-cigarette-packaging-card-box\/","title":{"rendered":"Fabricante de cajas de cart\u00f3n para aceite de c\u00e1\u00f1amo a medida"},"content":{"rendered":"<h1>Fabricante de cajas de cart\u00f3n para aceite de c\u00e1\u00f1amo a medida<\/h1>\n<p>Estas sencillas pero elegantes cajas para cigarrillos personalizadas le ayudar\u00e1n a empaquetar y exponer sus cigarrillos electr\u00f3nicos con un estilo moderno. Fabricadas con materiales de embalaje duraderos, estas maravillosas cajas transportar\u00e1n con seguridad sus delicados cigarrillos electr\u00f3nicos. Tanto si necesita entregar sus cigarrillos electr\u00f3nicos a sus clientes como a minoristas, estas resistentes cajas le ayudar\u00e1n mucho a estar tranquilo. Ll\u00e1menos para obtener una magn\u00edfica oferta de descuento para estas atractivas cajas.<\/p>\n<h1>\u00a1Consiga el mejor soporte de dise\u00f1o para el fabricante de cajas de cart\u00f3n para aceite de c\u00e1\u00f1amo a medida!<\/h1>\n<p>Le ofrecemos las cajas para cigarrillos electr\u00f3nicos impresas a medida m\u00e1s presentables para llevar su marca a otro nivel. La fascinante presentaci\u00f3n que ofrecen estas cajas har\u00e1 que sus cigarrillos electr\u00f3nicos se vendan mucho y de inmediato. \u00bfAlguna vez ha querido dise\u00f1ar sus propias cajas de embalaje con el tema y los colores de su marca? A nuestros expertos en embalaje les encantar\u00eda ayudarle a conseguir las mejores cajas. Le proporcionaremos la experiencia y el apoyo de dise\u00f1o m\u00e1s competentes sin que tenga que pagar nada.<\/p>\n<h1>Las cajas de cigarrillos electr\u00f3nicos personalizadas m\u00e1s impecables con el impresionante logotipo de su marca<\/h1>\n<p>En Zojoprint Packaging hacemos todo lo posible para promocionar y destacar su marca en el mercado. Puede imprimir el nombre y el logotipo de su marca en estas modernas cajas para presentar su negocio de forma m\u00e1s amplia. Tenga la seguridad de que con nuestra innovadora tecnolog\u00eda de impresi\u00f3n offset y digital, s\u00f3lo recibir\u00e1 las cajas personalizadas para cigarrillos electr\u00f3nicos m\u00e1s impecables con el impresionante logotipo de su marca.<\/p>\n<h1><strong>Especificaci\u00f3n<\/strong><\/h1>\n<div class=\"widget block block-static-block\">\n<div class=\"landing-page-section option-bottom\">\n<div class=\"custom-materials-tabs-content container container-adjustment\">\n<div class=\"custom-materials-tab-content active\">\n<div class=\"widget block block-static-block\">\n<div class=\"options-items\">\n<div class=\"flex-grid-row-option\">\n<div class=\"flex-grid-item-option\">\n<div class=\"material-box\">\n<div class=\"material-des\">\n<table width=\"1070\">\n<tbody>\n<tr>\n<td width=\"373\">Dimensiones<\/td>\n<td width=\"373\">Todos los tama\u00f1os y formas personalizados<\/td>\n<\/tr>\n<tr>\n<td width=\"373\">MOQ<\/td>\n<td width=\"373\">500 unidades<\/td>\n<\/tr>\n<tr>\n<td width=\"373\">Tiempo de muestreo<\/td>\n<td width=\"373\">3-5 d\u00edas<\/td>\n<\/tr>\n<tr>\n<td width=\"373\">Proceso por defecto<\/td>\n<td width=\"373\">Troquelado, encolado, rayado, perforaci\u00f3n<\/td>\n<\/tr>\n<tr>\n<td width=\"373\">Impresi\u00f3n<\/td>\n<td width=\"373\">Cmyk, pms, sin impresi\u00f3n<\/td>\n<\/tr>\n<tr>\n<td width=\"373\">Material Opci\u00f3n<\/td>\n<td width=\"373\">Papel cart\u00f3n blanco, papel estucado, papel art\u00edstico, papel kraft, cart\u00f3n marfil, cart\u00f3n d\u00faplex, papel especial, etc.<\/td>\n<\/tr>\n<tr>\n<td width=\"373\">Acabado de superficies<\/td>\n<td width=\"373\">Laminado mate\/brillante, estampado en relieve, gofrado, estampado en caliente, etc.<\/td>\n<\/tr>\n<tr>\n<td width=\"373\">Uso industrial<\/td>\n<td width=\"373\">cosm\u00e9ticos, perfumes, prendas de vestir, joyas, tabaco, alimentos, regalos y productos de consumo diario,<\/td>\n<\/tr>\n<tr>\n<td width=\"373\">Control de calidad<\/td>\n<td width=\"373\">El equipo avanzado y el equipo experimentado del control de calidad comprobar\u00e1n el material, los productos semielaborados y acabados terminantemente en cada paso antes de que<\/td>\n<\/tr>\n<tr>\n<td width=\"373\">Precio<\/td>\n<td width=\"373\">El precio final se adaptar\u00e1 a su producto y a la cantidad que necesite<\/td>\n<\/tr>\n<tr>\n<td width=\"373\">Plazo de entrega<\/td>\n<td width=\"373\">7-14 d\u00edas laborables , rush<\/td>\n<\/tr>\n<tr>\n<td width=\"373\">Papel<\/td>\n<td width=\"373\">De 10pt a 28pt (de 60lb a 400lb) Kraft ecol\u00f3gico, corrugado e-flute, cart\u00f3n bux, cartulina<\/td>\n<\/tr>\n<tr>\n<td width=\"373\">Formato de las ilustraciones<\/td>\n<td width=\"373\">JPG, PDF, AI, CDR, EPS, GIF....<\/td>\n<\/tr>\n<tr>\n<td width=\"373\">Accesorios<\/td>\n<td width=\"373\">Im\u00e1n, cinta, forma EVA , bandeja de pl\u00e1stico, esponja, ventana de PVC\/PET\/PP,...<\/td>\n<\/tr>\n<tr>\n<td width=\"373\">Plazo de pago<\/td>\n<td width=\"373\">T\/T, Western Union, Paypal, 30% de dep\u00f3sito y 70% de saldo antes del env\u00edo.<\/td>\n<\/tr>\n<\/tbody>\n<\/table>\n<\/div>\n<\/div>\n<\/div>\n<\/div>\n<\/div>\n<\/div>\n<\/div>\n<\/div>\n<\/div>\n<\/div>\n<div class=\"widget block block-static-block\">\n<div class=\"landing-page-section option-bottom\">\n<div class=\"custom-materials-tabs-content container container-adjustment\">\n<div class=\"custom-materials-tab-content active\">\n<div class=\"widget block block-static-block\">\n<div class=\"options-items\">\n<div class=\"flex-grid-row-option\">\n<div class=\"flex-grid-item-option\">\n<div class=\"material-box\">\n<p>&nbsp;<\/p>\n<\/div>\n<\/div>\n<\/div>\n<\/div>\n<p><!---end of option item--><\/p>\n<\/div>\n<\/div>\n<\/div>\n<\/div>\n<\/div>","protected":false},"excerpt":{"rendered":"<p>1. El cart\u00f3n plegable se puede aplanar para el almacenamiento, reduciendo el espacio de almacenamiento; alta eficiencia de apilamiento durante el transporte, reduciendo los costes log\u00edsticos.<br \/>\n2. material de cart\u00f3n blanco, superficie lisa y delicada, impresi\u00f3n respetuosa con el medio ambiente<br \/>\n3. Varios tama\u00f1os se pueden personalizar de acuerdo a sus productos, adecuados para diversas cajas de embalaje de aceite de cannabis.<\/p>","protected":false},"featured_media":2480,"template":"","meta":[],"product_brand":[],"product_cat":[30,420,430,31],"product_tag":[774,772,773],"class_list":{"0":"post-2476","1":"product","2":"type-product","3":"status-publish","4":"has-post-thumbnail","6":"product_cat-by-industry","7":"product_cat-custom-cannabis-boxes","8":"product_cat-folding-cartons","9":"product_cat-paper-box-style","10":"product_tag-custom-hemp-oil-boxes-manufacturer","11":"product_tag-custom-hemp-packaging","12":"product_tag-hemp-oil-boxes","14":"first","15":"instock","16":"shipping-taxable","17":"product-type-grouped"},"_links":{"self":[{"href":"https:\/\/zojopackaging.com\/es\/wp-json\/wp\/v2\/product\/2476","targetHints":{"allow":["GET"]}}],"collection":[{"href":"https:\/\/zojopackaging.com\/es\/wp-json\/wp\/v2\/product"}],"about":[{"href":"https:\/\/zojopackaging.com\/es\/wp-json\/wp\/v2\/types\/product"}],"version-history":[{"count":2,"href":"https:\/\/zojopackaging.com\/es\/wp-json\/wp\/v2\/product\/2476\/revisions"}],"predecessor-version":[{"id":8450,"href":"https:\/\/zojopackaging.com\/es\/wp-json\/wp\/v2\/product\/2476\/revisions\/8450"}],"wp:featuredmedia":[{"embeddable":true,"href":"https:\/\/zojopackaging.com\/es\/wp-json\/wp\/v2\/media\/2480"}],"wp:attachment":[{"href":"https:\/\/zojopackaging.com\/es\/wp-json\/wp\/v2\/media?parent=2476"}],"wp:term":[{"taxonomy":"product_brand","embeddable":true,"href":"https:\/\/zojopackaging.com\/es\/wp-json\/wp\/v2\/product_brand?post=2476"},{"taxonomy":"product_cat","embeddable":true,"href":"https:\/\/zojopackaging.com\/es\/wp-json\/wp\/v2\/product_cat?post=2476"},{"taxonomy":"product_tag","embeddable":true,"href":"https:\/\/zojopackaging.com\/es\/wp-json\/wp\/v2\/product_tag?post=2476"}],"curies":[{"name":"wp","href":"https:\/\/api.w.org\/{rel}","templated":true}]}}