{"id":2526,"date":"2024-03-12T11:46:02","date_gmt":"2024-03-12T03:46:02","guid":{"rendered":"https:\/\/zojopackaging.com\/?post_type=product&#038;p=2526"},"modified":"2025-03-27T21:23:20","modified_gmt":"2025-03-27T13:23:20","slug":"customized-e-cigarette-box","status":"publish","type":"product","link":"https:\/\/zojopackaging.com\/es\/product\/customized-e-cigarette-box\/","title":{"rendered":"Cajas desechables para bol\u00edgrafos Vape al por mayor"},"content":{"rendered":"<h1>Cajas desechables para bol\u00edgrafos Vape al por mayor<\/h1>\n<p><strong>Dise\u00f1o \u00fanico<\/strong><br \/>\nNuestra caja personalizada para cigarrillos electr\u00f3nicos presenta un dise\u00f1o elegante y moderno que llama la atenci\u00f3n. El suave mecanismo de apertura a\u00f1ade un toque de sofisticaci\u00f3n, facilitando el acceso a su cigarrillo electr\u00f3nico con estilo. Las opciones personalizables le permiten personalizar la caja con el logotipo, los colores y los dise\u00f1os de su marca, para que destaque en la estanter\u00eda.<br \/>\n<strong>Materiales de primera calidad<\/strong><br \/>\nUtilizamos s\u00f3lo materiales de la m\u00e1s alta calidad para garantizar su durabilidad y protecci\u00f3n. La caja est\u00e1 fabricada con cart\u00f3n o pl\u00e1stico resistente, que protege su e-cigarrillo de posibles da\u00f1os durante el transporte y el almacenamiento. El forro interior est\u00e1 cuidadosamente dise\u00f1ado para sujetar el dispositivo de forma segura, evitando cualquier movimiento o ara\u00f1azo.<br \/>\n<strong>C\u00f3modo y compacto<\/strong><br \/>\nEl tama\u00f1o compacto del cigarrillo electr\u00f3nico personalizado Flip Box lo hace muy port\u00e1til. Puede guardarlo f\u00e1cilmente en el bolsillo o en el bolso, para llevar consigo lo esencial para vapear dondequiera que vaya. El dise\u00f1o plegable tambi\u00e9n proporciona un acceso r\u00e1pido y sin complicaciones a su cigarrillo electr\u00f3nico, lo que permite vapear sin problemas sobre la marcha.<br \/>\n<strong>Promoci\u00f3n de la marca<\/strong><br \/>\nEsta caja abatible no es s\u00f3lo una soluci\u00f3n de embalaje, sino tambi\u00e9n una potente herramienta de marketing. Personal\u00edcela con la identidad de su marca para aumentar su visibilidad y reconocimiento. Su dise\u00f1o exclusivo y su toque personalizado dejar\u00e1n una impresi\u00f3n duradera en sus clientes, ayud\u00e1ndole a fidelizarlos.<br \/>\n<strong>Opciones vers\u00e1tiles<\/strong><br \/>\nTanto si es una peque\u00f1a empresa emergente como una marca consolidada, le ofrecemos una amplia gama de opciones de personalizaci\u00f3n para satisfacer sus necesidades espec\u00edficas. Elija entre diferentes tama\u00f1os, formas y acabados para crear una caja abatible que represente a la perfecci\u00f3n su producto de cigarrillo electr\u00f3nico.<\/p>\n<p>Actualice el embalaje de sus cigarrillos electr\u00f3nicos con la caja abatible personalizada para cigarrillos electr\u00f3nicos y marque la diferencia en el mercado. P\u00f3ngase en contacto con nosotros hoy mismo para empezar a crear su soluci\u00f3n de envasado exclusiva.<\/p>\n<h1><strong>Especificaci\u00f3n<\/strong><\/h1>\n<div class=\"widget block block-static-block\">\n<div class=\"landing-page-section option-bottom\">\n<div class=\"custom-materials-tabs-content container container-adjustment\">\n<div class=\"custom-materials-tab-content active\">\n<div class=\"widget block block-static-block\">\n<div class=\"options-items\">\n<div class=\"flex-grid-row-option\">\n<div class=\"flex-grid-item-option\">\n<div class=\"material-box\">\n<div class=\"material-des\">\n<table class=\"table table-striped\" width=\"1140\">\n<tbody>\n<tr class=\"firstRow\">\n<td>Dimensiones<\/td>\n<td>Todos los tama\u00f1os y formas personalizados<\/td>\n<\/tr>\n<tr>\n<td>Impresi\u00f3n<\/td>\n<td>CMYK, PMS, Sin impresi\u00f3n<\/td>\n<\/tr>\n<tr>\n<td>Papel<\/td>\n<td>De 10pt a 28pt (de 60lb a 400lb) Kraft ecol\u00f3gico, cart\u00f3n ondulado con acanalado en E, cart\u00f3n Bux, cartulina<\/td>\n<\/tr>\n<tr>\n<td>Cantidades<\/td>\n<td>500 - 500,000<\/td>\n<\/tr>\n<tr>\n<td>Revestimiento<\/td>\n<td>Brillo, mate, UV directo<\/td>\n<\/tr>\n<tr>\n<td>Proceso por defecto<\/td>\n<td>Troquelado, encolado, ranurado, perforaci\u00f3n<\/td>\n<\/tr>\n<tr>\n<td>Opciones<\/td>\n<td>Recorte de ventana personalizado, l\u00e1mina dorada\/plateada, relieve, tinta en relieve, l\u00e1mina de PVC.<\/td>\n<\/tr>\n<tr>\n<td>Prueba<\/td>\n<td>Vista plana, maqueta 3D, muestra f\u00edsica (a petici\u00f3n)<\/td>\n<\/tr>\n<tr>\n<td>Tiempo de respuesta<\/td>\n<td>7-14 d\u00edas laborables , Rush<\/td>\n<\/tr>\n<tr>\n<td>MOQ<\/td>\n<td>500<\/td>\n<\/tr>\n<\/tbody>\n<\/table>\n<\/div>\n<p>&nbsp;<\/p>\n<\/div>\n<\/div>\n<\/div>\n<\/div>\n<p><!---end of option item--><\/p>\n<\/div>\n<\/div>\n<\/div>\n<\/div>\n<\/div>","protected":false},"excerpt":{"rendered":"<p>1. Dise\u00f1o a prueba de ni\u00f1os para evitar que los ni\u00f1os lo ingieran accidentalmente, pero los adultos pueden abrirlo f\u00e1cilmente.<br \/>\n2. Varios tama\u00f1os se pueden personalizar de acuerdo a sus productos, adecuados para el envasado de diversos tipos de cannabis vape<br \/>\n3. F\u00e1brica de personalizaci\u00f3n de envases de cannabis, muestras gratis, puede proporcionarle el precio m\u00e1s bajo y el tiempo de entrega m\u00e1s r\u00e1pido.<\/p>","protected":false},"featured_media":6464,"template":"","meta":[],"product_brand":[],"product_cat":[30,431,420,31],"product_tag":[719,717,718],"class_list":{"0":"post-2526","1":"product","2":"type-product","3":"status-publish","4":"has-post-thumbnail","6":"product_cat-by-industry","7":"product_cat-child-resistant-packaging","8":"product_cat-custom-cannabis-boxes","9":"product_cat-paper-box-style","10":"product_tag-dank-vape-packaging-boxes","11":"product_tag-disposable-vape-packaging","12":"product_tag-vape-pen-packaging","14":"first","15":"instock","16":"shipping-taxable","17":"product-type-grouped"},"_links":{"self":[{"href":"https:\/\/zojopackaging.com\/es\/wp-json\/wp\/v2\/product\/2526","targetHints":{"allow":["GET"]}}],"collection":[{"href":"https:\/\/zojopackaging.com\/es\/wp-json\/wp\/v2\/product"}],"about":[{"href":"https:\/\/zojopackaging.com\/es\/wp-json\/wp\/v2\/types\/product"}],"version-history":[{"count":2,"href":"https:\/\/zojopackaging.com\/es\/wp-json\/wp\/v2\/product\/2526\/revisions"}],"predecessor-version":[{"id":8425,"href":"https:\/\/zojopackaging.com\/es\/wp-json\/wp\/v2\/product\/2526\/revisions\/8425"}],"wp:featuredmedia":[{"embeddable":true,"href":"https:\/\/zojopackaging.com\/es\/wp-json\/wp\/v2\/media\/6464"}],"wp:attachment":[{"href":"https:\/\/zojopackaging.com\/es\/wp-json\/wp\/v2\/media?parent=2526"}],"wp:term":[{"taxonomy":"product_brand","embeddable":true,"href":"https:\/\/zojopackaging.com\/es\/wp-json\/wp\/v2\/product_brand?post=2526"},{"taxonomy":"product_cat","embeddable":true,"href":"https:\/\/zojopackaging.com\/es\/wp-json\/wp\/v2\/product_cat?post=2526"},{"taxonomy":"product_tag","embeddable":true,"href":"https:\/\/zojopackaging.com\/es\/wp-json\/wp\/v2\/product_tag?post=2526"}],"curies":[{"name":"wp","href":"https:\/\/api.w.org\/{rel}","templated":true}]}}