{"id":2571,"date":"2024-03-12T13:47:23","date_gmt":"2024-03-12T05:47:23","guid":{"rendered":"https:\/\/zojopackaging.com\/?post_type=product&#038;p=2571"},"modified":"2025-03-24T18:34:31","modified_gmt":"2025-03-24T10:34:31","slug":"custom-pre-roll-packaging","status":"publish","type":"product","link":"https:\/\/zojopackaging.com\/es\/product\/custom-pre-roll-packaging\/","title":{"rendered":"Cannabis a medida Pre Roll Juntas Cajas de embalaje Suministros"},"content":{"rendered":"<h1>Custom Cannabis Pre Roll Juntas Embalaje Cajas SuministrosCustom Pre Roll Embalaje<\/h1>\n<p><a href=\"https:\/\/zojopackaging.com\/es\/categoria-producto\/cannabis-boxes\/\">Envasado preenrollado personalizado<\/a> es un m\u00e9todo de envasado espec\u00edfico para <a href=\"https:\/\/zojoprint.en.alibaba.com\/productgrouplist-941131925\/Child_Resistant_Packaging_Box.html\" target=\"_blank\" rel=\"noopener\">productos de cannabis<\/a>A medida que el sector del cannabis se legaliza y comercializa, experimenta r\u00e1pidos cambios e innovaciones.<a href=\"https:\/\/zojopackaging.com\/es\/categoria-producto\/cannabis-boxes\/\">embalaje preenrollado<\/a> tienen una gran variedad de opciones personalizadas, como formas, dise\u00f1os, tama\u00f1os, colores, a prueba de ni\u00f1os, troquelados, etc. Estas opciones les permiten no s\u00f3lo proteger los productos, sino tambi\u00e9n mejorar la imagen de marca y atraer la atenci\u00f3n del consumidor.<\/p>\n<h3><a href=\"https:\/\/zojopackaging.com\/es\/categoria-producto\/cannabis-boxes\/\">Envasado preenrollado personalizado<\/a> sigue las tendencias del mercado<\/h3>\n<p>El sector del cannabis es un mercado din\u00e1mico en constante evoluci\u00f3n, en el que las preferencias de los consumidores y las normativas cambian a un ritmo vertiginoso, por lo que, en un mercado saturado, es esencial contar con un dise\u00f1o de envase \u00fanico. Un envase bien dise\u00f1ado puede mejorar la experiencia del usuario. Los envases personalizados ayudan a las marcas de cannabis a establecer una identidad \u00fanica y a fidelizar a sus clientes. <a href=\"https:\/\/zojopackaging.com\/es\/categoria-producto\/cannabis-boxes\/\">envases personalizados para rollos<\/a> basadas en las especificaciones de sus productos y las necesidades del mercado, lo que permite a su marca obtener un posicionamiento \u00fanico en el mercado al tiempo que garantiza la calidad y seguridad del producto, con el objetivo de ayudar a su marca a destacar en un mercado altamente competitivo.<\/p>\n<h3>Embalaje e impresi\u00f3n de cajas preenrolladas personalizadas<\/h3>\n<p>Ofrecemos soluciones de envasado e impresi\u00f3n de la m\u00e1s alta calidad para productos preenrollados. Contamos con un equipo profesional que realiza peri\u00f3dicamente estudios de mercado para analizar los cambios en el comportamiento y las preferencias de los consumidores, y tiene un profundo conocimiento y una visi\u00f3n en tiempo real de las tendencias m\u00e1s populares en el sector de la impresi\u00f3n de envases. Puede ayudar a que su marca destaque en el mercado.<\/p>\n<p>&nbsp;<\/p>\n<p><strong>Especificaci\u00f3n<\/strong><\/p>\n<table style=\"height: 456px;\" width=\"1153\">\n<tbody>\n<tr>\n<td width=\"373\">Dimensiones<\/td>\n<td width=\"373\">Todos los tama\u00f1os y formas personalizados<\/td>\n<\/tr>\n<tr>\n<td width=\"373\">Impresi\u00f3n<\/td>\n<td width=\"373\">CMYK, PMS, Sin impresi\u00f3n<\/td>\n<\/tr>\n<tr>\n<td width=\"373\">Papel<\/td>\n<td width=\"373\">De 10pt a 28pt (de 60lb a 400lb) Kraft ecol\u00f3gico, cart\u00f3n ondulado con acanalado en E, cart\u00f3n Bux, cartulina<\/td>\n<\/tr>\n<tr>\n<td width=\"373\">Cantidades<\/td>\n<td width=\"373\">500- 500,000<\/td>\n<\/tr>\n<tr>\n<td width=\"373\">Revestimiento<\/td>\n<td width=\"373\">Brillo, mate, UV directo<\/td>\n<\/tr>\n<tr>\n<td width=\"373\">Proceso por defecto<\/td>\n<td width=\"373\">Troquelado, encolado, ranurado, perforaci\u00f3n<\/td>\n<\/tr>\n<tr>\n<td width=\"373\">Opciones<\/td>\n<td width=\"373\">Recorte de ventana personalizado, l\u00e1mina dorada\/plateada, relieve, tinta en relieve, l\u00e1mina de PVC.<\/td>\n<\/tr>\n<tr>\n<td width=\"373\">Prueba<\/td>\n<td width=\"373\">Vista plana, maqueta 3D, muestra f\u00edsica (a petici\u00f3n)<\/td>\n<\/tr>\n<tr>\n<td width=\"373\">Tiempo de respuesta<\/td>\n<td width=\"373\">7-14 d\u00edas laborables , Rush<\/td>\n<\/tr>\n<tr>\n<td width=\"373\">MOQ<\/td>\n<td width=\"373\">500<\/td>\n<\/tr>\n<tr>\n<td width=\"373\">Tiempo de muestreo<\/td>\n<td width=\"373\">\u00a05 d\u00edas<\/td>\n<\/tr>\n<tr>\n<td width=\"373\">Plazo de pago<\/td>\n<td width=\"373\">T\/T, Western Union, Paypal, 30% de dep\u00f3sito y 70% de saldo antes del env\u00edo.<\/td>\n<\/tr>\n<\/tbody>\n<\/table>\n<div class=\"widget block block-static-block\">\n<div class=\"landing-page-section option-bottom\">\n<div class=\"custom-materials-tabs-content container container-adjustment\">\n<div class=\"custom-materials-tab-content active\">\n<div class=\"widget block block-static-block\">\n<div class=\"options-items\">\n<div class=\"flex-grid-row-option\">\n<div class=\"flex-grid-item-option\">\n<div class=\"material-box\">\n<div class=\"material-des\">\n<p>&nbsp;<\/p>\n<\/div>\n<p>&nbsp;<\/p>\n<\/div>\n<\/div>\n<\/div>\n<\/div>\n<p><!---end of option item--><\/p>\n<\/div>\n<\/div>\n<\/div>\n<\/div>\n<\/div>","protected":false},"excerpt":{"rendered":"<ul>\n<li>MOQ: 500 piezas<\/li>\n<li>Plazo de entrega:7-14 d\u00edas laborables , Rush<\/li>\n<li>Dimensiones a medida (di\u00e1metro x altura)<\/li>\n<li>Impresi\u00f3n personalizada<\/li>\n<li>Ecol\u00f3gico, reciclable y sin pl\u00e1stico<\/li>\n<li>Precio\uff1aEl precio final se adaptar\u00e1 a su producto y a la cantidad que necesite.<\/li>\n<\/ul>","protected":false},"featured_media":6462,"template":"","meta":[],"product_brand":[],"product_cat":[30,431,420,31,426],"product_tag":[584,585,586],"class_list":{"0":"post-2571","1":"product","2":"type-product","3":"status-publish","4":"has-post-thumbnail","6":"product_cat-by-industry","7":"product_cat-child-resistant-packaging","8":"product_cat-custom-cannabis-boxes","9":"product_cat-paper-box-style","10":"product_cat-paper-drawer-boxes","11":"product_tag-cannabis-pre-roll-packaging","12":"product_tag-pre-roll-boxes","13":"product_tag-pre-roll-packaging-supplies","15":"first","16":"instock","17":"shipping-taxable","18":"product-type-grouped"},"_links":{"self":[{"href":"https:\/\/zojopackaging.com\/es\/wp-json\/wp\/v2\/product\/2571","targetHints":{"allow":["GET"]}}],"collection":[{"href":"https:\/\/zojopackaging.com\/es\/wp-json\/wp\/v2\/product"}],"about":[{"href":"https:\/\/zojopackaging.com\/es\/wp-json\/wp\/v2\/types\/product"}],"version-history":[{"count":2,"href":"https:\/\/zojopackaging.com\/es\/wp-json\/wp\/v2\/product\/2571\/revisions"}],"predecessor-version":[{"id":8115,"href":"https:\/\/zojopackaging.com\/es\/wp-json\/wp\/v2\/product\/2571\/revisions\/8115"}],"wp:featuredmedia":[{"embeddable":true,"href":"https:\/\/zojopackaging.com\/es\/wp-json\/wp\/v2\/media\/6462"}],"wp:attachment":[{"href":"https:\/\/zojopackaging.com\/es\/wp-json\/wp\/v2\/media?parent=2571"}],"wp:term":[{"taxonomy":"product_brand","embeddable":true,"href":"https:\/\/zojopackaging.com\/es\/wp-json\/wp\/v2\/product_brand?post=2571"},{"taxonomy":"product_cat","embeddable":true,"href":"https:\/\/zojopackaging.com\/es\/wp-json\/wp\/v2\/product_cat?post=2571"},{"taxonomy":"product_tag","embeddable":true,"href":"https:\/\/zojopackaging.com\/es\/wp-json\/wp\/v2\/product_tag?post=2571"}],"curies":[{"name":"wp","href":"https:\/\/api.w.org\/{rel}","templated":true}]}}