{"id":2585,"date":"2024-03-12T13:59:15","date_gmt":"2024-03-12T05:59:15","guid":{"rendered":"https:\/\/zojopackaging.com\/?post_type=product&#038;p=2585"},"modified":"2025-03-28T14:40:18","modified_gmt":"2025-03-28T06:40:18","slug":"customized-e-cigarette-packaging-box","status":"publish","type":"product","link":"https:\/\/zojopackaging.com\/es\/product\/customized-e-cigarette-packaging-box\/","title":{"rendered":"Caja para cartuchos de vape con impresi\u00f3n personalizada a prueba de ni\u00f1os"},"content":{"rendered":"<h1>Caja para cartuchos de vape con impresi\u00f3n personalizada a prueba de ni\u00f1os<\/h1>\n<div>Las cajas para vapear requieren un embalaje que mantenga a salvo los art\u00edculos delicados y pueda captar la atenci\u00f3n de los clientes a primera vista.<\/div>\n<div>Constan de atomizador, bater\u00eda, boquilla y e-l\u00edquido. Debido a la creciente adicci\u00f3n a su sabor y a ser un icono de estilo en estos d\u00edas, todas las empresas tabaqueras son muy conscientes de su marca y de sus cajas. No puede permitirse ignorar la colorida y atractiva caja de papel. Mejore su experiencia de vapeo con nuestro estuche de vapeo personalizado de alta calidad. Fabricada con precisi\u00f3n y cuidado, nuestra soluci\u00f3n de embalaje ofrece una forma elegante y funcional de almacenar y transportar sus cigarrillos electr\u00f3nicos.<\/div>\n<div>\n<ul>\n<li>Equipo de asistencia especializado<\/li>\n<li>Obtener presupuesto gratuito<\/li>\n<li>100% a medida<\/li>\n<li>vea el v\u00eddeo de nuestro producto<\/li>\n<li>100% Satisfacci\u00f3n del cliente<\/li>\n<li>Muestreo gratuito<\/li>\n<li>Construcci\u00f3n duradera de doble extremo y doble fondo<\/li>\n<li>Util\u00edcelo para cualquier trabajo creativo y decorativo<\/li>\n<\/ul>\n<\/div>\n<div class=\"widget block block-static-block\">\n<div class=\"landing-page-section option-bottom\">\n<div class=\"custom-materials-tabs-content container container-adjustment\">\n<div class=\"custom-materials-tab-content active\">\n<div class=\"widget block block-static-block\">\n<div class=\"options-items\">\n<div class=\"flex-grid-row-option\">\n<div class=\"flex-grid-item-option\">\n<div class=\"material-box\">\n<div class=\"material-des\">\n<h1><strong>Especificaci\u00f3n<\/strong><\/h1>\n<table style=\"height: 456px;\" width=\"1153\">\n<tbody>\n<tr>\n<td width=\"373\">Dimensiones<\/td>\n<td width=\"373\">Todos los tama\u00f1os y formas personalizados<\/td>\n<\/tr>\n<tr>\n<td width=\"373\">Impresi\u00f3n<\/td>\n<td width=\"373\">CMYK, PMS, Sin impresi\u00f3n<\/td>\n<\/tr>\n<tr>\n<td width=\"373\">Papel<\/td>\n<td width=\"373\">De 10pt a 28pt (de 60lb a 400lb) Kraft ecol\u00f3gico, cart\u00f3n ondulado con acanalado en E, cart\u00f3n Bux, cartulina<\/td>\n<\/tr>\n<tr>\n<td width=\"373\">Cantidades<\/td>\n<td width=\"373\">500- 500,000<\/td>\n<\/tr>\n<tr>\n<td width=\"373\">Revestimiento<\/td>\n<td width=\"373\">Brillo, mate, UV directo<\/td>\n<\/tr>\n<tr>\n<td width=\"373\">Proceso por defecto<\/td>\n<td width=\"373\">Troquelado, encolado, ranurado, perforaci\u00f3n<\/td>\n<\/tr>\n<tr>\n<td width=\"373\">Opciones<\/td>\n<td width=\"373\">Recorte de ventana personalizado, l\u00e1mina dorada\/plateada, relieve, tinta en relieve, l\u00e1mina de PVC.<\/td>\n<\/tr>\n<tr>\n<td width=\"373\">Prueba<\/td>\n<td width=\"373\">Vista plana, maqueta 3D, muestra f\u00edsica (a petici\u00f3n)<\/td>\n<\/tr>\n<tr>\n<td width=\"373\">Tiempo de respuesta<\/td>\n<td width=\"373\">7-14 d\u00edas laborables , Rush<\/td>\n<\/tr>\n<tr>\n<td width=\"373\">MOQ<\/td>\n<td width=\"373\">500<\/td>\n<\/tr>\n<tr>\n<td width=\"373\">Tiempo de muestreo<\/td>\n<td width=\"373\">\u00a05 d\u00edas<\/td>\n<\/tr>\n<tr>\n<td width=\"373\">Plazo de pago<\/td>\n<td width=\"373\">T\/T, Western Union, Paypal, 30% de dep\u00f3sito y 70% de saldo antes del env\u00edo.<\/td>\n<\/tr>\n<\/tbody>\n<\/table>\n<\/div>\n<p>&nbsp;<\/p>\n<\/div>\n<\/div>\n<\/div>\n<\/div>\n<p><!---end of option item--><\/p>\n<\/div>\n<\/div>\n<\/div>\n<\/div>\n<\/div>","protected":false},"excerpt":{"rendered":"<p>1. El acabado UV puntual puede curarse completamente en unos segundos, lo que acorta enormemente el tiempo de secado, permite la impresi\u00f3n continua y el postprocesado, y mejora significativamente la eficiencia de la producci\u00f3n.<br \/>\n2. Dise\u00f1o a prueba de ni\u00f1os para evitar que los ni\u00f1os lo ingieran accidentalmente, pero los adultos pueden abrirlo f\u00e1cilmente.<br \/>\n3. Varios tama\u00f1os se pueden personalizar de acuerdo a su producto, adecuado para todo tipo de envases de cannabis e-cigarrillo<\/p>","protected":false},"featured_media":6118,"template":"","meta":[],"product_brand":[],"product_cat":[30,431,420,31],"product_tag":[803,594,802],"class_list":{"0":"post-2585","1":"product","2":"type-product","3":"status-publish","4":"has-post-thumbnail","6":"product_cat-by-industry","7":"product_cat-child-resistant-packaging","8":"product_cat-custom-cannabis-boxes","9":"product_cat-paper-box-style","10":"product_tag-child-resistant-cartridge-packaging","11":"product_tag-custom-vape-packaging","12":"product_tag-vape-cartridge-packaging-box","14":"first","15":"instock","16":"shipping-taxable","17":"product-type-grouped"},"_links":{"self":[{"href":"https:\/\/zojopackaging.com\/es\/wp-json\/wp\/v2\/product\/2585","targetHints":{"allow":["GET"]}}],"collection":[{"href":"https:\/\/zojopackaging.com\/es\/wp-json\/wp\/v2\/product"}],"about":[{"href":"https:\/\/zojopackaging.com\/es\/wp-json\/wp\/v2\/types\/product"}],"version-history":[{"count":2,"href":"https:\/\/zojopackaging.com\/es\/wp-json\/wp\/v2\/product\/2585\/revisions"}],"predecessor-version":[{"id":8462,"href":"https:\/\/zojopackaging.com\/es\/wp-json\/wp\/v2\/product\/2585\/revisions\/8462"}],"wp:featuredmedia":[{"embeddable":true,"href":"https:\/\/zojopackaging.com\/es\/wp-json\/wp\/v2\/media\/6118"}],"wp:attachment":[{"href":"https:\/\/zojopackaging.com\/es\/wp-json\/wp\/v2\/media?parent=2585"}],"wp:term":[{"taxonomy":"product_brand","embeddable":true,"href":"https:\/\/zojopackaging.com\/es\/wp-json\/wp\/v2\/product_brand?post=2585"},{"taxonomy":"product_cat","embeddable":true,"href":"https:\/\/zojopackaging.com\/es\/wp-json\/wp\/v2\/product_cat?post=2585"},{"taxonomy":"product_tag","embeddable":true,"href":"https:\/\/zojopackaging.com\/es\/wp-json\/wp\/v2\/product_tag?post=2585"}],"curies":[{"name":"wp","href":"https:\/\/api.w.org\/{rel}","templated":true}]}}