{"id":2612,"date":"2024-03-12T14:51:34","date_gmt":"2024-03-12T06:51:34","guid":{"rendered":"https:\/\/zojopackaging.com\/?post_type=product&#038;p=2612"},"modified":"2025-03-28T16:37:20","modified_gmt":"2025-03-28T08:37:20","slug":"pink-e-cigarette-packaging-card-box","status":"publish","type":"product","link":"https:\/\/zojopackaging.com\/es\/product\/pink-e-cigarette-packaging-card-box\/","title":{"rendered":"Custom Vape L\u00edquido Pen Marihuana Comestible Embalaje Caja F\u00e1brica"},"content":{"rendered":"<h1>Custom Vape L\u00edquido Pen Marihuana Comestible Embalaje Caja F\u00e1brica<\/h1>\n<p>La caja de empaquetado personalizada rosa para vapear bol\u00edgrafo l\u00edquido marihuana comestible factory es una soluci\u00f3n elegante y funcional para almacenar y presentar los cigarrillos electr\u00f3nicos de forma atractiva. Esta caja de embalaje est\u00e1 dise\u00f1ado con un toque femenino, con un color rosa suave que apela a una est\u00e9tica m\u00e1s delicada y elegante.<\/p>\n<p>La caja de cart\u00f3n est\u00e1 fabricada con materiales de alta calidad, lo que garantiza su durabilidad y la protecci\u00f3n de los cigarrillos electr\u00f3nicos que contiene. La robusta construcci\u00f3n de la caja ayuda a mantener el contenido seguro durante el almacenamiento y el transporte.<\/p>\n<p>El dise\u00f1o de la caja es elegante y moderno, con un aspecto limpio y minimalista que complementa el atractivo general de los cigarrillos electr\u00f3nicos. El color rosa a\u00f1ade un toque de sofisticaci\u00f3n y encanto, lo que hace que destaque en las estanter\u00edas de las tiendas o cuando se presenta como regalo.<\/p>\n<p>La caja est\u00e1 dise\u00f1ada para ser compacta y ligera, lo que facilita a los usuarios el transporte y almacenamiento de sus cigarrillos electr\u00f3nicos. La caja para tarjetas proporciona un recinto seguro para los cigarrillos electr\u00f3nicos, manteni\u00e9ndolos organizados y protegidos de elementos externos.<\/p>\n<h1><strong>Especificaci\u00f3n<\/strong><\/h1>\n<table style=\"height: 456px;\" width=\"1153\">\n<tbody>\n<tr>\n<td width=\"373\">Dimensiones<\/td>\n<td width=\"373\">Todos los tama\u00f1os y formas personalizados<\/td>\n<\/tr>\n<tr>\n<td width=\"373\">Impresi\u00f3n<\/td>\n<td width=\"373\">CMYK, PMS, Sin impresi\u00f3n<\/td>\n<\/tr>\n<tr>\n<td width=\"373\">Papel<\/td>\n<td width=\"373\">De 10pt a 28pt (de 60lb a 400lb) Kraft ecol\u00f3gico, cart\u00f3n ondulado con acanalado en E, cart\u00f3n Bux, cartulina<\/td>\n<\/tr>\n<tr>\n<td width=\"373\">Cantidades<\/td>\n<td width=\"373\">500- 500,000<\/td>\n<\/tr>\n<tr>\n<td width=\"373\">Revestimiento<\/td>\n<td width=\"373\">Brillo, mate, UV directo<\/td>\n<\/tr>\n<tr>\n<td width=\"373\">Proceso por defecto<\/td>\n<td width=\"373\">Troquelado, encolado, ranurado, perforaci\u00f3n<\/td>\n<\/tr>\n<tr>\n<td width=\"373\">Opciones<\/td>\n<td width=\"373\">Recorte de ventana personalizado, l\u00e1mina dorada\/plateada, relieve, tinta en relieve, l\u00e1mina de PVC.<\/td>\n<\/tr>\n<tr>\n<td width=\"373\">Prueba<\/td>\n<td width=\"373\">Vista plana, maqueta 3D, muestra f\u00edsica (a petici\u00f3n)<\/td>\n<\/tr>\n<tr>\n<td width=\"373\">Tiempo de respuesta<\/td>\n<td width=\"373\">7-14 d\u00edas laborables , Rush<\/td>\n<\/tr>\n<tr>\n<td width=\"373\">MOQ<\/td>\n<td width=\"373\">500<\/td>\n<\/tr>\n<tr>\n<td width=\"373\">Tiempo de muestreo<\/td>\n<td width=\"373\">\u00a05 d\u00edas<\/td>\n<\/tr>\n<tr>\n<td width=\"373\">Plazo de pago<\/td>\n<td width=\"373\">T\/T, Western Union, Paypal, 30% de dep\u00f3sito y 70% de saldo antes del env\u00edo.<\/td>\n<\/tr>\n<\/tbody>\n<\/table>\n<div class=\"widget block block-static-block\">\n<div class=\"landing-page-section option-bottom\">\n<div class=\"custom-materials-tabs-content container container-adjustment\">\n<div class=\"custom-materials-tab-content active\">\n<div class=\"widget block block-static-block\">\n<div class=\"options-items\">\n<div class=\"flex-grid-row-option\">\n<div class=\"flex-grid-item-option\">\n<div class=\"material-box\">\n<div class=\"material-des\">\n<p>&nbsp;<\/p>\n<\/div>\n<p>&nbsp;<\/p>\n<\/div>\n<\/div>\n<\/div>\n<\/div>\n<p><!---end of option item--><\/p>\n<\/div>\n<\/div>\n<\/div>\n<\/div>\n<\/div>","protected":false},"excerpt":{"rendered":"<p>1. Fabricado en cart\u00f3n blanco, con superficie lisa y delicada e impresi\u00f3n respetuosa con el medio ambiente.<br \/>\n2. Las cajas de cart\u00f3n plegables se pueden aplanar para su almacenamiento, reduciendo el espacio de almacenamiento; alta eficiencia de apilamiento durante el transporte, reduciendo los costes log\u00edsticos.<br \/>\n3. Varios tama\u00f1os se pueden personalizar de acuerdo a sus productos, adecuados para el envasado de diversos productos<\/p>","protected":false},"featured_media":2622,"template":"","meta":[],"product_brand":[],"product_cat":[30,420,430,31],"product_tag":[830,831,718],"class_list":{"0":"post-2612","1":"product","2":"type-product","3":"status-publish","4":"has-post-thumbnail","6":"product_cat-by-industry","7":"product_cat-custom-cannabis-boxes","8":"product_cat-folding-cartons","9":"product_cat-paper-box-style","10":"product_tag-custom-vape-liquid-packaging","11":"product_tag-marijuana-edible-packaging","12":"product_tag-vape-pen-packaging","14":"first","15":"instock","16":"shipping-taxable","17":"product-type-grouped"},"_links":{"self":[{"href":"https:\/\/zojopackaging.com\/es\/wp-json\/wp\/v2\/product\/2612","targetHints":{"allow":["GET"]}}],"collection":[{"href":"https:\/\/zojopackaging.com\/es\/wp-json\/wp\/v2\/product"}],"about":[{"href":"https:\/\/zojopackaging.com\/es\/wp-json\/wp\/v2\/types\/product"}],"version-history":[{"count":2,"href":"https:\/\/zojopackaging.com\/es\/wp-json\/wp\/v2\/product\/2612\/revisions"}],"predecessor-version":[{"id":8473,"href":"https:\/\/zojopackaging.com\/es\/wp-json\/wp\/v2\/product\/2612\/revisions\/8473"}],"wp:featuredmedia":[{"embeddable":true,"href":"https:\/\/zojopackaging.com\/es\/wp-json\/wp\/v2\/media\/2622"}],"wp:attachment":[{"href":"https:\/\/zojopackaging.com\/es\/wp-json\/wp\/v2\/media?parent=2612"}],"wp:term":[{"taxonomy":"product_brand","embeddable":true,"href":"https:\/\/zojopackaging.com\/es\/wp-json\/wp\/v2\/product_brand?post=2612"},{"taxonomy":"product_cat","embeddable":true,"href":"https:\/\/zojopackaging.com\/es\/wp-json\/wp\/v2\/product_cat?post=2612"},{"taxonomy":"product_tag","embeddable":true,"href":"https:\/\/zojopackaging.com\/es\/wp-json\/wp\/v2\/product_tag?post=2612"}],"curies":[{"name":"wp","href":"https:\/\/api.w.org\/{rel}","templated":true}]}}