{"id":2624,"date":"2024-03-12T14:59:23","date_gmt":"2024-03-12T06:59:23","guid":{"rendered":"https:\/\/zojopackaging.com\/?post_type=product&#038;p=2624"},"modified":"2025-03-28T16:51:07","modified_gmt":"2025-03-28T08:51:07","slug":"custom-printed-e-cigarette-boxes","status":"publish","type":"product","link":"https:\/\/zojopackaging.com\/es\/product\/custom-printed-e-cigarette-boxes\/","title":{"rendered":"Caja de Aceite de C\u00e1\u00f1amo con Chocolate CBD Impreso Personalizado al por Mayor"},"content":{"rendered":"<h1 class=\"LC20lb MBeuO DKV0Md\">Caja de Aceite de C\u00e1\u00f1amo con Chocolate CBD Impreso Personalizado al por Mayor<\/h1>\n<p>Utilizan una bater\u00eda que contiene una soluci\u00f3n de diferentes sustancias qu\u00edmicas y sabores y nicotina. Aunque algunas sustancias pueden ser peligrosas, son mucho menos nocivas que un cigarrillo tradicional. Por eso, con el aumento de la demanda de cigarrillos electr\u00f3nicos y otros productos de vapeo, las empresas intentan encontrar formas m\u00e1s creativas de envasar sus productos. Para ello, nuestros dise\u00f1adores gr\u00e1ficos profesionales proponen ideas y dise\u00f1os de cajas para cigarrillos electr\u00f3nicos. Dan un aspecto profesional a sus productos y ayudan a conservar su calidad. <em>Las cajas personalizadas<\/em>\u00a0le ofrece personalizaciones \u00fanicas para elaborar\u00a0<strong>Dise\u00f1os de envases de cigarrillos electr\u00f3nicos<\/strong>\u00a0que crean una relaci\u00f3n de confianza entre su marca y los consumidores. Adem\u00e1s, el material de la mejor calidad protege sus productos de la contaminaci\u00f3n y los da\u00f1os. La tendencia a utilizar cigarrillos electr\u00f3nicos ha aumentado con el tiempo. Adem\u00e1s de una personalizaci\u00f3n ilimitada, tambi\u00e9n somos la primera opci\u00f3n de los consumidores por nuestros excepcionales servicios.<\/p>\n<h3><strong>Comprar <\/strong>Caja de aceite de c\u00e1\u00f1amo y chocolate con CBD impreso personalizado <strong>Al por mayor<\/strong><\/h3>\n<p>En el mundo de los cigarrillos electr\u00f3nicos, hay muchas marcas en el mercado con las que competir. Por eso, un aspecto con clase se ha convertido en algo obligatorio para sobrevivir a la competencia. Personalizado\u00a0<strong>soluciones de envasado de cigarrillos electr\u00f3nicos<\/strong>\u00a0desempe\u00f1an un papel importante en este sentido. Estas cajas aumentan la visibilidad de los productos, destacando su marca en el mercado. Las cajas de cart\u00f3n personalizadas para cigarrillos electr\u00f3nicos son la mejor forma de preservar su calidad. Est\u00e1n dise\u00f1adas para satisfacer las expectativas de los clientes y las tendencias actuales del mercado.\u00a0<em>Las cajas personalizadas<\/em>\u00a0es uno de los mayores fabricantes mayoristas que le ofrece cajas de gama alta a precios rentables.<\/p>\n<h3><strong>Material duradero para la protecci\u00f3n 100%<\/strong><\/h3>\n<p>Fabricamos cajas de almacenamiento de cigarrillos electr\u00f3nicos de la mejor calidad\u00a0<a href=\"https:\/\/zojopackaging.com\/es\/categoria-producto\/custom-e-cigarette-box\/\">cajas de cart\u00f3n<\/a>\u00a0o cajas de cart\u00f3n Kraft. El material es duradero y lo suficientemente resistente como para proporcionar la m\u00e1xima protecci\u00f3n a los productos. Los mantiene a salvo durante el tr\u00e1nsito, el almacenamiento y la exposici\u00f3n. Puede personalizar el grosor de la caja seg\u00fan la delicadeza de sus valiosos productos. El aspecto tan exuberante de las cajas para cigarrillos electr\u00f3nicos al por mayor hace que sus productos destaquen en las estanter\u00edas de los comercios.<\/p>\n<p>\u00bfNo es incre\u00edble que obtenga una calidad excelente y unos precios m\u00ednimos bajo un mismo techo? S\u00ed, est\u00e1 pensando bien, con nosotros tendr\u00e1 una combinaci\u00f3n perfecta de calidad y precio, para superar las expectativas del cliente. Ofrecemos buena calidad<strong>\u00a0<\/strong><strong>cajas de cigarrillos electr\u00f3nicos con impresi\u00f3n personalizada<\/strong>\u00a0a precios rentables. Nuestros precios son muy competitivos en comparaci\u00f3n con el mercado.<\/p>\n<h3><strong>Impresi\u00f3n de alta calidad<\/strong><\/h3>\n<p>Somos la primera opci\u00f3n de los consumidores porque ofrecemos servicios de impresi\u00f3n de primera calidad a nuestros venerados clientes. Contamos con grandes imprentas digitales, serigr\u00e1ficas y offset que utilizan las t\u00e9cnicas m\u00e1s avanzadas. La excelente calidad de las tintas y la maquinaria de impresi\u00f3n hacen que los mejores<strong>\u00a0<\/strong>cajas de cigarrillos electr\u00f3nicos de papel impresas a medida. Al final se aplica un laminado y un acabado especiales para realzar su gracia. Ofrecemos 100% pr\u00e1cticas ecol\u00f3gicas para\u00a0<strong>impresi\u00f3n de dise\u00f1os de cigarrillos electr\u00f3nicos<\/strong>. Esto garantiza la entrega de un producto de gran valor en la puerta del cliente. El uso de impresi\u00f3n de alta calidad y estilos atractivos da un aspecto extraordinario a sus productos.<\/p>\n<p>Adem\u00e1s, no se aplican gastos de troquelado ni chapado a ninguno de nuestros productos.<strong>\u00a0<\/strong>Ofrecemos una soluci\u00f3n de personalizaci\u00f3n completa en cuanto a disposici\u00f3n y dise\u00f1o. Los clientes pueden elegir libremente las especificaciones de<strong>\u00a0<\/strong><strong>cajas personalizadas para cigarrillos electr\u00f3nicos\u00a0<\/strong>seg\u00fan sus necesidades. Nuestra m\u00e1xima prioridad es proporcionar a nuestros clientes las cajas de embalaje de sus sue\u00f1os.<\/p>\n<h3><strong>Cajas troqueladas para cigarrillos electr\u00f3nicos<\/strong><\/h3>\n<p>Puede dise\u00f1ar cajas para cigarrillos electr\u00f3nicos troqueladas a medida en amplias combinaciones de formas y estilos en funci\u00f3n de sus requisitos de marca. Necesita una soluci\u00f3n de envasado innovadora para aumentar la visibilidad de su producto. Las cajas expositoras personalizadas para cigarrillos electr\u00f3nicos son perfectas para que su marca destaque entre la competencia. Imprima estas cajas con atractivos dise\u00f1os o ilustraciones personalizadas para hacerlas m\u00e1s atractivas. Es una buena opci\u00f3n para las empresas que quieren crear una identidad de marca distintiva. Nuestras cajas troqueladas mejor valoradas permiten a los clientes ver el producto real antes de comprarlo. Esto aumenta la satisfacci\u00f3n del cliente y permite a los fabricantes mostrar sus productos de forma atractiva. Tambi\u00e9n se dise\u00f1an insertos especiales para las cajas que proporcionan una amortiguaci\u00f3n adicional para evitar roturas durante el env\u00edo y el transporte.<\/p>\n<h3><strong>Env\u00edo gratuito y asistencia de dise\u00f1o gratuita<\/strong><\/h3>\n<p>El env\u00edo gratuito y el apoyo al dise\u00f1o son algunas de las pr\u00e1cticas fundamentales de nuestra empresa. Contamos con un equipo de dise\u00f1adores profesionales y expertos t\u00e9cnicos que le ayudar\u00e1n a elaborar\u00a0<strong>cajas de cigarrillos electr\u00f3nicos personalizadas con logotipos.<\/strong>\u00a0Informan a los clientes sobre especificaciones, caracter\u00edsticas y material gr\u00e1fico relacionado. Los dise\u00f1adores preparan una plantilla de acuerdo con sus disposiciones. Todo el proceso es gratuito. Adem\u00e1s, ofrecemos env\u00edo gratuito a EE.UU. y Canad\u00e1. Sin embargo, para los clientes que viven fuera, nuestros gastos de env\u00edo son m\u00ednimos en comparaci\u00f3n con la competencia.<\/p>\n<p>Adem\u00e1s, en comparaci\u00f3n con otros fabricantes de envases personalizados, tenemos un plazo de entrega r\u00e1pido. Nuestros expertos en envasado siempre se aseguran de que todos los plazos se cumplan a tiempo. Y no s\u00f3lo eso, tambi\u00e9n puede ponerse en contacto con nuestro servicio de atenci\u00f3n al cliente, disponible 24 horas al d\u00eda, 7 d\u00edas a la semana. Contamos con varios comerciales expertos. Est\u00e1n a su servicio las 24 horas del d\u00eda para responder a sus preguntas y resolver sus dudas sobre\u00a0<strong>cajas de cigarrillos electr\u00f3nicos personalizados\u00a0<\/strong>r\u00e1pida y eficazmente.<\/p>\n<p>La sostenibilidad medioambiental se ha convertido en un tema importante en el que trabajar. Hemos comenzado a aplicar pr\u00e1cticas ecol\u00f3gicas para dise\u00f1ar cajas impresas de cigarrillos electr\u00f3nicos Kraft. Todos los productos, incluidas las cajas personalizadas para cigarrillos electr\u00f3nicos al por mayor, se fabrican con material reciclable 100%. Esto beneficia al planeta y resulta beneficioso para la reputaci\u00f3n de su marca. \u00a1Por lo tanto, no se pierda esta incre\u00edble oportunidad y obtenga su presupuesto gratuito ahora!<\/p>\n<h1><strong>Especificaci\u00f3n<\/strong><\/h1>\n<table style=\"height: 456px;\" width=\"1153\">\n<tbody>\n<tr>\n<td width=\"373\">Dimensiones<\/td>\n<td width=\"373\">Todos los tama\u00f1os y formas personalizados<\/td>\n<\/tr>\n<tr>\n<td width=\"373\">Impresi\u00f3n<\/td>\n<td width=\"373\">CMYK, PMS, Sin impresi\u00f3n<\/td>\n<\/tr>\n<tr>\n<td width=\"373\">Papel<\/td>\n<td width=\"373\">De 10pt a 28pt (de 60lb a 400lb) Kraft ecol\u00f3gico, cart\u00f3n ondulado con acanalado en E, cart\u00f3n Bux, cartulina<\/td>\n<\/tr>\n<tr>\n<td width=\"373\">Cantidades<\/td>\n<td width=\"373\">500- 500,000<\/td>\n<\/tr>\n<tr>\n<td width=\"373\">Revestimiento<\/td>\n<td width=\"373\">Brillo, mate, UV directo<\/td>\n<\/tr>\n<tr>\n<td width=\"373\">Proceso por defecto<\/td>\n<td width=\"373\">Troquelado, encolado, ranurado, perforaci\u00f3n<\/td>\n<\/tr>\n<tr>\n<td width=\"373\">Opciones<\/td>\n<td width=\"373\">Recorte de ventana personalizado, l\u00e1mina dorada\/plateada, relieve, tinta en relieve, l\u00e1mina de PVC.<\/td>\n<\/tr>\n<tr>\n<td width=\"373\">Prueba<\/td>\n<td width=\"373\">Vista plana, maqueta 3D, muestra f\u00edsica (a petici\u00f3n)<\/td>\n<\/tr>\n<tr>\n<td width=\"373\">Tiempo de respuesta<\/td>\n<td width=\"373\">7-14 d\u00edas laborables , Rush<\/td>\n<\/tr>\n<tr>\n<td width=\"373\">MOQ<\/td>\n<td width=\"373\">500<\/td>\n<\/tr>\n<tr>\n<td width=\"373\">Tiempo de muestreo<\/td>\n<td width=\"373\">\u00a05 d\u00edas<\/td>\n<\/tr>\n<tr>\n<td width=\"373\">Plazo de pago<\/td>\n<td width=\"373\">T\/T, Western Union, Paypal, 30% de dep\u00f3sito y 70% de saldo antes del env\u00edo.<\/td>\n<\/tr>\n<\/tbody>\n<\/table>\n<div class=\"widget block block-static-block\">\n<div class=\"landing-page-section option-bottom\">\n<div class=\"custom-materials-tabs-content container container-adjustment\">\n<div class=\"custom-materials-tab-content active\">\n<div class=\"widget block block-static-block\">\n<div class=\"options-items\">\n<div class=\"flex-grid-row-option\">\n<div class=\"flex-grid-item-option\">\n<div class=\"material-box\">\n<div class=\"material-des\">\n<p>&nbsp;<\/p>\n<\/div>\n<p>&nbsp;<\/p>\n<\/div>\n<\/div>\n<\/div>\n<\/div>\n<p><!---end of option item--><\/p>\n<\/div>\n<\/div>\n<\/div>\n<\/div>\n<\/div>","protected":false},"excerpt":{"rendered":"<p>1. El dise\u00f1o de la caja de papel del caj\u00f3n y la apertura deslizante hacen que sea f\u00e1cil para los usuarios abrir y cerrar, mejorando la experiencia de unboxing<br \/>\n2. Varios tama\u00f1os se pueden personalizar de acuerdo a sus productos, adecuados para el envasado de diversos chocolates de c\u00e1\u00f1amo CBD.<br \/>\n3. La impresi\u00f3n en la superficie de la caja es clara y no tiene diferencia de color, lo que puede mejorar su experiencia de usuario<\/p>","protected":false},"featured_media":2627,"template":"","meta":[],"product_brand":[],"product_cat":[30,418,31,426],"product_tag":[832,833,834],"class_list":{"0":"post-2624","1":"product","2":"type-product","3":"status-publish","4":"has-post-thumbnail","6":"product_cat-by-industry","7":"product_cat-custom-cbd-boxes","8":"product_cat-paper-box-style","9":"product_cat-paper-drawer-boxes","10":"product_tag-cbd-chocolate-box-wholesale","11":"product_tag-custom-cannabis-box","12":"product_tag-hemp-oil-box-wholesale","14":"first","15":"instock","16":"shipping-taxable","17":"product-type-grouped"},"_links":{"self":[{"href":"https:\/\/zojopackaging.com\/es\/wp-json\/wp\/v2\/product\/2624","targetHints":{"allow":["GET"]}}],"collection":[{"href":"https:\/\/zojopackaging.com\/es\/wp-json\/wp\/v2\/product"}],"about":[{"href":"https:\/\/zojopackaging.com\/es\/wp-json\/wp\/v2\/types\/product"}],"version-history":[{"count":2,"href":"https:\/\/zojopackaging.com\/es\/wp-json\/wp\/v2\/product\/2624\/revisions"}],"predecessor-version":[{"id":8474,"href":"https:\/\/zojopackaging.com\/es\/wp-json\/wp\/v2\/product\/2624\/revisions\/8474"}],"wp:featuredmedia":[{"embeddable":true,"href":"https:\/\/zojopackaging.com\/es\/wp-json\/wp\/v2\/media\/2627"}],"wp:attachment":[{"href":"https:\/\/zojopackaging.com\/es\/wp-json\/wp\/v2\/media?parent=2624"}],"wp:term":[{"taxonomy":"product_brand","embeddable":true,"href":"https:\/\/zojopackaging.com\/es\/wp-json\/wp\/v2\/product_brand?post=2624"},{"taxonomy":"product_cat","embeddable":true,"href":"https:\/\/zojopackaging.com\/es\/wp-json\/wp\/v2\/product_cat?post=2624"},{"taxonomy":"product_tag","embeddable":true,"href":"https:\/\/zojopackaging.com\/es\/wp-json\/wp\/v2\/product_tag?post=2624"}],"curies":[{"name":"wp","href":"https:\/\/api.w.org\/{rel}","templated":true}]}}