{"id":2645,"date":"2024-03-12T15:16:34","date_gmt":"2024-03-12T07:16:34","guid":{"rendered":"https:\/\/zojopackaging.com\/?post_type=product&#038;p=2645"},"modified":"2025-03-28T15:15:39","modified_gmt":"2025-03-28T07:15:39","slug":"customization-e-cigarette-packaging-box","status":"publish","type":"product","link":"https:\/\/zojopackaging.com\/es\/product\/customization-e-cigarette-packaging-box\/","title":{"rendered":"Cajas de pastillas para dormir disolubles de CBD personalizadas al por mayor"},"content":{"rendered":"<h1>Cajas de pastillas para dormir disolubles de CBD personalizadas al por mayor<\/h1>\n<p>Las cajas personalizadas para pastillas para dormir disolubles de cbd al por mayor son una soluci\u00f3n de embalaje vers\u00e1til y personalizada que permite a las marcas crear una presentaci\u00f3n \u00fanica y a medida para sus pastillas para dormir disolubles de cbd. Esta caja de embalaje ofrece una amplia gama de opciones de personalizaci\u00f3n, incluyendo el dise\u00f1o, tama\u00f1o, forma, color y toques finales, para satisfacer las necesidades espec\u00edficas de marca y marketing de cada empresa.<\/p>\n<p>Las marcas pueden optar por incorporar su logotipo, los colores de su marca y sus mensajes a la caja de embalaje para crear un aspecto cohesivo y de marca que resuene con su p\u00fablico objetivo. Las posibilidades de dise\u00f1o son infinitas, lo que permite a las marcas mostrar su creatividad e individualidad a trav\u00e9s del envase.<\/p>\n<p>Adem\u00e1s de la personalizaci\u00f3n del dise\u00f1o, las marcas tambi\u00e9n pueden seleccionar el tama\u00f1o y la forma de la caja de embalaje que mejor se adapte a sus productos de cbd pastillas disolubles para dormir. Tanto si prefieren una caja compacta y minimalista como un dise\u00f1o m\u00e1s grande y elaborado, las opciones de personalizaci\u00f3n permiten a las marcas adaptar el envase a las especificaciones de sus productos.<\/p>\n<p>Adem\u00e1s, las marcas pueden elegir entre diversas opciones de acabado, como mate o brillante, gofrado, laminado o lacado UV localizado, para a\u00f1adir un toque de lujo a la caja. Estos toques finales elevan el aspecto y la sensaci\u00f3n general del envase, aumentando el valor percibido de las pastillas disolubles de cbd para dormir.<\/p>\n<h1><strong>Especificaci\u00f3n<\/strong><\/h1>\n<table style=\"height: 456px;\" width=\"1153\">\n<tbody>\n<tr>\n<td width=\"373\">Dimensiones<\/td>\n<td width=\"373\">Todos los tama\u00f1os y formas personalizados<\/td>\n<\/tr>\n<tr>\n<td width=\"373\">Impresi\u00f3n<\/td>\n<td width=\"373\">CMYK, PMS, Sin impresi\u00f3n<\/td>\n<\/tr>\n<tr>\n<td width=\"373\">Papel<\/td>\n<td width=\"373\">De 10pt a 28pt (de 60lb a 400lb) Kraft ecol\u00f3gico, cart\u00f3n ondulado con acanalado en E, cart\u00f3n Bux, cartulina<\/td>\n<\/tr>\n<tr>\n<td width=\"373\">Cantidades<\/td>\n<td width=\"373\">500- 500,000<\/td>\n<\/tr>\n<tr>\n<td width=\"373\">Revestimiento<\/td>\n<td width=\"373\">Brillo, mate, UV directo<\/td>\n<\/tr>\n<tr>\n<td width=\"373\">Proceso por defecto<\/td>\n<td width=\"373\">Troquelado, encolado, ranurado, perforaci\u00f3n<\/td>\n<\/tr>\n<tr>\n<td width=\"373\">Opciones<\/td>\n<td width=\"373\">Recorte de ventana personalizado, l\u00e1mina dorada\/plateada, relieve, tinta en relieve, l\u00e1mina de PVC.<\/td>\n<\/tr>\n<tr>\n<td width=\"373\">Prueba<\/td>\n<td width=\"373\">Vista plana, maqueta 3D, muestra f\u00edsica (a petici\u00f3n)<\/td>\n<\/tr>\n<tr>\n<td width=\"373\">Tiempo de respuesta<\/td>\n<td width=\"373\">7-14 d\u00edas laborables , Rush<\/td>\n<\/tr>\n<tr>\n<td width=\"373\">MOQ<\/td>\n<td width=\"373\">500<\/td>\n<\/tr>\n<tr>\n<td width=\"373\">Tiempo de muestreo<\/td>\n<td width=\"373\">3-5 d\u00edas<\/td>\n<\/tr>\n<tr>\n<td width=\"373\">Plazo de pago<\/td>\n<td width=\"373\">T\/T, Western Union, Paypal, 30% de dep\u00f3sito y 70% de saldo antes del env\u00edo.<\/td>\n<\/tr>\n<\/tbody>\n<\/table>\n<div class=\"widget block block-static-block\">\n<div class=\"landing-page-section option-bottom\">\n<div class=\"custom-materials-tabs-content container container-adjustment\">\n<div class=\"custom-materials-tab-content active\">\n<div class=\"widget block block-static-block\">\n<div class=\"options-items\">\n<div class=\"flex-grid-row-option\">\n<div class=\"flex-grid-item-option\">\n<div class=\"material-box\">\n<p>&nbsp;<\/p>\n<\/div>\n<\/div>\n<\/div>\n<\/div>\n<p><!---end of option item--><\/p>\n<\/div>\n<\/div>\n<\/div>\n<\/div>\n<\/div>","protected":false},"excerpt":{"rendered":"<p>1. Varios tama\u00f1os se pueden personalizar de acuerdo a su producto, adecuado para todo tipo de CBD soluble pastillas para dormir embalaje<br \/>\n2. Las cajas plegables cardbaord se pueden aplanar para su almacenamiento, reduciendo el espacio de almacenamiento; alta eficiencia de apilamiento durante el transporte, reduciendo los costes log\u00edsticos.<br \/>\n3. material de cart\u00f3n blanco, superficie lisa y delicada, impresi\u00f3n respetuosa con el medio ambiente<\/p>","protected":false},"featured_media":6424,"template":"","meta":[],"product_brand":[],"product_cat":[30,418,430,31],"product_tag":[808,807,356],"class_list":{"0":"post-2645","1":"product","2":"type-product","3":"status-publish","4":"has-post-thumbnail","6":"product_cat-by-industry","7":"product_cat-custom-cbd-boxes","8":"product_cat-folding-cartons","9":"product_cat-paper-box-style","10":"product_tag-cbd-boxes-wholesale","11":"product_tag-cbd-dissolvable-sleep-tablets-boxes","12":"product_tag-custom-cbd-boxes","14":"first","15":"instock","16":"shipping-taxable","17":"product-type-grouped"},"_links":{"self":[{"href":"https:\/\/zojopackaging.com\/es\/wp-json\/wp\/v2\/product\/2645","targetHints":{"allow":["GET"]}}],"collection":[{"href":"https:\/\/zojopackaging.com\/es\/wp-json\/wp\/v2\/product"}],"about":[{"href":"https:\/\/zojopackaging.com\/es\/wp-json\/wp\/v2\/types\/product"}],"version-history":[{"count":2,"href":"https:\/\/zojopackaging.com\/es\/wp-json\/wp\/v2\/product\/2645\/revisions"}],"predecessor-version":[{"id":8464,"href":"https:\/\/zojopackaging.com\/es\/wp-json\/wp\/v2\/product\/2645\/revisions\/8464"}],"wp:featuredmedia":[{"embeddable":true,"href":"https:\/\/zojopackaging.com\/es\/wp-json\/wp\/v2\/media\/6424"}],"wp:attachment":[{"href":"https:\/\/zojopackaging.com\/es\/wp-json\/wp\/v2\/media?parent=2645"}],"wp:term":[{"taxonomy":"product_brand","embeddable":true,"href":"https:\/\/zojopackaging.com\/es\/wp-json\/wp\/v2\/product_brand?post=2645"},{"taxonomy":"product_cat","embeddable":true,"href":"https:\/\/zojopackaging.com\/es\/wp-json\/wp\/v2\/product_cat?post=2645"},{"taxonomy":"product_tag","embeddable":true,"href":"https:\/\/zojopackaging.com\/es\/wp-json\/wp\/v2\/product_tag?post=2645"}],"curies":[{"name":"wp","href":"https:\/\/api.w.org\/{rel}","templated":true}]}}