{"id":2659,"date":"2024-03-12T16:01:36","date_gmt":"2024-03-12T08:01:36","guid":{"rendered":"https:\/\/zojopackaging.com\/?post_type=product&#038;p=2659"},"modified":"2025-03-28T17:13:57","modified_gmt":"2025-03-28T09:13:57","slug":"printed-e-cigarette-packaging-boxes","status":"publish","type":"product","link":"https:\/\/zojopackaging.com\/es\/product\/printed-e-cigarette-packaging-boxes\/","title":{"rendered":"Cajas de papel para aceite de cannabis a prueba de ni\u00f1os"},"content":{"rendered":"<h1 class=\"indIKd q23Yce fA1vYb cS4Vcb-pGL6qe-fwJd0c\">Cajas de papel para aceite de cannabis a prueba de ni\u00f1os<\/h1>\n<p>\u00bfBusca cajas de papel para aceite de cannabis a prueba de ni\u00f1os? \u00bfDesea un embalaje personalizado para su vaporizador? El embalaje personalizado puede ser la elecci\u00f3n correcta, entonces; usted obtendr\u00e1 una gran cantidad de opciones aqu\u00ed para cubrir su ni\u00f1o resistente a prueba de ni\u00f1os cajas de papel de aceite de cannabis caj\u00f3n. Aqu\u00ed, usted no s\u00f3lo conseguir\u00e1 el empaquetado modificado para requisitos particulares seg\u00fan sus requisitos pero algunas ofertas y descuentos asombrosos tambi\u00e9n.<\/p>\n<p>Las cajas est\u00e1n disponibles en varios tama\u00f1os y estilos para adaptarse a los distintos modelos de aceite de cannabis y accesorios. Puedes elegir entre una gama de acabados, como brillante, mate o texturizado, para dar a tu envase un toque extra de sofisticaci\u00f3n.<\/p>\n<p>La personalizaci\u00f3n es el n\u00facleo de nuestra oferta. Adapte la caja a sus especificaciones exactas: seleccione los colores que representan su marca, incorpore elementos de dise\u00f1o especiales y a\u00f1ada informaci\u00f3n esencial sobre el producto. Este nivel de personalizaci\u00f3n ayuda a que su cannabis destaque en los estantes y deja una impresi\u00f3n duradera en los consumidores.<\/p>\n<h1><strong>Especificaci\u00f3n<\/strong><\/h1>\n<table style=\"height: 456px;\" width=\"1153\">\n<tbody>\n<tr>\n<td width=\"373\">Dimensiones<\/td>\n<td width=\"373\">Todos los tama\u00f1os y formas personalizados<\/td>\n<\/tr>\n<tr>\n<td width=\"373\">Impresi\u00f3n<\/td>\n<td width=\"373\">CMYK, PMS, Sin impresi\u00f3n<\/td>\n<\/tr>\n<tr>\n<td width=\"373\">Papel<\/td>\n<td width=\"373\">De 10pt a 28pt (de 60lb a 400lb) Kraft ecol\u00f3gico, cart\u00f3n ondulado con acanalado en E, cart\u00f3n Bux, cartulina<\/td>\n<\/tr>\n<tr>\n<td width=\"373\">Cantidades<\/td>\n<td width=\"373\">500- 500,000<\/td>\n<\/tr>\n<tr>\n<td width=\"373\">Revestimiento<\/td>\n<td width=\"373\">Brillo, mate, UV directo<\/td>\n<\/tr>\n<tr>\n<td width=\"373\">Proceso por defecto<\/td>\n<td width=\"373\">Troquelado, encolado, ranurado, perforaci\u00f3n<\/td>\n<\/tr>\n<tr>\n<td width=\"373\">Opciones<\/td>\n<td width=\"373\">Recorte de ventana personalizado, l\u00e1mina dorada\/plateada, relieve, tinta en relieve, l\u00e1mina de PVC.<\/td>\n<\/tr>\n<tr>\n<td width=\"373\">Prueba<\/td>\n<td width=\"373\">Vista plana, maqueta 3D, muestra f\u00edsica (a petici\u00f3n)<\/td>\n<\/tr>\n<tr>\n<td width=\"373\">Tiempo de respuesta<\/td>\n<td width=\"373\">7-14 d\u00edas laborables , Rush<\/td>\n<\/tr>\n<tr>\n<td width=\"373\">MOQ<\/td>\n<td width=\"373\">500<\/td>\n<\/tr>\n<tr>\n<td width=\"373\">Tiempo de muestreo<\/td>\n<td width=\"373\">3-5 d\u00edas<\/td>\n<\/tr>\n<tr>\n<td width=\"373\">Plazo de pago<\/td>\n<td width=\"373\">T\/T, Western Union, Paypal, 30% de dep\u00f3sito y 70% de saldo antes del env\u00edo.<\/td>\n<\/tr>\n<\/tbody>\n<\/table>\n<p>&nbsp;<\/p>\n<div class=\"widget block block-static-block\">\n<div class=\"landing-page-section option-bottom\">\n<div class=\"custom-materials-tabs-content container container-adjustment\">\n<div class=\"custom-materials-tab-content active\">\n<div class=\"widget block block-static-block\">\n<div class=\"options-items\">\n<div class=\"flex-grid-row-option\">\n<div class=\"flex-grid-item-option\">\n<div class=\"material-box\">\n<p>&nbsp;<\/p>\n<\/div>\n<\/div>\n<\/div>\n<\/div>\n<p><!---end of option item--><\/p>\n<\/div>\n<\/div>\n<\/div>\n<\/div>\n<\/div>","protected":false},"excerpt":{"rendered":"<p>1. Caj\u00f3n Dise\u00f1o de la caja de papel, deslizante para abrir hace que sea f\u00e1cil para los usuarios abrir y cerrar, mejorando la experiencia de unboxing.<br \/>\n2. Varios tama\u00f1os se pueden personalizar de acuerdo a sus productos, adecuados para el envasado de diversos aceites de cannabis<br \/>\n3. La impresi\u00f3n en la superficie de la caja es clara y no tiene diferencia de color, lo que puede mejorar su experiencia de usuario<br \/>\n4. El dise\u00f1o lateral a prueba de ni\u00f1os impide que \u00e9stos lo ingieran accidentalmente, pero los adultos pueden abrirlo f\u00e1cilmente<\/p>","protected":false},"featured_media":6455,"template":"","meta":[],"product_brand":[],"product_cat":[30,431,420,31],"product_tag":[835,836,794],"class_list":{"0":"post-2659","1":"product","2":"type-product","3":"status-publish","4":"has-post-thumbnail","6":"product_cat-by-industry","7":"product_cat-child-resistant-packaging","8":"product_cat-custom-cannabis-boxes","9":"product_cat-paper-box-style","10":"product_tag-cannabis-oil-boxes","11":"product_tag-child-proof-cannabis-boxes","12":"product_tag-child-resistant-cannabis-boxes","14":"first","15":"instock","16":"shipping-taxable","17":"product-type-grouped"},"_links":{"self":[{"href":"https:\/\/zojopackaging.com\/es\/wp-json\/wp\/v2\/product\/2659","targetHints":{"allow":["GET"]}}],"collection":[{"href":"https:\/\/zojopackaging.com\/es\/wp-json\/wp\/v2\/product"}],"about":[{"href":"https:\/\/zojopackaging.com\/es\/wp-json\/wp\/v2\/types\/product"}],"version-history":[{"count":2,"href":"https:\/\/zojopackaging.com\/es\/wp-json\/wp\/v2\/product\/2659\/revisions"}],"predecessor-version":[{"id":8475,"href":"https:\/\/zojopackaging.com\/es\/wp-json\/wp\/v2\/product\/2659\/revisions\/8475"}],"wp:featuredmedia":[{"embeddable":true,"href":"https:\/\/zojopackaging.com\/es\/wp-json\/wp\/v2\/media\/6455"}],"wp:attachment":[{"href":"https:\/\/zojopackaging.com\/es\/wp-json\/wp\/v2\/media?parent=2659"}],"wp:term":[{"taxonomy":"product_brand","embeddable":true,"href":"https:\/\/zojopackaging.com\/es\/wp-json\/wp\/v2\/product_brand?post=2659"},{"taxonomy":"product_cat","embeddable":true,"href":"https:\/\/zojopackaging.com\/es\/wp-json\/wp\/v2\/product_cat?post=2659"},{"taxonomy":"product_tag","embeddable":true,"href":"https:\/\/zojopackaging.com\/es\/wp-json\/wp\/v2\/product_tag?post=2659"}],"curies":[{"name":"wp","href":"https:\/\/api.w.org\/{rel}","templated":true}]}}