{"id":2687,"date":"2024-03-12T17:01:17","date_gmt":"2024-03-12T09:01:17","guid":{"rendered":"https:\/\/zojopackaging.com\/?post_type=product&#038;p=2687"},"modified":"2025-03-28T19:30:44","modified_gmt":"2025-03-28T11:30:44","slug":"custom-vape-pen-packaging-box","status":"publish","type":"product","link":"https:\/\/zojopackaging.com\/es\/product\/custom-vape-pen-packaging-box\/","title":{"rendered":"Vape Pen personalizado plegable de cart\u00f3n con caja de colgar Fabricante"},"content":{"rendered":"<h1>Vape Pen personalizado plegable de cart\u00f3n con caja de colgar Fabricante<\/h1>\n<div class=\"auto-hide-last-sibling-br paragraph-ae1685 br-paragraph-space\">\n<p>Caja personalizada para bol\u00edgrafo vaporizador: \u00a1la soluci\u00f3n perfecta para mostrar y proteger sus productos de bol\u00edgrafo vaporizador!<\/p>\n<p>Dise\u00f1adas pensando tanto en el estilo como en la funcionalidad, nuestras cajas de embalaje personalizadas se adaptan a sus necesidades espec\u00edficas y a la identidad de su marca.<\/p>\n<p>Lo que realmente distingue a nuestra Caja de Embalaje Personalizada para Vape Pen son las opciones de personalizaci\u00f3n. Usted tiene la libertad de elegir el tama\u00f1o, la forma, el color y la impresi\u00f3n que se alinean con la est\u00e9tica de su marca. Tanto si prefiere un dise\u00f1o atrevido y moderno como un aspecto m\u00e1s cl\u00e1sico y sofisticado, podemos hacer realidad su visi\u00f3n.<\/p>\n<p>Los envases personalizados no s\u00f3lo mejoran el atractivo visual de sus bol\u00edgrafos para vapear, sino que tambi\u00e9n sirven como una poderosa herramienta de marketing. Con el logotipo de su marca y su mensaje exclusivo en un lugar destacado, contribuye a aumentar el reconocimiento de la marca y la fidelidad de los clientes.<\/p>\n<h1><strong>Especificaci\u00f3n<\/strong><\/h1>\n<table width=\"1153\">\n<tbody>\n<tr>\n<td width=\"373\">Dimensiones<\/td>\n<td width=\"373\">Todos los tama\u00f1os y formas personalizados<\/td>\n<\/tr>\n<tr>\n<td width=\"373\">Impresi\u00f3n<\/td>\n<td width=\"373\">CMYK, PMS, Sin impresi\u00f3n<\/td>\n<\/tr>\n<tr>\n<td width=\"373\">Papel<\/td>\n<td width=\"373\">De 10pt a 28pt (de 60lb a 400lb) Kraft ecol\u00f3gico, cart\u00f3n ondulado con acanalado en E, cart\u00f3n Bux, cartulina<\/td>\n<\/tr>\n<tr>\n<td width=\"373\">Cantidades<\/td>\n<td width=\"373\">500- 500,000<\/td>\n<\/tr>\n<tr>\n<td width=\"373\">Revestimiento<\/td>\n<td width=\"373\">Brillo, mate, UV directo<\/td>\n<\/tr>\n<tr>\n<td width=\"373\">Proceso por defecto<\/td>\n<td width=\"373\">Troquelado, encolado, ranurado, perforaci\u00f3n<\/td>\n<\/tr>\n<tr>\n<td width=\"373\">Opciones<\/td>\n<td width=\"373\">Recorte de ventana personalizado, l\u00e1mina dorada\/plateada, relieve, tinta en relieve, l\u00e1mina de PVC.<\/td>\n<\/tr>\n<tr>\n<td width=\"373\">Prueba<\/td>\n<td width=\"373\">Vista plana, maqueta 3D, muestra f\u00edsica (a petici\u00f3n)<\/td>\n<\/tr>\n<tr>\n<td width=\"373\">Tiempo de respuesta<\/td>\n<td width=\"373\">7-14 d\u00edas laborables , Rush<\/td>\n<\/tr>\n<tr>\n<td width=\"373\">MOQ<\/td>\n<td width=\"373\">500<\/td>\n<\/tr>\n<tr>\n<td width=\"373\">Tiempo de muestreo<\/td>\n<td width=\"373\">3-5 d\u00edas<\/td>\n<\/tr>\n<tr>\n<td width=\"373\">Plazo de pago<\/td>\n<td width=\"373\">T\/T, Western Union, Paypal, 30% de dep\u00f3sito y 70% de saldo antes del env\u00edo.<\/td>\n<\/tr>\n<\/tbody>\n<\/table>\n<\/div>\n<h1 class=\"auto-hide-last-sibling-br paragraph-ae1685 br-paragraph-space\">Lo que ofrecemos en Envases para Vape Pen al por mayor<\/h1>\n<div class=\"auto-hide-last-sibling-br paragraph-ae1685 br-paragraph-space\">Somos un equipo de profesionales y hemos trabajado anteriormente en numerosos productos impresos a medida a nivel mayorista, como cajas para cartuchos de vape y envases para vape. Hemos subido los dise\u00f1os a nuestro sitio web y le ofrecemos asistencia gratuita para el dise\u00f1o. Todo lo que tiene que hacer es presentarnos su idea, y nosotros nos encargaremos incluso de las dimensiones y el dimensionado, present\u00e1ndole un producto final de la m\u00e1xima calidad.<\/div>\n<div><\/div>\n<h1 class=\"auto-hide-last-sibling-br paragraph-ae1685 br-paragraph-space\">\u00bfQu\u00e9 busca en su envase para vapear?<\/h1>\n<div class=\"auto-hide-last-sibling-br paragraph-ae1685 br-paragraph-space\">Si es usted empresario, sin duda busca dos cosas: calidad y bajo coste. Sin embargo, es todo un reto identificar a la empresa que ofrece cajas de calidad a bajo precio, a pesar de las numerosas afirmaciones. En realidad, todas las empresas de embalaje tienen como objetivo aumentar su negocio. Pero cuando se trata de calidad y coste, We Custom Boxes es extremadamente honesta. Nuestro objetivo es facilitar al cliente en todos los aspectos. Estamos desarrollando cajas de vape para satisfacer todas sus necesidades.<\/div>\n<div><\/div>\n<div class=\"auto-hide-last-sibling-br paragraph-ae1685 br-paragraph-space\">En nuestro sitio web hay a la venta una gran variedad de cajas para vapear. Puede confirmar su precio y calidad solicitando una muestra, que se le entregar\u00e1 en la puerta de su casa en un plazo limitado. Si est\u00e1 satisfecho con el precio y la calidad, puede hacer un pedido mayor.<\/div>\n<h1 class=\"auto-hide-last-sibling-br paragraph-ae1685 br-paragraph-space\">C\u00f3mo las cajas a medida le ofrecen m\u00e1s opciones<\/h1>\n<div class=\"auto-hide-last-sibling-br paragraph-ae1685 br-paragraph-space\">Las cajas personalizadas le permiten elegir entre una gama de estilos, formas, dise\u00f1os y colores para las cajas. Tiene dos formas de proceder. O bien puede aportar todos sus deseos espec\u00edficos, como estudiar los productos de su marca y pedirnos que desarrollemos las cajas con un color, dise\u00f1o o forma determinados. O bien puede pedir consejo a nuestros expertos sobre lo que m\u00e1s le conviene.<\/div>\n<h1 class=\"auto-hide-last-sibling-br paragraph-ae1685 br-paragraph-space\">Solicitar presupuesto<\/h1>\n<div class=\"auto-hide-last-sibling-br paragraph-ae1685 br-paragraph-space\">Ahora, p\u00f3ngase en contacto con nosotros por correo electr\u00f3nico en <span style=\"color: #ff0000;\"><strong>info@zojoprint.com <\/strong><span style=\"color: #000000;\">o<\/span><strong> vickio@zojopackaging.com<\/strong><\/span>. Tambi\u00e9n puede llamarnos al n\u00famero de tel\u00e9fono facilitado en cualquier momento. Nuestro servicio de atenci\u00f3n al cliente est\u00e1 disponible las 24 horas. Adem\u00e1s, puede obtener una respuesta instant\u00e1nea a su consulta a trav\u00e9s de nuestro chat en vivo.<\/div>\n<div class=\"widget block block-static-block\">\n<div class=\"landing-page-section option-bottom\">\n<div class=\"custom-materials-tabs-content container container-adjustment\">\n<div class=\"custom-materials-tab-content active\">\n<div class=\"widget block block-static-block\">\n<p><!---end of option item--><\/p>\n<\/div>\n<\/div>\n<\/div>\n<\/div>\n<\/div>","protected":false},"excerpt":{"rendered":"<p>Las Cajas para Vape Pen personalizadas son la mejor manera de presentar sus vape pens de una manera elegante. Compre Cajas para Vape Pen al por mayor. Soporte de Dise\u00f1o Gratis\uff01<\/p>\n<p>Personalizaci\u00f3n: Puede personalizar tama\u00f1o\/impresi\u00f3n\/material\/acabado\/forma etc.<br \/>\nTipo de material: Respetuoso con el medio ambiente, con certificaci\u00f3n FSC\/ISO\/BSCI<br \/>\nTiempo de producci\u00f3n: Muestra 1-3 d\u00edas; A granel 7-9 d\u00edas<br \/>\nTiempo de env\u00edo: Express 3-7 d\u00edas; Aire 12-16 d\u00edas; Barco 25-30 d\u00edas\uff08Diferentes pa\u00edses tienen diferentes tiempos)<\/p>\n<p>Precio:\u00a1P\u00f3ngase en contacto con nosotros!<\/p>\n<p>&nbsp;<\/p>","protected":false},"featured_media":2692,"template":"","meta":[],"product_brand":[],"product_cat":[30,418,430,31],"product_tag":[817,849,848],"class_list":{"0":"post-2687","1":"product","2":"type-product","3":"status-publish","4":"has-post-thumbnail","6":"product_cat-by-industry","7":"product_cat-custom-cbd-boxes","8":"product_cat-folding-cartons","9":"product_cat-paper-box-style","10":"product_tag-custom-box","11":"product_tag-hanger-box-manufacturer","12":"product_tag-vape-pen-folding-carton","14":"first","15":"instock","16":"shipping-taxable","17":"product-type-grouped"},"_links":{"self":[{"href":"https:\/\/zojopackaging.com\/es\/wp-json\/wp\/v2\/product\/2687","targetHints":{"allow":["GET"]}}],"collection":[{"href":"https:\/\/zojopackaging.com\/es\/wp-json\/wp\/v2\/product"}],"about":[{"href":"https:\/\/zojopackaging.com\/es\/wp-json\/wp\/v2\/types\/product"}],"version-history":[{"count":2,"href":"https:\/\/zojopackaging.com\/es\/wp-json\/wp\/v2\/product\/2687\/revisions"}],"predecessor-version":[{"id":8504,"href":"https:\/\/zojopackaging.com\/es\/wp-json\/wp\/v2\/product\/2687\/revisions\/8504"}],"wp:featuredmedia":[{"embeddable":true,"href":"https:\/\/zojopackaging.com\/es\/wp-json\/wp\/v2\/media\/2692"}],"wp:attachment":[{"href":"https:\/\/zojopackaging.com\/es\/wp-json\/wp\/v2\/media?parent=2687"}],"wp:term":[{"taxonomy":"product_brand","embeddable":true,"href":"https:\/\/zojopackaging.com\/es\/wp-json\/wp\/v2\/product_brand?post=2687"},{"taxonomy":"product_cat","embeddable":true,"href":"https:\/\/zojopackaging.com\/es\/wp-json\/wp\/v2\/product_cat?post=2687"},{"taxonomy":"product_tag","embeddable":true,"href":"https:\/\/zojopackaging.com\/es\/wp-json\/wp\/v2\/product_tag?post=2687"}],"curies":[{"name":"wp","href":"https:\/\/api.w.org\/{rel}","templated":true}]}}