{"id":2694,"date":"2024-03-12T17:05:03","date_gmt":"2024-03-12T09:05:03","guid":{"rendered":"https:\/\/zojopackaging.com\/?post_type=product&#038;p=2694"},"modified":"2025-03-28T19:44:03","modified_gmt":"2025-03-28T11:44:03","slug":"wholesale-e-cigarette-boxes","status":"publish","type":"product","link":"https:\/\/zojopackaging.com\/es\/product\/wholesale-e-cigarette-boxes\/","title":{"rendered":"Fabricante de cajas de cart\u00f3n para vapear al por mayor personalizadas"},"content":{"rendered":"<h1 class=\"LC20lb MBeuO DKV0Md\">Cajas de cigarrillos electr\u00f3nicos al por mayor<\/h1>\n<p>Nuestras cajas para cigarrillos electr\u00f3nicos al por mayor: \u00a1la soluci\u00f3n de embalaje definitiva para su negocio de cigarrillos electr\u00f3nicos!<\/p>\n<p>Nuestras cajas para cigarrillos electr\u00f3nicos al por mayor est\u00e1n dise\u00f1adas para satisfacer las diversas necesidades del mercado de los cigarrillos electr\u00f3nicos. Fabricadas con precisi\u00f3n y utilizando materiales de alta calidad, estas cajas ofrecen una protecci\u00f3n superior para sus valiosos productos.<\/p>\n<h2><strong>\u00bfPor qu\u00e9 elegir nuestra opci\u00f3n de venta al por mayor?<\/strong><\/h2>\n<p>Con la compra al por mayor, disfrutar\u00e1 de un importante ahorro de costes sin comprometer la calidad. Por eso es una opci\u00f3n ideal para empresas de todos los tama\u00f1os, ya sean nuevas o consolidadas.<\/p>\n<p>Entendemos la importancia de la marca. Por eso nuestras cajas para cigarrillos electr\u00f3nicos al por mayor pueden personalizarse con su logotipo, los colores de su marca y gr\u00e1ficos exclusivos. Esto ayuda a crear una imagen de marca consistente y reconocible, impulsando la lealtad del cliente y la conciencia de marca.<\/p>\n<p>Nuestro compromiso con la calidad garantiza que cada caja sea duradera y fiable, proporcionando una soluci\u00f3n de embalaje segura que protege sus cigarrillos electr\u00f3nicos de da\u00f1os durante el almacenamiento y el transporte.<\/p>\n<h1><strong>Especificaci\u00f3n<\/strong><\/h1>\n<table style=\"height: 456px;\" width=\"1153\">\n<tbody>\n<tr>\n<td width=\"373\">Dimensiones<\/td>\n<td width=\"373\">Todos los tama\u00f1os y formas personalizados<\/td>\n<\/tr>\n<tr>\n<td width=\"373\">Impresi\u00f3n<\/td>\n<td width=\"373\">CMYK, PMS, Sin impresi\u00f3n<\/td>\n<\/tr>\n<tr>\n<td width=\"373\">Papel<\/td>\n<td width=\"373\">De 10pt a 28pt (de 60lb a 400lb) Kraft ecol\u00f3gico, cart\u00f3n ondulado con acanalado en E, cart\u00f3n Bux, cartulina<\/td>\n<\/tr>\n<tr>\n<td width=\"373\">Cantidades<\/td>\n<td width=\"373\">500- 500,000<\/td>\n<\/tr>\n<tr>\n<td width=\"373\">Revestimiento<\/td>\n<td width=\"373\">Brillo, mate, UV directo<\/td>\n<\/tr>\n<tr>\n<td width=\"373\">Proceso por defecto<\/td>\n<td width=\"373\">Troquelado, encolado, ranurado, perforaci\u00f3n<\/td>\n<\/tr>\n<tr>\n<td width=\"373\">Opciones<\/td>\n<td width=\"373\">Recorte de ventana personalizado, l\u00e1mina dorada\/plateada, relieve, tinta en relieve, l\u00e1mina de PVC.<\/td>\n<\/tr>\n<tr>\n<td width=\"373\">Prueba<\/td>\n<td width=\"373\">Vista plana, maqueta 3D, muestra f\u00edsica (a petici\u00f3n)<\/td>\n<\/tr>\n<tr>\n<td width=\"373\">Tiempo de respuesta<\/td>\n<td width=\"373\">7-14 d\u00edas laborables , Rush<\/td>\n<\/tr>\n<tr>\n<td width=\"373\">MOQ<\/td>\n<td width=\"373\">500<\/td>\n<\/tr>\n<tr>\n<td width=\"373\">Tiempo de muestreo<\/td>\n<td width=\"373\">3-5 d\u00edas<\/td>\n<\/tr>\n<tr>\n<td width=\"373\">Plazo de pago<\/td>\n<td width=\"373\">T\/T, Western Union, Paypal, 30% de dep\u00f3sito y 70% de saldo antes del env\u00edo.<\/td>\n<\/tr>\n<\/tbody>\n<\/table>\n<div class=\"widget block block-static-block\">\n<div class=\"landing-page-section option-bottom\">\n<div class=\"custom-materials-tabs-content container container-adjustment\">\n<div class=\"custom-materials-tab-content active\">\n<div class=\"widget block block-static-block\">\n<div class=\"options-items\">\n<div class=\"flex-grid-row-option\">\n<div class=\"flex-grid-item-option\">\n<div class=\"material-box\">\n<div class=\"material-des\">\n<p>&nbsp;<\/p>\n<\/div>\n<p>&nbsp;<\/p>\n<\/div>\n<\/div>\n<\/div>\n<\/div>\n<p><!---end of option item--><\/p>\n<\/div>\n<\/div>\n<\/div>\n<\/div>\n<\/div>","protected":false},"excerpt":{"rendered":"<p>Obtenga cajas de vape personalizadas a precios al por mayor. \u00a1Dise\u00f1e sus propias cajas de empaquetado del vape del surtidor confiable de la caja ahora!<\/p>\n<p>Personalizaci\u00f3n: Puede personalizar tama\u00f1o\/impresi\u00f3n\/material\/acabado\/forma etc.<br \/>\nTipo de material: Respetuoso con el medio ambiente, con certificaci\u00f3n FSC\/ISO\/BSCI<br \/>\nTiempo de producci\u00f3n: Muestra 1-3 d\u00edas; A granel 7-9 d\u00edas<br \/>\nTiempo de env\u00edo: Express 3-7 d\u00edas; Aire 12-16 d\u00edas; Barco 25-30 d\u00edas\uff08Diferentes pa\u00edses tienen diferentes tiempos)<\/p>\n<p>Precio:\u00a1P\u00f3ngase en contacto con nosotros!<\/p>","protected":false},"featured_media":2700,"template":"","meta":[],"product_brand":[],"product_cat":[30,418,430,31],"product_tag":[852,850,851],"class_list":{"0":"post-2694","1":"product","2":"type-product","3":"status-publish","4":"has-post-thumbnail","6":"product_cat-by-industry","7":"product_cat-custom-cbd-boxes","8":"product_cat-folding-cartons","9":"product_cat-paper-box-style","10":"product_tag-custom-wholesale-box","11":"product_tag-custom-wholesale-vape-cardboard-box","12":"product_tag-vape-cardboard-box","14":"first","15":"instock","16":"shipping-taxable","17":"product-type-grouped"},"_links":{"self":[{"href":"https:\/\/zojopackaging.com\/es\/wp-json\/wp\/v2\/product\/2694","targetHints":{"allow":["GET"]}}],"collection":[{"href":"https:\/\/zojopackaging.com\/es\/wp-json\/wp\/v2\/product"}],"about":[{"href":"https:\/\/zojopackaging.com\/es\/wp-json\/wp\/v2\/types\/product"}],"version-history":[{"count":2,"href":"https:\/\/zojopackaging.com\/es\/wp-json\/wp\/v2\/product\/2694\/revisions"}],"predecessor-version":[{"id":5959,"href":"https:\/\/zojopackaging.com\/es\/wp-json\/wp\/v2\/product\/2694\/revisions\/5959"}],"wp:featuredmedia":[{"embeddable":true,"href":"https:\/\/zojopackaging.com\/es\/wp-json\/wp\/v2\/media\/2700"}],"wp:attachment":[{"href":"https:\/\/zojopackaging.com\/es\/wp-json\/wp\/v2\/media?parent=2694"}],"wp:term":[{"taxonomy":"product_brand","embeddable":true,"href":"https:\/\/zojopackaging.com\/es\/wp-json\/wp\/v2\/product_brand?post=2694"},{"taxonomy":"product_cat","embeddable":true,"href":"https:\/\/zojopackaging.com\/es\/wp-json\/wp\/v2\/product_cat?post=2694"},{"taxonomy":"product_tag","embeddable":true,"href":"https:\/\/zojopackaging.com\/es\/wp-json\/wp\/v2\/product_tag?post=2694"}],"curies":[{"name":"wp","href":"https:\/\/api.w.org\/{rel}","templated":true}]}}