{"id":2703,"date":"2024-03-12T17:08:41","date_gmt":"2024-03-12T09:08:41","guid":{"rendered":"https:\/\/zojopackaging.com\/?post_type=product&#038;p=2703"},"modified":"2025-03-28T20:06:21","modified_gmt":"2025-03-28T12:06:21","slug":"custom-e-cigarette-cardboard-box","status":"publish","type":"product","link":"https:\/\/zojopackaging.com\/es\/product\/custom-e-cigarette-cardboard-box\/","title":{"rendered":"Cajas de cart\u00f3n para cigarrillos electr\u00f3nicos Fabricantes"},"content":{"rendered":"<h1>Cajas de cart\u00f3n para cigarrillos electr\u00f3nicos Fabricantes<\/h1>\n<p>Presentamos nuestra caja de cart\u00f3n personalizada para cigarrillos electr\u00f3nicos: la soluci\u00f3n de embalaje perfecta para realzar su marca de cigarrillos electr\u00f3nicos.<\/p>\n<p>El material de cart\u00f3n de alta calidad garantiza su durabilidad y protege los cigarrillos electr\u00f3nicos de posibles da\u00f1os durante el transporte y el almacenamiento. La personalizaci\u00f3n de estas cajas es lo que las distingue. Puede elegir entre una amplia gama de colores, acabados y opciones de impresi\u00f3n para crear una caja que se adapte a la identidad \u00fanica de su marca.<br \/>\nTanto si prefiere un aspecto elegante y moderno como un dise\u00f1o m\u00e1s elaborado, nuestro equipo de expertos trabajar\u00e1 estrechamente con usted para hacer realidad su visi\u00f3n. A\u00f1ada el logotipo de su marca, informaci\u00f3n sobre el producto y gr\u00e1ficos atractivos para que sus cigarrillos electr\u00f3nicos destaquen en las estanter\u00edas.<\/p>\n<p>La caja de cart\u00f3n personalizada para cigarrillos electr\u00f3nicos no s\u00f3lo protege su producto, sino que tambi\u00e9n sirve como herramienta de marketing. Su dise\u00f1o visualmente atractivo atrae la atenci\u00f3n de los consumidores, lo que aumenta el conocimiento de la marca e impulsa las ventas.<\/p>\n<p>Entendemos la importancia de la calidad y la atenci\u00f3n al detalle. Cada caja se elabora con precisi\u00f3n para garantizar un ajuste perfecto para sus dispositivos y accesorios de e-cigarrillo.<\/p>\n<h1><strong>Especificaci\u00f3n<\/strong><\/h1>\n<table style=\"height: 456px;\" width=\"1153\">\n<tbody>\n<tr>\n<td width=\"373\">Dimensiones<\/td>\n<td width=\"373\">Todos los tama\u00f1os y formas personalizados<\/td>\n<\/tr>\n<tr>\n<td width=\"373\">Impresi\u00f3n<\/td>\n<td width=\"373\">CMYK, PMS, Sin impresi\u00f3n<\/td>\n<\/tr>\n<tr>\n<td width=\"373\">Papel<\/td>\n<td width=\"373\">De 10pt a 28pt (de 60lb a 400lb) Kraft ecol\u00f3gico, cart\u00f3n ondulado con acanalado en E, cart\u00f3n Bux, cartulina<\/td>\n<\/tr>\n<tr>\n<td width=\"373\">Cantidades<\/td>\n<td width=\"373\">500- 500,000<\/td>\n<\/tr>\n<tr>\n<td width=\"373\">Revestimiento<\/td>\n<td width=\"373\">Brillo, mate, UV directo<\/td>\n<\/tr>\n<tr>\n<td width=\"373\">Proceso por defecto<\/td>\n<td width=\"373\">Troquelado, encolado, ranurado, perforaci\u00f3n<\/td>\n<\/tr>\n<tr>\n<td width=\"373\">Opciones<\/td>\n<td width=\"373\">Recorte de ventana personalizado, l\u00e1mina dorada\/plateada, relieve, tinta en relieve, l\u00e1mina de PVC.<\/td>\n<\/tr>\n<tr>\n<td width=\"373\">Prueba<\/td>\n<td width=\"373\">Vista plana, maqueta 3D, muestra f\u00edsica (a petici\u00f3n)<\/td>\n<\/tr>\n<tr>\n<td width=\"373\">Tiempo de respuesta<\/td>\n<td width=\"373\">7-14 d\u00edas laborables , Rush<\/td>\n<\/tr>\n<tr>\n<td width=\"373\">MOQ<\/td>\n<td width=\"373\">500<\/td>\n<\/tr>\n<tr>\n<td width=\"373\">Tiempo de muestreo<\/td>\n<td width=\"373\">3-5 d\u00edas<\/td>\n<\/tr>\n<tr>\n<td width=\"373\">Plazo de pago<\/td>\n<td width=\"373\">T\/T, Western Union, Paypal, 30% de dep\u00f3sito y 70% de saldo antes del env\u00edo.<\/td>\n<\/tr>\n<\/tbody>\n<\/table>\n<div class=\"widget block block-static-block\">\n<div class=\"landing-page-section option-bottom\">\n<div class=\"custom-materials-tabs-content container container-adjustment\">\n<div class=\"custom-materials-tab-content active\">\n<div class=\"widget block block-static-block\">\n<div class=\"options-items\">\n<div class=\"flex-grid-row-option\">\n<div class=\"flex-grid-item-option\">\n<div class=\"material-box\">\n<div class=\"material-des\">\n<p>&nbsp;<\/p>\n<\/div>\n<p>&nbsp;<\/p>\n<\/div>\n<\/div>\n<\/div>\n<\/div>\n<p><!---end of option item--><\/p>\n<\/div>\n<\/div>\n<\/div>\n<\/div>\n<\/div>","protected":false},"excerpt":{"rendered":"<p>Ya se trate de bol\u00edgrafos para vapear, cigarrillos electr\u00f3nicos desechables o dispositivos recargables, nuestras cajas ofrecen un almacenamiento seguro y un embalaje duradero para mantener sus productos en forma.<\/p>\n<p>Tipo de material: Respetuoso con el medio ambiente, con certificaci\u00f3n FSC\/ISO\/BSCI<br \/>\nTiempo de producci\u00f3n: Muestra 1-3 d\u00edas; A granel 7-9 d\u00edas<br \/>\nTiempo de env\u00edo: Express 3-7 d\u00edas; Aire 12-16 d\u00edas; Barco 25-30 d\u00edas\uff08Diferentes pa\u00edses tienen diferentes tiempos)<\/p>\n<p>Precio:\u00a1P\u00f3ngase en contacto con nosotros!<\/p>","protected":false},"featured_media":2709,"template":"","meta":[],"product_brand":[],"product_cat":[30,420,430],"product_tag":[853,817,332],"class_list":{"0":"post-2703","1":"product","2":"type-product","3":"status-publish","4":"has-post-thumbnail","6":"product_cat-by-industry","7":"product_cat-custom-cannabis-boxes","8":"product_cat-folding-cartons","9":"product_tag-box-supplier","10":"product_tag-custom-box","11":"product_tag-e-cigarette-cardboard-box","13":"first","14":"instock","15":"shipping-taxable","16":"product-type-grouped"},"_links":{"self":[{"href":"https:\/\/zojopackaging.com\/es\/wp-json\/wp\/v2\/product\/2703","targetHints":{"allow":["GET"]}}],"collection":[{"href":"https:\/\/zojopackaging.com\/es\/wp-json\/wp\/v2\/product"}],"about":[{"href":"https:\/\/zojopackaging.com\/es\/wp-json\/wp\/v2\/types\/product"}],"version-history":[{"count":2,"href":"https:\/\/zojopackaging.com\/es\/wp-json\/wp\/v2\/product\/2703\/revisions"}],"predecessor-version":[{"id":8506,"href":"https:\/\/zojopackaging.com\/es\/wp-json\/wp\/v2\/product\/2703\/revisions\/8506"}],"wp:featuredmedia":[{"embeddable":true,"href":"https:\/\/zojopackaging.com\/es\/wp-json\/wp\/v2\/media\/2709"}],"wp:attachment":[{"href":"https:\/\/zojopackaging.com\/es\/wp-json\/wp\/v2\/media?parent=2703"}],"wp:term":[{"taxonomy":"product_brand","embeddable":true,"href":"https:\/\/zojopackaging.com\/es\/wp-json\/wp\/v2\/product_brand?post=2703"},{"taxonomy":"product_cat","embeddable":true,"href":"https:\/\/zojopackaging.com\/es\/wp-json\/wp\/v2\/product_cat?post=2703"},{"taxonomy":"product_tag","embeddable":true,"href":"https:\/\/zojopackaging.com\/es\/wp-json\/wp\/v2\/product_tag?post=2703"}],"curies":[{"name":"wp","href":"https:\/\/api.w.org\/{rel}","templated":true}]}}