{"id":2710,"date":"2024-03-12T17:11:58","date_gmt":"2024-03-12T09:11:58","guid":{"rendered":"https:\/\/zojopackaging.com\/?post_type=product&#038;p=2710"},"modified":"2025-03-28T20:28:40","modified_gmt":"2025-03-28T12:28:40","slug":"e-cigarette-buckle-bottom-cardboard-box","status":"publish","type":"product","link":"https:\/\/zojopackaging.com\/es\/product\/e-cigarette-buckle-bottom-cardboard-box\/","title":{"rendered":"Caja de cart\u00f3n plegable a medida para e-l\u00edquidos Proveedor al por mayor"},"content":{"rendered":"<h1>Caja de cart\u00f3n plegable a medida para e-l\u00edquidos Proveedor al por mayor<\/h1>\n<p>Esta caja de cart\u00f3n personalizada est\u00e1 dise\u00f1ada con precisi\u00f3n y atenci\u00f3n al detalle. El dise\u00f1o del fondo con hebilla garantiza estabilidad y robustez, proporcionando un contenedor fiable para sus valiosos cigarrillos electr\u00f3nicos.<\/p>\n<p>Nuestra caja de cart\u00f3n con fondo de hebilla para cigarrillos electr\u00f3nicos personalizados ofrece un alto nivel de personalizaci\u00f3n. Usted tiene la libertad de seleccionar el tama\u00f1o, el color y las opciones de impresi\u00f3n que se alinean perfectamente con la identidad de su marca. Tanto si prefiere un aspecto atrevido y vibrante como un estilo sofisticado y elegante, podemos crear una caja que muestre su marca de cigarrillos electr\u00f3nicos de la mejor manera.<\/p>\n<p>El uso de material de cart\u00f3n de alta calidad garantiza su durabilidad y protecci\u00f3n. Protege los cigarrillos electr\u00f3nicos de da\u00f1os externos durante el almacenamiento, el transporte y la exposici\u00f3n.<\/p>\n<p>Tanto si se trata de una nueva empresa como de una marca de cigarrillos electr\u00f3nicos consolidada, nuestra caja de cart\u00f3n con fondo de hebilla personalizada para cigarrillos electr\u00f3nicos es la opci\u00f3n ideal para mejorar su embalaje y dejar una impresi\u00f3n duradera en sus clientes.<\/p>\n<h1><strong>Especificaci\u00f3n<\/strong><\/h1>\n<table style=\"height: 456px;\" width=\"1153\">\n<tbody>\n<tr>\n<td width=\"373\">Dimensiones<\/td>\n<td width=\"373\">Todos los tama\u00f1os y formas personalizados<\/td>\n<\/tr>\n<tr>\n<td width=\"373\">Impresi\u00f3n<\/td>\n<td width=\"373\">CMYK, PMS, Sin impresi\u00f3n<\/td>\n<\/tr>\n<tr>\n<td width=\"373\">Papel<\/td>\n<td width=\"373\">De 10pt a 28pt (de 60lb a 400lb) Kraft ecol\u00f3gico, cart\u00f3n ondulado con acanalado en E, cart\u00f3n Bux, cartulina<\/td>\n<\/tr>\n<tr>\n<td width=\"373\">Cantidades<\/td>\n<td width=\"373\">500- 500,000<\/td>\n<\/tr>\n<tr>\n<td width=\"373\">Revestimiento<\/td>\n<td width=\"373\">Brillo, mate, UV directo<\/td>\n<\/tr>\n<tr>\n<td width=\"373\">Proceso por defecto<\/td>\n<td width=\"373\">Troquelado, encolado, ranurado, perforaci\u00f3n<\/td>\n<\/tr>\n<tr>\n<td width=\"373\">Opciones<\/td>\n<td width=\"373\">Recorte de ventana personalizado, l\u00e1mina dorada\/plateada, relieve, tinta en relieve, l\u00e1mina de PVC.<\/td>\n<\/tr>\n<tr>\n<td width=\"373\">Prueba<\/td>\n<td width=\"373\">Vista plana, maqueta 3D, muestra f\u00edsica (a petici\u00f3n)<\/td>\n<\/tr>\n<tr>\n<td width=\"373\">Tiempo de respuesta<\/td>\n<td width=\"373\">7-14 d\u00edas laborables , Rush<\/td>\n<\/tr>\n<tr>\n<td width=\"373\">MOQ<\/td>\n<td width=\"373\">500<\/td>\n<\/tr>\n<tr>\n<td width=\"373\">Tiempo de muestreo<\/td>\n<td width=\"373\">3-5 d\u00edas<\/td>\n<\/tr>\n<tr>\n<td width=\"373\">Plazo de pago<\/td>\n<td width=\"373\">T\/T, Western Union, Paypal, 30% de dep\u00f3sito y 70% de saldo antes del env\u00edo.<\/td>\n<\/tr>\n<\/tbody>\n<\/table>\n<p>&nbsp;<\/p>\n<div class=\"widget block block-static-block\">\n<div class=\"landing-page-section option-bottom\">\n<div class=\"custom-materials-tabs-content container container-adjustment\">\n<div class=\"custom-materials-tab-content active\">\n<div class=\"widget block block-static-block\">\n<div class=\"options-items\">\n<div class=\"flex-grid-row-option\">\n<div class=\"flex-grid-item-option\">\n<div class=\"material-box\">\n<div class=\"material-des\">\n<p>&nbsp;<\/p>\n<\/div>\n<p>&nbsp;<\/p>\n<\/div>\n<\/div>\n<\/div>\n<\/div>\n<p><!---end of option item--><\/p>\n<\/div>\n<\/div>\n<\/div>\n<\/div>\n<\/div>","protected":false},"excerpt":{"rendered":"<p>Como fabricante de cajas para e-l\u00edquidos, Ideal Custom Boxes proporciona soluciones de alta calidad con las caracter\u00edsticas necesarias de los envases modernos.<\/p>\n<p>Tipo de material: Respetuoso con el medio ambiente, con certificaci\u00f3n FSC\/ISO\/BSCI<br \/>\nTiempo de producci\u00f3n: Muestra 1-3 d\u00edas; A granel 7-9 d\u00edas<br \/>\nTiempo de env\u00edo: Express 3-7 d\u00edas; Aire 12-16 d\u00edas; Barco 25-30 d\u00edas\uff08Diferentes pa\u00edses tienen diferentes tiempos)<\/p>\n<p>Precio:\u00a1P\u00f3ngase en contacto con nosotros!<\/p>","protected":false},"featured_media":2711,"template":"","meta":[],"product_brand":[],"product_cat":[30,418,430,31],"product_tag":[854,855,856],"class_list":{"0":"post-2710","1":"product","2":"type-product","3":"status-publish","4":"has-post-thumbnail","6":"product_cat-by-industry","7":"product_cat-custom-cbd-boxes","8":"product_cat-folding-cartons","9":"product_cat-paper-box-style","10":"product_tag-bespoke-box","11":"product_tag-box-wholesale-supplier","12":"product_tag-e-liquid-folding-cardboard-box","14":"first","15":"instock","16":"shipping-taxable","17":"product-type-grouped"},"_links":{"self":[{"href":"https:\/\/zojopackaging.com\/es\/wp-json\/wp\/v2\/product\/2710","targetHints":{"allow":["GET"]}}],"collection":[{"href":"https:\/\/zojopackaging.com\/es\/wp-json\/wp\/v2\/product"}],"about":[{"href":"https:\/\/zojopackaging.com\/es\/wp-json\/wp\/v2\/types\/product"}],"version-history":[{"count":2,"href":"https:\/\/zojopackaging.com\/es\/wp-json\/wp\/v2\/product\/2710\/revisions"}],"predecessor-version":[{"id":8507,"href":"https:\/\/zojopackaging.com\/es\/wp-json\/wp\/v2\/product\/2710\/revisions\/8507"}],"wp:featuredmedia":[{"embeddable":true,"href":"https:\/\/zojopackaging.com\/es\/wp-json\/wp\/v2\/media\/2711"}],"wp:attachment":[{"href":"https:\/\/zojopackaging.com\/es\/wp-json\/wp\/v2\/media?parent=2710"}],"wp:term":[{"taxonomy":"product_brand","embeddable":true,"href":"https:\/\/zojopackaging.com\/es\/wp-json\/wp\/v2\/product_brand?post=2710"},{"taxonomy":"product_cat","embeddable":true,"href":"https:\/\/zojopackaging.com\/es\/wp-json\/wp\/v2\/product_cat?post=2710"},{"taxonomy":"product_tag","embeddable":true,"href":"https:\/\/zojopackaging.com\/es\/wp-json\/wp\/v2\/product_tag?post=2710"}],"curies":[{"name":"wp","href":"https:\/\/api.w.org\/{rel}","templated":true}]}}