{"id":2717,"date":"2024-03-12T17:14:33","date_gmt":"2024-03-12T09:14:33","guid":{"rendered":"https:\/\/zojopackaging.com\/?post_type=product&#038;p=2717"},"modified":"2025-03-28T14:27:07","modified_gmt":"2025-03-28T06:27:07","slug":"custom-electronic-cigarette-packaging-box","status":"publish","type":"product","link":"https:\/\/zojopackaging.com\/es\/product\/custom-electronic-cigarette-packaging-box\/","title":{"rendered":"Custom Friendly Cajas de Marihuana Resistentes a los Ni\u00f1os"},"content":{"rendered":"<h1>Custom Friendly Cajas de Marihuana Resistentes a los Ni\u00f1os<\/h1>\n<p>\u00bfEst\u00e1 buscando una soluci\u00f3n de embalaje \u00fanica y llamativa para sus productos de marihuana? \u00a1Nuestra caja personalizada para vapear es la elecci\u00f3n perfecta!<br \/>\nDise\u00f1adas con precisi\u00f3n y creatividad, nuestras cajas de embalaje no s\u00f3lo protegen su vape, sino que tambi\u00e9n realzan su atractivo visual. Entendemos la importancia de la marca en el mercado competitivo, y nuestras cajas personalizadas le permiten mostrar su logotipo, colores de marca y elementos de dise\u00f1o \u00fanicos.<\/p>\n<h1><strong>Especificaci\u00f3n<\/strong><\/h1>\n<table style=\"height: 456px;\" width=\"1153\">\n<tbody>\n<tr>\n<td width=\"373\">Dimensiones<\/td>\n<td width=\"373\">Todos los tama\u00f1os y formas personalizados<\/td>\n<\/tr>\n<tr>\n<td width=\"373\">Impresi\u00f3n<\/td>\n<td width=\"373\">CMYK, PMS, Sin impresi\u00f3n<\/td>\n<\/tr>\n<tr>\n<td width=\"373\">Papel<\/td>\n<td width=\"373\">De 10pt a 28pt (de 60lb a 400lb) Kraft ecol\u00f3gico, cart\u00f3n ondulado con acanalado en E, cart\u00f3n Bux, cartulina<\/td>\n<\/tr>\n<tr>\n<td width=\"373\">Cantidades<\/td>\n<td width=\"373\">500- 500,000<\/td>\n<\/tr>\n<tr>\n<td width=\"373\">Revestimiento<\/td>\n<td width=\"373\">Brillo, mate, UV directo<\/td>\n<\/tr>\n<tr>\n<td width=\"373\">Proceso por defecto<\/td>\n<td width=\"373\">Troquelado, encolado, ranurado, perforaci\u00f3n<\/td>\n<\/tr>\n<tr>\n<td width=\"373\">Opciones<\/td>\n<td width=\"373\">Recorte de ventana personalizado, l\u00e1mina dorada\/plateada, relieve, tinta en relieve, l\u00e1mina de PVC.<\/td>\n<\/tr>\n<tr>\n<td width=\"373\">Prueba<\/td>\n<td width=\"373\">Vista plana, maqueta 3D, muestra f\u00edsica (a petici\u00f3n)<\/td>\n<\/tr>\n<tr>\n<td width=\"373\">Tiempo de respuesta<\/td>\n<td width=\"373\">7-14 d\u00edas laborables , Rush<\/td>\n<\/tr>\n<tr>\n<td width=\"373\">MOQ<\/td>\n<td width=\"373\">500<\/td>\n<\/tr>\n<tr>\n<td width=\"373\">Tiempo de muestreo<\/td>\n<td width=\"373\">\u00a05 d\u00edas<\/td>\n<\/tr>\n<tr>\n<td width=\"373\">Plazo de pago<\/td>\n<td width=\"373\">T\/T, Western Union, Paypal, 30% de dep\u00f3sito y 70% de saldo antes del env\u00edo.<\/td>\n<\/tr>\n<\/tbody>\n<\/table>\n<p>Nuestro equipo de expertos colabora estrechamente con usted para garantizar que cada aspecto del envase cumpla sus requisitos espec\u00edficos. Desde el tama\u00f1o y la forma hasta el material y el acabado, ofrecemos una amplia gama de opciones para crear una caja de embalaje que destaque en las estanter\u00edas.<\/p>\n<p>Elija entre materiales de alta calidad como cart\u00f3n, cartulina o pl\u00e1stico, y seleccione entre varios acabados como mate, brillante o en relieve para a\u00f1adir un toque de lujo y sofisticaci\u00f3n.<br \/>\nLa caja de embalaje personalizada para cigarrillos electr\u00f3nicos tambi\u00e9n ofrece un amplio espacio para informaci\u00f3n sobre el producto, instrucciones y advertencias de seguridad, lo que garantiza el cumplimiento de la normativa y proporciona a los consumidores todos los detalles necesarios.<\/p>\n<p><strong><a href=\"https:\/\/zojopackaging.com\/es\/contact-us\/\">P\u00f3ngase en contacto con nosotros<\/a><\/strong> hoy mismo para empezar a crear su soluci\u00f3n de envasado ideal.<\/p>\n<h1>Lo que ofrecemos en envases de cartuchos de vape personalizados:<\/h1>\n<p>Hemos estado proporcionando nuestros servicios a nuestros estimados clientes desde hace a\u00f1os y ya hemos trabajado en muchos envases personalizados como envases de cart\u00f3n para cartuchos de vape, cartuchos de vape impresos personalizados Vape Oil Packaging y Vape Packaging. Esto no se detiene ah\u00ed seguimos prestando servicios a muchos de nuestros clientes. Estamos ofreciendo soporte de dise\u00f1o gratuito a todos nuestros clientes tambi\u00e9n. Tenemos mucha experiencia en nuestro campo, s\u00f3lo tiene que presentarnos su idea y nosotros nos encargaremos de las dimensiones y el tama\u00f1o.<\/p>\n<h1>Caja personalizada para vapear<\/h1>\n<p>En el mundo del vape, hay muchas marcas en el mercado con las que competir. Por eso, para sobrevivir a la competencia, es obligatorio tener un aspecto elegante. En este sentido, los envases personalizados para vapear desempe\u00f1an un papel importante. Estas cajas aumentan la visibilidad de los productos al destacar su marca en el mercado. Las cajas de cart\u00f3n personalizadas para vapear son la mejor forma de preservar su calidad. Est\u00e1n dise\u00f1adas para satisfacer las expectativas de los clientes y las tendencias actuales del mercado. Custom Boxes es uno de los mayores fabricantes al por mayor para ofrecerle cajas de alta gama a precios rentables.<\/p>\n<h1>Material duradero para la protecci\u00f3n 100%<\/h1>\n<p>Fabricamos cajas de almacenamiento de vape a partir de cajas de cart\u00f3n de la mejor calidad o de stock de cajas Kraft. El material es duradero y lo suficientemente resistente como para proporcionar la m\u00e1xima protecci\u00f3n del producto. Los mantiene seguros durante la transici\u00f3n, el almacenamiento y la exposici\u00f3n. Puede personalizar el grosor de la caja seg\u00fan la delicadeza de sus valiosos productos. El aspecto tan exuberante de las cajas para cigarrillos electr\u00f3nicos al por mayor hace que sus productos destaquen en las estanter\u00edas de los comercios.<\/p>\n<div class=\"widget block block-static-block\">\n<div class=\"landing-page-section option-bottom\">\n<div class=\"custom-materials-tabs-content container container-adjustment\">\n<div class=\"custom-materials-tab-content active\">\n<div class=\"widget block block-static-block\">\n<div class=\"options-items\">\n<div class=\"flex-grid-row-option\">\n<div class=\"flex-grid-item-option\">\n<div class=\"material-box\">\n<p>&nbsp;<\/p>\n<\/div>\n<\/div>\n<\/div>\n<\/div>\n<p><!---end of option item--><\/p>\n<\/div>\n<\/div>\n<\/div>\n<\/div>\n<\/div>","protected":false},"excerpt":{"rendered":"<p>1. El dise\u00f1o a prueba de ni\u00f1os en el lateral evita que los ni\u00f1os ingieran accidentalmente el producto, pero los adultos pueden abrirlo f\u00e1cilmente<br \/>\n2. La tecnolog\u00eda de relieve confiere al envase una sensaci\u00f3n de lujo y una presentaci\u00f3n visual de alta calidad<br \/>\n3. Varios tama\u00f1os se pueden personalizar de acuerdo a su producto, adecuado para todo tipo de envases de cannabis vape<\/p>","protected":false},"featured_media":2718,"template":"","meta":[],"product_brand":[],"product_cat":[30,431,420,31],"product_tag":[794,795,796],"class_list":{"0":"post-2717","1":"product","2":"type-product","3":"status-publish","4":"has-post-thumbnail","6":"product_cat-by-industry","7":"product_cat-child-resistant-packaging","8":"product_cat-custom-cannabis-boxes","9":"product_cat-paper-box-style","10":"product_tag-child-resistant-cannabis-boxes","11":"product_tag-custom-cannabis-boxes","12":"product_tag-marijuana-cannabis-boxes","14":"first","15":"instock","16":"shipping-taxable","17":"product-type-grouped"},"_links":{"self":[{"href":"https:\/\/zojopackaging.com\/es\/wp-json\/wp\/v2\/product\/2717","targetHints":{"allow":["GET"]}}],"collection":[{"href":"https:\/\/zojopackaging.com\/es\/wp-json\/wp\/v2\/product"}],"about":[{"href":"https:\/\/zojopackaging.com\/es\/wp-json\/wp\/v2\/types\/product"}],"version-history":[{"count":2,"href":"https:\/\/zojopackaging.com\/es\/wp-json\/wp\/v2\/product\/2717\/revisions"}],"predecessor-version":[{"id":8459,"href":"https:\/\/zojopackaging.com\/es\/wp-json\/wp\/v2\/product\/2717\/revisions\/8459"}],"wp:featuredmedia":[{"embeddable":true,"href":"https:\/\/zojopackaging.com\/es\/wp-json\/wp\/v2\/media\/2718"}],"wp:attachment":[{"href":"https:\/\/zojopackaging.com\/es\/wp-json\/wp\/v2\/media?parent=2717"}],"wp:term":[{"taxonomy":"product_brand","embeddable":true,"href":"https:\/\/zojopackaging.com\/es\/wp-json\/wp\/v2\/product_brand?post=2717"},{"taxonomy":"product_cat","embeddable":true,"href":"https:\/\/zojopackaging.com\/es\/wp-json\/wp\/v2\/product_cat?post=2717"},{"taxonomy":"product_tag","embeddable":true,"href":"https:\/\/zojopackaging.com\/es\/wp-json\/wp\/v2\/product_tag?post=2717"}],"curies":[{"name":"wp","href":"https:\/\/api.w.org\/{rel}","templated":true}]}}