{"id":2724,"date":"2024-03-12T17:21:09","date_gmt":"2024-03-12T09:21:09","guid":{"rendered":"https:\/\/zojopackaging.com\/?post_type=product&#038;p=2724"},"modified":"2025-03-29T16:56:57","modified_gmt":"2025-03-29T08:56:57","slug":"wholesale-custom-packaging-box","status":"publish","type":"product","link":"https:\/\/zojopackaging.com\/es\/product\/wholesale-custom-packaging-box\/","title":{"rendered":"Mayorista Embalaje personalizado para bol\u00edgrafo Vape Master Box de cart\u00f3n"},"content":{"rendered":"<h1>Caja de embalaje personalizada al por mayor de f\u00e1brica<\/h1>\n<div class=\"auto-hide-last-sibling-br paragraph-ae1685 br-paragraph-space\">\n<p>Nuestra caja de embalaje personalizada al por mayor de f\u00e1brica: \u00a1la soluci\u00f3n definitiva para todas sus necesidades de embalaje!<\/p>\n<p>Con nuestra amplia gama de opciones de personalizaci\u00f3n, tendr\u00e1 libertad para dise\u00f1ar una caja de embalaje que destaque entre la multitud. Elija entre una gran variedad de materiales, colores, formas y tama\u00f1os para crear un envase \u00fanico y llamativo que capte la atenci\u00f3n de sus clientes.<\/p>\n<p>Nuestras cajas de embalaje personalizadas no s\u00f3lo realzan el atractivo est\u00e9tico de sus productos, sino que tambi\u00e9n proporcionan una excelente protecci\u00f3n durante el transporte y el almacenamiento. Entendemos la importancia de mantener sus productos seguros e intactos, y nuestras cajas est\u00e1n dise\u00f1adas para soportar los rigores de la cadena de suministro.<\/p>\n<p>Tanto si pertenece al sector minorista, de alimentaci\u00f3n y bebidas, cosm\u00e9tico o cualquier otro, nuestra caja de embalaje personalizada al por mayor de f\u00e1brica es la opci\u00f3n ideal para las empresas que desean causar una impresi\u00f3n duradera y aumentar el reconocimiento de su marca. As\u00f3ciese con nosotros y experimente un servicio impecable, precios competitivos y envases que diferencian sus productos.<\/p>\n<h1><strong>Especificaci\u00f3n<\/strong><\/h1>\n<table width=\"1153\">\n<tbody>\n<tr>\n<td width=\"373\">Dimensiones<\/td>\n<td width=\"373\">Todos los tama\u00f1os y formas personalizados<\/td>\n<\/tr>\n<tr>\n<td width=\"373\">Impresi\u00f3n<\/td>\n<td width=\"373\">CMYK, PMS, Sin impresi\u00f3n<\/td>\n<\/tr>\n<tr>\n<td width=\"373\">Papel<\/td>\n<td width=\"373\">De 10pt a 28pt (de 60lb a 400lb) Kraft ecol\u00f3gico, cart\u00f3n ondulado con acanalado en E, cart\u00f3n Bux, cartulina<\/td>\n<\/tr>\n<tr>\n<td width=\"373\">Cantidades<\/td>\n<td width=\"373\">500- 500,000<\/td>\n<\/tr>\n<tr>\n<td width=\"373\">Revestimiento<\/td>\n<td width=\"373\">Brillo, mate, UV directo<\/td>\n<\/tr>\n<tr>\n<td width=\"373\">Proceso por defecto<\/td>\n<td width=\"373\">Troquelado, encolado, ranurado, perforaci\u00f3n<\/td>\n<\/tr>\n<tr>\n<td width=\"373\">Opciones<\/td>\n<td width=\"373\">Recorte de ventana personalizado, l\u00e1mina dorada\/plateada, relieve, tinta en relieve, l\u00e1mina de PVC.<\/td>\n<\/tr>\n<tr>\n<td width=\"373\">Prueba<\/td>\n<td width=\"373\">Vista plana, maqueta 3D, muestra f\u00edsica (a petici\u00f3n)<\/td>\n<\/tr>\n<tr>\n<td width=\"373\">Tiempo de respuesta<\/td>\n<td width=\"373\">7-14 d\u00edas laborables , Rush<\/td>\n<\/tr>\n<tr>\n<td width=\"373\">MOQ<\/td>\n<td width=\"373\">500<\/td>\n<\/tr>\n<tr>\n<td width=\"373\">Tiempo de muestreo<\/td>\n<td width=\"373\">3-5 d\u00edas<\/td>\n<\/tr>\n<tr>\n<td width=\"373\">Plazo de pago<\/td>\n<td width=\"373\">T\/T, Western Union, Paypal, 30% de dep\u00f3sito y 70% de saldo antes del env\u00edo.<\/td>\n<\/tr>\n<\/tbody>\n<\/table>\n<\/div>\n<h1 class=\"auto-hide-last-sibling-br paragraph-ae1685 br-paragraph-space\">\u00bfPor qu\u00e9 elegir nuestras cajas de embalaje personalizadas al por mayor de f\u00e1brica?<\/h1>\n<ul>\n<li class=\"auto-hide-last-sibling-br paragraph-ae1685 br-paragraph-space\"><strong>Personalizaci\u00f3n sin precedentes<\/strong>: Entendemos que su marca es \u00fanica. Por eso ofrecemos opciones de personalizaci\u00f3n ilimitadas. Desde el tama\u00f1o y la forma hasta el color y la impresi\u00f3n, usted tiene el control total sobre el dise\u00f1o para crear envases que reflejen la identidad de su marca y destaquen en las estanter\u00edas.<\/li>\n<li class=\"auto-hide-last-sibling-br paragraph-ae1685 br-paragraph-space\"><strong>Soluciones rentables<\/strong>: Al elegir nuestra opci\u00f3n de venta al por mayor de f\u00e1brica, puede disfrutar de importantes ahorros de costes sin comprometer la calidad. Nuestros eficientes procesos de fabricaci\u00f3n y nuestro poder de compra al por mayor nos permiten ofrecer precios competitivos que le ayudar\u00e1n a maximizar sus beneficios.<\/li>\n<li class=\"auto-hide-last-sibling-br paragraph-ae1685 br-paragraph-space\"><strong>Calidad superior<\/strong>: Nuestras vanguardistas instalaciones de fabricaci\u00f3n y nuestro experimentado equipo garantizan que cada caja se produzca de acuerdo con las normas m\u00e1s exigentes. Realizamos rigurosos controles de calidad para garantizar que su envase est\u00e9 impecable y listo para realzar el valor de sus productos.<\/li>\n<li class=\"auto-hide-last-sibling-br paragraph-ae1685 br-paragraph-space\"><strong>Entrega r\u00e1pida\u00a0<a href=\"\/\/sendMessage?ext=%7B%22s%24wiki_link%22%3A%22https%3A%2F%2Fm.baike.com%2Fwikiid%2F7246958217627762740%22%7D&amp;msg=Time\" target=\"_blank\" rel=\"noopener\">Tiempo<\/a><\/strong>: Sabemos que el tiempo es esencial en los negocios. Nuestro \u00e1gil proceso de producci\u00f3n nos permite entregar sus cajas de embalaje personalizadas con rapidez, lo que le garantiza el cumplimiento de los plazos y el buen funcionamiento de sus operaciones.<\/li>\n<li class=\"auto-hide-last-sibling-br paragraph-ae1685 br-paragraph-space\"><strong>Atenci\u00f3n al cliente excepcional<\/strong>: Nuestro equipo se compromete a ofrecerle un servicio de atenci\u00f3n al cliente excepcional durante todo el proceso. Desde la consulta inicial hasta la asistencia posventa, estamos aqu\u00ed para responder a sus preguntas y garantizar su satisfacci\u00f3n.<\/li>\n<\/ul>\n<h1 class=\"auto-hide-last-sibling-br paragraph-ae1685 br-paragraph-space\"><strong>M\u00e1s informaci\u00f3n<\/strong><\/h1>\n<div class=\"auto-hide-last-sibling-br paragraph-ae1685 br-paragraph-space\">Para su satisfacci\u00f3n, disponga de datos de contacto precisos para plantear cualquier duda que le surja envi\u00e1ndonos directamente un correo electr\u00f3nico a<span style=\"color: #ff0000;\">\u00a0<strong>info@zojoprint.com<\/strong><\/span>\u00a0o llam\u00e1ndonos al +<span style=\"color: #ff0000;\"><strong>86 15017910372<\/strong><\/span>. Recibir\u00e1 su pedido en un plazo de 8 a 10 d\u00edas laborables. Cualquier retraso o da\u00f1o es responsabilidad nuestra, para lo que contamos con las pol\u00edticas pertinentes, por lo que no le decepcionaremos durante todo el proceso de fabricaci\u00f3n. Nuestro equipo de atenci\u00f3n al cliente est\u00e1 disponible las 24 horas del d\u00eda, los 7 d\u00edas de la semana, para resolver cualquier duda sobre el embalaje. Ver m\u00e1s.<\/div>\n<div class=\"widget block block-static-block\">\n<div class=\"landing-page-section option-bottom\">\n<div class=\"custom-materials-tabs-content container container-adjustment\">\n<div class=\"custom-materials-tab-content active\">\n<div class=\"widget block block-static-block\">\n<p><!---end of option item--><\/p>\n<\/div>\n<\/div>\n<\/div>\n<\/div>\n<\/div>","protected":false},"excerpt":{"rendered":"<p>La caja principal est\u00e1 hecha para adaptarse perfectamente a sus cajas de cartuchos de vape. Adem\u00e1s, la parte superior de la caja maestra se puede plegar para su visualizaci\u00f3n, o con fines de viaje.<\/p>\n<p>Personalizaci\u00f3n: Puede personalizar tama\u00f1o\/impresi\u00f3n\/material\/acabado\/forma etc.<br \/>\nTipo de material: Respetuoso con el medio ambiente, con certificaci\u00f3n FSC\/ISO\/BSCI<br \/>\nTiempo de producci\u00f3n: Muestra 1-3 d\u00edas; A granel 7-9 d\u00edas<br \/>\nTiempo de env\u00edo: Express 3-7 d\u00edas; Aire 12-16 d\u00edas; Barco 25-30 d\u00edas\uff08Diferentes pa\u00edses tienen diferentes tiempos)<\/p>\n<p>Precio:\u00a1P\u00f3ngase en contacto con nosotros!<\/p>","protected":false},"featured_media":6417,"template":"","meta":[],"product_brand":[],"product_cat":[30,418,430,31],"product_tag":[909,908,907],"class_list":{"0":"post-2724","1":"product","2":"type-product","3":"status-publish","4":"has-post-thumbnail","6":"product_cat-by-industry","7":"product_cat-custom-cbd-boxes","8":"product_cat-folding-cartons","9":"product_cat-paper-box-style","10":"product_tag-vape-master-box","11":"product_tag-vape-pen-cardboard-box","12":"product_tag-wholesale-custom-box","14":"first","15":"instock","16":"shipping-taxable","17":"product-type-grouped"},"_links":{"self":[{"href":"https:\/\/zojopackaging.com\/es\/wp-json\/wp\/v2\/product\/2724","targetHints":{"allow":["GET"]}}],"collection":[{"href":"https:\/\/zojopackaging.com\/es\/wp-json\/wp\/v2\/product"}],"about":[{"href":"https:\/\/zojopackaging.com\/es\/wp-json\/wp\/v2\/types\/product"}],"version-history":[{"count":2,"href":"https:\/\/zojopackaging.com\/es\/wp-json\/wp\/v2\/product\/2724\/revisions"}],"predecessor-version":[{"id":8633,"href":"https:\/\/zojopackaging.com\/es\/wp-json\/wp\/v2\/product\/2724\/revisions\/8633"}],"wp:featuredmedia":[{"embeddable":true,"href":"https:\/\/zojopackaging.com\/es\/wp-json\/wp\/v2\/media\/6417"}],"wp:attachment":[{"href":"https:\/\/zojopackaging.com\/es\/wp-json\/wp\/v2\/media?parent=2724"}],"wp:term":[{"taxonomy":"product_brand","embeddable":true,"href":"https:\/\/zojopackaging.com\/es\/wp-json\/wp\/v2\/product_brand?post=2724"},{"taxonomy":"product_cat","embeddable":true,"href":"https:\/\/zojopackaging.com\/es\/wp-json\/wp\/v2\/product_cat?post=2724"},{"taxonomy":"product_tag","embeddable":true,"href":"https:\/\/zojopackaging.com\/es\/wp-json\/wp\/v2\/product_tag?post=2724"}],"curies":[{"name":"wp","href":"https:\/\/api.w.org\/{rel}","templated":true}]}}