{"id":2794,"date":"2024-03-13T13:45:24","date_gmt":"2024-03-13T05:45:24","guid":{"rendered":"https:\/\/zojopackaging.com\/?post_type=product&#038;p=2794"},"modified":"2025-03-28T10:49:06","modified_gmt":"2025-03-28T02:49:06","slug":"custom-printed-e-cigarette-packaging-boxes","status":"publish","type":"product","link":"https:\/\/zojopackaging.com\/es\/product\/custom-printed-e-cigarette-packaging-boxes\/","title":{"rendered":"Caja de embalaje de concentrado de cannabis con marca personalizada al por mayor"},"content":{"rendered":"<h1 class=\"LC20lb MBeuO DKV0Md\">Caja de embalaje de concentrado de cannabis con marca personalizada al por mayor<\/h1>\n<p>La marca personalizada cannabis concentrado caja de embalaje al por mayor a precios asequibles. Obtenga sus cajas impresas e-cigarrillo con el env\u00edo libre a trav\u00e9s de los EE.UU.<\/p>\n<p><strong>Hecho a medida para la perfecci\u00f3n<\/strong><br \/>\nNuestros envases son totalmente personalizables para satisfacer los requisitos exclusivos de su marca. Tiene la libertad de elegir entre una amplia gama de colores, dise\u00f1os y acabados para crear un envase que refleje realmente la identidad de su marca y atraiga la atenci\u00f3n de los consumidores.<br \/>\n<strong>Protecci\u00f3n superior<\/strong><br \/>\nFabricado con materiales de alta calidad, el envase para tubos de vaporizador garantiza la seguridad de sus cigarrillos electr\u00f3nicos. Protege contra da\u00f1os, humedad y elementos externos, manteniendo sus productos en perfectas condiciones hasta que llegan a manos de sus clientes.<br \/>\n<strong>Compacto y port\u00e1til<\/strong><br \/>\nEl dise\u00f1o elegante y tubular del envase lo hace muy c\u00f3modo y port\u00e1til. Cabe f\u00e1cilmente en bolsillos, bolsas o monederos, lo que permite a los vapeadores llevar sus cigarrillos electr\u00f3nicos favoritos all\u00e1 donde vayan.<br \/>\n<strong>Experiencia de usuario mejorada<\/strong><br \/>\nEl mecanismo de f\u00e1cil apertura y cierre del tubo proporciona un acceso sin complicaciones a su dispositivo de vapeo. No se trata solo del envase; se trata de a\u00f1adir valor a la experiencia global del usuario.<br \/>\n<strong>Opciones vers\u00e1tiles<\/strong><br \/>\nTanto si tiene que envasar un \u00fanico cigarrillo electr\u00f3nico como un kit completo, nuestros envases personalizados para tubos de vaporizador ofrecen soluciones vers\u00e1tiles para adaptarse a su variada gama de productos.<\/p>\n<h1><strong>Especificaci\u00f3n<\/strong><\/h1>\n<div class=\"widget block block-static-block\">\n<div class=\"landing-page-section option-bottom\">\n<div class=\"custom-materials-tabs-content container container-adjustment\">\n<div class=\"custom-materials-tab-content active\">\n<div class=\"widget block block-static-block\">\n<div class=\"options-items\">\n<div class=\"flex-grid-row-option\">\n<div class=\"flex-grid-item-option\">\n<div class=\"material-box\">\n<div class=\"material-des\">\n<table class=\"table table-striped\" width=\"1140\">\n<tbody>\n<tr class=\"firstRow\">\n<td>Dimensiones<\/td>\n<td>Todos los tama\u00f1os y formas personalizados<\/td>\n<\/tr>\n<tr>\n<td>Impresi\u00f3n<\/td>\n<td>CMYK, PMS, Sin impresi\u00f3n<\/td>\n<\/tr>\n<tr>\n<td>Papel<\/td>\n<td>De 10pt a 28pt (de 60lb a 400lb) Kraft ecol\u00f3gico, cart\u00f3n ondulado con acanalado en E, cart\u00f3n Bux, cartulina<\/td>\n<\/tr>\n<tr>\n<td>Cantidades<\/td>\n<td>500 - 500,000<\/td>\n<\/tr>\n<tr>\n<td>Revestimiento<\/td>\n<td>Brillo, mate, UV directo<\/td>\n<\/tr>\n<tr>\n<td>Proceso por defecto<\/td>\n<td>Troquelado, encolado, ranurado, perforaci\u00f3n<\/td>\n<\/tr>\n<tr>\n<td>Opciones<\/td>\n<td>Recorte de ventana personalizado, l\u00e1mina dorada\/plateada, relieve, tinta en relieve, l\u00e1mina de PVC.<\/td>\n<\/tr>\n<tr>\n<td>Prueba<\/td>\n<td>Vista plana, maqueta 3D, muestra f\u00edsica (a petici\u00f3n)<\/td>\n<\/tr>\n<tr>\n<td>Tiempo de respuesta<\/td>\n<td>7-14 d\u00edas laborables , Rush<\/td>\n<\/tr>\n<tr>\n<td>MOQ<\/td>\n<td>500<\/td>\n<\/tr>\n<\/tbody>\n<\/table>\n<\/div>\n<p>&nbsp;<\/p>\n<\/div>\n<\/div>\n<\/div>\n<\/div>\n<\/div>\n<\/div>\n<\/div>\n<\/div>\n<\/div>","protected":false},"excerpt":{"rendered":"<p>1. Caja de cierre magn\u00e9tico, im\u00e1n incrustado dise\u00f1o para evitar el desgaste externo, visualmente m\u00e1s simple, puede resaltar las caracter\u00edsticas del producto en mayor medida.<br \/>\n2. Varios tama\u00f1os se pueden personalizar de acuerdo a su producto, adecuado para el envasado de diversos concentrados de cannabis<br \/>\n3. tecnolog\u00eda de l\u00e1mina dorada estampada en caliente, que confiere al envase una sensaci\u00f3n de lujo y una presentaci\u00f3n visual de alta calidad<\/p>","protected":false},"featured_media":6397,"template":"","meta":[],"product_brand":[],"product_cat":[30,420,424,31],"product_tag":[750,751,752],"class_list":{"0":"post-2794","1":"product","2":"type-product","3":"status-publish","4":"has-post-thumbnail","6":"product_cat-by-industry","7":"product_cat-custom-cannabis-boxes","8":"product_cat-magnetic-closure-boxes","9":"product_cat-paper-box-style","10":"product_tag-concentrate-packaging","11":"product_tag-concentrate-packaging-box","12":"product_tag-concentrate-packaging-box-wholesale","14":"first","15":"instock","16":"shipping-taxable","17":"product-type-grouped"},"_links":{"self":[{"href":"https:\/\/zojopackaging.com\/es\/wp-json\/wp\/v2\/product\/2794","targetHints":{"allow":["GET"]}}],"collection":[{"href":"https:\/\/zojopackaging.com\/es\/wp-json\/wp\/v2\/product"}],"about":[{"href":"https:\/\/zojopackaging.com\/es\/wp-json\/wp\/v2\/types\/product"}],"version-history":[{"count":2,"href":"https:\/\/zojopackaging.com\/es\/wp-json\/wp\/v2\/product\/2794\/revisions"}],"predecessor-version":[{"id":8438,"href":"https:\/\/zojopackaging.com\/es\/wp-json\/wp\/v2\/product\/2794\/revisions\/8438"}],"wp:featuredmedia":[{"embeddable":true,"href":"https:\/\/zojopackaging.com\/es\/wp-json\/wp\/v2\/media\/6397"}],"wp:attachment":[{"href":"https:\/\/zojopackaging.com\/es\/wp-json\/wp\/v2\/media?parent=2794"}],"wp:term":[{"taxonomy":"product_brand","embeddable":true,"href":"https:\/\/zojopackaging.com\/es\/wp-json\/wp\/v2\/product_brand?post=2794"},{"taxonomy":"product_cat","embeddable":true,"href":"https:\/\/zojopackaging.com\/es\/wp-json\/wp\/v2\/product_cat?post=2794"},{"taxonomy":"product_tag","embeddable":true,"href":"https:\/\/zojopackaging.com\/es\/wp-json\/wp\/v2\/product_tag?post=2794"}],"curies":[{"name":"wp","href":"https:\/\/api.w.org\/{rel}","templated":true}]}}