{"id":2804,"date":"2024-03-13T13:50:29","date_gmt":"2024-03-13T05:50:29","guid":{"rendered":"https:\/\/zojopackaging.com\/?post_type=product&#038;p=2804"},"modified":"2025-03-24T19:11:58","modified_gmt":"2025-03-24T11:11:58","slug":"custom-vape-cartridge-packaging","status":"publish","type":"product","link":"https:\/\/zojopackaging.com\/es\/product\/custom-vape-cartridge-packaging\/","title":{"rendered":"Envasado al por mayor de cartuchos de vaporizador Vape personalizados de primera calidad"},"content":{"rendered":"<h1>Envasado personalizado de cartuchos para vapear<\/h1>\n<p>Con la creciente necesidad de la poblaci\u00f3n mundial, muchas empresas se est\u00e1n estableciendo para satisfacer la demanda, entre ellos la fabricaci\u00f3n de vape es un gran nombre. Con tantas empresas que fabrican el mismo producto se est\u00e1 haciendo dif\u00edcil llamar la atenci\u00f3n y competir con los competidores. Tenga la seguridad, como con nosotros b su lado usted no tiene que preocuparse por ese problema nunca m\u00e1s. Somos una empresa compuesta por empleados cualificados y estamos especializados en la fabricaci\u00f3n a medida de envases. Todo lo que tiene que hacer es presentarnos su idea y nosotros nos encargaremos del resto.<\/p>\n<h1>Lo que ofrecemos en envases de cartuchos de vape personalizados:<\/h1>\n<p>Hemos estado proporcionando nuestros servicios a nuestros estimados clientes desde hace a\u00f1os y ya hemos trabajado en muchos envases personalizados como envases de cart\u00f3n para cartuchos de vape, cartuchos de vape impresos personalizados Vape Oil Packaging y Vape Packaging. Esto no se detiene ah\u00ed seguimos prestando servicios a muchos de nuestros clientes. Estamos ofreciendo soporte de dise\u00f1o gratuito a todos nuestros clientes tambi\u00e9n. Tenemos mucha experiencia en nuestro campo, s\u00f3lo tiene que presentarnos su idea y nosotros nos encargaremos de las dimensiones y el tama\u00f1o.<\/p>\n<h1>Caja personalizada para cigarrillos electr\u00f3nicos<\/h1>\n<p>En el mundo de los cigarrillos electr\u00f3nicos, hay muchas marcas en el mercado con las que competir. Por eso, para sobrevivir a la competencia, es obligatorio tener un aspecto elegante. Las soluciones personalizadas de envasado de cigarrillos electr\u00f3nicos desempe\u00f1an un papel importante en este sentido. Estas cajas aumentan la visibilidad de los productos destacando su marca en el mercado. Las cajas de cart\u00f3n personalizadas para cigarrillos electr\u00f3nicos son la mejor forma de preservar su calidad. Est\u00e1n dise\u00f1adas para satisfacer las expectativas de los clientes y las tendencias actuales del mercado. Custom Boxes es uno de los mayores fabricantes al por mayor para ofrecerle cajas de gama alta a precios rentables.<\/p>\n<h1>Material duradero para la protecci\u00f3n 100%<\/h1>\n<p>Fabricamos cajas de almacenamiento para cigarrillos electr\u00f3nicos a partir de cajas de cart\u00f3n o cajas Kraft de la mejor calidad. El material es duradero y lo suficientemente resistente como para proporcionar la m\u00e1xima protecci\u00f3n del producto. Los mantiene seguros durante la transici\u00f3n, el almacenamiento y la exposici\u00f3n. Puede personalizar el grosor de la caja seg\u00fan la delicadeza de sus valiosos productos. El aspecto tan exuberante de las cajas para cigarrillos electr\u00f3nicos al por mayor hace que sus productos destaquen en las estanter\u00edas de los comercios.<\/p>\n<h1>El material que utilizamos para los envases<\/h1>\n<p>La elecci\u00f3n del material que utilizamos para nuestros envases personalizados depende totalmente de usted, tanto si desea utilizar material de papel grueso como material de cart\u00f3n sencillo. Nuestro objetivo es presentarle un producto final de la mejor calidad.<\/p>\n<h1><strong>Especificaci\u00f3n<\/strong><\/h1>\n<table style=\"height: 456px;\" width=\"1153\">\n<tbody>\n<tr>\n<td width=\"373\">Dimensiones<\/td>\n<td width=\"373\">Todos los tama\u00f1os y formas personalizados<\/td>\n<\/tr>\n<tr>\n<td width=\"373\">Impresi\u00f3n<\/td>\n<td width=\"373\">CMYK, PMS, Sin impresi\u00f3n<\/td>\n<\/tr>\n<tr>\n<td width=\"373\">Papel<\/td>\n<td width=\"373\">De 10pt a 28pt (de 60lb a 400lb) Kraft ecol\u00f3gico, cart\u00f3n ondulado con acanalado en E, cart\u00f3n Bux, cartulina<\/td>\n<\/tr>\n<tr>\n<td width=\"373\">Cantidades<\/td>\n<td width=\"373\">500- 500,000<\/td>\n<\/tr>\n<tr>\n<td width=\"373\">Revestimiento<\/td>\n<td width=\"373\">Brillo, mate, UV directo<\/td>\n<\/tr>\n<tr>\n<td width=\"373\">Proceso por defecto<\/td>\n<td width=\"373\">Troquelado, encolado, ranurado, perforaci\u00f3n<\/td>\n<\/tr>\n<tr>\n<td width=\"373\">Opciones<\/td>\n<td width=\"373\">Recorte de ventana personalizado, l\u00e1mina dorada\/plateada, relieve, tinta en relieve, l\u00e1mina de PVC.<\/td>\n<\/tr>\n<tr>\n<td width=\"373\">Prueba<\/td>\n<td width=\"373\">Vista plana, maqueta 3D, muestra f\u00edsica (a petici\u00f3n)<\/td>\n<\/tr>\n<tr>\n<td width=\"373\">Tiempo de respuesta<\/td>\n<td width=\"373\">7-14 d\u00edas laborables , Rush<\/td>\n<\/tr>\n<tr>\n<td width=\"373\">MOQ<\/td>\n<td width=\"373\">500<\/td>\n<\/tr>\n<tr>\n<td width=\"373\">Tiempo de muestreo<\/td>\n<td width=\"373\">\u00a05 d\u00edas<\/td>\n<\/tr>\n<tr>\n<td width=\"373\">Plazo de pago<\/td>\n<td width=\"373\">T\/T, Western Union, Paypal, 30% de dep\u00f3sito y 70% de saldo antes del env\u00edo.<\/td>\n<\/tr>\n<\/tbody>\n<\/table>\n<div class=\"widget block block-static-block\">\n<div class=\"landing-page-section option-bottom\">\n<div class=\"custom-materials-tabs-content container container-adjustment\">\n<div class=\"custom-materials-tab-content active\">\n<div class=\"widget block block-static-block\">\n<p><!---end of option item--><\/p>\n<\/div>\n<\/div>\n<\/div>\n<\/div>\n<\/div>","protected":false},"excerpt":{"rendered":"<ul>\n<li>MOQ: 500 piezas<\/li>\n<li>Plazo de entrega:7-14 d\u00edas laborables , Rush<\/li>\n<li>Dimensiones a medida (di\u00e1metro x altura)<\/li>\n<li>Impresi\u00f3n personalizada<\/li>\n<li>Ecol\u00f3gico, reciclable y sin pl\u00e1stico<\/li>\n<li>Precio\uff1aEl precio final se adaptar\u00e1 a su producto y a la cantidad que necesite.<\/li>\n<\/ul>","protected":false},"featured_media":2814,"template":"","meta":[],"product_brand":[],"product_cat":[30,431,420,31],"product_tag":[594,593,595],"class_list":{"0":"post-2804","1":"product","2":"type-product","3":"status-publish","4":"has-post-thumbnail","6":"product_cat-by-industry","7":"product_cat-child-resistant-packaging","8":"product_cat-custom-cannabis-boxes","9":"product_cat-paper-box-style","10":"product_tag-custom-vape-packaging","11":"product_tag-vape-cartridge-packaging","12":"product_tag-vape-packaging-wholesale","14":"first","15":"instock","16":"shipping-taxable","17":"product-type-grouped"},"_links":{"self":[{"href":"https:\/\/zojopackaging.com\/es\/wp-json\/wp\/v2\/product\/2804","targetHints":{"allow":["GET"]}}],"collection":[{"href":"https:\/\/zojopackaging.com\/es\/wp-json\/wp\/v2\/product"}],"about":[{"href":"https:\/\/zojopackaging.com\/es\/wp-json\/wp\/v2\/types\/product"}],"version-history":[{"count":2,"href":"https:\/\/zojopackaging.com\/es\/wp-json\/wp\/v2\/product\/2804\/revisions"}],"predecessor-version":[{"id":8119,"href":"https:\/\/zojopackaging.com\/es\/wp-json\/wp\/v2\/product\/2804\/revisions\/8119"}],"wp:featuredmedia":[{"embeddable":true,"href":"https:\/\/zojopackaging.com\/es\/wp-json\/wp\/v2\/media\/2814"}],"wp:attachment":[{"href":"https:\/\/zojopackaging.com\/es\/wp-json\/wp\/v2\/media?parent=2804"}],"wp:term":[{"taxonomy":"product_brand","embeddable":true,"href":"https:\/\/zojopackaging.com\/es\/wp-json\/wp\/v2\/product_brand?post=2804"},{"taxonomy":"product_cat","embeddable":true,"href":"https:\/\/zojopackaging.com\/es\/wp-json\/wp\/v2\/product_cat?post=2804"},{"taxonomy":"product_tag","embeddable":true,"href":"https:\/\/zojopackaging.com\/es\/wp-json\/wp\/v2\/product_tag?post=2804"}],"curies":[{"name":"wp","href":"https:\/\/api.w.org\/{rel}","templated":true}]}}