{"id":2971,"date":"2024-03-14T11:01:32","date_gmt":"2024-03-14T03:01:32","guid":{"rendered":"https:\/\/zojopackaging.com\/?post_type=product&#038;p=2971"},"modified":"2025-03-29T17:07:22","modified_gmt":"2025-03-29T09:07:22","slug":"perfume-folding-packaging-box","status":"publish","type":"product","link":"https:\/\/zojopackaging.com\/es\/product\/perfume-folding-packaging-box\/","title":{"rendered":"Fabricante de cajas plegables a medida para perfumes"},"content":{"rendered":"<h1>Fabricante de cajas plegables a medida para perfumes<\/h1>\n<div class=\"text-content\">\n<p>Para dar el toque final a sus nuevas creaciones de perfumes, necesita un envase de alta calidad. Con nuestras cajas plegables y cajas de env\u00edo para perfumes dispondr\u00e1 de una gran variedad de opciones de dise\u00f1o y posibilidades de acabado. En almac\u00e9n de embalajes encontrar\u00e1 embalajes para perfumes seguros y libremente configurables a precios bajos.<\/p>\n<p><b>Protecci\u00f3n \u00f3ptima del producto y m\u00e1xima personalizaci\u00f3n: utilice nuestra gama de cajas plegables, etiquetas, cajas de regalo y embalajes de env\u00edo para su perfume e inspire a sus clientes.<\/b><\/p>\n<ul>\n<li>diversos envases para creaciones de fragancias<\/li>\n<li>formatos normalizados e individualizados<\/li>\n<li>libre elecci\u00f3n de materiales y acabado de alta calidad<\/li>\n<li>acabado y gofrado<\/li>\n<li>plazos de entrega r\u00e1pidos<\/li>\n<\/ul>\n<\/div>\n<h1><strong>Especificaci\u00f3n<\/strong><\/h1>\n<div class=\"widget block block-static-block\">\n<div class=\"landing-page-section option-bottom\">\n<div class=\"custom-materials-tabs-content container container-adjustment\">\n<div class=\"custom-materials-tab-content active\">\n<div class=\"widget block block-static-block\">\n<div class=\"options-items\">\n<div class=\"flex-grid-row-option\">\n<div class=\"flex-grid-item-option\">\n<div class=\"material-box\">\n<div class=\"material-des\">\n<table width=\"1070\">\n<tbody>\n<tr>\n<td width=\"373\">Dimensiones<\/td>\n<td width=\"373\">Todos los tama\u00f1os y formas personalizados<\/td>\n<\/tr>\n<tr>\n<td width=\"373\">MOQ<\/td>\n<td width=\"373\">500 unidades<\/td>\n<\/tr>\n<tr>\n<td width=\"373\">Tiempo de muestreo<\/td>\n<td width=\"373\">3-5 d\u00edas<\/td>\n<\/tr>\n<tr>\n<td width=\"373\">Proceso por defecto<\/td>\n<td width=\"373\">Troquelado, encolado, rayado, perforaci\u00f3n<\/td>\n<\/tr>\n<tr>\n<td width=\"373\">Impresi\u00f3n<\/td>\n<td width=\"373\">Cmyk, pms, sin impresi\u00f3n<\/td>\n<\/tr>\n<tr>\n<td width=\"373\">Material Opci\u00f3n<\/td>\n<td width=\"373\">Papel cart\u00f3n blanco, papel estucado, papel art\u00edstico, papel kraft, cart\u00f3n marfil, cart\u00f3n d\u00faplex, papel especial, etc.<\/td>\n<\/tr>\n<tr>\n<td width=\"373\">Acabado de superficies<\/td>\n<td width=\"373\">Laminado mate\/brillante, estampado en relieve, gofrado, estampado en caliente, etc.<\/td>\n<\/tr>\n<tr>\n<td width=\"373\">Uso industrial<\/td>\n<td width=\"373\">cosm\u00e9ticos, perfumes, prendas de vestir, joyas, tabaco, alimentos, regalos y productos de consumo diario,<\/td>\n<\/tr>\n<tr>\n<td width=\"373\">Control de calidad<\/td>\n<td width=\"373\">El equipo avanzado y el equipo experimentado del control de calidad comprobar\u00e1n el material, los productos semielaborados y acabados terminantemente en cada paso antes de que<\/td>\n<\/tr>\n<tr>\n<td width=\"373\">Precio<\/td>\n<td width=\"373\">El precio final se adaptar\u00e1 a su producto y a la cantidad que necesite<\/td>\n<\/tr>\n<tr>\n<td width=\"373\">Plazo de entrega<\/td>\n<td width=\"373\">7-14 d\u00edas laborables , rush<\/td>\n<\/tr>\n<tr>\n<td width=\"373\">Papel<\/td>\n<td width=\"373\">De 10pt a 28pt (de 60lb a 400lb) Kraft ecol\u00f3gico, corrugado e-flute, cart\u00f3n bux, cartulina<\/td>\n<\/tr>\n<tr>\n<td width=\"373\">Formato de las ilustraciones<\/td>\n<td width=\"373\">JPG, PDF, AI, CDR, EPS, GIF....<\/td>\n<\/tr>\n<tr>\n<td width=\"373\">Accesorios<\/td>\n<td width=\"373\">Im\u00e1n, cinta, forma EVA , bandeja de pl\u00e1stico, esponja, ventana de PVC\/PET\/PP,...<\/td>\n<\/tr>\n<tr>\n<td width=\"373\">Plazo de pago<\/td>\n<td width=\"373\">T\/T, Western Union, Paypal, 30% de dep\u00f3sito y 70% de saldo antes del env\u00edo.<\/td>\n<\/tr>\n<\/tbody>\n<\/table>\n<\/div>\n<\/div>\n<\/div>\n<\/div>\n<\/div>\n<\/div>\n<\/div>\n<\/div>\n<\/div>\n<\/div>\n<div class=\"widget block block-static-block\">\n<div class=\"landing-page-section option-bottom\">\n<div class=\"custom-materials-tabs-content container container-adjustment\">\n<div class=\"custom-materials-tab-content active\">\n<div class=\"widget block block-static-block\">\n<div class=\"options-items\">\n<div class=\"flex-grid-row-option\">\n<div class=\"flex-grid-item-option\">\n<div class=\"material-box\">\n<p>&nbsp;<\/p>\n<\/div>\n<\/div>\n<\/div>\n<\/div>\n<p><!---end of option item--><\/p>\n<\/div>\n<\/div>\n<\/div>\n<\/div>\n<\/div>","protected":false},"excerpt":{"rendered":"<p>Nuestras cajas para perfumes con logotipo, ligeras y altamente personalizables, est\u00e1n dise\u00f1adas para que sus productos destaquen. Con ricas opciones de impresi\u00f3n digital y varios tama\u00f1os.<\/p>\n<p>Tipo de material: Respetuoso con el medio ambiente, con certificaci\u00f3n FSC\/ISO\/BSCI<br \/>\nTiempo de producci\u00f3n: Muestra 1-3 d\u00edas; A granel 7-9 d\u00edas<br \/>\nTiempo de env\u00edo: Express 3-7 d\u00edas; Aire 12-16 d\u00edas; Barco 25-30 d\u00edas\uff08Diferentes pa\u00edses tienen diferentes tiempos)<\/p>\n<p>Precio:\u00a1P\u00f3ngase en contacto con nosotros!<\/p>","protected":false},"featured_media":2977,"template":"","meta":[],"product_brand":[],"product_cat":[30,417,430,31],"product_tag":[243,331,230],"class_list":{"0":"post-2971","1":"product","2":"type-product","3":"status-publish","4":"has-post-thumbnail","6":"product_cat-by-industry","7":"product_cat-custom-perfume-boxes-by-industry","8":"product_cat-folding-cartons","9":"product_cat-paper-box-style","10":"product_tag-paper-box-manufacturer","11":"product_tag-perfume-folding-packaging-box","12":"product_tag-wholesale-packaging-box","14":"first","15":"instock","16":"shipping-taxable","17":"product-type-grouped"},"_links":{"self":[{"href":"https:\/\/zojopackaging.com\/es\/wp-json\/wp\/v2\/product\/2971","targetHints":{"allow":["GET"]}}],"collection":[{"href":"https:\/\/zojopackaging.com\/es\/wp-json\/wp\/v2\/product"}],"about":[{"href":"https:\/\/zojopackaging.com\/es\/wp-json\/wp\/v2\/types\/product"}],"version-history":[{"count":2,"href":"https:\/\/zojopackaging.com\/es\/wp-json\/wp\/v2\/product\/2971\/revisions"}],"predecessor-version":[{"id":8634,"href":"https:\/\/zojopackaging.com\/es\/wp-json\/wp\/v2\/product\/2971\/revisions\/8634"}],"wp:featuredmedia":[{"embeddable":true,"href":"https:\/\/zojopackaging.com\/es\/wp-json\/wp\/v2\/media\/2977"}],"wp:attachment":[{"href":"https:\/\/zojopackaging.com\/es\/wp-json\/wp\/v2\/media?parent=2971"}],"wp:term":[{"taxonomy":"product_brand","embeddable":true,"href":"https:\/\/zojopackaging.com\/es\/wp-json\/wp\/v2\/product_brand?post=2971"},{"taxonomy":"product_cat","embeddable":true,"href":"https:\/\/zojopackaging.com\/es\/wp-json\/wp\/v2\/product_cat?post=2971"},{"taxonomy":"product_tag","embeddable":true,"href":"https:\/\/zojopackaging.com\/es\/wp-json\/wp\/v2\/product_tag?post=2971"}],"curies":[{"name":"wp","href":"https:\/\/api.w.org\/{rel}","templated":true}]}}