{"id":2985,"date":"2024-03-14T11:16:57","date_gmt":"2024-03-14T03:16:57","guid":{"rendered":"https:\/\/zojopackaging.com\/?post_type=product&#038;p=2985"},"modified":"2025-03-29T17:58:02","modified_gmt":"2025-03-29T09:58:02","slug":"cardboard-perfume-packing-box","status":"publish","type":"product","link":"https:\/\/zojopackaging.com\/es\/product\/cardboard-perfume-packing-box\/","title":{"rendered":"OEM Personalizado Perfume Caja de cart\u00f3n Proveedor"},"content":{"rendered":"<h1>OEM Personalizado Perfume Caja de cart\u00f3n Proveedor<\/h1>\n<p>Presentamos nuestra caja ecol\u00f3gica de cart\u00f3n para perfumes, una soluci\u00f3n sostenible y elegante para envasar sus preciadas fragancias. Fabricada con materiales reciclados, esta caja no solo es respetuosa con el medio ambiente, sino tambi\u00e9n duradera y fiable para proteger sus perfumes durante el transporte o el almacenamiento.<\/p>\n<p>Nuestra caja de cart\u00f3n para perfumes est\u00e1 dise\u00f1ada con un ajuste seguro y ce\u00f1ido para garantizar que sus perfumes permanezcan en su sitio y est\u00e9n bien protegidos de cualquier da\u00f1o externo. La robusta construcci\u00f3n de la caja proporciona soporte y amortiguaci\u00f3n adicionales, lo que le da la tranquilidad de que sus fragancias est\u00e1n a salvo y seguras.<\/p>\n<p>Con un dise\u00f1o elegante y minimalista, nuestra caja de cart\u00f3n para perfumes es perfecta para exponer sus productos de forma profesional y elegante. El color neutro de la caja permite que sus perfumes destaquen, lo que la convierte en una opci\u00f3n ideal para regalar o exponer al por menor.<\/p>\n<p>Elija nuestro estuche de cart\u00f3n para perfumes para obtener una soluci\u00f3n de envasado sostenible y pr\u00e1ctica que refleje su compromiso con el estilo y la responsabilidad medioambiental. Marque la diferencia con su envase y contribuya a un futuro m\u00e1s verde con esta opci\u00f3n ecol\u00f3gica.<\/p>\n<h1><strong>Especificaci\u00f3n<\/strong><\/h1>\n<div class=\"widget block block-static-block\">\n<div class=\"landing-page-section option-bottom\">\n<div class=\"custom-materials-tabs-content container container-adjustment\">\n<div class=\"custom-materials-tab-content active\">\n<div class=\"widget block block-static-block\">\n<div class=\"options-items\">\n<div class=\"flex-grid-row-option\">\n<div class=\"flex-grid-item-option\">\n<div class=\"material-box\">\n<div class=\"material-des\">\n<table width=\"1070\">\n<tbody>\n<tr>\n<td width=\"373\">Dimensiones<\/td>\n<td width=\"373\">Todos los tama\u00f1os y formas personalizados<\/td>\n<\/tr>\n<tr>\n<td width=\"373\">MOQ<\/td>\n<td width=\"373\">500 unidades<\/td>\n<\/tr>\n<tr>\n<td width=\"373\">Tiempo de muestreo<\/td>\n<td width=\"373\">3-5 d\u00edas<\/td>\n<\/tr>\n<tr>\n<td width=\"373\">Proceso por defecto<\/td>\n<td width=\"373\">Troquelado, encolado, rayado, perforaci\u00f3n<\/td>\n<\/tr>\n<tr>\n<td width=\"373\">Impresi\u00f3n<\/td>\n<td width=\"373\">Cmyk, pms, sin impresi\u00f3n<\/td>\n<\/tr>\n<tr>\n<td width=\"373\">Material Opci\u00f3n<\/td>\n<td width=\"373\">Papel cart\u00f3n blanco, papel estucado, papel art\u00edstico, papel kraft, cart\u00f3n marfil, cart\u00f3n d\u00faplex, papel especial, etc.<\/td>\n<\/tr>\n<tr>\n<td width=\"373\">Acabado de superficies<\/td>\n<td width=\"373\">Laminado mate\/brillante, estampado en relieve, gofrado, estampado en caliente, etc.<\/td>\n<\/tr>\n<tr>\n<td width=\"373\">Uso industrial<\/td>\n<td width=\"373\">cosm\u00e9ticos, perfumes, prendas de vestir, joyas, tabaco, alimentos, regalos y productos de consumo diario,<\/td>\n<\/tr>\n<tr>\n<td width=\"373\">Control de calidad<\/td>\n<td width=\"373\">El equipo avanzado y el equipo experimentado del control de calidad comprobar\u00e1n el material, los productos semielaborados y acabados terminantemente en cada paso antes de que<\/td>\n<\/tr>\n<tr>\n<td width=\"373\">Precio<\/td>\n<td width=\"373\">El precio final se adaptar\u00e1 a su producto y a la cantidad que necesite<\/td>\n<\/tr>\n<tr>\n<td width=\"373\">Plazo de entrega<\/td>\n<td width=\"373\">7-14 d\u00edas laborables , rush<\/td>\n<\/tr>\n<tr>\n<td width=\"373\">Papel<\/td>\n<td width=\"373\">De 10pt a 28pt (de 60lb a 400lb) Kraft ecol\u00f3gico, corrugado e-flute, cart\u00f3n bux, cartulina<\/td>\n<\/tr>\n<tr>\n<td width=\"373\">Formato de las ilustraciones<\/td>\n<td width=\"373\">JPG, PDF, AI, CDR, EPS, GIF....<\/td>\n<\/tr>\n<tr>\n<td width=\"373\">Accesorios<\/td>\n<td width=\"373\">Im\u00e1n, cinta, forma EVA , bandeja de pl\u00e1stico, esponja, ventana de PVC\/PET\/PP,...<\/td>\n<\/tr>\n<tr>\n<td width=\"373\">Plazo de pago<\/td>\n<td width=\"373\">T\/T, Western Union, Paypal, 30% de dep\u00f3sito y 70% de saldo antes del env\u00edo.<\/td>\n<\/tr>\n<\/tbody>\n<\/table>\n<\/div>\n<\/div>\n<\/div>\n<\/div>\n<\/div>\n<\/div>\n<\/div>\n<\/div>\n<\/div>\n<\/div>\n<div class=\"widget block block-static-block\">\n<div class=\"landing-page-section option-bottom\">\n<div class=\"custom-materials-tabs-content container container-adjustment\">\n<div class=\"custom-materials-tab-content active\">\n<div class=\"widget block block-static-block\">\n<div class=\"options-items\">\n<div class=\"flex-grid-row-option\">\n<div class=\"flex-grid-item-option\">\n<div class=\"material-box\">\n<p>&nbsp;<\/p>\n<\/div>\n<\/div>\n<\/div>\n<\/div>\n<p><!---end of option item--><\/p>\n<\/div>\n<\/div>\n<\/div>\n<\/div>\n<\/div>","protected":false},"excerpt":{"rendered":"<p>\u00bfQuiere comprar soluciones de envasado de alta gama para su colecci\u00f3n de perfumes? Tenemos las mejores cajas para perfumes personalizadas para usted.<\/p>\n<p>Personalizaci\u00f3n: Puede personalizar tama\u00f1o\/impresi\u00f3n\/material\/acabado\/forma etc.<br \/>\nTipo de material: Respetuoso con el medio ambiente, con certificaci\u00f3n FSC\/ISO\/BSCI<br \/>\nTiempo de producci\u00f3n: Muestra 1-3 d\u00edas; A granel 7-9 d\u00edas<br \/>\nTiempo de env\u00edo: Express 3-7 d\u00edas; Aire 12-16 d\u00edas; Barco 25-30 d\u00edas\uff08Diferentes pa\u00edses tienen diferentes tiempos)<\/p>\n<p>Precio:\u00a1P\u00f3ngase en contacto con nosotros!<\/p>","protected":false},"featured_media":2987,"template":"","meta":[],"product_brand":[],"product_cat":[30,417,430,31],"product_tag":[912,914,913],"class_list":{"0":"post-2985","1":"product","2":"type-product","3":"status-publish","4":"has-post-thumbnail","6":"product_cat-by-industry","7":"product_cat-custom-perfume-boxes-by-industry","8":"product_cat-folding-cartons","9":"product_cat-paper-box-style","10":"product_tag-fragrance-box","11":"product_tag-oem-box","12":"product_tag-perfume-box-supplier","14":"first","15":"instock","16":"shipping-taxable","17":"product-type-grouped"},"_links":{"self":[{"href":"https:\/\/zojopackaging.com\/es\/wp-json\/wp\/v2\/product\/2985","targetHints":{"allow":["GET"]}}],"collection":[{"href":"https:\/\/zojopackaging.com\/es\/wp-json\/wp\/v2\/product"}],"about":[{"href":"https:\/\/zojopackaging.com\/es\/wp-json\/wp\/v2\/types\/product"}],"version-history":[{"count":2,"href":"https:\/\/zojopackaging.com\/es\/wp-json\/wp\/v2\/product\/2985\/revisions"}],"predecessor-version":[{"id":8644,"href":"https:\/\/zojopackaging.com\/es\/wp-json\/wp\/v2\/product\/2985\/revisions\/8644"}],"wp:featuredmedia":[{"embeddable":true,"href":"https:\/\/zojopackaging.com\/es\/wp-json\/wp\/v2\/media\/2987"}],"wp:attachment":[{"href":"https:\/\/zojopackaging.com\/es\/wp-json\/wp\/v2\/media?parent=2985"}],"wp:term":[{"taxonomy":"product_brand","embeddable":true,"href":"https:\/\/zojopackaging.com\/es\/wp-json\/wp\/v2\/product_brand?post=2985"},{"taxonomy":"product_cat","embeddable":true,"href":"https:\/\/zojopackaging.com\/es\/wp-json\/wp\/v2\/product_cat?post=2985"},{"taxonomy":"product_tag","embeddable":true,"href":"https:\/\/zojopackaging.com\/es\/wp-json\/wp\/v2\/product_tag?post=2985"}],"curies":[{"name":"wp","href":"https:\/\/api.w.org\/{rel}","templated":true}]}}