{"id":3012,"date":"2024-03-14T11:39:21","date_gmt":"2024-03-14T03:39:21","guid":{"rendered":"https:\/\/zojopackaging.com\/?post_type=product&#038;p=3012"},"modified":"2025-03-29T18:24:28","modified_gmt":"2025-03-29T10:24:28","slug":"custom-printing-logo-perfume-paper-boxes","status":"publish","type":"product","link":"https:\/\/zojopackaging.com\/es\/product\/custom-printing-logo-perfume-paper-boxes\/","title":{"rendered":"Cajas personalizadas de cart\u00f3n plateado plegable para perfumes de lujo"},"content":{"rendered":"<h1>Cajas personalizadas de cart\u00f3n plateado plegable para perfumes de lujo<\/h1>\n<p>Nos encargamos del dise\u00f1o, la impresi\u00f3n y la producci\u00f3n de cajas de perfume de lujo para cualquier proyecto OEM y ODM.<\/p>\n<h1>Suministre su producto en cajas de calidad con marca personalizada<\/h1>\n<p>Envasar perfumes en cajas de cart\u00f3n duro es una opci\u00f3n ideal para realzar el aspecto de su producto. Nos esforzamos por producir cajas lujosas y de calidad para ofrecer una imagen duradera de su marca.<\/p>\n<p>Adem\u00e1s de fabricar cajas para nuestros consumidores, les ayudamos con etiquetas a juego para dar a su producto un aspecto profesional. No importa la forma con la que fabrique los frascos de perfume, podemos crear cajas personalizadas para todos ellos.<\/p>\n<h2>Cajas de embalaje personalizadas para que m\u00e1s marcas consigan un fuerte impacto en las estanter\u00edas<\/h2>\n<p>Con una amplia experiencia en el sector, llevamos a\u00f1os fabricando cajas personalizadas de alta calidad para una gran variedad de productos. Ofrecemos servicios de dise\u00f1o personalizado y proporcionamos total libertad para ser lo m\u00e1s creativos posible. Su marca y sus consumidores se merecen lo mejor, y por eso nos comprometemos a dar vida a los envases para nuestros consumidores. Nuestras cajas r\u00edgidas ayudar\u00e1n a mostrar la grandeza del perfume o de cualquier otro producto y ofrecen una sensaci\u00f3n moderna y lujosa junto con una protecci\u00f3n superior.<\/p>\n<ul>\n<li>para envasado de joyas<\/li>\n<li>para envases de cosm\u00e9ticos<\/li>\n<li>para envases de regalo<\/li>\n<li>para envases de moda de lujo<\/li>\n<\/ul>\n<h1><strong>Especificaci\u00f3n<\/strong><\/h1>\n<div class=\"widget block block-static-block\">\n<div class=\"landing-page-section option-bottom\">\n<div class=\"custom-materials-tabs-content container container-adjustment\">\n<div class=\"custom-materials-tab-content active\">\n<div class=\"widget block block-static-block\">\n<div class=\"options-items\">\n<div class=\"flex-grid-row-option\">\n<div class=\"flex-grid-item-option\">\n<div class=\"material-box\">\n<div class=\"material-des\">\n<table width=\"1070\">\n<tbody>\n<tr>\n<td width=\"373\">Dimensiones<\/td>\n<td width=\"373\">Todos los tama\u00f1os y formas personalizados<\/td>\n<\/tr>\n<tr>\n<td width=\"373\">MOQ<\/td>\n<td width=\"373\">500 unidades<\/td>\n<\/tr>\n<tr>\n<td width=\"373\">Tiempo de muestreo<\/td>\n<td width=\"373\">3-5 d\u00edas<\/td>\n<\/tr>\n<tr>\n<td width=\"373\">Proceso por defecto<\/td>\n<td width=\"373\">Troquelado, encolado, rayado, perforaci\u00f3n<\/td>\n<\/tr>\n<tr>\n<td width=\"373\">Impresi\u00f3n<\/td>\n<td width=\"373\">Cmyk, pms, sin impresi\u00f3n<\/td>\n<\/tr>\n<tr>\n<td width=\"373\">Material Opci\u00f3n<\/td>\n<td width=\"373\">Papel cart\u00f3n blanco, papel estucado, papel art\u00edstico, papel kraft, cart\u00f3n marfil, cart\u00f3n d\u00faplex, papel especial, etc.<\/td>\n<\/tr>\n<tr>\n<td width=\"373\">Acabado de superficies<\/td>\n<td width=\"373\">Laminado mate\/brillante, estampado en relieve, gofrado, estampado en caliente, etc.<\/td>\n<\/tr>\n<tr>\n<td width=\"373\">Uso industrial<\/td>\n<td width=\"373\">cosm\u00e9ticos, perfumes, prendas de vestir, joyas, tabaco, alimentos, regalos y productos de consumo diario,<\/td>\n<\/tr>\n<tr>\n<td width=\"373\">Control de calidad<\/td>\n<td width=\"373\">El equipo avanzado y el equipo experimentado del control de calidad comprobar\u00e1n el material, los productos semielaborados y acabados terminantemente en cada paso antes de que<\/td>\n<\/tr>\n<tr>\n<td width=\"373\">Precio<\/td>\n<td width=\"373\">El precio final se adaptar\u00e1 a su producto y a la cantidad que necesite<\/td>\n<\/tr>\n<tr>\n<td width=\"373\">Plazo de entrega<\/td>\n<td width=\"373\">7-14 d\u00edas laborables , rush<\/td>\n<\/tr>\n<tr>\n<td width=\"373\">Papel<\/td>\n<td width=\"373\">De 10pt a 28pt (de 60lb a 400lb) Kraft ecol\u00f3gico, corrugado e-flute, cart\u00f3n bux, cartulina<\/td>\n<\/tr>\n<tr>\n<td width=\"373\">Formato de las ilustraciones<\/td>\n<td width=\"373\">JPG, PDF, AI, CDR, EPS, GIF....<\/td>\n<\/tr>\n<tr>\n<td width=\"373\">Accesorios<\/td>\n<td width=\"373\">Im\u00e1n, cinta, forma EVA , bandeja de pl\u00e1stico, esponja, ventana de PVC\/PET\/PP,...<\/td>\n<\/tr>\n<tr>\n<td width=\"373\">Plazo de pago<\/td>\n<td width=\"373\">T\/T, Western Union, Paypal, 30% de dep\u00f3sito y 70% de saldo antes del env\u00edo.<\/td>\n<\/tr>\n<\/tbody>\n<\/table>\n<\/div>\n<\/div>\n<\/div>\n<\/div>\n<\/div>\n<\/div>\n<\/div>\n<\/div>\n<\/div>\n<\/div>\n<div class=\"widget block block-static-block\">\n<div class=\"landing-page-section option-bottom\">\n<div class=\"custom-materials-tabs-content container container-adjustment\">\n<div class=\"custom-materials-tab-content active\">\n<div class=\"widget block block-static-block\">\n<div class=\"options-items\">\n<div class=\"flex-grid-row-option\">\n<div class=\"flex-grid-item-option\">\n<div class=\"material-box\">\n<p>&nbsp;<\/p>\n<\/div>\n<\/div>\n<\/div>\n<\/div>\n<p><!---end of option item--><\/p>\n<\/div>\n<\/div>\n<\/div>\n<\/div>\n<\/div>","protected":false},"excerpt":{"rendered":"<p>Las cajas de perfume de cart\u00f3n plateado pueden mostrar el dise\u00f1o de su marca brillante y lustroso. \u00a1Capte la atenci\u00f3n de los clientes de un vistazo!<\/p>\n<p>Personalizaci\u00f3n: Puede personalizar tama\u00f1o\/impresi\u00f3n\/material\/acabado\/forma etc.<br \/>\nTipo de material: Respetuoso con el medio ambiente, con certificaci\u00f3n FSC\/ISO\/BSCI<br \/>\nTiempo de producci\u00f3n: Muestra 1-3 d\u00edas; A granel 7-9 d\u00edas<br \/>\nTiempo de env\u00edo: Express 3-7 d\u00edas; Aire 12-16 d\u00edas; Barco 25-30 d\u00edas\uff08Diferentes pa\u00edses tienen diferentes tiempos)<\/p>\n<p>Precio:\u00a1P\u00f3ngase en contacto con nosotros!<\/p>","protected":false},"featured_media":3016,"template":"","meta":[],"product_brand":[],"product_cat":[30,417,430,31],"product_tag":[757,919,920],"class_list":{"0":"post-3012","1":"product","2":"type-product","3":"status-publish","4":"has-post-thumbnail","6":"product_cat-by-industry","7":"product_cat-custom-perfume-boxes-by-industry","8":"product_cat-folding-cartons","9":"product_cat-paper-box-style","10":"product_tag-custom-boxes","11":"product_tag-luxury-parfum-boxes","12":"product_tag-silver-cardboard-paper-boxes","14":"first","15":"instock","16":"shipping-taxable","17":"product-type-grouped"},"_links":{"self":[{"href":"https:\/\/zojopackaging.com\/es\/wp-json\/wp\/v2\/product\/3012","targetHints":{"allow":["GET"]}}],"collection":[{"href":"https:\/\/zojopackaging.com\/es\/wp-json\/wp\/v2\/product"}],"about":[{"href":"https:\/\/zojopackaging.com\/es\/wp-json\/wp\/v2\/types\/product"}],"version-history":[{"count":2,"href":"https:\/\/zojopackaging.com\/es\/wp-json\/wp\/v2\/product\/3012\/revisions"}],"predecessor-version":[{"id":8648,"href":"https:\/\/zojopackaging.com\/es\/wp-json\/wp\/v2\/product\/3012\/revisions\/8648"}],"wp:featuredmedia":[{"embeddable":true,"href":"https:\/\/zojopackaging.com\/es\/wp-json\/wp\/v2\/media\/3016"}],"wp:attachment":[{"href":"https:\/\/zojopackaging.com\/es\/wp-json\/wp\/v2\/media?parent=3012"}],"wp:term":[{"taxonomy":"product_brand","embeddable":true,"href":"https:\/\/zojopackaging.com\/es\/wp-json\/wp\/v2\/product_brand?post=3012"},{"taxonomy":"product_cat","embeddable":true,"href":"https:\/\/zojopackaging.com\/es\/wp-json\/wp\/v2\/product_cat?post=3012"},{"taxonomy":"product_tag","embeddable":true,"href":"https:\/\/zojopackaging.com\/es\/wp-json\/wp\/v2\/product_tag?post=3012"}],"curies":[{"name":"wp","href":"https:\/\/api.w.org\/{rel}","templated":true}]}}