{"id":3045,"date":"2024-03-14T13:37:02","date_gmt":"2024-03-14T05:37:02","guid":{"rendered":"https:\/\/zojopackaging.com\/?post_type=product&#038;p=3045"},"modified":"2025-03-29T18:57:50","modified_gmt":"2025-03-29T10:57:50","slug":"custom-eco-friendly-cosmetics-box","status":"publish","type":"product","link":"https:\/\/zojopackaging.com\/es\/product\/custom-eco-friendly-cosmetics-box\/","title":{"rendered":"Custom Spot UV Box Logotipo brillante Proveedor de cart\u00f3n plegable"},"content":{"rendered":"<h1>Custom Spot UV Box Logotipo brillante Proveedor de cart\u00f3n plegable<\/h1>\n<p>Uno de los sectores emergentes en la actualidad es el de la cosm\u00e9tica, gracias a las miles de marcas que se han introducido en \u00e9l. Dado que hay muchas ofertas de productos similares, la forma correcta de diferenciar sus productos es posible con envases cosm\u00e9ticos personalizados. Un envase atractivo y de calidad destaca su marca en el mercado y da una identidad \u00fanica a sus productos. En Instant Custom Boxes, somos un proveedor l\u00edder de cajas de cosm\u00e9ticos personalizadas al por mayor con dise\u00f1os atractivos para captar la atenci\u00f3n de sus clientes. \u00bfBusca una personalizaci\u00f3n emocionante para sus envases de cosm\u00e9ticos? \u00a1P\u00f3ngase en contacto con nosotros ahora para envases atractivos en todos los tama\u00f1os, formas y colores!<\/p>\n<h1>Una impresionante variedad de cajas de cosm\u00e9ticos personalizadas con personalizaci\u00f3n creativa<\/h1>\n<p>En nuestra selecci\u00f3n encontrar\u00e1 una impresionante variedad de cajas para envases de cosm\u00e9ticos.<\/p>\n<ul>\n<li>cajas de aceite para barba<\/li>\n<li><strong>estuches de sombras de ojos<\/strong><\/li>\n<li>envase del eyeliner<\/li>\n<li><strong>cajas de brillo de labios<\/strong><\/li>\n<li>cajas de perfiladores de labios<\/li>\n<li><strong>envases de esmalte de u\u00f1as<\/strong><\/li>\n<li>cajas de laca para el pelo<\/li>\n<li><strong>cajas de pesta\u00f1as<\/strong><\/li>\n<li>cajas de m\u00e1scaras de pesta\u00f1as<\/li>\n<li><strong>cajas de loci\u00f3n<\/strong><\/li>\n<li>cajas de cimentaci\u00f3n<\/li>\n<li><strong>cajas de limpieza<\/strong><\/li>\n<\/ul>\n<p>Cuando se trata de personalizaci\u00f3n, le permitimos idear sus propios envases personalizados para cosm\u00e9ticos. Podemos crear a la perfecci\u00f3n las cajas que imagina y satisfacer sus necesidades. Fabricamos\u00a0<strong>estuches para cosm\u00e9ticos impresos a medida<\/strong>\u00a0seg\u00fan las especificaciones de su producto. Adem\u00e1s, le proporcionamos las ideas de envasado adecuadas. Como somos profesionales con experiencia, sabemos qu\u00e9 es lo que mejor se adapta a sus productos. \u00bfQuiere ponerse en contacto con nosotros? Ll\u00e1menos o env\u00edenos un correo electr\u00f3nico para hablar con nuestros expertos.<\/p>\n<h2>Cajas de cosm\u00e9ticos impresas a medida - A\u00f1ada atractivo a sus cosm\u00e9ticos y aumente las ventas<\/h2>\n<p>En Instant Custom Boxes, tendemos a utilizar cajas de cosm\u00e9ticos personalizadas de calidad excepcional con una adorable presentaci\u00f3n de sus productos. La idea es resaltar la identidad de su marca y hacer que sus ofertas sean memorables entre sus clientes objetivo. Utilizamos efectos de acabado especializados e impresi\u00f3n de alta tecnolog\u00eda para dise\u00f1ar sus\u00a0<strong>cajas de cosm\u00e9ticos a granel<\/strong>. Utilizamos el gofrado, el estampado en relieve, el UV directo y el estampado en l\u00e1mina para realzar a\u00fan m\u00e1s la belleza y el atractivo del envase. Por lo tanto, p\u00f3ngase en contacto con nosotros ahora para fascinante cajas de maquillaje, cajas de cosm\u00e9ticos, cajas de belleza, y\u00a0<a href=\"https:\/\/zojopackaging.com\/es\/categoria-producto\/custom-jewelry-boxes\/\" rel=\"noopener\"><strong>joyeros personalizados<\/strong><\/a>!<\/p>\n<p>Uno de los principales objetivos de nuestros envases personalizados para cosm\u00e9ticos es dar a conocer su marca y, en \u00faltima instancia, aumentar las ventas. Nuestras cajas \u00fanicas, innovadoras y llamativas captan la atenci\u00f3n de sus clientes objetivo y generan un aumento masivo de las ventas. Ofrecemos dise\u00f1o gr\u00e1fico gratuito y nos aseguramos de obtener una impresi\u00f3n de alta tecnolog\u00eda en las cajas de embalaje impresas. Como resultado, ver\u00e1 un enorme aumento del reconocimiento de su marca y de sus ventas.<\/p>\n<h2>Dimensiones de las cajas de cosm\u00e9ticos a medida<\/h2>\n<table>\n<tbody>\n<tr>\n<td><b>Tipo de caja<\/b><\/td>\n<td><b>Longitud (pulgadas)<\/b><\/td>\n<td><b>Anchura (pulgadas)<\/b><\/td>\n<td><b>Altura (pulgadas)<\/b><\/td>\n<\/tr>\n<tr>\n<td>Caja de pinceles<\/td>\n<td>8.0<\/td>\n<td>3.0<\/td>\n<td>2.0<\/td>\n<\/tr>\n<tr>\n<td>Caja de tarros de crema<\/td>\n<td>3.5<\/td>\n<td>3.5<\/td>\n<td>2.5<\/td>\n<\/tr>\n<tr>\n<td>Caja compacta<\/td>\n<td>3.0<\/td>\n<td>3.0<\/td>\n<td>1.0<\/td>\n<\/tr>\n<tr>\n<td>Caja de delineadores<\/td>\n<td>6.0<\/td>\n<td>1.0<\/td>\n<td>1.0<\/td>\n<\/tr>\n<tr>\n<td>Caja de la Fundaci\u00f3n<\/td>\n<td>4.5<\/td>\n<td>1.5<\/td>\n<td>1.5<\/td>\n<\/tr>\n<tr>\n<td>Caja de pintalabios<\/td>\n<td>3.5<\/td>\n<td>0.8<\/td>\n<td>0.8<\/td>\n<\/tr>\n<tr>\n<td>Caja de m\u00e1scaras de pesta\u00f1as<\/td>\n<td>5.5<\/td>\n<td>1.0<\/td>\n<td>1.0<\/td>\n<\/tr>\n<tr>\n<td>Caja de paletas<\/td>\n<td>6.5<\/td>\n<td>4.0<\/td>\n<td>0.5<\/td>\n<\/tr>\n<tr>\n<td>Caja de perfumes<\/td>\n<td>5.0<\/td>\n<td>2.0<\/td>\n<td>2.0<\/td>\n<\/tr>\n<\/tbody>\n<\/table>\n<p>Esta tabla de dimensiones de distintos productos cosm\u00e9ticos describe las dimensiones est\u00e1ndar de las cajas para garantizar las soluciones de envasado definitivas. Adem\u00e1s, puede ponerse en contacto con nosotros para personalizar las formas y tama\u00f1os de las cajas para cosm\u00e9ticos.<\/p>\n<h2><b>Uso de materiales de primera calidad para las cajas de cosm\u00e9ticos<\/b><\/h2>\n<p>En Instant Custom Boxes, siempre ideamos estrategias eficaces para facilitar los diferentes negocios. Nuestro equipo profesional prefiere materiales de primera calidad y duraderos como cartulina, cart\u00f3n ondulado y cart\u00f3n r\u00edgido para crear\u00a0<strong>envases cosm\u00e9ticos sostenibles<\/strong>. Este material garantiza una larga vida \u00fatil de los productos en las estanter\u00edas de los comercios y los protege de posibles da\u00f1os. El equipo profesional de embalaje tambi\u00e9n utiliza materiales ecol\u00f3gicos y reciclables, como papel kraft y cart\u00f3n SBS, para fabricar estas cajas.<\/p>\n<h2>Proteja su producto de posibles da\u00f1os con nuestras cajas de cosm\u00e9ticos personalizadas de alta calidad<\/h2>\n<p>En Instant Custom Boxes, nuestro objetivo es proporcionarle la mejor experiencia de embalaje. Nos esforzamos por satisfacer sus necesidades de embalaje, y es por eso que nuestra facilidad de personalizaci\u00f3n es digna de menci\u00f3n. Puede determinar su propio envase cosm\u00e9tico personalizado y dejar que nosotros lo convirtamos en realidad. Fabricamos con precisi\u00f3n\u00a0<strong>cajas de cosm\u00e9ticos con logotipo<\/strong>\u00a0de su empresa y toda la informaci\u00f3n que desee que aparezca impresa en su\u00a0<a href=\"https:\/\/zojopackaging.com\/es\/custom-packaging-boxes\/\"><strong>cajas impresas personalizadas<\/strong><\/a>\u00a1! La seguridad de sus cosm\u00e9ticos es lo primero en lo que debe centrarse. Por eso, montamos sus envases personalizados para cosm\u00e9ticos con materiales de alta calidad que garantizan la m\u00e1xima seguridad de sus cosm\u00e9ticos.<\/p>\n<p>Otro objetivo primordial de las cajas personalizadas instant\u00e1neas es mantener sus productos a salvo de cualquier da\u00f1o. Los productos cosm\u00e9ticos suelen ser demasiado sensibles, y un peque\u00f1o da\u00f1o puede arruinar la reputaci\u00f3n de su marca. Creamos cajas para cosm\u00e9ticos ecol\u00f3gicas y de alta calidad para mejorar la impresi\u00f3n de su marca en el mercado. Nuestras cajas de cart\u00f3n y cajas kraft personalizadas proporcionan una inmensa durabilidad y protegen sus cosm\u00e9ticos de posibles da\u00f1os. El interior y el exterior est\u00e1n fabricados con materiales de primera calidad. \u00bfPor qu\u00e9 cajas personalizadas instant\u00e1neas? Estas son las razones, \u00a1sin olvidar el precio asequible de nuestras cajas!<\/p>\n<h2>Cajas de cosm\u00e9ticos personalizadas al por mayor con descuento 50%<\/h2>\n<p>\u00bfBusca cajas de cosm\u00e9ticos personalizadas al por mayor? Haz tu pedido ahora y consigue las cajas de cosm\u00e9ticos al por mayor m\u00e1s baratas. Somos el proveedor m\u00e1s asequible de cajas de belleza personalizadas,\u00a0<a href=\"https:\/\/zojopackaging.com\/es\/categoria-producto\/custom-perfume-boxes\/\" target=\"_blank\" rel=\"noopener\"><strong>cajas de perfume personalizadas<\/strong><\/a>cajas sanitarias y\u00a0<a href=\"https:\/\/zojopackaging.com\/es\/categoria-producto\/custom-e-cigarette-box\/\" target=\"_blank\" rel=\"noopener\"><strong>Caja personalizada para cigarrillos electr\u00f3nicos <\/strong><\/a>. Visite ahora nuestra selecci\u00f3n de cajas de embalaje y encuentre los estilos de embalaje que desee. Haga su pedido y deje que se lo enviemos a su puerta. A pesar de la disponibilidad de embalajes de bajo precio, ver\u00e1 la mejor calidad en las cajas. As\u00ed es como facilitamos a nuestros queridos clientes nuestra suprema y rentable oferta de embalajes.<\/p>\n<h2>Una soluci\u00f3n de envasado para todos los cosm\u00e9ticos<\/h2>\n<p>As\u00ed, nuestras cajas de cosm\u00e9ticos personalizadas se convierten en una soluci\u00f3n de embalaje para todos sus cosm\u00e9ticos. Como ha visto m\u00e1s arriba, tenemos m\u00faltiples ofertas para usted, pero esa no es la lista definitiva. M\u00e1s bien, puede ponerse en contacto con nosotros para preparar cajas de alta calidad que satisfagan perfectamente las necesidades de sus art\u00edculos de marca. Podemos imprimir su logotipo, descripci\u00f3n y muchas m\u00e1s especificaciones que pueden ayudarle a atraer a sus clientes. En \u00faltima instancia, esta estrategia aumenta sus ventas y mejora las conversiones sin gastar dinero en publicidad.<\/p>\n<h2>\u00bfC\u00f3mo dise\u00f1ar cajas para envases de cosm\u00e9ticos?<b><\/b><\/h2>\n<ul>\n<li><b>Seleccionar paleta de colores<\/b><\/li>\n<\/ul>\n<p>Debe elegir una paleta de colores que se ajuste a los sentimientos de los consumidores potenciales.<b><\/b><\/p>\n<ul>\n<li><b>Elegir tama\u00f1o de letra<\/b><\/li>\n<\/ul>\n<p>Es importante elegir el tama\u00f1o de letra ideal para la tipograf\u00eda de la superficie del envase.<b><\/b><\/p>\n<ul>\n<li><b>Patrones de uso<\/b><\/li>\n<\/ul>\n<p>Debe seleccionar motivos que realcen el aspecto visual de su envase.<b><\/b><\/p>\n<ul>\n<li><b>Uso Met\u00e1lico<\/b><\/li>\n<\/ul>\n<p>Es bueno utilizar l\u00e1minas de plata u oro para garantizar un aspecto lujoso.<b><\/b><\/p>\n<ul>\n<li><b>Juego de texturas<\/b><\/li>\n<\/ul>\n<p>Puede utilizar acabados brillantes, mates o en relieve para a\u00f1adir profundidad al dise\u00f1o de su envase.<\/p>\n<h2><b>\u00bfPor qu\u00e9 es importante la funcionalidad de los envases de maquillaje?<\/b><\/h2>\n<p>La funcionalidad de los envases de maquillaje es esencial por varias razones:<\/p>\n<ul>\n<li>Protecci\u00f3n<\/li>\n<\/ul>\n<ul>\n<li>Facilidad de uso<\/li>\n<\/ul>\n<ul>\n<li>Portabilidad<\/li>\n<\/ul>\n<ul>\n<li>Personalizaci\u00f3n<\/li>\n<\/ul>\n<ul>\n<li>Sostenibilidad<\/li>\n<\/ul>\n<h2>\u00bfPor qu\u00e9 elegir Instant Custom Boxes para las cajas de cosm\u00e9ticos personalizadas?<\/h2>\n<ul>\n<li>Conocimientos y experiencia en envasado de cosm\u00e9ticos<\/li>\n<\/ul>\n<ul>\n<li>Una amplia gama de estuches para cosm\u00e9ticos<\/li>\n<\/ul>\n<ul>\n<li>Opciones de impresi\u00f3n personalizadas<\/li>\n<\/ul>\n<ul>\n<li>Opciones de acabado premium<\/li>\n<\/ul>\n<ul>\n<li>Opciones de envases duraderos para marcas de cosm\u00e9ticos<\/li>\n<\/ul>\n<h2>Obtenga env\u00edos gratuitos a gran velocidad<\/h2>\n<p>En Instant Custom Boxes, ofrecemos env\u00edo gratuito a nuestros clientes en todo el mundo. Si realiza su pedido ahora, le enviaremos su pedido inmediatamente sin causar ning\u00fan retraso. \u00bfA qu\u00e9 est\u00e1 esperando? Haga su pedido ahora y obtenga su\u00a0<strong>cajas de cosm\u00e9ticos personalizadas al por mayor<\/strong>\u00a0y se lo enviamos gratis a la puerta de su casa. Ll\u00e1menos o env\u00edenos un correo electr\u00f3nico para ponerse en contacto con nuestros expertos en embalaje.<\/p>\n<p>Si est\u00e1 buscando estas cajas de alta calidad, \u00a1no hay motivo para retrasar el pedido! Ll\u00e1menos y aproveche el soporte de dise\u00f1o gratuito y las opiniones de nuestros profesionales. Hable con nuestros expertos profesionales, ll\u00e1menos al +86 <a href=\"tel:+86%200755%2027398291\"><span class=\"elementor-icon-list-text\">15017910372<\/span><\/a>o env\u00edenos un correo electr\u00f3nico a <a href=\"mailto:info@zojoprint.com\"><span class=\"elementor-icon-list-text\">info@zojoprint.com<\/span><\/a><\/p>\n<p>&nbsp;<\/p>\n<div class=\"widget block block-static-block\">\n<div class=\"landing-page-section option-bottom\">\n<div class=\"custom-materials-tabs-content container container-adjustment\">\n<div class=\"custom-materials-tab-content active\">\n<div class=\"widget block block-static-block\">\n<div class=\"options-items\">\n<div class=\"flex-grid-row-option\">\n<div class=\"flex-grid-item-option\">\n<div class=\"material-box\">\n<p>&nbsp;<\/p>\n<\/div>\n<\/div>\n<\/div>\n<\/div>\n<p><!---end of option item--><\/p>\n<\/div>\n<\/div>\n<\/div>\n<\/div>\n<\/div>","protected":false},"excerpt":{"rendered":"<p>Cree impresionantes envases personalizados Spot UV con un acabado brillante que resalta los logotipos y el dise\u00f1o, dando a su marca un atractivo sofisticado y de alta gama.<\/p>\n<p>Personalizaci\u00f3n: Puede personalizar tama\u00f1o\/impresi\u00f3n\/material\/acabado\/forma etc.<br \/>\nTipo de material: Respetuoso con el medio ambiente, con certificaci\u00f3n FSC\/ISO\/BSCI<br \/>\nTiempo de producci\u00f3n: Muestra 1-3 d\u00edas; A granel 7-9 d\u00edas<br \/>\nTiempo de env\u00edo: Express 3-7 d\u00edas; Aire 12-16 d\u00edas; Barco 25-30 d\u00edas\uff08Diferentes pa\u00edses tienen diferentes tiempos)<\/p>\n<p>Precio:\u00a1P\u00f3ngase en contacto con nosotros!<\/p>","protected":false},"featured_media":3050,"template":"","meta":[],"product_brand":[],"product_cat":[30,417,430,31],"product_tag":[935,937,936],"class_list":{"0":"post-3045","1":"product","2":"type-product","3":"status-publish","4":"has-post-thumbnail","6":"product_cat-by-industry","7":"product_cat-custom-perfume-boxes-by-industry","8":"product_cat-folding-cartons","9":"product_cat-paper-box-style","10":"product_tag-custom-logo-box","11":"product_tag-folding-carton-supplier","12":"product_tag-glossy-logo-box","14":"first","15":"instock","16":"shipping-taxable","17":"product-type-grouped"},"_links":{"self":[{"href":"https:\/\/zojopackaging.com\/es\/wp-json\/wp\/v2\/product\/3045","targetHints":{"allow":["GET"]}}],"collection":[{"href":"https:\/\/zojopackaging.com\/es\/wp-json\/wp\/v2\/product"}],"about":[{"href":"https:\/\/zojopackaging.com\/es\/wp-json\/wp\/v2\/types\/product"}],"version-history":[{"count":2,"href":"https:\/\/zojopackaging.com\/es\/wp-json\/wp\/v2\/product\/3045\/revisions"}],"predecessor-version":[{"id":8670,"href":"https:\/\/zojopackaging.com\/es\/wp-json\/wp\/v2\/product\/3045\/revisions\/8670"}],"wp:featuredmedia":[{"embeddable":true,"href":"https:\/\/zojopackaging.com\/es\/wp-json\/wp\/v2\/media\/3050"}],"wp:attachment":[{"href":"https:\/\/zojopackaging.com\/es\/wp-json\/wp\/v2\/media?parent=3045"}],"wp:term":[{"taxonomy":"product_brand","embeddable":true,"href":"https:\/\/zojopackaging.com\/es\/wp-json\/wp\/v2\/product_brand?post=3045"},{"taxonomy":"product_cat","embeddable":true,"href":"https:\/\/zojopackaging.com\/es\/wp-json\/wp\/v2\/product_cat?post=3045"},{"taxonomy":"product_tag","embeddable":true,"href":"https:\/\/zojopackaging.com\/es\/wp-json\/wp\/v2\/product_tag?post=3045"}],"curies":[{"name":"wp","href":"https:\/\/api.w.org\/{rel}","templated":true}]}}