{"id":3091,"date":"2024-03-14T14:05:05","date_gmt":"2024-03-14T06:05:05","guid":{"rendered":"https:\/\/zojopackaging.com\/?post_type=product&#038;p=3091"},"modified":"2025-03-29T00:06:38","modified_gmt":"2025-03-28T16:06:38","slug":"custom-silver-perfume-boxes","status":"publish","type":"product","link":"https:\/\/zojopackaging.com\/es\/product\/custom-silver-perfume-boxes\/","title":{"rendered":"Personalizado de lujo de plata perfume cajas de regalo de papel F\u00e1bricas"},"content":{"rendered":"<h1>Personalizado de lujo de plata perfume cajas de regalo de papel F\u00e1bricas<\/h1>\n<p>Las cajas para perfumes personalizadas con l\u00e1mina de oro\/plata presentan su perfume o colonia. Estas cajas dar\u00e1n a su perfume un aspecto m\u00e1s elegante y lujoso. La l\u00e1mina tambi\u00e9n proteger\u00e1 su perfume de cualquier da\u00f1o durante el env\u00edo.<\/p>\n<p>Preparamos estas cajas con papel de alto gramaje y acabado satinado. Tienen una ventana en la parte delantera de la caja. As\u00ed, se puede ver lo que hay dentro sin necesidad de abrirla. Tambi\u00e9n hay una solapa imantada en la parte superior de la caja. Al abrirla, se mantiene cerrada cuando no se utiliza.<\/p>\n<h1><strong>Especificaci\u00f3n<\/strong><\/h1>\n<div class=\"widget block block-static-block\">\n<div class=\"landing-page-section option-bottom\">\n<div class=\"custom-materials-tabs-content container container-adjustment\">\n<div class=\"custom-materials-tab-content active\">\n<div class=\"widget block block-static-block\">\n<div class=\"options-items\">\n<div class=\"flex-grid-row-option\">\n<div class=\"flex-grid-item-option\">\n<div class=\"material-box\">\n<div class=\"material-des\">\n<table width=\"1070\">\n<tbody>\n<tr>\n<td width=\"373\">Dimensiones<\/td>\n<td width=\"373\">Todos los tama\u00f1os y formas personalizados<\/td>\n<\/tr>\n<tr>\n<td width=\"373\">MOQ<\/td>\n<td width=\"373\">500 unidades<\/td>\n<\/tr>\n<tr>\n<td width=\"373\">Tiempo de muestreo<\/td>\n<td width=\"373\">3-5 d\u00edas<\/td>\n<\/tr>\n<tr>\n<td width=\"373\">Proceso por defecto<\/td>\n<td width=\"373\">Troquelado, encolado, rayado, perforaci\u00f3n<\/td>\n<\/tr>\n<tr>\n<td width=\"373\">Impresi\u00f3n<\/td>\n<td width=\"373\">Cmyk, pms, sin impresi\u00f3n<\/td>\n<\/tr>\n<tr>\n<td width=\"373\">Material Opci\u00f3n<\/td>\n<td width=\"373\">Papel cart\u00f3n blanco, papel estucado, papel art\u00edstico, papel kraft, cart\u00f3n marfil, cart\u00f3n d\u00faplex, papel especial, etc.<\/td>\n<\/tr>\n<tr>\n<td width=\"373\">Acabado de superficies<\/td>\n<td width=\"373\">Laminado mate\/brillante, estampado en relieve, gofrado, estampado en caliente, etc.<\/td>\n<\/tr>\n<tr>\n<td width=\"373\">Uso industrial<\/td>\n<td width=\"373\">cosm\u00e9ticos, perfumes, prendas de vestir, joyas, tabaco, alimentos, regalos y productos de consumo diario,<\/td>\n<\/tr>\n<tr>\n<td width=\"373\">Control de calidad<\/td>\n<td width=\"373\">El equipo avanzado y el equipo experimentado del control de calidad comprobar\u00e1n el material, los productos semielaborados y acabados terminantemente en cada paso antes de que<\/td>\n<\/tr>\n<tr>\n<td width=\"373\">Precio<\/td>\n<td width=\"373\">El precio final se adaptar\u00e1 a su producto y a la cantidad que necesite<\/td>\n<\/tr>\n<tr>\n<td width=\"373\">Plazo de entrega<\/td>\n<td width=\"373\">7-14 d\u00edas laborables , rush<\/td>\n<\/tr>\n<tr>\n<td width=\"373\">Papel<\/td>\n<td width=\"373\">De 10pt a 28pt (de 60lb a 400lb) Kraft ecol\u00f3gico, corrugado e-flute, cart\u00f3n bux, cartulina<\/td>\n<\/tr>\n<tr>\n<td width=\"373\">Formato de las ilustraciones<\/td>\n<td width=\"373\">JPG, PDF, AI, CDR, EPS, GIF....<\/td>\n<\/tr>\n<tr>\n<td width=\"373\">Accesorios<\/td>\n<td width=\"373\">Im\u00e1n, cinta, forma EVA , bandeja de pl\u00e1stico, esponja, ventana de PVC\/PET\/PP,...<\/td>\n<\/tr>\n<tr>\n<td width=\"373\">Plazo de pago<\/td>\n<td width=\"373\">T\/T, Western Union, Paypal, 30% de dep\u00f3sito y 70% de saldo antes del env\u00edo.<\/td>\n<\/tr>\n<\/tbody>\n<\/table>\n<\/div>\n<\/div>\n<\/div>\n<\/div>\n<\/div>\n<\/div>\n<\/div>\n<\/div>\n<\/div>\n<\/div>\n<h1><span style=\"font-size: 16px;\">Perfumeros personalizados de oro y plata<\/span><\/h1>\n<p>Sabemos lo importante que es para su empresa de perfumer\u00eda diferenciarse de la competencia. Por eso, ofrecemos cajas para perfumes personalizadas en l\u00e1mina de oro o plata con su logotipo, nombre o cualquier otro elemento de dise\u00f1o que desee. Trabajaremos con usted para crear algo \u00fanico que ayude a su marca a brillar en un sector lleno de productos similares.<\/p>\n<p>Nuestros estuches para perfumes personalizados con l\u00e1mina de oro y plata presentan su marca de forma elegante y lujosa.<\/p>\n<p>Contorneamos la intimidad de la caja con un tejido suave. De este modo, los perfumes que guarde en su interior estar\u00e1n a salvo de posibles da\u00f1os. Adem\u00e1s de proteger sus perfumes, estas cajas tambi\u00e9n facilitan que los consumidores los identifiquen como productos de lujo.<\/p>\n<p>La l\u00e1mina dorada y plateada de estos estuches de perfume hace que parezca que valen m\u00e1s. Y as\u00ed es. Estas bonitas opciones de envasado le ayudar\u00e1n a impresionar a los consumidores que quieren algo m\u00e1s que un simple frasco de pl\u00e1stico cuando compran sus fragancias favoritas.<\/p>\n<h1>Uso de l\u00e1minas en cajas de embalaje de perfumes<\/h1>\n<p>El uso de l\u00e1minas en la industria gr\u00e1fica no es un concepto nuevo. El objetivo principal de utilizar l\u00e1minas de oro y plata es aumentar el atractivo visual del producto y hacerlo m\u00e1s atractivo. Esto es especialmente cierto cuando se utilizan cajas de perfume para el dise\u00f1o del envase de su producto.<\/p>\n<p>Al dise\u00f1ar cajas para perfumes personalizadas, recuerde que el envase debe atraer a los clientes y hacer que se sientan bien comprando su producto. El papel de aluminio es una forma de lograr este objetivo.<\/p>\n<p>Estas cajas para perfumes personalizadas con l\u00e1mina dorada y plateada pueden utilizarse para diversos fines, como regalar, guardar sus productos o incluso como caja de regalo.<\/p>\n<p>Existen muchas opciones a la hora de comprar estuches para perfumes al por mayor, como elegir diferentes tama\u00f1os, formas, grosores, etc.<\/p>\n<h1>Obtenga Cajas de Perfume Personalizadas al por Mayor<\/h1>\n<p>Ofrecemos env\u00edo gratuito, soporte de dise\u00f1o, entrega r\u00e1pida, un descuento 50% y sin gastos de troquelado. Con nuestro servicio, obtendr\u00e1 las cajas para perfumes con l\u00e1mina dorada y plateada de alta calidad que necesita a un precio asequible. Por eso tenemos cajas para perfumes que puede dise\u00f1ar usted mismo con soporte de dise\u00f1o gratuito y entrega r\u00e1pida.<\/p>\n<div class=\"widget block block-static-block\">\n<div class=\"landing-page-section option-bottom\">\n<div class=\"custom-materials-tabs-content container container-adjustment\">\n<div class=\"custom-materials-tab-content active\">\n<div class=\"widget block block-static-block\">\n<div class=\"options-items\">\n<div class=\"flex-grid-row-option\">\n<div class=\"flex-grid-item-option\">\n<div class=\"material-box\">\n<p>&nbsp;<\/p>\n<\/div>\n<\/div>\n<\/div>\n<\/div>\n<p><!---end of option item--><\/p>\n<\/div>\n<\/div>\n<\/div>\n<\/div>\n<\/div>","protected":false},"excerpt":{"rendered":"<p>Cajas de papel personalizadas de alta calidad para el env\u00edo de perfumes de lujo. Una f\u00e1brica de cajas de perfume de bajo precio que ofrece servicios personalizados de ventanilla \u00fanica desde el dise\u00f1o hasta la producci\u00f3n.<\/p>\n<ul>\n<li>MOQ: 500 piezas<\/li>\n<li>Plazo de entrega:7-14 d\u00edas laborables , Rush<\/li>\n<li>Dimensiones a medida (di\u00e1metro x altura)<\/li>\n<li>Impresi\u00f3n personalizada<\/li>\n<li>Ecol\u00f3gico, reciclable y sin pl\u00e1stico<\/li>\n<li>Precio\uff1aEl precio final se adaptar\u00e1 a su producto y a la cantidad que necesite.<\/li>\n<\/ul>","protected":false},"featured_media":3096,"template":"","meta":[],"product_brand":[],"product_cat":[30,417,430,31],"product_tag":[869,870,868],"class_list":{"0":"post-3091","1":"product","2":"type-product","3":"status-publish","4":"has-post-thumbnail","6":"product_cat-by-industry","7":"product_cat-custom-perfume-boxes-by-industry","8":"product_cat-folding-cartons","9":"product_cat-paper-box-style","10":"product_tag-luxury-gift-boxes","11":"product_tag-paper-gift-boxes-factories","12":"product_tag-perfume-paper-gift-boxes","14":"first","15":"instock","16":"shipping-taxable","17":"product-type-grouped"},"_links":{"self":[{"href":"https:\/\/zojopackaging.com\/es\/wp-json\/wp\/v2\/product\/3091","targetHints":{"allow":["GET"]}}],"collection":[{"href":"https:\/\/zojopackaging.com\/es\/wp-json\/wp\/v2\/product"}],"about":[{"href":"https:\/\/zojopackaging.com\/es\/wp-json\/wp\/v2\/types\/product"}],"version-history":[{"count":2,"href":"https:\/\/zojopackaging.com\/es\/wp-json\/wp\/v2\/product\/3091\/revisions"}],"predecessor-version":[{"id":8522,"href":"https:\/\/zojopackaging.com\/es\/wp-json\/wp\/v2\/product\/3091\/revisions\/8522"}],"wp:featuredmedia":[{"embeddable":true,"href":"https:\/\/zojopackaging.com\/es\/wp-json\/wp\/v2\/media\/3096"}],"wp:attachment":[{"href":"https:\/\/zojopackaging.com\/es\/wp-json\/wp\/v2\/media?parent=3091"}],"wp:term":[{"taxonomy":"product_brand","embeddable":true,"href":"https:\/\/zojopackaging.com\/es\/wp-json\/wp\/v2\/product_brand?post=3091"},{"taxonomy":"product_cat","embeddable":true,"href":"https:\/\/zojopackaging.com\/es\/wp-json\/wp\/v2\/product_cat?post=3091"},{"taxonomy":"product_tag","embeddable":true,"href":"https:\/\/zojopackaging.com\/es\/wp-json\/wp\/v2\/product_tag?post=3091"}],"curies":[{"name":"wp","href":"https:\/\/api.w.org\/{rel}","templated":true}]}}